{"id":139,"date":"2018-07-09T15:00:51","date_gmt":"2018-07-09T13:00:51","guid":{"rendered":"http:\/\/wp.unil.ch\/collart-palmyre\/?page_id=139"},"modified":"2020-09-30T17:00:03","modified_gmt":"2020-09-30T15:00:03","slug":"liens","status":"publish","type":"page","link":"https:\/\/wp.unil.ch\/collart-palmyre\/liens\/","title":{"rendered":"Liens"},"content":{"rendered":"\n<ul class=\"wp-block-list\"><li>Le Fonds Collart sur <a href=\"https:\/\/wp.unil.ch\/unimedia\/collart\/\">unil.ch\/unimedia<\/a><\/li><li>La base de donn\u00e9es <a href=\"https:\/\/tiresias.unil.ch\">Tir\u00e9sias<\/a><\/li><li>L&rsquo;<a href=\"https:\/\/unil.ch\/iasa\">Institut d&rsquo;arch\u00e9ologie et des sciences de l&rsquo;Antiquit\u00e9 de l&rsquo;UNIL<\/a><\/li><li>La base de donn\u00e9es <a href=\"https:\/\/catima.unil.ch\/palmyre\/\">Collart-Palmyre Object Database<\/a><\/li><li>Le Fonds Collart sur <a href=\"https:\/\/archeologie.culture.fr\/palmyre\/fr\/fonds-collart\">archeologie.culture.fr<\/a><\/li><li>Le temple de Baalsham\u00een sur&nbsp;<a href=\"https:\/\/archeologie.culture.fr\/palmyre\/fr\/temple-baalshamin\">archeologie.culture.fr<\/a><\/li><li>Les archives de Paul Collart sur le r\u00e9seau <a href=\"https:\/\/archnet.org\/collections\/1382\">Archnet<\/a><\/li><\/ul>\n","protected":false},"excerpt":{"rendered":"<p>Le Fonds Collart sur unil.ch\/unimedia La base de donn\u00e9es Tir\u00e9sias L&rsquo;Institut d&rsquo;arch\u00e9ologie et des sciences de l&rsquo;Antiquit\u00e9 de l&rsquo;UNIL La base de donn\u00e9es Collart-Palmyre Object Database Le Fonds&hellip;<\/p>\n","protected":false},"author":1001334,"featured_media":0,"parent":0,"menu_order":0,"comment_status":"closed","ping_status":"closed","template":"template-full-width.php","meta":{"_seopress_robots_primary_cat":"","_seopress_titles_title":"","_seopress_titles_desc":"","_seopress_robots_index":"","footnotes":""},"class_list":["post-139","page","type-page","status-publish","has-post-thumbnail"],"_links":{"self":[{"href":"https:\/\/wp.unil.ch\/collart-palmyre\/wp-json\/wp\/v2\/pages\/139","targetHints":{"allow":["GET"]}}],"collection":[{"href":"https:\/\/wp.unil.ch\/collart-palmyre\/wp-json\/wp\/v2\/pages"}],"about":[{"href":"https:\/\/wp.unil.ch\/collart-palmyre\/wp-json\/wp\/v2\/types\/page"}],"author":[{"embeddable":true,"href":"https:\/\/wp.unil.ch\/collart-palmyre\/wp-json\/wp\/v2\/users\/1001334"}],"replies":[{"embeddable":true,"href":"https:\/\/wp.unil.ch\/collart-palmyre\/wp-json\/wp\/v2\/comments?post=139"}],"version-history":[{"count":0,"href":"https:\/\/wp.unil.ch\/collart-palmyre\/wp-json\/wp\/v2\/pages\/139\/revisions"}],"wp:attachment":[{"href":"https:\/\/wp.unil.ch\/collart-palmyre\/wp-json\/wp\/v2\/media?parent=139"}],"curies":[{"name":"wp","href":"https:\/\/api.w.org\/{rel}","templated":true}]}}