{"id":207,"date":"2022-06-13T17:09:36","date_gmt":"2022-06-13T15:09:36","guid":{"rendered":"https:\/\/wp.unil.ch\/collaborativehistory\/?page_id=207"},"modified":"2024-12-31T14:55:23","modified_gmt":"2024-12-31T13:55:23","slug":"publications","status":"publish","type":"page","link":"https:\/\/wp.unil.ch\/collaborativehistory\/publications\/","title":{"rendered":"Publications"},"content":{"rendered":"\n<h5 class=\"wp-block-heading\" style=\"font-style:normal;font-weight:100;letter-spacing:1px\">2025<\/h5>\n\n\n\n<ul class=\"wp-block-list\">\n<li>Rossinelli Fabio, &#8220;Swiss colonial business in the Transvaal: The involvement of the DuBois family, watchmakers in Neuch\u00e2tel (late nineteenth century)&#8221; in <em>Integration and collaborative imperialism in Modern Europe. At the margins of Empire, 1800-1950<\/em>, London: Bloomsbury Academic, pp. 77-94. <a href=\"https:\/\/dx.doi.org\/10.5040\/9781350377370.ch-005\" target=\"_blank\" rel=\"noreferrer noopener\">https:\/\/dx.doi.org\/10.5040\/9781350377370.ch-005<\/a> <br><\/li>\n<\/ul>\n\n\n\n<h5 class=\"wp-block-heading\" style=\"font-style:normal;font-weight:100;letter-spacing:1px\">2024<\/h5>\n\n\n\n<ul class=\"wp-block-list\">\n<li>Bouda Etemad; Fabio Rossinelli: &#8220;Colonialisme&#8221;, in: <em>Dictionnaire historique de la Suisse (DHS)<\/em>, version du 18.09.2024. Online: <a href=\"https:\/\/hls-dhs-dss.ch\/fr\/articles\/026457\/2024-09-18\/\" target=\"_blank\" rel=\"noreferrer noopener\">https:\/\/hls-dhs-dss.ch\/fr\/articles\/026457\/2024-09-18\/<\/a>.<br><br><\/li>\n\n\n\n<li>Barros&nbsp;Izabel, Sch\u00e4r&nbsp;Bernhard C., &#8220;Un Patriciat imp\u00e9rial : Esclavage et r\u00e9forme scolaire au d\u00e9but des relations \u00e9conomiques modernes entre la Suisse et le Br\u00e9sil, ca. 1780\u20131850&#8221;, in <a href=\"https:\/\/revue-traverse.ch\/ausgabe\/2024-3\/\" target=\"_blank\" rel=\"noreferrer noopener\"><em>Traverse<\/em> <em>2024\/3<\/em><\/a>, Z\u00fcrich: Chronos, 2024, p. 21-32.<br><br><\/li>\n\n\n\n<li>Rossinelli Fabio, &#8220;Accro\u00eetre le capital familial.&nbsp;La Caisse de Famille de Pury \u00e0 Neuch\u00e2tel (1770-1920)&#8221;, in <a href=\"https:\/\/revue-traverse.ch\/ausgabe\/2024-3\/\" target=\"_blank\" rel=\"noreferrer noopener\"><em>Traverse<\/em> <em>2024\/3<\/em><\/a>, Z\u00fcrich: Chronos, pp. 33-45.<br><br><\/li>\n\n\n\n<li>Sch\u00e4r, Bernhard C., and Mikko Toivanen, eds.&nbsp;<em>Integration and Collaborative Imperialism in Modern Europe: At the Margins of Empire, 1800-1950<\/em>.&nbsp;London: Bloomsbury Academic, 2024, free download:&nbsp;<a href=\"https:\/\/www.bloomsbury.com\/uk\/integration-and-collaborative-imperialism-in-modern-europe-9781350377332\/\">here<\/a>.<br><br><\/li>\n\n\n\n<li>Ligtenberg M., Sch\u00e4r B. C. (2024) &#8220;Trennendes und Verbindendes: Kolonialgeschichte f\u00fcr eine gerechte Zukunft&#8221; in&nbsp;<em>kolonial. Globale Verflechtungen der Schweiz<\/em>, Landesmuseum Z\u00fcrich. [<a href=\"https:\/\/serval.unil.ch\/resource\/serval:BIB_0CB1B45304D3.P001\/REF\">Full text<\/a>]<br><br><\/li>\n\n\n\n<li>Sch\u00e4r B.C., &#8220;La Suisse de 1848 est la cocr\u00e9ation d\u2019une femme colonis\u00e9e&#8221; in:&nbsp;<a href=\"https:\/\/www.sept.info\/magazine\/14630084247937\">Sept-Mook #47<\/a>.&nbsp;<em>La Suisse Coloniale<\/em>, 2024, pp. 42-61<br><br><\/li>\n\n\n\n<li>Amal Shahid, Rezension zu: <em>Blaser, Claire L.; Bornet, Philippe; Burger, Maya; Schreiner, Peter:&nbsp;Interweaving Histories. Itineraries between Switzerland and India (1900\u20131950).&nbsp;Basel&nbsp;2023<\/em>&nbsp;,&nbsp;ISBN&nbsp;978-3-7965-4773-7, In: H-Soz-Kult, 02.07.2024, <a href=\"https:\/\/www.hsozkult.de\/publicationreview\/id\/reb-137541\" target=\"_blank\" rel=\"noreferrer noopener\">&lt;www.hsozkult.de\/publicationreview\/id\/reb-137541&gt;<\/a>.<br><br><\/li>\n\n\n\n<li>Bartoletti, Tom\u00e1s, and Bernhard C. Sch\u00e4r. \u2018Formative Spaces of Empire: Masculinities and Outdoor Experiences ca. 1860\u20131960\u2019.&nbsp;<em>The Journal of Imperial and Commonwealth History<\/em>52, no. 2 (3 March 2024): 215\u201330. doi:<a href=\"https:\/\/doi.org\/10.1080\/03086534.2024.2325732\">10.1080\/03086534.2024.2325732<\/a>.<br><br><\/li>\n\n\n\n<li>Bernhard C. Sch\u00e4r: &#8220;Rassismus&#8221;, in: <em>Historisches Lexikon der Schweiz (HLS)<\/em>, Version vom 08.04.2024. Online: <a href=\"https:\/\/hls-dhs-dss.ch\/de\/articles\/060537\/2024-04-08\/\" target=\"_blank\" rel=\"noreferrer noopener\">https:\/\/hls-dhs-dss.ch\/de\/articles\/060537\/2024-04-08\/<\/a>.<\/li>\n<\/ul>\n\n\n\n<p><\/p>\n\n\n\n<h5 class=\"wp-block-heading\" style=\"font-style:normal;font-weight:100;letter-spacing:1px\">2023<\/h5>\n\n\n\n<ul class=\"wp-block-list\">\n<li>&nbsp;Barros,&nbsp;Izabel&nbsp;&#8220;Isabelle Lucas, Un imp\u00e9rialisme \u00e9lectrique: Un si\u00e8cle de relations helv\u00e9tico-argentines (1890-1979), <em>Traverse 2023\/2<\/em>, 2023, pp. 190-193. <a href=\"https:\/\/www.chronos-verlag.ch\/node\/28667\" target=\"_blank\" rel=\"noreferrer noopener\">https:\/\/www.chronos-verlag.ch\/node\/28667<\/a>.<br><br><\/li>\n\n\n\n<li>Rossinelli Fabio, &#8221; Bouda Etemad, De Rousseau \u00e0 Dunant. La colonisation et l&#8217;esclavage vus de Gen\u00e8ve&#8221;, in <em>Revue Suisse d&#8217;Histoire <\/em>(RSH), 73\/3, 2023, 363\u2013431.  <a href=\"https:\/\/wp.unil.ch\/collaborativehistory\/files\/2023\/12\/Compte_rendu_colonisation_Gene\u0300ve_Fabio_Rossinelli_2023.pdf\" data-type=\"link\" data-id=\"https:\/\/wp.unil.ch\/collaborativehistory\/files\/2023\/12\/Compte_rendu_colonisation_Gene\u0300ve_Fabio_Rossinelli_2023.pdf\" target=\"_blank\" rel=\"noreferrer noopener\">Read the publication here<\/a>. <br><br><\/li>\n\n\n\n<li>Claudia Bernardi, Amal Shahid &amp; M\u00fcge \u00d6zbek, &#8220;Reconsidering labor coercion through the logics of Im<em>\/<\/em>mobility and the environment&#8221;,<em> Labor History<\/em>, volume 64:6, 659-675, <a href=\"https:\/\/doi.org\/10.1080\/0023656X.2023.2254245\" target=\"_blank\" rel=\"noreferrer noopener\">https:\/\/doi.org\/10.1080\/0023656X.2023.2254245<\/a>. <br><br><\/li>\n\n\n\n<li>Krauer, Philipp, and Bernhard C. Sch\u00e4r. \u2018Welfare for War Veterans: How the Dutch Empire Provided for European Mercenary Families, c. 1850 to 1914\u2019.&nbsp;<em>Itinerario<\/em>, 14 August 2023, 1\u201317.&nbsp;<a href=\"https:\/\/doi.org\/10.1017\/S0165115323000141\">https:\/\/doi.org\/10.1017\/S0165115323000141<\/a>. Read the publication <a href=\"https:\/\/wp.unil.ch\/collaborativehistory\/files\/2023\/09\/Krauer-und-Schar-2023-Welfare-for-War-Veterans-How-the-Dutch-Empire-Pro.pdf\" data-type=\"link\" data-id=\"https:\/\/wp.unil.ch\/collaborativehistory\/files\/2023\/09\/Krauer-und-Schar-2023-Welfare-for-War-Veterans-How-the-Dutch-Empire-Pro.pdf\" target=\"_blank\" rel=\"noreferrer noopener\">here<\/a>.<br><br><\/li>\n\n\n\n<li>Sch\u00e4r, Bernhard C., &#8220;H. Glenn Penny, German History Unbound. From 1750 to the Present. Cambridge, Cambridge University Press 2022&#8221;&nbsp;<em>Historische Zeitschrift<\/em>, vol. 317, no. 1, 2023, pp. 142-144.&nbsp;<a href=\"https:\/\/doi.org\/10.1515\/hzhz-2023-1201\">https:\/\/doi.org\/10.1515\/hzhz-2023-1201<\/a>. Read the publication <a href=\"https:\/\/wp.unil.ch\/collaborativehistory\/files\/2023\/09\/2023_Rezension_H_Glenn_Penny_German_His.pdf\" data-type=\"link\" data-id=\"https:\/\/wp.unil.ch\/collaborativehistory\/files\/2023\/09\/2023_Rezension_H_Glenn_Penny_German_His.pdf\" target=\"_blank\" rel=\"noreferrer noopener\">here<\/a>. <br><br><\/li>\n\n\n\n<li>Ashkira Darman &amp; Bernhard C. Sch\u00e4r, <em>Z\u00fcrcher \u00ab&nbsp;Mohren&nbsp;\u00bb-Fantasien. Eine bau- und begriffsgeschichtliche Auslegeordnung, ca. 1400\u20142022<\/em>. <em>Studie im Auftrag des Pr\u00e4sidialdepartements der Stadt Z\u00fcrich zu den \u00ab&nbsp;H\u00e4userinschriften mit rassistischer Wirkung&nbsp;\u00bb an den Liegenschafte am Neumarkt 13 und an der Niederdorfstrasse 29<\/em>. <a href=\"https:\/\/wp.unil.ch\/collaborativehistory\/files\/2023\/03\/Bericht_ETHZ_Zuercher-M-Fantasien.pdf\" target=\"_blank\" rel=\"noreferrer noopener\">Read the report here.<\/a><br><\/li>\n<\/ul>\n\n\n\n<h5 class=\"wp-block-heading\" style=\"font-style:normal;font-weight:100;letter-spacing:1px\">2022<\/h5>\n\n\n\n<ul class=\"wp-block-list\">\n<li>Rossinelli Fabio, &#8221;Marisa Fois, H\u00e9ritages coloniaux. Les Suisses d\u2019Alg\u00e9rie&#8221; in <em>Traverse<\/em> <em>2022\/3<\/em>, 2022. pp. 199-201.<a href=\"https:\/\/revue-traverse.ch\/article\/marisa-fois-heritages-coloniaux-les-suisses-dalgerie\/\" target=\"_blank\" rel=\"noreferrer noopener\"> <\/a><a href=\"https:\/\/wp.unil.ch\/collaborativehistory\/files\/2022\/12\/compte-rendu-FR-livre-marisa-fois-1.pdf\" target=\"_blank\" rel=\"noreferrer noopener\">Read Fabio Rossinelli\u2019s publication here<\/a>.<br><br><\/li>\n\n\n\n<li>Sch\u00e4r Bernhard C., &#8220;Switzerland, Borneo and the Dutch Indies: Towards a New Imperial History of Europe, <em>c<\/em>.1770\u20131850&#8243;, <em>Past &amp; Present<\/em>, 2022, <a href=\"https:\/\/doi.org\/10.1093\/pastj\/gtab045\">https:\/\/doi.org\/10.1093\/pastj\/gtab045<\/a>.<br><br><br><\/li>\n<\/ul>\n","protected":false},"excerpt":{"rendered":"<p>2025 2024 2023 2022<\/p>\n","protected":false},"author":1002442,"featured_media":0,"parent":0,"menu_order":0,"comment_status":"closed","ping_status":"closed","template":"","meta":{"_seopress_robots_primary_cat":"","_seopress_titles_title":"","_seopress_titles_desc":"","_seopress_robots_index":"","footnotes":""},"class_list":["post-207","page","type-page","status-publish"],"_links":{"self":[{"href":"https:\/\/wp.unil.ch\/collaborativehistory\/wp-json\/wp\/v2\/pages\/207","targetHints":{"allow":["GET"]}}],"collection":[{"href":"https:\/\/wp.unil.ch\/collaborativehistory\/wp-json\/wp\/v2\/pages"}],"about":[{"href":"https:\/\/wp.unil.ch\/collaborativehistory\/wp-json\/wp\/v2\/types\/page"}],"author":[{"embeddable":true,"href":"https:\/\/wp.unil.ch\/collaborativehistory\/wp-json\/wp\/v2\/users\/1002442"}],"replies":[{"embeddable":true,"href":"https:\/\/wp.unil.ch\/collaborativehistory\/wp-json\/wp\/v2\/comments?post=207"}],"version-history":[{"count":5,"href":"https:\/\/wp.unil.ch\/collaborativehistory\/wp-json\/wp\/v2\/pages\/207\/revisions"}],"predecessor-version":[{"id":1617,"href":"https:\/\/wp.unil.ch\/collaborativehistory\/wp-json\/wp\/v2\/pages\/207\/revisions\/1617"}],"wp:attachment":[{"href":"https:\/\/wp.unil.ch\/collaborativehistory\/wp-json\/wp\/v2\/media?parent=207"}],"curies":[{"name":"wp","href":"https:\/\/api.w.org\/{rel}","templated":true}]}}