{"id":205,"date":"2022-06-13T17:09:36","date_gmt":"2022-06-13T15:09:36","guid":{"rendered":"https:\/\/wp.unil.ch\/collaborativehistory\/?page_id=205"},"modified":"2023-12-07T18:50:31","modified_gmt":"2023-12-07T17:50:31","slug":"partners","status":"publish","type":"page","link":"https:\/\/wp.unil.ch\/collaborativehistory\/partners\/","title":{"rendered":"Partners"},"content":{"rendered":"\n<p style=\"font-size:18px;letter-spacing:1px\"><strong><strong>Prof. Rafael de Bivar&nbsp;Marguese<\/strong>, <\/strong><a rel=\"noreferrer noopener\" href=\"https:\/\/www5.usp.br\/\" target=\"_blank\">LabMundi<\/a>, S\u00e3o Paolo, Brazil<\/p>\n\n\n\n<p style=\"font-size:18px;letter-spacing:1px\"><strong><strong>Dr. Andr\u00e9 Nicacio<\/strong><\/strong>, <a rel=\"noreferrer noopener\" href=\"https:\/\/lattes.cnpq.br\/7249022381876735\" target=\"_blank\">Independent Researcher<\/a>, S\u00e3o Paolo, Brazil <\/p>\n\n\n\n<p style=\"font-size:18px;letter-spacing:1px\"><strong><strong>Dr. Khumisho&nbsp;Moguerane<\/strong><\/strong>, Independent Researcher, Johannesburg, South Africa<\/p>\n\n\n\n<p style=\"font-size:18px;letter-spacing:1px\"><strong><strong>Lineo&nbsp;Segoete<\/strong><\/strong>, <a href=\"https:\/\/barelitfest.com\/\" data-type=\"link\" data-id=\"https:\/\/barelitfest.com\/\">Independent Artist<\/a>, Maseru, Lesotho<\/p>\n\n\n\n<p style=\"font-size:18px;letter-spacing:1px\"><strong><strong>Prof. Parinitha Shetty<\/strong><\/strong>, <a rel=\"noreferrer noopener\" href=\"https:\/\/mangaloreuniversity.ac.in\/\" target=\"_blank\">Mangalore University<\/a>, India<\/p>\n\n\n\n<p style=\"font-size:18px;letter-spacing:1px\"><strong><strong>Prof. Sangeeta&nbsp;Dasgupto<\/strong><\/strong>, <a rel=\"noreferrer noopener\" href=\"https:\/\/www.jnu.ac.in\/main\/\" target=\"_blank\">Jawaharlal Nehru University<\/a>, India<\/p>\n\n\n\n<p style=\"font-size:18px;letter-spacing:1px\"><strong><strong>Prof. <strong>Maria Helena Pereira Toledo Machado<\/strong><\/strong><\/strong>,<strong>\u00a0<\/strong><a href=\"https:\/\/historia.fflch.usp.br\/maria-helena-pereira-toledo-machado\" target=\"_blank\" rel=\"noreferrer noopener\">University of Sao P<\/a><strong><a href=\"https:\/\/historia.fflch.usp.br\/maria-helena-pereira-toledo-machado\" target=\"_blank\" rel=\"noreferrer noopener\">aulo<\/a><\/strong>, Brazil.<\/p>\n","protected":false},"excerpt":{"rendered":"<p>Prof. Rafael de Bivar&nbsp;Marguese, LabMundi, S\u00e3o Paolo, Brazil Dr. Andr\u00e9 Nicacio, Independent Researcher, S\u00e3o Paolo, Brazil Dr. Khumisho&nbsp;Moguerane, Independent Researcher, Johannesburg, South Africa Lineo&nbsp;Segoete, Independent Artist, Maseru, Lesotho Prof. Parinitha &hellip; <\/p>\n","protected":false},"author":1002442,"featured_media":0,"parent":0,"menu_order":0,"comment_status":"closed","ping_status":"closed","template":"","meta":{"_seopress_robots_primary_cat":"","_seopress_titles_title":"","_seopress_titles_desc":"","_seopress_robots_index":"","footnotes":""},"class_list":["post-205","page","type-page","status-publish"],"_links":{"self":[{"href":"https:\/\/wp.unil.ch\/collaborativehistory\/wp-json\/wp\/v2\/pages\/205","targetHints":{"allow":["GET"]}}],"collection":[{"href":"https:\/\/wp.unil.ch\/collaborativehistory\/wp-json\/wp\/v2\/pages"}],"about":[{"href":"https:\/\/wp.unil.ch\/collaborativehistory\/wp-json\/wp\/v2\/types\/page"}],"author":[{"embeddable":true,"href":"https:\/\/wp.unil.ch\/collaborativehistory\/wp-json\/wp\/v2\/users\/1002442"}],"replies":[{"embeddable":true,"href":"https:\/\/wp.unil.ch\/collaborativehistory\/wp-json\/wp\/v2\/comments?post=205"}],"version-history":[{"count":1,"href":"https:\/\/wp.unil.ch\/collaborativehistory\/wp-json\/wp\/v2\/pages\/205\/revisions"}],"predecessor-version":[{"id":1274,"href":"https:\/\/wp.unil.ch\/collaborativehistory\/wp-json\/wp\/v2\/pages\/205\/revisions\/1274"}],"wp:attachment":[{"href":"https:\/\/wp.unil.ch\/collaborativehistory\/wp-json\/wp\/v2\/media?parent=205"}],"curies":[{"name":"wp","href":"https:\/\/api.w.org\/{rel}","templated":true}]}}