{"id":193,"date":"2022-06-13T15:40:45","date_gmt":"2022-06-13T13:40:45","guid":{"rendered":"https:\/\/wp.unil.ch\/collaborativehistory\/?page_id=193"},"modified":"2025-10-18T15:58:36","modified_gmt":"2025-10-18T13:58:36","slug":"team","status":"publish","type":"page","link":"https:\/\/wp.unil.ch\/collaborativehistory\/team\/","title":{"rendered":"Team"},"content":{"rendered":"\n<p style=\"font-size:19px;letter-spacing:1px\"><strong>Bernhard C. Sch\u00e4r<\/strong>, SNSF Eccellenza Professor, Project Leader<\/p>\n\n\n\n<p>Bernhard C. Sch\u00e4r has been serving as an SNSF Eccellenza Professor since 2022, leading an international research group dedicated to crafting a new &#8220;collaborative history of global Switzerland&#8221; at the Institute of Political Studies, University of Lausanne. Prior to his tenure in Lausanne, Bernhard was the recipient of an ERC Marie Sklodowska Curie Grant and held a position as an invited researcher at the Centre for Global History at Ludwig Maximilian University in Munich. From 2014 to 2021, he held roles as a lecturer and senior researcher at Harald Fischer-Tin\u00e9\u2019s Chair for Global History at ETH Zurich, while also spending time as an invited fellow at the Universities of Leiden (NL) and Singapore.<br>Bernhard&#8217;s scholarly interests span a range of topics including empire and science, colonial armies, imperial masculinities, racism, and the 19th-century Protestant mission movement. Initially grounded in the interconnected realms of the Dutch South-East Asian empire, the Netherlands, and its European hinterland, his research has recently shifted focus. He now employs Switzerland&#8217;s historical integration into various imperial formations during the 19th century as a framework for exploring new transimperial histories of Europe.<\/p>\n\n\n\n<div class=\"wp-block-columns is-layout-flex wp-container-core-columns-is-layout-9d6595d7 wp-block-columns-is-layout-flex\">\n<div class=\"wp-block-column is-layout-flow wp-block-column-is-layout-flow\" style=\"flex-basis:33.33%\"><\/div>\n\n\n\n<div class=\"wp-block-column is-layout-flow wp-block-column-is-layout-flow\" style=\"flex-basis:66.66%\">\n<p style=\"font-size:15px\"><strong>Links :<\/strong><\/p>\n\n\n\n<ul class=\"wp-block-list\">\n<li><a href=\"https:\/\/applicationspub.unil.ch\/interpub\/noauth\/php\/Un\/UnPers.php?PerNum=1244725&amp;LanCode=8&amp;menu=coord\" data-type=\"link\" data-id=\"https:\/\/applicationspub.unil.ch\/interpub\/noauth\/php\/Un\/UnPers.php?PerNum=1244725&amp;LanCode=8&amp;menu=coord\" target=\"_blank\" rel=\"noreferrer noopener\">Institute website<\/a><br><\/li>\n\n\n\n<li><a href=\"https:\/\/wp.unil.ch\/collaborativehistory\/files\/2025\/10\/schar_statementgegendarstellung-2.pdf\" target=\"_blank\" rel=\"noreferrer noopener\">Statement by Prof. Dr. Bernhard C. Sch\u00e4r regarding the NZZ\u2019s attack against his person<\/a><\/li>\n<\/ul>\n\n\n\n<div style=\"height:23px\" aria-hidden=\"true\" class=\"wp-block-spacer\"><\/div>\n<\/div>\n<\/div>\n\n\n\n<p style=\"font-size:19px;letter-spacing:1px\"><strong>Amal Shahid<\/strong>, PhD, postdoctoral researcher<\/p>\n\n\n\n<p style=\"font-size:17px\">Amal Shahid is a postdoctoral researcher in the Collaborative History project, focusing on the Basel India Mission. She completed a PhD in International History from the Geneva Graduate Institute of International and Development Studies. Her doctoral research explored&nbsp;colonial governance of famine relief in the North-Western Provinces of India between c. 1860-1920, with a focus on labour regulation. During her doctoral studies, she obtained more than three years of teaching experience in interdisciplinary courses. Amal also trained in basic quantitative methods during her Masters in Economic History (research) at the LSE. Her research interests are history of imperialism and colonialism, history of labour, and history of political economy. <\/p>\n\n\n\n<div class=\"wp-block-columns is-layout-flex wp-container-core-columns-is-layout-9d6595d7 wp-block-columns-is-layout-flex\">\n<div class=\"wp-block-column is-layout-flow wp-block-column-is-layout-flow\" style=\"flex-basis:33.33%\"><\/div>\n\n\n\n<div class=\"wp-block-column is-layout-flow wp-block-column-is-layout-flow\" style=\"flex-basis:66.66%\">\n<p style=\"font-size:15px\"><strong>Last publications :<\/strong><\/p>\n\n\n\n<p style=\"font-size:15px\">SHAHID Amal, \u201cThe Basel Mission Weaving Establishment in Malabar: Work Discipline and Resistance C. 1840-1910\u201d, <em>Annals of the Fondazione Luigi Einaudi<\/em>, 57 (2): pp. 51-72, 2023. (<a href=\"https:\/\/www.annalsfondazioneluigieinaudi.it\/images\/LVII\/2023-2-004-Shahid.pdf\" target=\"_blank\" rel=\"noreferrer noopener\">online<\/a>)<\/p>\n\n\n\n<div style=\"height:23px\" aria-hidden=\"true\" class=\"wp-block-spacer\"><\/div>\n<\/div>\n<\/div>\n\n\n\n<p><\/p>\n\n\n\n<p style=\"font-size:19px;letter-spacing:1px\"><strong>Izabel Barros<\/strong>, doctoral researcher<\/p>\n\n\n\n<p style=\"font-size:17px\">Izabel&nbsp;Barros is a doctoral researcher in the Collaborative History project. Her dissertation, entitled &#8220;Motherhood and Slavery: A Global Microhistory of a Swiss-Owned Plantation in Bahia (1820-1888)&#8221; explores the intersections of gender, slavery and transimperial history. With a professional background in feminist peacebuilding and quilombo and indigenous rights advocacy in Brazil, she is also involved in public history and community activism through collectives such as Taoca and the Berner Rassismus Stammtisch. She is one of the initiators and co-authors of the interactive mapping project Bern Kolonial (2020). Her work bridges academic research with transdisciplinary outreach, focusing on global histories, decolonial and postcolonial studies and intersectionality.<\/p>\n\n\n\n<div class=\"wp-block-columns is-layout-flex wp-container-core-columns-is-layout-9d6595d7 wp-block-columns-is-layout-flex\">\n<div class=\"wp-block-column is-layout-flow wp-block-column-is-layout-flow\" style=\"flex-basis:33.33%\"><\/div>\n\n\n\n<div class=\"wp-block-column is-layout-flow wp-block-column-is-layout-flow\" style=\"flex-basis:66.66%\">\n<p style=\"font-size:15px\"><strong>Last works :<\/strong><\/p>\n\n\n\n<p style=\"font-size:15px\">Dissertation Outline &#8211; &#8220;Motherhood and Slavery: A Global Microhistory of a Swiss-Owned Plantation in Bahia (1820-1887)&#8221;. Download <a href=\"https:\/\/wp.unil.ch\/collaborativehistory\/files\/2024\/12\/Barros_DissertationOutline2024.pdf\" data-type=\"link\" data-id=\"https:\/\/wp.unil.ch\/collaborativehistory\/files\/2024\/12\/Barros_DissertationOutline2024.pdf\" target=\"_blank\" rel=\"noreferrer noopener\">here<\/a>.<\/p>\n\n\n\n<div style=\"height:20px\" aria-hidden=\"true\" class=\"wp-block-spacer\"><\/div>\n<\/div>\n<\/div>\n\n\n\n<p><\/p>\n\n\n\n<p style=\"font-size:19px;letter-spacing:1px\"><strong>Michael Schmitz<\/strong>, doctoral researcher<\/p>\n\n\n\n<p style=\"font-size:17px\">Michael Schmitz is a doctoral researcher associated to the Collaborative History project. His PhD project focusses on Swiss cacao traders and plantation owners in Bahia in the first half of the 20<sup>th<\/sup> century. Since concluding his licenciate studies in General History at the University of Zurich in 2008, he has worked as a history and German language teacher on different educational levels, including a prison. In 2024, he co-edited a book on the history of the housing cooperative <em>Baugenossenschaft Wiedikon<\/em>. From 2009 to 2022, he has been involved with the anti-racist projects <em>Autonome Schule Z\u00fcrich <\/em>and <em>Papierlose Zeitung<\/em>. Through his long-time activity in Capoeira, he co-organizes events aimed at the preservation and divulgation of Afro Brazilian history and culture.<br><\/p>\n\n\n\n<p style=\"font-size:19px;letter-spacing:1px\"><br><br><strong>L\u00e9a Boldo<\/strong>, MA, student assistant<\/p>\n\n\n\n<p style=\"font-size:17px\">L\u00e9a Boldo is doing her master&#8217;s degree in the faculty of political science with a focus on transnational history, where she&#8217;s interested in history of XIX-XX centuries and international politics.<br><br><br><\/p>\n\n\n\n<p style=\"font-size:19px;letter-spacing:1px\"><strong>Fabio Rossinelli<\/strong>, PhD, postdoctoral researcher<\/p>\n\n\n\n<p class=\"has-text-align-left\" style=\"font-size:17px\">Fabio Rossinelli is a doctor in Contemporary History (PhD). From 2013 to 2019, he worked at the University of Lausanne (UNIL) as a research and teaching assistant, where he conducted his doctoral thesis on Switzerland\u2019s involvement in colonial imperialism during the 19th century. He received the Whitehouse Prize for the quality of his work. Since 2020, he continues his activities as a post-doc researcher at the University of Italian Switzerland (USI) on the topic of migration remittances between 1750 and 1950. Two years later, he joined Prof. Bernhard Schaer\u2019s team at UNIL on the project presented here. He also collaborates with other institutions, such as the Museum of Ethnography in Geneva (provenance research) and the Italian Geographical Society in Rome (missionary history).<\/p>\n\n\n\n<div class=\"wp-block-columns is-layout-flex wp-container-core-columns-is-layout-9d6595d7 wp-block-columns-is-layout-flex\">\n<div class=\"wp-block-column is-layout-flow wp-block-column-is-layout-flow\" style=\"flex-basis:33.33%\"><\/div>\n\n\n\n<div class=\"wp-block-column is-layout-flow wp-block-column-is-layout-flow\" style=\"flex-basis:66.66%\">\n<p style=\"font-size:15px\"><strong>Last publications :<\/strong><\/p>\n\n\n\n<p style=\"font-size:15px\">Book: \u200bROSSINELLI, Fabio,&nbsp;<em>G\u00e9ographie&nbsp;et&nbsp;imp\u00e9rialisme. De la Suisse au Congo entre exploration&nbsp;g\u00e9ographique&nbsp;et&nbsp;conqu\u00eate&nbsp;coloniale<\/em>, Neuch\u00e2tel: Editions&nbsp;Alphil&nbsp;\u2013 Presses&nbsp;universitaires&nbsp;suisses, 2022.<\/p>\n\n\n\n<p style=\"font-size:15px\">Peer-reviewed article:&nbsp;\u200bROSSINELLI, Fabio \u00abUne&nbsp;enqu\u00eate&nbsp;historique&nbsp;sur \u201cL\u2019Afrique explor\u00e9e&nbsp;et&nbsp;civilis\u00e9e\u201d (1879-1894), la revue de Gustave&nbsp;Moynier\u00bb in&nbsp;<em>Le Globe<\/em>, vol. 161, 2021, pp. 163-184.<\/p>\n\n\n\n<p style=\"font-size:15px\">Conference report:&nbsp;\u200bROSSINELLI, Fabio, \u00abReady for the past? On the state of decolonisation in Swiss museums\u00bb in&nbsp;<em>Infoclio.ch<\/em>, 8&nbsp;juin&nbsp;2022 (<a href=\"https:\/\/infoclio.ch\/en\/ready-past-state-decolonisation-swiss-museums\">online here<\/a>).<br><\/p>\n<\/div>\n<\/div>\n\n\n\n<p style=\"font-size:19px;letter-spacing:1px\"><br><strong>Philipp Krauer<\/strong>, PhD associated postdoctoral researcher<\/p>\n\n\n\n<p class=\"has-text-align-left\" style=\"font-size:17px\">Philipp Krauer is an associated post-doc researcher working on the development of automated text recognition tools to analyze handwritten historical sources.&nbsp;Since 2021, he has worked as an archivist at the State Archive of Schwyz. He completed his PhD at ETH Zurich in 2021 with a dissertation titled &#8220;Swiss Mercenaries in the Dutch East Indies: A Transimperial History of Military Labour 1848-1914.\u201c&nbsp;Additionally he is a co-founder of the public history project&nbsp;<em>zh-kolonial.ch<\/em>. For his research Krauer received the 2023 &#8220;Young Scholar Award&#8221; from the Walter Benjamin Kolleg at the University of Bern and together with Bernhard C. Sch\u00e4r he was awarded the Gold Prize for early career researchers by the Swiss Academy of Humanities and Social Sciences (SAGW-AAHS) in 2024.<br><\/p>\n\n\n\n<div class=\"wp-block-columns is-layout-flex wp-container-core-columns-is-layout-9d6595d7 wp-block-columns-is-layout-flex\">\n<div class=\"wp-block-column is-layout-flow wp-block-column-is-layout-flow\" style=\"flex-basis:33.33%\"><\/div>\n\n\n\n<div class=\"wp-block-column is-layout-flow wp-block-column-is-layout-flow\" style=\"flex-basis:66.66%\">\n<p style=\"font-size:15px\"><strong>Last publications :<\/strong><\/p>\n\n\n\n<p style=\"font-size:15px\"><em>Swiss Mercenaries in the Dutch East Indies. A Transimperial History of Military Labour, 1848-1914<\/em>. Global Connections: Routes and Roots 9. Leiden: Leiden University Press, 2024.&nbsp;<a href=\"https:\/\/library.oapen.org\/handle\/20.500.12657\/87677\" target=\"_blank\" rel=\"noreferrer noopener\">https:\/\/library.oapen.org\/handle\/20.500.12657\/87677<\/a>.<\/p>\n\n\n\n<p style=\"font-size:15px\">together with Bernhard C. Sch\u00e4r. \u00abWelfare for War Veterans: How the Dutch Empire Provided for European Mercenary Families, c. 1850 to 1914\u00bb.&nbsp;<em>Itinerario<\/em>&nbsp;47, Nr. 2 (August 2023): 223\u201339.&nbsp;<a href=\"https:\/\/doi.org\/10.1017\/S0165115323000141\" target=\"_blank\" rel=\"noreferrer noopener\">https:\/\/doi.org\/10.1017\/S0165115323000141<\/a>.<\/p>\n\n\n\n<p style=\"font-size:15px\">\u00abZwischen Geld, Gewalt und Rassismus: Neue Perspektiven auf die koloniale Schweizer S\u00f6ldnermigration nach S\u00fcdostasien, 1848\u20131914\u00bb,&nbsp;in:&nbsp;Schweizerische Zeitschrift f\u00fcr Geschichte, 71\/2 (2021): 229-250. <a href=\"https:\/\/doi.org\/10.24894\/2296-6013.00081\">https:\/\/doi.org\/10.24894\/2296-6013.00081<\/a>.<br><br>together with Henry, Philippe: \u00abFremde Dienste\u00bb. Historisches Lexikon der Schweiz (HLS), 31. Oktober 2023.&nbsp;<a href=\"https:\/\/www.hls-dhs-dss.ch\/textes\/d\/D8608.php\">https:\/\/www.hls-dhs-dss.ch\/textes\/d\/D8608.php<\/a>.<br><br>&nbsp;\u00abTodeslisten aus Niederl\u00e4ndisch-Ostindien: Der koloniale Arm der Schweizer B\u00fcrokratie, 1860\u20131895\u00bb. In&nbsp;<em>Ordnungen des Todes: Von Listen, Statistiken und Dunkelziffern \u00fcber das Sterben und die Verstorbenen.<\/em>, herausgegeben von Nina Kreibig, Thomas Macho, und Mois\u00e9s Prieto, 1st ed., 43\u201360. Tod und Agency. Interdisziplin\u00e4re Studien zum Lebensende. Bielefeld: transcript, 2023.&nbsp;<a href=\"https:\/\/doi.org\/10.1515\/9783839464007\" target=\"_blank\" rel=\"noreferrer noopener\">https:\/\/doi.org\/10.1515\/9783839464007<\/a>.<br><br><\/p>\n<\/div>\n<\/div>\n\n\n\n<p><br><\/p>\n","protected":false},"excerpt":{"rendered":"<p>Bernhard C. Sch\u00e4r, SNSF Eccellenza Professor, Project Leader Bernhard C. Sch\u00e4r has been serving as an SNSF Eccellenza Professor since 2022, leading an international research group dedicated to crafting a &hellip; <\/p>\n","protected":false},"author":1002442,"featured_media":0,"parent":0,"menu_order":0,"comment_status":"closed","ping_status":"closed","template":"","meta":{"_seopress_robots_primary_cat":"","_seopress_titles_title":"","_seopress_titles_desc":"","_seopress_robots_index":"","footnotes":""},"class_list":["post-193","page","type-page","status-publish"],"_links":{"self":[{"href":"https:\/\/wp.unil.ch\/collaborativehistory\/wp-json\/wp\/v2\/pages\/193","targetHints":{"allow":["GET"]}}],"collection":[{"href":"https:\/\/wp.unil.ch\/collaborativehistory\/wp-json\/wp\/v2\/pages"}],"about":[{"href":"https:\/\/wp.unil.ch\/collaborativehistory\/wp-json\/wp\/v2\/types\/page"}],"author":[{"embeddable":true,"href":"https:\/\/wp.unil.ch\/collaborativehistory\/wp-json\/wp\/v2\/users\/1002442"}],"replies":[{"embeddable":true,"href":"https:\/\/wp.unil.ch\/collaborativehistory\/wp-json\/wp\/v2\/comments?post=193"}],"version-history":[{"count":5,"href":"https:\/\/wp.unil.ch\/collaborativehistory\/wp-json\/wp\/v2\/pages\/193\/revisions"}],"predecessor-version":[{"id":1773,"href":"https:\/\/wp.unil.ch\/collaborativehistory\/wp-json\/wp\/v2\/pages\/193\/revisions\/1773"}],"wp:attachment":[{"href":"https:\/\/wp.unil.ch\/collaborativehistory\/wp-json\/wp\/v2\/media?parent=193"}],"curies":[{"name":"wp","href":"https:\/\/api.w.org\/{rel}","templated":true}]}}