{"id":496,"date":"2021-01-21T18:11:47","date_gmt":"2021-01-21T17:11:47","guid":{"rendered":"https:\/\/wp.unil.ch\/colesfran\/?page_id=496"},"modified":"2024-11-25T12:18:28","modified_gmt":"2024-11-25T11:18:28","slug":"cuestionarios","status":"publish","type":"page","link":"https:\/\/wp.unil.ch\/colesfran\/cuestionarios\/","title":{"rendered":"Cuestionarios"},"content":{"rendered":"\n<p>Las entrevistas semidirigidas del COLESfran siguen un gui\u00f3n recogido en un cuestionario. Contamos con varios cuestionarios en funci\u00f3n de la generaci\u00f3n de los entrevistados. Para los participantes de 1\u00aa generaci\u00f3n (G1), las preguntas tratan de su experiencia migratoria y de la historia de su vida e integraci\u00f3n ling\u00fc\u00edstica en el pa\u00eds de acogida. En el caso de las generaciones siguientes (G2 y G3), se adapta el cuestionario con preguntas espec\u00edficas pertinentes para estos miembros de la comunidad hispanohablante, tales como el modo de adquisici\u00f3n del espa\u00f1ol (participaci\u00f3n o no en los cursos de lengua y cultura de origen), los usos ling\u00fc\u00edsticos con la familia, sus h\u00e1bitos de lectura y escritura en la lengua de origen, las actitudes hacia los dos pa\u00edses y las dos lenguas, la relaci\u00f3n con otros hispanohablantes en Suiza, con personas e instituciones del pa\u00eds de origen, etc. Aqu\u00ed puede consultar dos ejemplos de cuestionarios: uno de <a href=\"https:\/\/wp.unil.ch\/colesfran\/files\/2021\/01\/cuestionario-G1-Venezuela.pdf\" data-type=\"URL\">G1<\/a> y otro de <a href=\"https:\/\/wp.unil.ch\/colesfran\/files\/2024\/11\/cuestionario-G2-Colombia.pdf\">G2<\/a>.<\/p>\n\n\n\n<p><\/p>\n","protected":false},"excerpt":{"rendered":"<p>Las entrevistas semidirigidas del COLESfran siguen un gui\u00f3n recogido en un cuestionario. Contamos con varios cuestionarios en funci\u00f3n de la generaci\u00f3n de los entrevistados. Para los participantes de 1\u00aa generaci\u00f3n (G1), las preguntas tratan de su experiencia migratoria y de la historia de su vida e integraci\u00f3n ling\u00fc\u00edstica en el pa\u00eds de acogida. En el &hellip; <\/p>\n<p class=\"link-more\"><a href=\"https:\/\/wp.unil.ch\/colesfran\/cuestionarios\/\" class=\"more-link\">Continuer la lecture<span class=\"screen-reader-text\"> de &laquo;&nbsp;Cuestionarios&nbsp;&raquo;<\/span><\/a><\/p>\n","protected":false},"author":1002153,"featured_media":0,"parent":0,"menu_order":0,"comment_status":"closed","ping_status":"closed","template":"","meta":{"_seopress_robots_primary_cat":"","_seopress_titles_title":"","_seopress_titles_desc":"","_seopress_robots_index":"","footnotes":""},"class_list":["post-496","page","type-page","status-publish"],"_links":{"self":[{"href":"https:\/\/wp.unil.ch\/colesfran\/wp-json\/wp\/v2\/pages\/496","targetHints":{"allow":["GET"]}}],"collection":[{"href":"https:\/\/wp.unil.ch\/colesfran\/wp-json\/wp\/v2\/pages"}],"about":[{"href":"https:\/\/wp.unil.ch\/colesfran\/wp-json\/wp\/v2\/types\/page"}],"author":[{"embeddable":true,"href":"https:\/\/wp.unil.ch\/colesfran\/wp-json\/wp\/v2\/users\/1002153"}],"replies":[{"embeddable":true,"href":"https:\/\/wp.unil.ch\/colesfran\/wp-json\/wp\/v2\/comments?post=496"}],"version-history":[{"count":3,"href":"https:\/\/wp.unil.ch\/colesfran\/wp-json\/wp\/v2\/pages\/496\/revisions"}],"predecessor-version":[{"id":577,"href":"https:\/\/wp.unil.ch\/colesfran\/wp-json\/wp\/v2\/pages\/496\/revisions\/577"}],"wp:attachment":[{"href":"https:\/\/wp.unil.ch\/colesfran\/wp-json\/wp\/v2\/media?parent=496"}],"curies":[{"name":"wp","href":"https:\/\/api.w.org\/{rel}","templated":true}]}}