{"id":260,"date":"2019-04-12T14:28:23","date_gmt":"2019-04-12T12:28:23","guid":{"rendered":"http:\/\/wp.unil.ch\/colesfran\/?page_id=260"},"modified":"2019-04-12T14:33:34","modified_gmt":"2019-04-12T12:33:34","slug":"el-espanol-de-la-comunidad-hispanohablante-en-suiza","status":"publish","type":"page","link":"https:\/\/wp.unil.ch\/colesfran\/el-espanol-de-la-comunidad-hispanohablante-en-suiza\/","title":{"rendered":"El espa\u00f1ol de la comunidad hispanohablante en Suiza (2016)"},"content":{"rendered":"<p><img alt=\"\" loading=\"lazy\" decoding=\"async\" class=\"alignnone size-full wp-image-266\" src=\"https:\/\/wp.unil.ch\/colesfran\/files\/2019\/04\/Cartel-coloquio-2016.png\" alt=\"\" width=\"848\" height=\"1200\" srcset=\"https:\/\/wp.unil.ch\/colesfran\/files\/2019\/04\/Cartel-coloquio-2016.png 848w, https:\/\/wp.unil.ch\/colesfran\/files\/2019\/04\/Cartel-coloquio-2016-212x300.png 212w, https:\/\/wp.unil.ch\/colesfran\/files\/2019\/04\/Cartel-coloquio-2016-768x1087.png 768w, https:\/\/wp.unil.ch\/colesfran\/files\/2019\/04\/Cartel-coloquio-2016-724x1024.png 724w\" sizes=\"auto, (max-width: 767px) 89vw, (max-width: 1000px) 54vw, (max-width: 1071px) 543px, 580px\" \/><\/p>\n<p>Este coloquio buscaba ofrecer un estado de la cuesti\u00f3n de la investigaci\u00f3n ling\u00fc\u00edstica sobre la comunidad hispanohablante en Suiza, reuniendo a los autores que le han dedicado su atenci\u00f3n, y que del di\u00e1logo entre los especialistas surgiesen nuevas l\u00edneas de exploraci\u00f3n para este campo.<\/p>\n<p>Esta fue la primera de una serie de manifestaciones dedicadas al espa\u00f1ol de la comunidad hispanohablante en Suiza y a los fen\u00f3menos de contacto ling\u00fc\u00edstico entre el espa\u00f1ol y otras lenguas de este pa\u00eds.<\/p>\n<p>El coloquio se enmarca en el nuevo programa \u201cVaud Multiling\u00fce\u201d de la Facultad de letras de la UNIL.<\/p>\n<p>&nbsp;<\/p>\n<h5>Programa<\/h5>\n<p>Viernes 13 de mayo<\/p>\n<p>14:00\u201314:30\u00a0\u00a0\u00a0\u00a0\u00a0\u00a0\u00a0\u00a0 M\u00f3nica Castillo Lluch (UNIL): \u201cResultados y perspectivas de los estudios del espa\u00f1ol en Suiza\u201d<\/p>\n<p>14:30\u201315:30\u00a0\u00a0\u00a0\u00a0\u00a0\u00a0\u00a0\u00a0 Luis Calvo Salgado (UZh): \u201cContexto sociohist\u00f3rico de la migraci\u00f3n espa\u00f1ola en Suiza\u201d<\/p>\n<p>15:30\u201316:00\u00a0\u00a0\u00a0\u00a0\u00a0 \u00a0\u00a0\u00a0 Pausa<\/p>\n<p>16:00\u201318:00\u00a0\u00a0\u00a0\u00a0\u00a0\u00a0\u00a0\u00a0 Mesa redonda: Merc\u00e8 Pujol (Paris-Nanterre), Georges L\u00fcdi (Uni Basel) y Stephan Schmid (UZh): \u201cLas investigaciones pioneras sobre el espa\u00f1ol en Suiza\u201d<\/p>\n<p><span style=\"font-size: 1rem\">S\u00e1bado 14 de mayo<\/span><\/p>\n<p>10:00\u201311:00\u00a0\u00a0\u00a0\u00a0\u00a0\u00a0\u00a0\u00a0 Clara Morales Moreno (UNIL): \u201cActitudes ling\u00fc\u00edsticas de la G2 ante la variedad de contacto del espa\u00f1ol en la Suiza franc\u00f3fona\u201d<\/p>\n<p>11:00\u201312:00\u00a0\u00a0\u00a0\u00a0\u00a0\u00a0\u00a0\u00a0 Jeannine Khan (PH Berne): \u201cLa identidad y la lengua de los espa\u00f1oles de la segunda generaci\u00f3n en la Suiza alemana\u201d<\/p>\n<p>12:00\u201314:00\u00a0\u00a0\u00a0\u00a0\u00a0\u00a0\u00a0\u00a0 Comida<\/p>\n<p>14:00\u201315:00\u00a0\u00a0\u00a0\u00a0\u00a0\u00a0\u00a0\u00a0 M\u00f3nica Castillo Lluch (UNIL): \u201cEl espa\u00f1ol en la Suiza franc\u00f3fona: investigaciones iniciales y perspectivas\u201d<\/p>\n<p>15:00\u201316:30\u00a0\u00a0\u00a0\u00a0\u00a0\u00a0\u00a0\u00a0 Mesa redonda: Linda Grimm-Pfefferli (Uni Basel), Mathieu Ballif (UNIL), Johanna Henao (UNIL) y Marie-H\u00e9l\u00e8ne Weissen (UNIL): \u201cInvestigaciones recientes sobre el espa\u00f1ol en Suiza\u201d<\/p>\n<p>16:30\u201317:00\u00a0\u00a0\u00a0\u00a0\u00a0\u00a0\u00a0\u00a0 Conclusiones y discusi\u00f3n final<\/p>\n","protected":false},"excerpt":{"rendered":"<p>Este coloquio buscaba ofrecer un estado de la cuesti\u00f3n de la investigaci\u00f3n ling\u00fc\u00edstica sobre la comunidad hispanohablante en Suiza, reuniendo a los autores que le han dedicado su atenci\u00f3n, y que del di\u00e1logo entre los especialistas surgiesen nuevas l\u00edneas de exploraci\u00f3n para este campo. Esta fue la primera de una serie de manifestaciones dedicadas al &hellip; <\/p>\n<p class=\"link-more\"><a href=\"https:\/\/wp.unil.ch\/colesfran\/el-espanol-de-la-comunidad-hispanohablante-en-suiza\/\" class=\"more-link\">Continuer la lecture<span class=\"screen-reader-text\"> de &laquo;&nbsp;El espa\u00f1ol de la comunidad hispanohablante en Suiza (2016)&nbsp;&raquo;<\/span><\/a><\/p>\n","protected":false},"author":1001918,"featured_media":0,"parent":0,"menu_order":0,"comment_status":"closed","ping_status":"closed","template":"","meta":{"_seopress_robots_primary_cat":"","_seopress_titles_title":"","_seopress_titles_desc":"","_seopress_robots_index":"","footnotes":""},"class_list":["post-260","page","type-page","status-publish"],"_links":{"self":[{"href":"https:\/\/wp.unil.ch\/colesfran\/wp-json\/wp\/v2\/pages\/260","targetHints":{"allow":["GET"]}}],"collection":[{"href":"https:\/\/wp.unil.ch\/colesfran\/wp-json\/wp\/v2\/pages"}],"about":[{"href":"https:\/\/wp.unil.ch\/colesfran\/wp-json\/wp\/v2\/types\/page"}],"author":[{"embeddable":true,"href":"https:\/\/wp.unil.ch\/colesfran\/wp-json\/wp\/v2\/users\/1001918"}],"replies":[{"embeddable":true,"href":"https:\/\/wp.unil.ch\/colesfran\/wp-json\/wp\/v2\/comments?post=260"}],"version-history":[{"count":0,"href":"https:\/\/wp.unil.ch\/colesfran\/wp-json\/wp\/v2\/pages\/260\/revisions"}],"wp:attachment":[{"href":"https:\/\/wp.unil.ch\/colesfran\/wp-json\/wp\/v2\/media?parent=260"}],"curies":[{"name":"wp","href":"https:\/\/api.w.org\/{rel}","templated":true}]}}