{"id":206,"date":"2019-04-08T14:32:43","date_gmt":"2019-04-08T12:32:43","guid":{"rendered":"http:\/\/wp.unil.ch\/colesfran\/?page_id=206"},"modified":"2019-05-13T13:43:19","modified_gmt":"2019-05-13T11:43:19","slug":"contacto","status":"publish","type":"page","link":"https:\/\/wp.unil.ch\/colesfran\/contacto\/","title":{"rendered":"Contacto"},"content":{"rendered":"<p><strong>M\u00f3nica\u00a0<\/strong><strong>CASTILLO LLUCH<\/strong><br \/>\nCatedr\u00e1tica<br \/>\n<span class=\"textecouleur\">Ling\u00fc\u00edstica hisp\u00e1nica<br \/>\nCorreo:\u00a0<a href=\"mailto:Monica.CastilloLluch@unil.ch\">Monica.CastilloLluch@unil.ch<\/a><\/span><br \/>\nDirecci\u00f3n:<br \/>\nUniversit\u00e9 de Lausanne<br \/>\nFacult\u00e9 des Lettres<br \/>\nSection d&rsquo;espagnol<br \/>\nB\u00e2timent Anthropole<br \/>\nCH &#8211; 1015 Lausanne<\/p>\n","protected":false},"excerpt":{"rendered":"<p>M\u00f3nica\u00a0CASTILLO LLUCH Catedr\u00e1tica Ling\u00fc\u00edstica hisp\u00e1nica Correo:\u00a0Monica.CastilloLluch@unil.ch Direcci\u00f3n: Universit\u00e9 de Lausanne Facult\u00e9 des Lettres Section d&rsquo;espagnol B\u00e2timent Anthropole CH &#8211; 1015 Lausanne<\/p>\n","protected":false},"author":1001918,"featured_media":0,"parent":0,"menu_order":0,"comment_status":"closed","ping_status":"closed","template":"","meta":{"_seopress_robots_primary_cat":"","_seopress_titles_title":"","_seopress_titles_desc":"","_seopress_robots_index":"","footnotes":""},"class_list":["post-206","page","type-page","status-publish"],"_links":{"self":[{"href":"https:\/\/wp.unil.ch\/colesfran\/wp-json\/wp\/v2\/pages\/206","targetHints":{"allow":["GET"]}}],"collection":[{"href":"https:\/\/wp.unil.ch\/colesfran\/wp-json\/wp\/v2\/pages"}],"about":[{"href":"https:\/\/wp.unil.ch\/colesfran\/wp-json\/wp\/v2\/types\/page"}],"author":[{"embeddable":true,"href":"https:\/\/wp.unil.ch\/colesfran\/wp-json\/wp\/v2\/users\/1001918"}],"replies":[{"embeddable":true,"href":"https:\/\/wp.unil.ch\/colesfran\/wp-json\/wp\/v2\/comments?post=206"}],"version-history":[{"count":0,"href":"https:\/\/wp.unil.ch\/colesfran\/wp-json\/wp\/v2\/pages\/206\/revisions"}],"wp:attachment":[{"href":"https:\/\/wp.unil.ch\/colesfran\/wp-json\/wp\/v2\/media?parent=206"}],"curies":[{"name":"wp","href":"https:\/\/api.w.org\/{rel}","templated":true}]}}