{"id":203,"date":"2019-04-08T14:32:16","date_gmt":"2019-04-08T12:32:16","guid":{"rendered":"http:\/\/wp.unil.ch\/colesfran\/?page_id=203"},"modified":"2019-06-03T12:28:17","modified_gmt":"2019-06-03T10:28:17","slug":"contacto-espanol-frances-en-la-historia-de-la-lengua-espanola","status":"publish","type":"page","link":"https:\/\/wp.unil.ch\/colesfran\/contacto-espanol-frances-en-la-historia-de-la-lengua-espanola\/","title":{"rendered":"Contacto espa\u00f1ol-franc\u00e9s en la historia de la lengua espa\u00f1ola (2019)"},"content":{"rendered":"<p><img loading=\"lazy\" decoding=\"async\" class=\"alignnone size-full wp-image-306\" src=\"https:\/\/wp.unil.ch\/colesfran\/files\/2019\/06\/Contacto-espan\u0303ol-france\u0301s-poster-1.png\" alt=\"Contacto espan\u0303ol-france\u0301s poster\" width=\"2497\" height=\"1767\" srcset=\"https:\/\/wp.unil.ch\/colesfran\/files\/2019\/06\/Contacto-espan\u0303ol-france\u0301s-poster-1.png 2497w, https:\/\/wp.unil.ch\/colesfran\/files\/2019\/06\/Contacto-espan\u0303ol-france\u0301s-poster-1-300x212.png 300w, https:\/\/wp.unil.ch\/colesfran\/files\/2019\/06\/Contacto-espan\u0303ol-france\u0301s-poster-1-768x543.png 768w, https:\/\/wp.unil.ch\/colesfran\/files\/2019\/06\/Contacto-espan\u0303ol-france\u0301s-poster-1-1024x725.png 1024w\" sizes=\"auto, (max-width: 767px) 89vw, (max-width: 1000px) 54vw, (max-width: 1071px) 543px, 580px\" \/><\/p>\n<p><img loading=\"lazy\" decoding=\"async\" class=\"alignnone size-full wp-image-307\" src=\"https:\/\/wp.unil.ch\/colesfran\/files\/2019\/06\/Contacto-espan\u0303ol-france\u0301s-prog01.png\" alt=\"Contacto espan\u0303ol-france\u0301s prog01\" width=\"2342\" height=\"1646\" srcset=\"https:\/\/wp.unil.ch\/colesfran\/files\/2019\/06\/Contacto-espan\u0303ol-france\u0301s-prog01.png 2342w, https:\/\/wp.unil.ch\/colesfran\/files\/2019\/06\/Contacto-espan\u0303ol-france\u0301s-prog01-300x211.png 300w, https:\/\/wp.unil.ch\/colesfran\/files\/2019\/06\/Contacto-espan\u0303ol-france\u0301s-prog01-768x540.png 768w, https:\/\/wp.unil.ch\/colesfran\/files\/2019\/06\/Contacto-espan\u0303ol-france\u0301s-prog01-1024x720.png 1024w\" sizes=\"auto, (max-width: 767px) 89vw, (max-width: 1000px) 54vw, (max-width: 1071px) 543px, 580px\" \/><\/p>\n<p><img loading=\"lazy\" decoding=\"async\" class=\"alignnone size-full wp-image-308\" src=\"https:\/\/wp.unil.ch\/colesfran\/files\/2019\/06\/Contacto-espan\u0303ol-france\u0301s-prog02.png\" alt=\"Contacto espan\u0303ol-france\u0301s prog02\" width=\"2343\" height=\"1647\" srcset=\"https:\/\/wp.unil.ch\/colesfran\/files\/2019\/06\/Contacto-espan\u0303ol-france\u0301s-prog02.png 2343w, https:\/\/wp.unil.ch\/colesfran\/files\/2019\/06\/Contacto-espan\u0303ol-france\u0301s-prog02-300x211.png 300w, https:\/\/wp.unil.ch\/colesfran\/files\/2019\/06\/Contacto-espan\u0303ol-france\u0301s-prog02-768x540.png 768w, https:\/\/wp.unil.ch\/colesfran\/files\/2019\/06\/Contacto-espan\u0303ol-france\u0301s-prog02-1024x720.png 1024w\" sizes=\"auto, (max-width: 767px) 89vw, (max-width: 1000px) 54vw, (max-width: 1071px) 543px, 580px\" \/><\/p>\n<p>&nbsp;<\/p>\n","protected":false},"excerpt":{"rendered":"<p>&nbsp;<\/p>\n","protected":false},"author":1001918,"featured_media":0,"parent":0,"menu_order":0,"comment_status":"closed","ping_status":"closed","template":"","meta":{"_seopress_robots_primary_cat":"","_seopress_titles_title":"","_seopress_titles_desc":"","_seopress_robots_index":"","footnotes":""},"class_list":["post-203","page","type-page","status-publish"],"_links":{"self":[{"href":"https:\/\/wp.unil.ch\/colesfran\/wp-json\/wp\/v2\/pages\/203","targetHints":{"allow":["GET"]}}],"collection":[{"href":"https:\/\/wp.unil.ch\/colesfran\/wp-json\/wp\/v2\/pages"}],"about":[{"href":"https:\/\/wp.unil.ch\/colesfran\/wp-json\/wp\/v2\/types\/page"}],"author":[{"embeddable":true,"href":"https:\/\/wp.unil.ch\/colesfran\/wp-json\/wp\/v2\/users\/1001918"}],"replies":[{"embeddable":true,"href":"https:\/\/wp.unil.ch\/colesfran\/wp-json\/wp\/v2\/comments?post=203"}],"version-history":[{"count":0,"href":"https:\/\/wp.unil.ch\/colesfran\/wp-json\/wp\/v2\/pages\/203\/revisions"}],"wp:attachment":[{"href":"https:\/\/wp.unil.ch\/colesfran\/wp-json\/wp\/v2\/media?parent=203"}],"curies":[{"name":"wp","href":"https:\/\/api.w.org\/{rel}","templated":true}]}}