{"id":181,"date":"2019-04-08T14:25:57","date_gmt":"2019-04-08T12:25:57","guid":{"rendered":"http:\/\/wp.unil.ch\/colesfran\/?page_id=181"},"modified":"2024-11-12T18:26:53","modified_gmt":"2024-11-12T17:26:53","slug":"cursos-de-lengua-de-origen","status":"publish","type":"page","link":"https:\/\/wp.unil.ch\/colesfran\/cursos-de-lengua-de-origen\/","title":{"rendered":"Cursos de lengua de origen"},"content":{"rendered":"<h3><strong>Estructuras en la Suiza franc\u00f3fona que ofrecen cursos de lengua espan\u0303ola y cultura de origen <\/strong><\/h3>\n<p>Esta lista fue elaborada en octubre de 2017 por el equipo del COLESfran en colaboraci\u00f3n con Vero\u0301nica Sa\u0301nchez Abchi (Institut de recherche et de documentation pe\u0301dagogique) para informaci\u00f3n de las embajadas de los pa\u00edses hispanohablantes en Suiza, con la intenci\u00f3n de que estas puedan difundirla entre sus ciudadanos nacionales afincados en este pa\u00eds<a href=\"#_ftn1\" name=\"_ftnref1\">[1]<\/a>. En 2024 estamos revisando la vigencia de todas las informaciones.<\/p>\n<p>El objetivo de esta lista es dar a conocer la oferta de cursos de lengua y cultura de origen destinada a la comunidad hispanohablante en Suiza. Los centros educativos esta\u0301n ordenados por ciudades a fin de facilitar la consulta, pero es necesario sen\u0303alar que no todos son equiparables. Junto a asociaciones que ofrecen cursos de lengua y cultura propiamente dichos, complementarios a la ensen\u0303anza obligatoria, hemos incluido tanto guarderi\u0301as bilingu\u0308es como grupos de juego informales. Adema\u0301s, el estatus de los cursos de lengua y cultura vari\u0301a en cada canto\u0301n<a href=\"#_ftn2\" name=\"_ftnref2\">[2]<\/a> y, mientras algunos cantones se limitan a darles publicidad, otros colaboran de un modo u otro en su organizacio\u0301n e incluso reflejan en los boletines de notas que los nin\u0303os han asistido a estos cursos.<strong>\u00a0<\/strong><\/p>\n<h5><strong>Suiza:<\/strong><\/h5>\n<p><strong>ALCE, Aulas de lengua y cultura espan\u0303ola<\/strong><\/p>\n<p><a href=\"https:\/\/www.mecd.gob.es\/suiza\/oficinasycentros\/cen%20tros-docentes\/suiza1.html\">https:\/\/www.mecd.gob.es\/suiza\/oficinasycentros\/centros-docentes\/suiza1.html<\/a><\/p>\n<p>Estructura del Ministerio de Educacio\u0301n, cultura y deporte de Espan\u0303a destinada a nin\u0303os de nacionalidad espan\u0303ola o de padre o madre espan\u0303oles. En Suiza la Consejeri\u0301a de Educacio\u0301n de la Embajada de Espan\u0303a se encarga de la organizacio\u0301n de las ALCEs desde 1971. Hoy (2017) el nu\u0301mero de alumnos de las ALCEs asciende a 4700 en toda Suiza, segu\u0301n datos de la Embajada de Espan\u0303a en Berna. A principios de los an\u0303os 1990 llegaron a acoger hasta 15000 nin\u0303os.<\/p>\n<p>Cursos de lengua y cultura de origen con reconocimiento oficial.<\/p>\n<h5><strong>Ginebra:<\/strong><\/h5>\n<ul>\n<li><strong>La escuelita (Onex)<\/strong><\/li>\n<\/ul>\n<p><a href=\"https:\/\/www.laescuelita-onex.ch\/\">https:\/\/www.laescuelita-onex.ch\/<\/a><\/p>\n<p>Direccio\u0301n: Rue des Savoises 15, 1205 Gene\u0300ve.<\/p>\n<p>Contacto: <a href=\"mailto:escuelitaonex@gmail.com\">escuelitaonex@gmail.com<\/a><\/p>\n<p>Tele\u0301fono: +41 76 753 63 83<\/p>\n<p>Asociacio\u0301n cultural nacida en 2013 destinada a nin\u0303os de origen hispanoamericano afincados en el canto\u0301n de Ginebra para completar su formacio\u0301n en lengua espan\u0303ola y cultura de Hispanoame\u0301rica. Imparten cursos a nin\u0303os desde 5 a 12 an\u0303os en diferentes puntos del canto\u0301n de Ginebra: Onex, Carouge, Lignon, Avanchets.<\/p>\n<p>Cursos de lengua y cultura de origen con reconocimiento oficial.<\/p>\n<ul>\n<li><strong>Asociacio\u0301n Latinoamericana ALAM Meyrin (Meyrin)<\/strong><\/li>\n<\/ul>\n<p><strong>Tierra de infancia <\/strong><a href=\"https:\/\/alam-meyrin.e-monsite.com\/\">https:\/\/alam-meyrin.e-monsite.com\/<\/a><\/p>\n<p>Contacto: <a href=\"mailto:alam.meyrin@gmail.com\">alam.meyrin@gmail.com<\/a><\/p>\n<p>Asociacio\u0301n que ofrece cursos de espan\u0303ol para nin\u0303os de entre 4 y 12 an\u0303os.<\/p>\n<h5><strong>morges:<\/strong><\/h5>\n<ul>\n<li><strong>Quetal<\/strong><\/li>\n<\/ul>\n<p><a href=\"https:\/\/www.quetal.info\/home\">https:\/\/www.quetal.info\/home<\/a><\/p>\n<p>Direccio\u0301n: Maison des Associations, <span style=\"font-size: 1rem\">Rue des Foss\u00e9s 16, <\/span><span style=\"font-size: 1rem\">1110 Morges<\/span><\/p>\n<p>Contacto: <a class=\"XqQF9c\" href=\"mailto:contact@quetal.info\" target=\"_blank\" rel=\"noopener\"><span class=\"C9DxTc aw5Odc \">contact@quetal.info<\/span><\/a><\/p>\n<p>Tele\u0301fono: 076 295 87 41<\/p>\n<p>La asociaci\u00f3n Quetal es una espacio dedicado a la ense\u00f1anza del espa\u00f1ol y cultura iberoamericana que imparte cursos de lengua y cultura de origen (LCO) y espa\u00f1ol como lengua extranjera (ELE). Cursos para ni\u00f1os y adolescentes, talleres y club de conversaci\u00f3n.<\/p>\n<h5><strong>Lausana:<\/strong><\/h5>\n<ul>\n<li><strong>Escuela Pai\u0308dos <\/strong><\/li>\n<\/ul>\n<p><a href=\"https:\/\/ecole-paidos.ch\">https:\/\/ecole-paidos.ch<\/a><\/p>\n<p>Direccio\u0301n: Salas de clase \u201cColle\u0300ge de la Bourdonnette\u201d, Route de Chavannes 101, 1007 Lausanne<br \/>\nContacto: <a href=\"mailto:info@ecole-paidos.ch\">info@ecole-paidos.ch<\/a><\/p>\n<p>Tele\u0301fono: 079 918 24 99 \u2013 078 767 81 32<\/p>\n<p>Asociacio\u0301n existente desde 2015 destinada a nin\u0303os de 5 a 12 an\u0303os de origen hispanoamericano o de otros ori\u0301genes que deseen desarrollar o aprender el espan\u0303ol y la cultura de Hispanoame\u0301rica.<\/p>\n<h5><strong>Friburgo:<\/strong><\/h5>\n<ul>\n<li><strong>Escuela Latinoamericana<\/strong><\/li>\n<\/ul>\n<p><strong>Elsa Cladera de Bravo en Friburgo<\/strong><\/p>\n<p><a href=\"https:\/\/www.facebook.com\/profile.php?id=100077446423925\">https:\/\/www.facebook.com\/profile.php?id=100077446423925<\/a><\/p>\n<p>Direcci\u00f3n: Case postale 23, 1705 Fribourg<\/p>\n<p>Contacto: alejandra.bravo@bluewin.ch<\/p>\n<p>Tel\u00e9fono: 079 648 20 37<\/p>\n<p>Escuela creada en 1996 que ofrec\u00eda cursos de espa\u00f1ol y cultura latinoamericana destinados a ni\u00f1os de entre 4 y 12 a\u00f1os.<\/p>\n<h5><strong>Biel\/Bienne:<\/strong><\/h5>\n<ul>\n<li><strong>Escuela Latinoamericana<\/strong><\/li>\n<\/ul>\n<p><strong>F\u00f6rderverein Lateinamerikanische<\/strong><\/p>\n<p><a href=\"https:\/\/www.escuela-latinoamericana-biel.ch\/\">https:\/\/www.escuela-latinoamericana-biel.ch\/<\/a><\/p>\n<p>Direcci\u00f3n: Escuela Dufour, 2\u00bapiso, General Dufour 22, 2502 Biel\/Bienne<\/p>\n<p>Contacto: <a href=\"mailto:contacto@escuela-latinoamericana-biel.ch\">contacto@escuela-latinoamericana-biel.ch<\/a><\/p>\n<p>Tel\u00e9fono: 032-5341106\u00a0 &#8211;\u00a0 032-5052043<\/p>\n<p>Asociaci\u00f3n creada en 2010. Ofrece clases de lengua espa\u00f1ola y cultura de Hispanoam\u00e9rica a ni\u00f1os y j\u00f3venes de entre 3 y 16 a\u00f1os. Los cursos est\u00e1n reconocidos por el cant\u00f3n de Berna.<\/p>\n<p>Cursos de lengua y cultura de origen con reconocimiento oficial.<\/p>\n<h5><strong>Berna:<\/strong><\/h5>\n<ul>\n<li><strong>Escuela Latinoamericana <\/strong><\/li>\n<\/ul>\n<p><strong>Lateinamerikanische<\/strong><\/p>\n<p><a href=\"https:\/\/www.escuela-latinoamericana.org\/\">https:\/\/www.escuela-latinoamericana.org\/<\/a><\/p>\n<p>Direcci\u00f3n: Villa Stucki, Seftigenstrasse 11, 3007 Berna<\/p>\n<p>Contacto: <a href=\"mailto:contacto@escuela-latinoamericana.org\">contacto@escuela-latinoamericana.org<\/a><\/p>\n<p>Tel\u00e9fono: 079 795 80 15<\/p>\n<p>Asociaci\u00f3n nacida en el a\u00f1o 2000 que, desde 2001, cuenta con el reconocimiento del cant\u00f3n de Berna. Ofrece cursos de espa\u00f1ol y cultura latinoamericana a ni\u00f1os y j\u00f3venes (desde los 3 a\u00f1os hasta que terminen la escuela obligatoria) reconocidos por el cant\u00f3n de Berna. Todas las docentes han seguido la formaci\u00f3n del cant\u00f3n para LCO.<\/p>\n<p>Cursos de lengua y cultura de origen con reconocimiento oficial.<\/p>\n<ul>\n<li><strong>Grupo de juego Jolimont<\/strong><\/li>\n<\/ul>\n<p><a href=\"https:\/\/www.spielgruppe-jolimont.ch\/concepto.htm\">https:\/\/www.spielgruppe-jolimont.ch\/concepto.htm<\/a><\/p>\n<p>Direcci\u00f3n: Brunnadernstrasse 40, 3006 Berna<\/p>\n<p>Contacto: <a href=\"mailto:info@spielgruppe-jolimont.ch\">info@spielgruppe-jolimont.ch<\/a><\/p>\n<p>Tel\u00e9fono: 031 352 32 78 \u2013 079 692 07 70<\/p>\n<p>Grupo de juego biling\u00fce que promueve el uso del idioma espa\u00f1ol en ni\u00f1os en edad preescolar (dirigido a ni\u00f1os que en casa hablan espa\u00f1ol y alem\u00e1n).<\/p>\n<ul>\n<li><strong>Kita color\u00edn<\/strong><\/li>\n<\/ul>\n<p><a href=\"https:\/\/www.colorin.ch\/\">https:\/\/www.colorin.ch\/<\/a><\/p>\n<p>Direcci\u00f3n: Talweg 12b, 3013 Bern<\/p>\n<p>Contacto: <a href=\"mailto:info@colorin.ch\">info@colorin.ch<\/a><\/p>\n<p>Tel\u00e9fono: 031 351 33 61<\/p>\n<p>Guarder\u00eda biling\u00fce espa\u00f1ol-alem\u00e1n de la Asociaci\u00f3n Guarder\u00eda Color\u00edn.<\/p>\n<ul>\n<li><strong>Escuela Latinoamericana (Thun)<\/strong><\/li>\n<\/ul>\n<p><strong>Thun Berner Oberland<\/strong><\/p>\n<p><a href=\"https:\/\/www.escuelalatinoamericana.ch\/\">https:\/\/www.escuelalatinoamericana.ch\/<\/a><\/p>\n<p>Direcci\u00f3n: Bostudenstrasse 2, 3604 Thun<\/p>\n<p>Contacto: <a href=\"mailto:info@escuelalatinoamericana.ch\">info@escuelalatinoamericana.ch<\/a><\/p>\n<p>Tel\u00e9fono: +41 76 330 65 87<\/p>\n<p>Asociaci\u00f3n que ofrece clases de lengua espa\u00f1ola a ni\u00f1os y j\u00f3venes (desde los 3 a\u00f1os hasta 10\u00aa clase de la escuela obligatoria).<\/p>\n<h5><strong>Basilea:<\/strong><\/h5>\n<ul>\n<li><strong>FOLC (Basilea-Campi\u00f1a y Basilea-Ciudad)<\/strong><\/li>\n<\/ul>\n<p><strong>FOLC Hispanoamericano<\/strong><\/p>\n<p><a href=\"https:\/\/www.folc.ch\/index.php\/es-es\/\">https:\/\/www.folc.ch\/index.php\/es-es\/<\/a><\/p>\n<p>Contacto: <a href=\"mailto:info@folc.ch\">info@folc.ch<\/a><\/p>\n<p>Tel\u00e9fono: + 078 858 85 91<\/p>\n<p>Asociaci\u00f3n que tiene como fin el fomento de la lengua y cultura hispanoamericana. Organiza cursos en lengua espa\u00f1ola para ni\u00f1os de a partir de 3 a\u00f1os. Se form\u00f3 en el a\u00f1o 2000 y cuenta con el reconocimiento de los departamentos de educaci\u00f3n de Basilea-Ciudad y Basilea-Campi\u00f1a.<\/p>\n<p>Cursos de lengua y cultura de origen con reconocimiento oficial.<\/p>\n<ul>\n<li><strong>Guarder\u00eda Infantil Espa\u00f1ola de Basilea (AGIEB) <\/strong><\/li>\n<\/ul>\n<p><a href=\"https:\/\/guarderiainfantil.ch\/\">https:\/\/guarderiainfantil.ch\/<\/a><\/p>\n<p>Direcci\u00f3n: Steinenring 13, 4051 Basilea<\/p>\n<p>Contacto: info@guarderiainfantil.ch<\/p>\n<p>Tel\u00e9fono: +41 (0) 612719885 &#8211; +41 (0) 612719887<\/p>\n<p>Guarder\u00eda administrada desde los a\u00f1os 1970 y durante tres d\u00e9cadas por las Hermanas de la Caridad de San Vicente de Pa\u00fal. Desde 2001 se fueron las monjas y un grupo de padres reestructur\u00f3 el centro (Asociaci\u00f3n de Padres de la Guarder\u00eda Infantil Espa\u00f1ola de Basilea, AGIEB). Es un centro educativo destinado principalmente al cuidado y educaci\u00f3n de ni\u00f1os de familias de habla espa\u00f1ola, de cualquier nacionalidad, con residencia en el cant\u00f3n de Basilea-Ciudad y alrededores.<\/p>\n<h5><strong>Lucerna:<\/strong><\/h5>\n<ul>\n<li><strong>ELASUR<\/strong><\/li>\n<\/ul>\n<p><a href=\"https:\/\/www.elasur.ch\/\">https:\/\/www.elasur.ch\/<\/a><\/p>\n<p>Direcci\u00f3n:<\/p>\n<p>&#8211; Luzern Elasur<\/p>\n<p>Schulanlage W\u00fcrzenbach<\/p>\n<p>Kreuzbuchstrasse 60, 6006 Luzern<\/p>\n<p>&#8211; Elasur<\/p>\n<p>Schulcontainer Konstanz<\/p>\n<p>Schulhausstrasse, 6023 Rothenburg<\/p>\n<p>Contacto: <a href=\"mailto:info@elasur.ch\">info@elasur.ch<\/a><\/p>\n<p>Asociaci\u00f3n existente desde 1998 que ofrece a ni\u00f1os y adolescentes (4-16 a\u00f1os) cursos de lengua espa\u00f1ola y cultura hispanoamericana. Tiene dos escuelas (en Rothenburg y en Lucerna) y sus cursos est\u00e1n reconocidos por el cant\u00f3n de Lucerna.<\/p>\n<p>Cursos de lengua y cultura de origen con reconocimiento oficial.<\/p>\n<ul>\n<li><strong>Guarder\u00eda Arco\u00edris <\/strong><\/li>\n<\/ul>\n<p><a href=\"https:\/\/www.kita-arcoiris.ch\/es\/\">https:\/\/www.kita-arcoiris.ch\/es\/<\/a><\/p>\n<p>Direcci\u00f3n: Steinhofstrasse 17, 6002 Luzern<\/p>\n<p>Contacto: <a href=\"mailto:info@kita-arcoiris.ch\">info@kita-arcoiris.ch<\/a><\/p>\n<p>Tel\u00e9fono: 041 310 77 88<\/p>\n<p>Guarder\u00eda biling\u00fce abierta desde 2007 y organizada por una asociaci\u00f3n de padres.<\/p>\n<h5><strong>Z\u00farich:<\/strong><\/h5>\n<ul>\n<li><strong>La escuelita<\/strong><\/li>\n<\/ul>\n<p><a href=\"https:\/\/www.laescuelita-zurich.com\/\">https:\/\/www.laescuelita-zurich.com\/<\/a><\/p>\n<p>Direcci\u00f3n:<\/p>\n<p>&#8211; 6 meses a 4 a\u00f1os: Offener Bereich Selnau. Sihlamtsstrasse 18, 8001 Z\u00fcrich<\/p>\n<p>&#8211; 4 a 6 a\u00f1os: Drehscheibe Manesse. Staffellstrasse 5, 8045 Z\u00fcrich<\/p>\n<p>Contacto: <a href=\"mailto:info@laescuelita-zurich.com\">info@laescuelita-zurich.com<\/a><\/p>\n<p>Tel\u00e9fono: 078 906 2750<\/p>\n<p>Grupo de juego que fomenta el uso del espa\u00f1ol. Sus cursos est\u00e1n dise\u00f1ados para beb\u00e9s \u2013a partir de 6 meses\u2013 y ni\u00f1os hispanos\/biling\u00fces. Sus cursos para ni\u00f1os de entre 4 y 6 a\u00f1os ofrecen a familias hispanohablantes o biling\u00fces la posibilidad de apoyar el aprendizaje del idioma m\u00e1s all\u00e1 de lo que se usa en casa.<\/p>\n<ul>\n<li><strong>Rayito de sol<\/strong><\/li>\n<\/ul>\n<p><a href=\"https:\/\/www.rayitodesol.ch\/alemazofingen-spielgruppe.htm\">https:\/\/www.rayitodesol.ch\/alemazofingen-spielgruppe.htm<\/a><\/p>\n<p>Direcci\u00f3n: Opfikonstrasse 25, 8051 Z\u00fcrich<\/p>\n<p>Contacto: <a href=\"mailto:rayitodesol@hotmail.de\">rayitodesol@hotmail.de<\/a><\/p>\n<p>Tel\u00e9fono: 076 325 07 97<\/p>\n<p>Grupo de juego en espa\u00f1ol. Ofrece un club de espa\u00f1ol dise\u00f1ado para ni\u00f1os de jard\u00edn infantil a 3\u00aa clase en el que tratan de afianzar el espa\u00f1ol mediante juegos y manualidades.<\/p>\n<ul>\n<li><strong>Guarder\u00eda infantil espa\u00f1ola (AGIEZ)<\/strong><\/li>\n<\/ul>\n<p><a href=\"https:\/\/www.guarderia.ch\/\">https:\/\/www.guarderia.ch\/<\/a><\/p>\n<p>Direcci\u00f3n: Friedensgasse, 3, 8001 Z\u00fcrich<\/p>\n<p>Contacto: <a href=\"mailto:secretaria@guarderia.ch\">secretaria@guarderia.ch<\/a><\/p>\n<p>Tel\u00e9fono: 044 281 12 40<\/p>\n<p>Guarder\u00eda fundada en 1973 por el Estado espa\u00f1ol, que encomend\u00f3 su gesti\u00f3n a la orden de las Hermanas de la Caridad de San Vicente de Pa\u00fal. Tras la marcha voluntaria de la orden en 2001, los padres de los ni\u00f1os fundaron AGIEZ, una sociedad cuya finalidad es la integraci\u00f3n de los hijos de familias de habla espa\u00f1ola en la sociedad suiza y el aprendizaje de la lengua espa\u00f1ola y la cultura de origen.<a href=\"#_ftn4\" name=\"_ftnref4\"><\/a><\/p>\n<h4>Notas:<\/h4>\n<p><a href=\"#_ftnref1\" name=\"_ftn1\">[1]<\/a> Para ma\u0301s informacio\u0301n, cf. Vero\u0301nica Sa\u0301nchez Abchi (in press), \u201cSpanish as a Heritage Language in Switzerland\u201d, in Handbook of Spanish as a Minority\/Heritage Language. Editor: Kim Potowski The University of Illinois at Chicago.<\/p>\n<p><a href=\"#_ftnref2\" name=\"_ftn2\">[2]<\/a> Para saber ma\u0301s sobre la situacio\u0301n en cada canto\u0301n y comprobar que\u0301 instituciones esta\u0301n reconocidas en cada uno de ellos, cf. https:\/\/www.edk.ch\/dyn\/19303.php [Consulta 13\/10\/2017].<\/p>\n","protected":false},"excerpt":{"rendered":"<p>Estructuras en la Suiza franc\u00f3fona que ofrecen cursos de lengua espan\u0303ola y cultura de origen Esta lista fue elaborada en octubre de 2017 por el equipo del COLESfran en colaboraci\u00f3n con Vero\u0301nica Sa\u0301nchez Abchi (Institut de recherche et de documentation pe\u0301dagogique) para informaci\u00f3n de las embajadas de los pa\u00edses hispanohablantes en Suiza, con la intenci\u00f3n &hellip; <\/p>\n<p class=\"link-more\"><a href=\"https:\/\/wp.unil.ch\/colesfran\/cursos-de-lengua-de-origen\/\" class=\"more-link\">Continuer la lecture<span class=\"screen-reader-text\"> de &laquo;&nbsp;Cursos de lengua de origen&nbsp;&raquo;<\/span><\/a><\/p>\n","protected":false},"author":1001918,"featured_media":0,"parent":0,"menu_order":0,"comment_status":"closed","ping_status":"closed","template":"","meta":{"_seopress_robots_primary_cat":"","_seopress_titles_title":"","_seopress_titles_desc":"","_seopress_robots_index":"","footnotes":""},"class_list":["post-181","page","type-page","status-publish"],"_links":{"self":[{"href":"https:\/\/wp.unil.ch\/colesfran\/wp-json\/wp\/v2\/pages\/181","targetHints":{"allow":["GET"]}}],"collection":[{"href":"https:\/\/wp.unil.ch\/colesfran\/wp-json\/wp\/v2\/pages"}],"about":[{"href":"https:\/\/wp.unil.ch\/colesfran\/wp-json\/wp\/v2\/types\/page"}],"author":[{"embeddable":true,"href":"https:\/\/wp.unil.ch\/colesfran\/wp-json\/wp\/v2\/users\/1001918"}],"replies":[{"embeddable":true,"href":"https:\/\/wp.unil.ch\/colesfran\/wp-json\/wp\/v2\/comments?post=181"}],"version-history":[{"count":5,"href":"https:\/\/wp.unil.ch\/colesfran\/wp-json\/wp\/v2\/pages\/181\/revisions"}],"predecessor-version":[{"id":569,"href":"https:\/\/wp.unil.ch\/colesfran\/wp-json\/wp\/v2\/pages\/181\/revisions\/569"}],"wp:attachment":[{"href":"https:\/\/wp.unil.ch\/colesfran\/wp-json\/wp\/v2\/media?parent=181"}],"curies":[{"name":"wp","href":"https:\/\/api.w.org\/{rel}","templated":true}]}}