{"id":171,"date":"2019-04-08T14:17:27","date_gmt":"2019-04-08T12:17:27","guid":{"rendered":"http:\/\/wp.unil.ch\/colesfran\/?page_id=171"},"modified":"2020-12-21T18:30:57","modified_gmt":"2020-12-21T17:30:57","slug":"trabajos-de-estudiantes","status":"publish","type":"page","link":"https:\/\/wp.unil.ch\/colesfran\/trabajos-de-estudiantes\/","title":{"rendered":"Trabajos de estudiantes"},"content":{"rendered":"<ul>\n<li class=\"x_O0\"><a href=\"https:\/\/wp.unil.ch\/colesfran\/files\/2020\/05\/Roxane-Morel-Estudio-sociolingu\u0308i\u0301stico-de-la-comunidad-inmigrante-chilena-en-Lausana.pdf\"><span class=\"\">Roxane Morel: <em>Estudio socioling\u00fc\u00edstico de la comunidad inmigrante chilena en Lausana<\/em> (06\/2015)<\/span><\/a><\/li>\n<li class=\"x_O0\"><a href=\"https:\/\/wp.unil.ch\/colesfran\/files\/2020\/11\/Tesina.pdf\">Mathieu Ballif: Estudio socioling\u00fc\u00edstico de espa\u00f1oles de segunda generaci\u00f3n en el cant\u00f3n de Vaud y del Valais (08\/2015)<\/a><\/li>\n<li class=\"x_O0\"><a href=\"https:\/\/wp.unil.ch\/colesfran\/files\/2020\/10\/Tesina-Final-JH.pdf\">Johanna Henao: Estudio socioling\u00fc\u00edstico de emigrantes colombianos en Nueva York y Suiza franc\u00f3fona (01\/2016)<\/a><\/li>\n<li><a href=\"https:\/\/wp.unil.ch\/colesfran\/files\/2020\/05\/Anthony-Roduit-Estudio-de-las-actitudes-y-representaciones-lingu\u0308i\u0301sticas-entre-la-comunidad-hispanohablante-en-Suiza-a-partir-del-corpus-del-programa-de-la-RTS-Tele-revista.pdf\"><span class=\"\">\u00a0Anthony Roduit: Estudio de las actitudes y representaciones ling\u00fc\u00edsticas entre la comunidad hispanohablante en Suiza a partir del corpus del programa de la RTS Tele-revista (12\/2017)<\/span><\/a><\/li>\n<li><a href=\"https:\/\/wp.unil.ch\/colesfran\/files\/2020\/09\/MariolaBroccard_2018.pdf\">Mariola Broccard: Hacia una descripci\u00f3n morfosint\u00e1ctica y l\u00e9xica de la variedad de contacto espa\u00f1ol franc\u00e9s en Suiza (06\/2018)<\/a><\/li>\n<li>\n<div class=\"page\" title=\"Page 1\">\n<div class=\"section\">\n<div class=\"layoutArea\">\n<div class=\"column\">\n<p><a href=\"https:\/\/wp.unil.ch\/colesfran\/files\/2020\/05\/Leslie-Bezencon-El-espan\u0303ol-de-residentes-mexicanos-en-la-Suiza-franco\u0301fona.-Feno\u0301menos-de-contacto-en-dos-generaciones.pdf\">Leslie Bezen\u00e7on: El espa\u00f1ol de residentes mexicanos en la Suiza franc\u00f3fona: fen\u00f3menos de contacto en dos generaciones (06\/2019)<\/a><\/p>\n<\/div>\n<\/div>\n<\/div>\n<\/div>\n<\/li>\n<\/ul>\n","protected":false},"excerpt":{"rendered":"<p>Roxane Morel: Estudio socioling\u00fc\u00edstico de la comunidad inmigrante chilena en Lausana (06\/2015) Mathieu Ballif: Estudio socioling\u00fc\u00edstico de espa\u00f1oles de segunda generaci\u00f3n en el cant\u00f3n de Vaud y del Valais (08\/2015) Johanna Henao: Estudio socioling\u00fc\u00edstico de emigrantes colombianos en Nueva York y Suiza franc\u00f3fona (01\/2016) \u00a0Anthony Roduit: Estudio de las actitudes y representaciones ling\u00fc\u00edsticas entre la &hellip; <\/p>\n<p class=\"link-more\"><a href=\"https:\/\/wp.unil.ch\/colesfran\/trabajos-de-estudiantes\/\" class=\"more-link\">Continuer la lecture<span class=\"screen-reader-text\"> de &laquo;&nbsp;Trabajos de estudiantes&nbsp;&raquo;<\/span><\/a><\/p>\n","protected":false},"author":1001918,"featured_media":0,"parent":0,"menu_order":0,"comment_status":"closed","ping_status":"closed","template":"","meta":{"_seopress_robots_primary_cat":"","_seopress_titles_title":"","_seopress_titles_desc":"","_seopress_robots_index":"","footnotes":""},"class_list":["post-171","page","type-page","status-publish"],"_links":{"self":[{"href":"https:\/\/wp.unil.ch\/colesfran\/wp-json\/wp\/v2\/pages\/171","targetHints":{"allow":["GET"]}}],"collection":[{"href":"https:\/\/wp.unil.ch\/colesfran\/wp-json\/wp\/v2\/pages"}],"about":[{"href":"https:\/\/wp.unil.ch\/colesfran\/wp-json\/wp\/v2\/types\/page"}],"author":[{"embeddable":true,"href":"https:\/\/wp.unil.ch\/colesfran\/wp-json\/wp\/v2\/users\/1001918"}],"replies":[{"embeddable":true,"href":"https:\/\/wp.unil.ch\/colesfran\/wp-json\/wp\/v2\/comments?post=171"}],"version-history":[{"count":0,"href":"https:\/\/wp.unil.ch\/colesfran\/wp-json\/wp\/v2\/pages\/171\/revisions"}],"wp:attachment":[{"href":"https:\/\/wp.unil.ch\/colesfran\/wp-json\/wp\/v2\/media?parent=171"}],"curies":[{"name":"wp","href":"https:\/\/api.w.org\/{rel}","templated":true}]}}