{"id":165,"date":"2019-04-08T14:15:23","date_gmt":"2019-04-08T12:15:23","guid":{"rendered":"http:\/\/wp.unil.ch\/colesfran\/?page_id=165"},"modified":"2020-09-17T09:46:00","modified_gmt":"2020-09-17T07:46:00","slug":"agradecimientos","status":"publish","type":"page","link":"https:\/\/wp.unil.ch\/colesfran\/agradecimientos\/","title":{"rendered":"Agradecimientos"},"content":{"rendered":"<p>El equipo del COLESfran da las gracias muy especialmente a lo\u00b7a\u00b7s participantes que han colaborado en este corpus por su generosa contribuci\u00f3n al compartir con nosotros su tiempo y su historia de migraci\u00f3n.<\/p>\n<p>Queremos tambi\u00e9n agradecer a lo\u00b7a\u00b7s estudiantes que han participado realizando entrevistas por su inter\u00e9s e implicaci\u00f3n en este proyecto.<\/p>\n<p>Expresamos nuestro agradecimiento a L\u00e9na Pasche y a Am\u00e9lie de Flaugergues, de la Oficina federal de estad\u00edstica suiza, que peri\u00f3dicamente ponen a nuestro servicio datos demoling\u00fc\u00edsticos que nos ayudan a contextualizar el estudio del espa\u00f1ol en Suiza.<\/p>\n","protected":false},"excerpt":{"rendered":"<p>El equipo del COLESfran da las gracias muy especialmente a lo\u00b7a\u00b7s participantes que han colaborado en este corpus por su generosa contribuci\u00f3n al compartir con nosotros su tiempo y su historia de migraci\u00f3n. Queremos tambi\u00e9n agradecer a lo\u00b7a\u00b7s estudiantes que han participado realizando entrevistas por su inter\u00e9s e implicaci\u00f3n en este proyecto. Expresamos nuestro agradecimiento &hellip; <\/p>\n<p class=\"link-more\"><a href=\"https:\/\/wp.unil.ch\/colesfran\/agradecimientos\/\" class=\"more-link\">Continuer la lecture<span class=\"screen-reader-text\"> de &laquo;&nbsp;Agradecimientos&nbsp;&raquo;<\/span><\/a><\/p>\n","protected":false},"author":1001918,"featured_media":0,"parent":0,"menu_order":0,"comment_status":"closed","ping_status":"closed","template":"","meta":{"_seopress_robots_primary_cat":"","_seopress_titles_title":"","_seopress_titles_desc":"","_seopress_robots_index":"","footnotes":""},"class_list":["post-165","page","type-page","status-publish"],"_links":{"self":[{"href":"https:\/\/wp.unil.ch\/colesfran\/wp-json\/wp\/v2\/pages\/165","targetHints":{"allow":["GET"]}}],"collection":[{"href":"https:\/\/wp.unil.ch\/colesfran\/wp-json\/wp\/v2\/pages"}],"about":[{"href":"https:\/\/wp.unil.ch\/colesfran\/wp-json\/wp\/v2\/types\/page"}],"author":[{"embeddable":true,"href":"https:\/\/wp.unil.ch\/colesfran\/wp-json\/wp\/v2\/users\/1001918"}],"replies":[{"embeddable":true,"href":"https:\/\/wp.unil.ch\/colesfran\/wp-json\/wp\/v2\/comments?post=165"}],"version-history":[{"count":0,"href":"https:\/\/wp.unil.ch\/colesfran\/wp-json\/wp\/v2\/pages\/165\/revisions"}],"wp:attachment":[{"href":"https:\/\/wp.unil.ch\/colesfran\/wp-json\/wp\/v2\/media?parent=165"}],"curies":[{"name":"wp","href":"https:\/\/api.w.org\/{rel}","templated":true}]}}