{"id":162,"date":"2019-04-08T14:14:45","date_gmt":"2019-04-08T12:14:45","guid":{"rendered":"http:\/\/wp.unil.ch\/colesfran\/?page_id=162"},"modified":"2020-05-11T15:34:31","modified_gmt":"2020-05-11T13:34:31","slug":"equipo","status":"publish","type":"page","link":"https:\/\/wp.unil.ch\/colesfran\/equipo\/","title":{"rendered":"Equipo"},"content":{"rendered":"<h5>Direcci\u00f3n del proyecto:<\/h5>\n<p>&nbsp;<\/p>\n<p><img alt=\"\" loading=\"lazy\" decoding=\"async\" class=\"alignnone size-medium wp-image-279\" src=\"https:\/\/wp.unil.ch\/colesfran\/files\/2019\/05\/Monica-Castillo-Lluch-200x300.jpg\" alt=\"\" width=\"200\" height=\"300\" srcset=\"https:\/\/wp.unil.ch\/colesfran\/files\/2019\/05\/Monica-Castillo-Lluch-200x300.jpg 200w, https:\/\/wp.unil.ch\/colesfran\/files\/2019\/05\/Monica-Castillo-Lluch.jpg 333w\" sizes=\"auto, (max-width: 200px) 100vw, 200px\" \/><\/p>\n<p><strong style=\"font-size: 1rem\">M\u00f3nica <\/strong><strong>CASTILLO LLUCH<\/strong><br \/>\nCatedr\u00e1tica<br \/>\n<span class=\"textecouleur\">Ling\u00fc\u00edstica hisp\u00e1nica<br \/>\nCorreo:\u00a0<a href=\"mailto:Monica.CastilloLluch@unil.ch\">Monica.CastilloLluch@unil.ch<\/a><br \/>\n<\/span><\/p>\n<p><img alt=\"\" loading=\"lazy\" decoding=\"async\" class=\"alignnone size-medium wp-image-281\" src=\"https:\/\/wp.unil.ch\/colesfran\/files\/2019\/05\/Elena-Diez-del-Corral-Areta-1-210x300.jpeg\" alt=\"\" width=\"210\" height=\"300\" srcset=\"https:\/\/wp.unil.ch\/colesfran\/files\/2019\/05\/Elena-Diez-del-Corral-Areta-1-210x300.jpeg 210w, https:\/\/wp.unil.ch\/colesfran\/files\/2019\/05\/Elena-Diez-del-Corral-Areta-1-768x1096.jpeg 768w, https:\/\/wp.unil.ch\/colesfran\/files\/2019\/05\/Elena-Diez-del-Corral-Areta-1-718x1024.jpeg 718w, https:\/\/wp.unil.ch\/colesfran\/files\/2019\/05\/Elena-Diez-del-Corral-Areta-1.jpeg 841w\" sizes=\"auto, (max-width: 210px) 100vw, 210px\" \/><\/p>\n<p><strong style=\"font-size: 1rem\">Elena <\/strong><strong>DIEZ DEL CORRAL ARETA<\/strong><br \/>\nProfesora titular<br \/>\n<span class=\"textecouleur\">Lengua y Ling\u00fc\u00edstica hisp\u00e1nica<br \/>\nCorreo:\u00a0<a href=\"mailto:Elena.Diezdelcorralareta@unil.ch\">Elena.DiezdelCorralAreta@unil.ch<\/a><br \/>\n<\/span><\/p>\n<h5><\/h5>\n<h5>Investigadora asociada:<\/h5>\n<p><img alt=\"\" loading=\"lazy\" decoding=\"async\" class=\"alignnone size-medium wp-image-282\" src=\"https:\/\/wp.unil.ch\/colesfran\/files\/2019\/05\/Cristina-Pen\u0303a-Rueda-202x300.jpg\" alt=\"\" width=\"202\" height=\"300\" srcset=\"https:\/\/wp.unil.ch\/colesfran\/files\/2019\/05\/Cristina-Pen\u0303a-Rueda-202x300.jpg 202w, https:\/\/wp.unil.ch\/colesfran\/files\/2019\/05\/Cristina-Pen\u0303a-Rueda-768x1139.jpg 768w, https:\/\/wp.unil.ch\/colesfran\/files\/2019\/05\/Cristina-Pen\u0303a-Rueda-690x1024.jpg 690w, https:\/\/wp.unil.ch\/colesfran\/files\/2019\/05\/Cristina-Pen\u0303a-Rueda.jpg 809w\" sizes=\"auto, (max-width: 202px) 100vw, 202px\" \/><\/p>\n<p><strong style=\"font-size: 1rem\">Cristina <\/strong><strong>PE\u00d1A RUEDA<\/strong><br \/>\nAsistente diplomada<br \/>\n<span class=\"textecouleur\">Ling\u00fc\u00edstica hisp\u00e1nica<br \/>\nCorreo: <a href=\"mailto:Cristina.PenaRueda@unil.ch\">Cristina.PenaRueda@unil.ch<\/a><\/span><\/p>\n","protected":false},"excerpt":{"rendered":"<p>Direcci\u00f3n del proyecto: &nbsp; M\u00f3nica CASTILLO LLUCH Catedr\u00e1tica Ling\u00fc\u00edstica hisp\u00e1nica Correo:\u00a0Monica.CastilloLluch@unil.ch Elena DIEZ DEL CORRAL ARETA Profesora titular Lengua y Ling\u00fc\u00edstica hisp\u00e1nica Correo:\u00a0Elena.DiezdelCorralAreta@unil.ch Investigadora asociada: Cristina PE\u00d1A RUEDA Asistente diplomada Ling\u00fc\u00edstica hisp\u00e1nica Correo: Cristina.PenaRueda@unil.ch<\/p>\n","protected":false},"author":1001918,"featured_media":0,"parent":0,"menu_order":0,"comment_status":"closed","ping_status":"closed","template":"","meta":{"_seopress_robots_primary_cat":"","_seopress_titles_title":"","_seopress_titles_desc":"","_seopress_robots_index":"","footnotes":""},"class_list":["post-162","page","type-page","status-publish"],"_links":{"self":[{"href":"https:\/\/wp.unil.ch\/colesfran\/wp-json\/wp\/v2\/pages\/162","targetHints":{"allow":["GET"]}}],"collection":[{"href":"https:\/\/wp.unil.ch\/colesfran\/wp-json\/wp\/v2\/pages"}],"about":[{"href":"https:\/\/wp.unil.ch\/colesfran\/wp-json\/wp\/v2\/types\/page"}],"author":[{"embeddable":true,"href":"https:\/\/wp.unil.ch\/colesfran\/wp-json\/wp\/v2\/users\/1001918"}],"replies":[{"embeddable":true,"href":"https:\/\/wp.unil.ch\/colesfran\/wp-json\/wp\/v2\/comments?post=162"}],"version-history":[{"count":0,"href":"https:\/\/wp.unil.ch\/colesfran\/wp-json\/wp\/v2\/pages\/162\/revisions"}],"wp:attachment":[{"href":"https:\/\/wp.unil.ch\/colesfran\/wp-json\/wp\/v2\/media?parent=162"}],"curies":[{"name":"wp","href":"https:\/\/api.w.org\/{rel}","templated":true}]}}