{"id":157,"date":"2019-04-08T14:13:07","date_gmt":"2019-04-08T12:13:07","guid":{"rendered":"http:\/\/wp.unil.ch\/colesfran\/?page_id=157"},"modified":"2020-09-19T18:44:06","modified_gmt":"2020-09-19T16:44:06","slug":"colaboradores","status":"publish","type":"page","link":"https:\/\/wp.unil.ch\/colesfran\/colaboradores\/","title":{"rendered":"Colaboradores"},"content":{"rendered":"<div class=\"\">\n<p>El COLESfran se construye progresivamente con la colaboraci\u00f3n de los estudiantes de algunos de los cursos-seminarios de m\u00e1ster (y bachelor) de la Secci\u00f3n de espa\u00f1ol de la UNIL. Desde 2013, los siguientes cursos-seminarios se han dedicado a recoger datos para el corpus.<\/p>\n<\/div>\n<ul>\n<li><span class=\"\"><span class=\"\"><strong>Ling\u00fc\u00edstica de la migraci\u00f3n (oto\u00f1o 2013) &#8211; M\u00f3nica Castillo Lluch<\/strong><br \/>\n[Estudiantes:<\/span><\/span> Nuno Alves Fernandes,<span style=\"font-size: 1rem\">\u00a0Mathieu\u00a0Ballif, <\/span><span style=\"font-size: 1rem\">Rafael Basilio Rivera\u00a0,<\/span><span style=\"font-size: 1rem\">\u00a0Ad\u00e9la\u00efde\u00a0Fischer,<\/span><span style=\"font-size: 1rem\">\u00a0Julie\u00a0Gachoud,<\/span><span style=\"font-size: 1rem\">\u00a0Vanessa\u00a0Guerreiro,<\/span><span style=\"font-size: 1rem\">\u00a0Johanna\u00a0Henao,<\/span><span style=\"font-size: 1rem\">\u00a0Marie\u00a0Lorgeril, <\/span><span style=\"font-size: 1rem\">Adela\u00efde Moreira De Sousa\u00a0,<\/span><span style=\"font-size: 1rem\">\u00a0Roxane\u00a0Morel,<\/span><span style=\"font-size: 1rem\">\u00a0Nicolas\u00a0Schul\u00e9]<br \/>\n<\/span><\/li>\n<li><strong><span class=\"\">El espa\u00f1ol, lengua en contacto (primavera 2014)<\/span><span class=\"\">&#8211; M\u00f3nica Castillo Lluch<br \/>\n<\/span><\/strong>[Estudiantes: Mathieu Ballif, Catarina Barreira De Sousa, Susana Ferreira Henriques, Johanna Henao, Marie Lorgeril, Denise Giovanna Mammino, Roxane Morel, Nathalie Roggo]<\/li>\n<li><strong><span class=\"\"><span class=\"\">Paisajes ling\u00fc\u00edsticos en el mundo hisp\u00e1nico (oto\u00f1o\u00a0 <\/span><\/span><span class=\"\">2014)<\/span><span class=\"\">&#8211; M\u00f3nica Castillo Lluch<br \/>\n<\/span><\/strong>[Estudiantes: Emilie Savioz, Jonathan Stark, Iolanda Tomiuc]<\/li>\n<li><strong><span class=\"\">El espa\u00f1ol en Suiza (oto\u00f1o 2015)<\/span><\/strong><span class=\"\"><strong>&#8211; M\u00f3nica Castillo Lluch<\/strong><br \/>\n[Estudiantes: Arianna Bottani, Angelo Chiquita, Claudia Galiano, Sarah Hamberger, Fiona Heer, Ladina Knuesli, Alexia Marin Rodriguez, Marija Stojanovic, Katerina Voyevoda]<\/span><\/li>\n<li><strong><span class=\"\">Variedades del espa\u00f1ol americano en Suiza: <\/span>estado de la cuesti\u00f3n y an\u00e1lisis (primavera 2017) &#8211; Elena Diez del Corral Areta<\/strong><br \/>\n<span class=\"\"><span class=\"\">[Estudiantes: <\/span><\/span>Vladimir Besnard, Leslie Bezen\u00e7on, Daniela Branco Nunes, Joanna Bravo Carmona, Vanessa Brissos, Mariola Broccard, L\u00e9a Consuegra, Alexia Favre, Julia Franzetti, Fiona Heer, Elodie Lopez, Juliana Moran Rimoli, Claudia Moreno Salinas, Ileana Romano]<\/li>\n<li><strong>Espa\u00f1ol y franc\u00e9s: diez siglos de contacto ling\u00fc\u00edstico (primavera 2019) &#8211; M\u00f3nica Castillo Lluch<\/strong><br \/>\n<span class=\"\">[Estudiantes: Manuela Acosta, Diana Cristina Teixeira Coelho]<\/span><\/li>\n<li><span class=\"\" style=\"font-size: 1rem\"><strong>El espa\u00f1ol en Suiza (<\/strong><\/span><strong><span class=\"\" style=\"font-size: 1rem\">oto\u00f1o de 2019) &#8211;<\/span><\/strong><strong style=\"font-size: 1rem\"><span class=\"\"> M\u00f3nica Castillo Lluch<br \/>\n<\/span><\/strong><span class=\"\">[Estudiantes: Lorysmar Franco, Abel Morenza Carreira, Kilian P\u00e9rez, Sof\u00eda P\u00e9rez Torres, Wendy Verj\u00e1n Lozano, Cristina Willemin Atxalandabso]<\/span><\/li>\n<li><strong><span class=\"\" style=\"font-size: 1rem\">Variedades del espa\u00f1ol (oto\u00f1o de 2020) &#8211;<\/span><\/strong><strong style=\"font-size: 1rem\"><span class=\"\"> M\u00f3nica Castillo Lluch<br \/>\n<\/span><\/strong><span class=\"\">[Estudiantes: C\u00e9line Bignotti, Manon Edd\u00e9, Mar\u00eda Esteban Rovalino, Thalia Mazzilli, Fanny Montet, C\u00e9line Mury, Virginie Pommaz, Uxia Rojo, H\u00e9l\u00e8ne Theubet]<\/span><\/li>\n<\/ul>\n","protected":false},"excerpt":{"rendered":"<p>El COLESfran se construye progresivamente con la colaboraci\u00f3n de los estudiantes de algunos de los cursos-seminarios de m\u00e1ster (y bachelor) de la Secci\u00f3n de espa\u00f1ol de la UNIL. Desde 2013, los siguientes cursos-seminarios se han dedicado a recoger datos para el corpus. Ling\u00fc\u00edstica de la migraci\u00f3n (oto\u00f1o 2013) &#8211; M\u00f3nica Castillo Lluch [Estudiantes: Nuno Alves &hellip; <\/p>\n<p class=\"link-more\"><a href=\"https:\/\/wp.unil.ch\/colesfran\/colaboradores\/\" class=\"more-link\">Continuer la lecture<span class=\"screen-reader-text\"> de &laquo;&nbsp;Colaboradores&nbsp;&raquo;<\/span><\/a><\/p>\n","protected":false},"author":1001918,"featured_media":0,"parent":0,"menu_order":0,"comment_status":"closed","ping_status":"closed","template":"","meta":{"_seopress_robots_primary_cat":"","_seopress_titles_title":"","_seopress_titles_desc":"","_seopress_robots_index":"","footnotes":""},"class_list":["post-157","page","type-page","status-publish"],"_links":{"self":[{"href":"https:\/\/wp.unil.ch\/colesfran\/wp-json\/wp\/v2\/pages\/157","targetHints":{"allow":["GET"]}}],"collection":[{"href":"https:\/\/wp.unil.ch\/colesfran\/wp-json\/wp\/v2\/pages"}],"about":[{"href":"https:\/\/wp.unil.ch\/colesfran\/wp-json\/wp\/v2\/types\/page"}],"author":[{"embeddable":true,"href":"https:\/\/wp.unil.ch\/colesfran\/wp-json\/wp\/v2\/users\/1001918"}],"replies":[{"embeddable":true,"href":"https:\/\/wp.unil.ch\/colesfran\/wp-json\/wp\/v2\/comments?post=157"}],"version-history":[{"count":0,"href":"https:\/\/wp.unil.ch\/colesfran\/wp-json\/wp\/v2\/pages\/157\/revisions"}],"wp:attachment":[{"href":"https:\/\/wp.unil.ch\/colesfran\/wp-json\/wp\/v2\/media?parent=157"}],"curies":[{"name":"wp","href":"https:\/\/api.w.org\/{rel}","templated":true}]}}