{"id":280,"date":"2024-11-04T14:07:58","date_gmt":"2024-11-04T13:07:58","guid":{"rendered":"https:\/\/wp.unil.ch\/coac\/?page_id=280"},"modified":"2024-12-11T09:47:35","modified_gmt":"2024-12-11T08:47:35","slug":"programme","status":"publish","type":"page","link":"https:\/\/wp.unil.ch\/coac\/programme\/","title":{"rendered":"Programme"},"content":{"rendered":"\n<h2 class=\"wp-block-heading\"><\/h2>\n\n\n\n<figure class=\"wp-block-table is-style-stripes\"><table class=\"has-fixed-layout\"><tbody><tr><td><em>07.45<\/em><\/td><td><em>Ouverture des portes<\/em><\/td><td><\/td><\/tr><tr><td>08.15<\/td><td>Ouverture du colloque<\/td><td>M. Adrien Schopfer<br>Mme Martina Reif<\/td><\/tr><tr><td>08.30<\/td><td>Evolution de l&rsquo;analyse criminelle<\/td><td>M. Olivier Ribaux<\/td><\/tr><tr><td>09.00<\/td><td>Le renseignement criminel par sa pratique : deux \u00e9tudes de cas<\/td><td>M. J\u00e9r\u00f4me Barlatier<\/td><\/tr><tr><td>09.30<\/td><td>L&rsquo;analyse criminelle en Suisse<\/td><td>M. St\u00e9phane Birrer<\/td><\/tr><tr><td><em>10.00<\/em><\/td><td><em>Pause<\/em><\/td><td><\/td><\/tr><tr><td>10.30<\/td><td>A quoi peut servir l&rsquo;analyse criminelle op\u00e9rationnelle ? Le point de vue du Minist\u00e8re Public<\/td><td>M. Julien D\u00e9l\u00e8ze<\/td><\/tr><tr><td>10.50<\/td><td>Synergie d&rsquo;enqu\u00eate : collaboration entre enqu\u00eateur, analyste en renseignement et analyste criminel op\u00e9rationnel<\/td><td>M. Nicolas Binggeli<\/td><\/tr><tr><td>11.10<\/td><td>Int\u00e9gration d&rsquo;une cellule de renseignement dans une division d&rsquo;enqu\u00eate judiciaire<\/td><td>Mme B\u00e9rang\u00e8re Jacquart<\/td><\/tr><tr><td>11.30<\/td><td>La perturbation de la criminalit\u00e9 en ligne &#8211; une approche bas\u00e9e sur le renseignement<\/td><td>M. Fabian Zemp<\/td><\/tr><tr><td><em>11.50<\/em><\/td><td><em>Repas de midi<\/em><\/td><td><\/td><\/tr><tr><td>13.30<\/td><td>L&rsquo;exploitation des donn\u00e9es de communication dans le cadre d&rsquo;enqu\u00eates<\/td><td>Mme Martina Reif<\/td><\/tr><tr><td>13.50<\/td><td>De la trace num\u00e9rique \u00e0 l&rsquo;analyse de donn\u00e9es<\/td><td>M. Quentin Rossy<br>M. Thomas Souvignet<\/td><\/tr><tr><td>14.10<\/td><td>Analyse et traces num\u00e9riques : exemples<\/td><td>M. Beno\u00eet Meylan<\/td><\/tr><tr><td>14.30<\/td><td>Lutte contre les fraudes \u00e0 l&rsquo;investissement, l&rsquo;apport de l&rsquo;exploitation des plateformes illicites<\/td><td>Mme In\u00e8s Gagey<\/td><\/tr><tr><td><em>14.<\/em>50<\/td><td><em>Pause<\/em><\/td><td><\/td><\/tr><tr><td>15.20<\/td><td>Le r\u00f4le de l&rsquo;intelligence artificielle dans la veille du march\u00e9 en ligne de stup\u00e9fiants<\/td><td>M. Guillaume Grenier<\/td><\/tr><tr><td>15.40<\/td><td>Analyse strat\u00e9gique et qualit\u00e9 de la donn\u00e9e police<\/td><td>Mme Denise Sulca<br>Mme \u0110ur\u0111ica Hazard<\/td><\/tr><tr><td><\/td><td>Le renseignement criminel op\u00e9rationnel pour le suivi de la d\u00e9linquance physique et en ligne &#8211; l&rsquo;exemple des dispositifs du CICOP et du RCC<\/td><td>Mme Sara Alonso<br>Mme Maud Tupin<\/td><\/tr><tr><td>16.30<\/td><td>Cl\u00f4ture du colloque<\/td><td>M. Julien Cartier<\/td><\/tr><tr><td><em>16.<\/em>50<\/td><td><em>Ap\u00e9ro et d\u00e9fi final<\/em><\/td><td>Mme Manon Chabert<br>M. Beno\u00eet Meylan<\/td><\/tr><\/tbody><\/table><\/figure>\n","protected":false},"excerpt":{"rendered":"<p>07.45 Ouverture des portes 08.15 Ouverture du colloque M. Adrien SchopferMme Martina Reif 08.30 Evolution de l&rsquo;analyse criminelle M. Olivier Ribaux 09.00 Le renseignement criminel par sa pratique : deux \u00e9tudes de cas M. J\u00e9r\u00f4me Barlatier 09.30 L&rsquo;analyse criminelle en Suisse M. St\u00e9phane Birrer 10.00 Pause 10.30 A quoi peut servir l&rsquo;analyse criminelle op\u00e9rationnelle ? [&hellip;]<\/p>\n","protected":false},"author":1002896,"featured_media":0,"parent":0,"menu_order":0,"comment_status":"closed","ping_status":"closed","template":"","meta":{"_seopress_robots_primary_cat":"","_seopress_titles_title":"","_seopress_titles_desc":"","_seopress_robots_index":"","footnotes":""},"class_list":["post-280","page","type-page","status-publish"],"_links":{"self":[{"href":"https:\/\/wp.unil.ch\/coac\/wp-json\/wp\/v2\/pages\/280","targetHints":{"allow":["GET"]}}],"collection":[{"href":"https:\/\/wp.unil.ch\/coac\/wp-json\/wp\/v2\/pages"}],"about":[{"href":"https:\/\/wp.unil.ch\/coac\/wp-json\/wp\/v2\/types\/page"}],"author":[{"embeddable":true,"href":"https:\/\/wp.unil.ch\/coac\/wp-json\/wp\/v2\/users\/1002896"}],"replies":[{"embeddable":true,"href":"https:\/\/wp.unil.ch\/coac\/wp-json\/wp\/v2\/comments?post=280"}],"version-history":[{"count":5,"href":"https:\/\/wp.unil.ch\/coac\/wp-json\/wp\/v2\/pages\/280\/revisions"}],"predecessor-version":[{"id":401,"href":"https:\/\/wp.unil.ch\/coac\/wp-json\/wp\/v2\/pages\/280\/revisions\/401"}],"wp:attachment":[{"href":"https:\/\/wp.unil.ch\/coac\/wp-json\/wp\/v2\/media?parent=280"}],"curies":[{"name":"wp","href":"https:\/\/api.w.org\/{rel}","templated":true}]}}