{"id":96,"date":"2014-02-17T11:46:28","date_gmt":"2014-02-17T10:46:28","guid":{"rendered":"http:\/\/wp.unil.ch\/cinematheque-unil\/?page_id=96"},"modified":"2018-03-13T16:30:40","modified_gmt":"2018-03-13T15:30:40","slug":"le-fonctionnement","status":"publish","type":"page","link":"https:\/\/wp.unil.ch\/cinematheque-unil\/presentation\/le-fonctionnement\/","title":{"rendered":"Le fonctionnement"},"content":{"rendered":"<ol class=\"breadcrumb\">\n<li><a href=\"https:\/\/wp.unil.ch\/cinematheque-unil\/presentation\/\">Pr\u00e9sentation<\/a><\/li>\n<li class=\"current\"><a href=\"https:\/\/wp.unil.ch\/cinematheque-unil\/presentation\/le-fonctionnement\/\">Le fonctionnement<\/a><\/li>\n<\/ol>\n<figure id=\"attachment_1349\" aria-describedby=\"caption-attachment-1349\" style=\"width: 1115px\" class=\"wp-caption aligncenter\"><img alt=\"\" loading=\"lazy\" decoding=\"async\" src=\"https:\/\/wp.unil.ch\/cinematheque-unil\/files\/2014\/02\/IMAGE_CAPITOLE.jpg\" alt=\"\" width=\"1115\" height=\"800\" class=\"size-full wp-image-1349\" srcset=\"https:\/\/wp.unil.ch\/cinematheque-unil\/files\/2014\/02\/IMAGE_CAPITOLE.jpg 1115w, https:\/\/wp.unil.ch\/cinematheque-unil\/files\/2014\/02\/IMAGE_CAPITOLE-300x215.jpg 300w, https:\/\/wp.unil.ch\/cinematheque-unil\/files\/2014\/02\/IMAGE_CAPITOLE-1024x735.jpg 1024w, https:\/\/wp.unil.ch\/cinematheque-unil\/files\/2014\/02\/IMAGE_CAPITOLE-418x300.jpg 418w\" sizes=\"auto, (max-width: 1115px) 100vw, 1115px\" \/><figcaption id=\"caption-attachment-1349\" class=\"wp-caption-text\">Capitole, Lausanne, [1954].<br \/>\u00a9 Tous droits r\u00e9serv\u00e9s\/collection Cin\u00e9math\u00e8que suisse.<\/figcaption><\/figure>\n<p>La Collaboration UNIL + Cin\u00e9math\u00e8que suisse\u00a0est organis\u00e9e par un Comit\u00e9 de pilotage qui se compose de repr\u00e9sentants de la <a title=\"Cin\u00e9math\u00e8que suisse\" href=\"https:\/\/www.cinematheque.ch\/f\/\" target=\"_blank\">Cin\u00e9math\u00e8que suisse<\/a> et de la <a title=\"Section cin\u00e9ma\" href=\"https:\/\/www.unil.ch\/cin\" target=\"_blank\">Section d\u2019histoire et esth\u00e9tique du cin\u00e9ma<\/a> : Fr\u00e9d\u00e9ric Maire et Chicca Bergonzi pour la Cin\u00e9math\u00e8que, Fran\u00e7ois Albera et Maria Tortajada pour l\u2019UNIL. La fonction du Comit\u00e9 de pilotage est de discuter et de d\u00e9cider des projets \u00e0 d\u00e9velopper, ainsi que de favoriser le partenariat avec des institutions diverses dans la r\u00e9alisation de projets concrets. Au printemps 2011, deux chercheurs \u2013 Pierre-Emmanuel Jaques et Alessia Bottani \u2013 ont \u00e9t\u00e9 engag\u00e9s par l\u2019UNIL pour le compte de la Section d\u2019histoire et esth\u00e9tique du cin\u00e9ma, dans le cadre de la Collaboration UNIL + Cin\u00e9math\u00e8que suisse. En juin 2013, ils ont \u00e9t\u00e9 rejoints par un troisi\u00e8me chercheur engag\u00e9 par l\u2019UNIL, St\u00e9phane Tralongo. Ces trois chercheurs travaillent sous la direction du Comit\u00e9 de pilotage et, le cas \u00e9ch\u00e9ant, du directeur de telle ou telle recherche sp\u00e9cifique lanc\u00e9e dans le cadre de la Collaboration. Les doctorants engag\u00e9s dans les projets lanc\u00e9s par la Collaboration et financ\u00e9s par le FNS sont impliqu\u00e9s dans la Collaboration UNIL + Cin\u00e9math\u00e8que suisse, qui a permis le financement de leur recherche.<\/p>\n<p style=\"text-align: right\"><a title=\"Le contexte\" href=\"https:\/\/wp.unil.ch\/cinematheque-unil\/sample-page\/le-contexte\/\">&lt;Le contexte<\/a> &#8211; <a title=\"Les objectifs\" href=\"https:\/\/wp.unil.ch\/cinematheque-unil\/sample-page\/les-objectifs\/\">Les objectifs&gt;<\/a><\/p>\n","protected":false},"excerpt":{"rendered":"<p>Pr\u00e9sentation Le fonctionnement La Collaboration UNIL + Cin\u00e9math\u00e8que suisse\u00a0est organis\u00e9e par un Comit\u00e9 de pilotage qui se compose de repr\u00e9sentants de la Cin\u00e9math\u00e8que suisse et de la Section d\u2019histoire et esth\u00e9tique du cin\u00e9ma : Fr\u00e9d\u00e9ric Maire et Chicca Bergonzi pour<\/p>\n","protected":false},"author":1469,"featured_media":0,"parent":2,"menu_order":32,"comment_status":"closed","ping_status":"closed","template":"","meta":{"_seopress_robots_primary_cat":"","_seopress_titles_title":"","_seopress_titles_desc":"","_seopress_robots_index":"","footnotes":""},"class_list":["post-96","page","type-page","status-publish"],"_links":{"self":[{"href":"https:\/\/wp.unil.ch\/cinematheque-unil\/wp-json\/wp\/v2\/pages\/96","targetHints":{"allow":["GET"]}}],"collection":[{"href":"https:\/\/wp.unil.ch\/cinematheque-unil\/wp-json\/wp\/v2\/pages"}],"about":[{"href":"https:\/\/wp.unil.ch\/cinematheque-unil\/wp-json\/wp\/v2\/types\/page"}],"author":[{"embeddable":true,"href":"https:\/\/wp.unil.ch\/cinematheque-unil\/wp-json\/wp\/v2\/users\/1469"}],"replies":[{"embeddable":true,"href":"https:\/\/wp.unil.ch\/cinematheque-unil\/wp-json\/wp\/v2\/comments?post=96"}],"version-history":[{"count":0,"href":"https:\/\/wp.unil.ch\/cinematheque-unil\/wp-json\/wp\/v2\/pages\/96\/revisions"}],"up":[{"embeddable":true,"href":"https:\/\/wp.unil.ch\/cinematheque-unil\/wp-json\/wp\/v2\/pages\/2"}],"wp:attachment":[{"href":"https:\/\/wp.unil.ch\/cinematheque-unil\/wp-json\/wp\/v2\/media?parent=96"}],"curies":[{"name":"wp","href":"https:\/\/api.w.org\/{rel}","templated":true}]}}