{"id":93,"date":"2014-02-17T11:29:14","date_gmt":"2014-02-17T10:29:14","guid":{"rendered":"http:\/\/wp.unil.ch\/cinematheque-unil\/?page_id=93"},"modified":"2018-03-13T16:36:27","modified_gmt":"2018-03-13T15:36:27","slug":"les-objectifs","status":"publish","type":"page","link":"https:\/\/wp.unil.ch\/cinematheque-unil\/presentation\/les-objectifs\/","title":{"rendered":"Les objectifs"},"content":{"rendered":"<ol class=\"breadcrumb\">\n<li><a href=\"https:\/\/wp.unil.ch\/cinematheque-unil\/presentation\/\">Pr\u00e9sentation<\/a><\/li>\n<li class=\"current\"><a href=\"https:\/\/wp.unil.ch\/cinematheque-unil\/presentation\/les-objectifs\/\">Les objectifs<\/a><\/li>\n<\/ol>\n<figure id=\"attachment_410\" aria-describedby=\"caption-attachment-410\" style=\"width: 1162px\" class=\"wp-caption aligncenter\"><img alt=\"\" loading=\"lazy\" decoding=\"async\" src=\"https:\/\/wp.unil.ch\/cinematheque-unil\/files\/2014\/06\/COLLOQUE_EXPO64.jpg\" alt=\"\" width=\"1162\" height=\"688\" class=\"size-full wp-image-410\" \/><figcaption id=\"caption-attachment-410\" class=\"wp-caption-text\">Circarama, Exposition nationale suisse, 1964.<br \/>\n\u00a9 Tous droits r\u00e9serv\u00e9s\/collection Cin\u00e9math\u00e8que suisse.<\/figcaption><\/figure>\n<p>Le partenariat entre l\u2019UNIL et la Cin\u00e9math\u00e8que suisse entend d\u00e9velopper des projets impliquant les deux institutions dans le but de\u00a0:<\/p>\n<ul>\n<li>valoriser les collections de la Cin\u00e9math\u00e8que suisse\u00a0;<\/li>\n<li>d\u00e9velopper la recherche sur les fonds de la Cin\u00e9math\u00e8que suisse\u00a0;<\/li>\n<li>renouveler le savoir en histoire du cin\u00e9ma\u00a0;<\/li>\n<li>favoriser la circulation du savoir entre archivistes et historiens, ainsi que leur collaboration r\u00e9ciproque\u00a0;<\/li>\n<li>d\u00e9velopper des collaborations diverses li\u00e9es \u00e0 la m\u00e9diation culturelle et \u00e0 la diffusion du savoir en relation avec les fonds et collections de la Cin\u00e9math\u00e8que suisse ;<\/li>\n<li>offrir une visibilit\u00e9 et un rayonnement conjoints \u00e0 la Cin\u00e9math\u00e8que suisse et \u00e0 l\u2019UNIL, ce qui implique une communication commune aux deux institutions.<\/li>\n<\/ul>\n<p>La collaboration s\u2019articule sur trois niveaux\u00a0:<\/p>\n<ul>\n<li>la recherche et la valorisation des fonds de la Cin\u00e9math\u00e8que suisse ;<\/li>\n<li>l\u2019enseignement, les projections et autres manifestations\u00a0;<\/li>\n<li>la m\u00e9diation culturelle.<\/li>\n<\/ul>\n<p>La Collaboration UNIL\u00a0+ Cin\u00e9math\u00e8que suisse\u00a0doit permettre de construire un savoir qui sera diffus\u00e9 \u00e0 travers la publication d\u2019ouvrages et d\u2019articles, des expositions, des cycles de programmation, ou tout autre moyen de diffusion culturelle.<\/p>\n<p style=\"text-align: right\"><a title=\"Le fonctionnement\" href=\"https:\/\/wp.unil.ch\/cinematheque-unil\/sample-page\/le-fonctionnement\/\">&lt;Le fonctionnement<\/a>\u00a0\u2013 <a title=\"Historique\" href=\"https:\/\/wp.unil.ch\/cinematheque-unil\/sample-page\/historique\/\">Historique&gt;<\/a><\/p>\n","protected":false},"excerpt":{"rendered":"<p>Pr\u00e9sentation Les objectifs Le partenariat entre l\u2019UNIL et la Cin\u00e9math\u00e8que suisse entend d\u00e9velopper des projets impliquant les deux institutions dans le but de\u00a0: valoriser les collections de la Cin\u00e9math\u00e8que suisse\u00a0; d\u00e9velopper la recherche sur les fonds de la Cin\u00e9math\u00e8que suisse\u00a0;<\/p>\n","protected":false},"author":1469,"featured_media":0,"parent":2,"menu_order":35,"comment_status":"closed","ping_status":"closed","template":"","meta":{"_seopress_robots_primary_cat":"","_seopress_titles_title":"","_seopress_titles_desc":"","_seopress_robots_index":"","footnotes":""},"class_list":["post-93","page","type-page","status-publish"],"_links":{"self":[{"href":"https:\/\/wp.unil.ch\/cinematheque-unil\/wp-json\/wp\/v2\/pages\/93","targetHints":{"allow":["GET"]}}],"collection":[{"href":"https:\/\/wp.unil.ch\/cinematheque-unil\/wp-json\/wp\/v2\/pages"}],"about":[{"href":"https:\/\/wp.unil.ch\/cinematheque-unil\/wp-json\/wp\/v2\/types\/page"}],"author":[{"embeddable":true,"href":"https:\/\/wp.unil.ch\/cinematheque-unil\/wp-json\/wp\/v2\/users\/1469"}],"replies":[{"embeddable":true,"href":"https:\/\/wp.unil.ch\/cinematheque-unil\/wp-json\/wp\/v2\/comments?post=93"}],"version-history":[{"count":1,"href":"https:\/\/wp.unil.ch\/cinematheque-unil\/wp-json\/wp\/v2\/pages\/93\/revisions"}],"predecessor-version":[{"id":9070,"href":"https:\/\/wp.unil.ch\/cinematheque-unil\/wp-json\/wp\/v2\/pages\/93\/revisions\/9070"}],"up":[{"embeddable":true,"href":"https:\/\/wp.unil.ch\/cinematheque-unil\/wp-json\/wp\/v2\/pages\/2"}],"wp:attachment":[{"href":"https:\/\/wp.unil.ch\/cinematheque-unil\/wp-json\/wp\/v2\/media?parent=93"}],"curies":[{"name":"wp","href":"https:\/\/api.w.org\/{rel}","templated":true}]}}