{"id":9085,"date":"2026-01-13T21:33:26","date_gmt":"2026-01-13T20:33:26","guid":{"rendered":"https:\/\/wp.unil.ch\/cinematheque-unil\/?page_id=9085"},"modified":"2026-01-14T09:40:37","modified_gmt":"2026-01-14T08:40:37","slug":"vernissage-du-livre-de-jeanne-rohner-micheline-presle-et-danielle-darrieux-chez-claude-autant-lara-1942-1954-16-janvier-2026","status":"publish","type":"page","link":"https:\/\/wp.unil.ch\/cinematheque-unil\/vernissage-du-livre-de-jeanne-rohner-micheline-presle-et-danielle-darrieux-chez-claude-autant-lara-1942-1954-16-janvier-2026\/","title":{"rendered":"Vernissage du livre de Jeanne Rohner <i>Micheline Presle et Danielle Darrieux chez Claude Autant-Lara (1942-1954)<\/i>, 16 janvier 2026"},"content":{"rendered":"\n<h6 class=\"wp-block-heading has-text-align-center\">Soir\u00e9e de vernissage<\/h6>\n\n\n\n<h5 class=\"wp-block-heading has-text-align-center\"><i>Micheline Presle et Danielle Darrieux chez Claude Autant-Lara (1942-1954)<\/i><\/h5>\n\n\n\n<h6 class=\"wp-block-heading has-text-align-center\">de Jeanne Rohner<\/h6>\n\n\n\n<p class=\"has-text-align-center\">Capitole, Lausanne<br \/>\n16 janvier 2026<br \/>\nd\u00e8s 18h<\/p>\n\n\n<div class=\"wp-block-image\">\n<figure class=\"aligncenter size-large\"><a href=\"https:\/\/wp.unil.ch\/cinematheque-unil\/files\/2026\/01\/couverture_rohner-1.jpg\"><img loading=\"lazy\" decoding=\"async\" width=\"1024\" height=\"714\" src=\"https:\/\/wp.unil.ch\/cinematheque-unil\/files\/2026\/01\/couverture_rohner-1-1024x714.jpg\" alt=\"couverture rohner\" class=\"wp-image-9088\" srcset=\"https:\/\/wp.unil.ch\/cinematheque-unil\/files\/2026\/01\/couverture_rohner-1-1024x714.jpg 1024w, https:\/\/wp.unil.ch\/cinematheque-unil\/files\/2026\/01\/couverture_rohner-1-300x209.jpg 300w, https:\/\/wp.unil.ch\/cinematheque-unil\/files\/2026\/01\/couverture_rohner-1-768x535.jpg 768w, https:\/\/wp.unil.ch\/cinematheque-unil\/files\/2026\/01\/couverture_rohner-1-1536x1071.jpg 1536w, https:\/\/wp.unil.ch\/cinematheque-unil\/files\/2026\/01\/couverture_rohner-1.jpg 1720w\" sizes=\"auto, (max-width: 1024px) 100vw, 1024px\" \/><\/a><\/figure>\n<\/div>\n\n\n<p><\/p>\n\n\n\n<p>\u00c0 l\u2019occasion de la parution de l\u2019ouvrage de Jeanne Rohner,&nbsp;<em><strong>Micheline Presle et Danielle Darrieux chez Claude Autant-Lara (1942-1954)<\/strong><\/em>&nbsp;dans la collection \u00ab&nbsp;Cin\u00e9-courant: essais de g\u00e9n\u00e9tique sc\u00e9naristique&nbsp;\u00bb chez Droz, nous avons le plaisir de vous annoncer la soir\u00e9e de vernissage au Capitole qui aura lieu le&nbsp;<strong>vendredi 16 janvier<\/strong> \u00e0 18h.<\/p>\n\n\n\n<p>L\u2019ouvrage issu d\u2019une th\u00e8se de doctorat soutenue \u00e0 la Facult\u00e9 des Lettres de l&rsquo;Universit\u00e9 de Lausanne fait dialoguer narratologie, th\u00e9orie du personnage,<em>&nbsp;star et gender studies<\/em>, et s\u2019appuie sur une recherche approfondie men\u00e9e dans les archives sc\u00e9naristiques du fonds \u00ab\u00a0Claude Autant-Lara&nbsp;\u00bb de la Cin\u00e9math\u00e8que suisse et inscrite dans le cadre d\u2019un projet de recherche collectif, \u00ab&nbsp;<a href=\"https:\/\/wp.unil.ch\/cinematheque-unil\/projets\/personnage-et-vedettariat-au-prisme-du-genre\/\" target=\"_blank\" rel=\"noreferrer noopener\">Personnage et vedettariat au prisme du genre<\/a>&nbsp;\u00bb qui a \u00e9t\u00e9 soutenu par le Fonds national suisse de la recherche scientifique sur la p\u00e9riode 2016-2020.&nbsp;<\/p>\n\n\n\n<p>La s\u00e9ance de projection du film <em>Le Diable au corps<\/em> sera pr\u00e9sent\u00e9e par Jeanne Rohner, puis le vernissage sera \u00e9galement l&rsquo;occasion d&rsquo;un ap\u00e9ritif offert par la Centre d&rsquo;\u00e9tudes Cin\u00e9matographiques (CEC) \u00e0 20h15.&nbsp;<\/p>\n\n\n\n<p><\/p>\n\n\n\n<br \/><h6 class=\"wp-block-heading has-text-align-center\">4\u00e8me de couverture du livre<\/h6>\n\n\n\n<p>\u00ab&nbsp;Dans la p\u00e9riode qui suit la Seconde Guerre mondiale, Micheline Presle et Danielle Darrieux sont toujours autant pl\u00e9biscit\u00e9es par le public et la critique, tenant alors le haut de l\u2019affiche dans quatre films de Claude AutantLara (Le Diable au corps, Occupe toi d\u2019Am\u00e9lie, Le Bon Dieu sans confession et Le Rouge et le Noir). \u00c0 partir de l\u2019examen des textes documentant la gen\u00e8se de ces productions ainsi que d\u2019un projet du r\u00e9alisateur dans lequel Presle et Darrieux ont \u00e9t\u00e9 pressenties (Nez de cuir), Jeanne Rohner interroge dans quelle mesure l\u2019image (la persona) des deux vedettes influe sur la construction de leurs personnages. Ceux-ci (ainsi que leurs relations avec les autres personnages) \u00e9voluent en effet au fil des moutures sc\u00e9naristiques en fonction du casting envisag\u00e9 et en particulier de la star pr\u00e9vue dans le premier r\u00f4le. \u00c0 travers cette incursion dans les coulisses de la cr\u00e9ation, cet essai met ainsi en lumi\u00e8re la productivit\u00e9 de l\u2019outil g\u00e9n\u00e9tique appliqu\u00e9 au cin\u00e9ma.&nbsp;\u00bb<\/p>\n\n\n\n<p>Jeanne Rohner, <em>Micheline Presle et Danielle Darrieux chez Claude Autant-Lara (1942-1954)<\/em>, Gen\u00e8ve,  Droz, Collection Cin\u00e9-courant, 2026.<\/p>\n\n\n\n<p><\/p>\n\n\n\n<p><\/p>\n\n\n\n<br \/><h6 class=\"wp-block-heading has-text-align-center\">La projection<\/h6>\n\n\n\n<p><strong><em>Le Diable au corps<\/em><\/strong><\/p>\n\n\n\n<p>France &#8211; 1947 &#8211; 122&prime;<br \/>La Marne, 1917. Une jeune femme travaille comme infirmi\u00e8re pendant que son fianc\u00e9 se bat au front. La guerre dure et elle tombe amoureuse d\u2019un lyc\u00e9en avec qui elle vit une idylle dans la crainte d\u2019un armistice qui mettrait fin \u00e0 leur bonheur\u2026 A la sortie du film en 1947, l\u2019attitude id\u00e9aliste et irr\u00e9v\u00e9rencieuse des amants vis-\u00e0-vis de la guerre provoque un vif scandale. Or, derri\u00e8re la transgression du couple se cache celle de cette h\u00e9ro\u00efne insoumise, qui paie le prix fort pour avoir os\u00e9 s\u2019\u00e9manciper. A la fois succ\u00e8s public et critique, ce drame propulsa G\u00e9rard Philipe au rang de star et offrit \u00e0 Micheline Presle une renomm\u00e9e internationale.<\/p>\n\n\n\n<p><\/p>\n\n\n\n<p><\/p>\n\n\n\n<p class=\"has-text-align-center\"><strong>Extrait du Bulletin de la Cin\u00e9math\u00e8que suisse<\/strong><\/p>\n\n\n\n<p class=\"has-text-align-center\"><a href=\"https:\/\/wp.unil.ch\/cinematheque-unil\/files\/2026\/01\/cs_bulletin_rohner.pdf\" data-type=\"attachment\" data-id=\"9090\">T\u00e9l\u00e9charger<\/a><\/p>\n\n\n\n<p><\/p>\n","protected":false},"excerpt":{"rendered":"<p>Soir\u00e9e de vernissage Micheline Presle et Danielle Darrieux chez Claude Autant-Lara (1942-1954) de Jeanne Rohner Capitole, Lausanne 16 janvier 2026 d\u00e8s 18h \u00c0 l\u2019occasion de la parution de l\u2019ouvrage de Jeanne Rohner,&nbsp;Micheline Presle et Danielle Darrieux chez Claude Autant-Lara (1942-1954)&nbsp;dans<\/p>\n","protected":false},"author":1003047,"featured_media":0,"parent":0,"menu_order":0,"comment_status":"closed","ping_status":"closed","template":"","meta":{"_seopress_robots_primary_cat":"","_seopress_titles_title":"","_seopress_titles_desc":"","_seopress_robots_index":"","footnotes":""},"class_list":["post-9085","page","type-page","status-publish"],"_links":{"self":[{"href":"https:\/\/wp.unil.ch\/cinematheque-unil\/wp-json\/wp\/v2\/pages\/9085","targetHints":{"allow":["GET"]}}],"collection":[{"href":"https:\/\/wp.unil.ch\/cinematheque-unil\/wp-json\/wp\/v2\/pages"}],"about":[{"href":"https:\/\/wp.unil.ch\/cinematheque-unil\/wp-json\/wp\/v2\/types\/page"}],"author":[{"embeddable":true,"href":"https:\/\/wp.unil.ch\/cinematheque-unil\/wp-json\/wp\/v2\/users\/1003047"}],"replies":[{"embeddable":true,"href":"https:\/\/wp.unil.ch\/cinematheque-unil\/wp-json\/wp\/v2\/comments?post=9085"}],"version-history":[{"count":5,"href":"https:\/\/wp.unil.ch\/cinematheque-unil\/wp-json\/wp\/v2\/pages\/9085\/revisions"}],"predecessor-version":[{"id":9099,"href":"https:\/\/wp.unil.ch\/cinematheque-unil\/wp-json\/wp\/v2\/pages\/9085\/revisions\/9099"}],"wp:attachment":[{"href":"https:\/\/wp.unil.ch\/cinematheque-unil\/wp-json\/wp\/v2\/media?parent=9085"}],"curies":[{"name":"wp","href":"https:\/\/api.w.org\/{rel}","templated":true}]}}