{"id":9001,"date":"2025-12-11T13:01:11","date_gmt":"2025-12-11T12:01:11","guid":{"rendered":"https:\/\/wp.unil.ch\/cinematheque-unil\/?page_id=9001"},"modified":"2026-01-05T14:43:43","modified_gmt":"2026-01-05T13:43:43","slug":"colloque-ecoutes-situees-techniques-esthetique-et-politique-de-lenregistrement-sonore","status":"publish","type":"page","link":"https:\/\/wp.unil.ch\/cinematheque-unil\/evenements\/colloque-ecoutes-situees-techniques-esthetique-et-politique-de-lenregistrement-sonore\/","title":{"rendered":"Colloque \u00ab\u00a0\u00c9coutes situ\u00e9es\u00a0\u00bb"},"content":{"rendered":"<ol class=\"breadcrumb\">\n<li><a href=\"https:\/\/wp.unil.ch\/cinematheque-unil\/evenements\/\">\u00c9v\u00e9nements<\/a><\/li>\n<li class=\"current\"><a href=\"https:\/\/wp.unil.ch\/cinematheque-unil\/evenements\/colloque-techniques-du-cinema-amateur\/\">\u00c9coutes situ\u00e9es<\/a><\/li>\n<\/ol>\n<h6 style=\"text-align: center\">Colloque<\/h6>\n<h5 style=\"text-align: center\">\u00ab \u00c9coutes situ\u00e9es. Techniques, esth\u00e9tique et politique de l&rsquo;enregistrement sonore \u00bb<\/h5>\n<h6 style=\"text-align: center\">sous la direction de Lucas Iliani, St\u00e9phane Tralongo et Beno\u00eet Turquety<\/h6>\n<p style=\"text-align: center\">Universit\u00e9 Paris 8, Campus Condorcet, Centre des colloques, Salle 100<\/p>\n<p style=\"text-align: center\">15-16 janvier 2026<\/p>\n<p><img loading=\"lazy\" decoding=\"async\" class=\"aligncenter wp-image-9008 size-full\" src=\"https:\/\/wp.unil.ch\/cinematheque-unil\/files\/2025\/12\/nagra_affiche_v2_web.jpg\" alt=\"nagra affiche v2 web\" width=\"848\" height=\"1200\" srcset=\"https:\/\/wp.unil.ch\/cinematheque-unil\/files\/2025\/12\/nagra_affiche_v2_web.jpg 848w, https:\/\/wp.unil.ch\/cinematheque-unil\/files\/2025\/12\/nagra_affiche_v2_web-212x300.jpg 212w, https:\/\/wp.unil.ch\/cinematheque-unil\/files\/2025\/12\/nagra_affiche_v2_web-724x1024.jpg 724w, https:\/\/wp.unil.ch\/cinematheque-unil\/files\/2025\/12\/nagra_affiche_v2_web-768x1087.jpg 768w\" sizes=\"auto, (max-width: 848px) 100vw, 848px\" \/><\/p>\n<p style=\"text-align: center\">Programme<\/p>\n<h6 style=\"text-align: center\">JEUDI 15 JANVIER 2026<\/h6>\n<p>9h30 Mot d\u2019ouverture<\/p>\n<p>Mod\u00e9ration : <strong>Jean-Baptiste Masson<\/strong> (Universit\u00e9 Rennes 2)<\/p>\n<p>9h40-10h55<\/p>\n<p><b>Lucas Iliani<\/b>\u00a0(Universit\u00e9 de Lausanne), \u00ab\u00a0\u00c9couter pour \u00e9valuer. La place de l\u2019enregistrement dans la production des magn\u00e9tophones au sein de l\u2019entreprise Kudelski\u00a0\u00bb<\/p>\n<p><b>Ophir Levy<\/b> (Universit\u00e9 Paris 8), \u00ab\u00a0\u00c9chos traumatiques et \u00e9quivoques orientalistes dans <i>Promised Lands<\/i> (1974) de Susan Sontag (et dans les rushes sonores du film)\u00a0\u00bb<\/p>\n<p><i>Pause-caf\u00e9<\/i><\/p>\n<p>11h10-13h10<\/p>\n<p><b>L\u00e9a Dreyer<\/b> (Universit\u00e9 Paris\u00a01 Panth\u00e9on-Sorbonne), \u00ab\u00a0Temps \u00e9gale mati\u00e8re \u00bb : les pratiques de l\u2019enregistrement sonore de Lars Fredrikson (1926-1997)\u00a0\u00bb<\/p>\n<p><b>Catherine Guesde<\/b> (Universit\u00e9 Paris\u00a08), \u00ab\u00a0\u00c9couter les silences des lieux\u00a0: l\u2019enregistrement par-del\u00e0 la capture\u00a0\u00bb<\/p>\n<p><b>Beno\u00eet Turquety<\/b> (Universit\u00e9 Paris 8), \u00ab\u00a0Instrumenter le lieu\u00a0: musicalit\u00e9s-fronti\u00e8res\u00a0\u00bb<\/p>\n<p><i>Pause-d\u00e9jeuner<\/i><\/p>\n<p>Mod\u00e9ration\u00a0: <b>Katalin P\u00f3r<\/b>\u00a0(Universit\u00e9 Paris 8)<\/p>\n<p>14h30-15h45<\/p>\n<p><b>Bartosz Nowak<\/b> (University of Warsaw), \u00ab\u00a0Phonography of Attractions in 19th-Century Polish Culture\u00a0\u00bb<\/p>\n<p><b>Anita Jorge<\/b> (Universit\u00e9 Toulouse Jean Jaur\u00e8s), \u00ab\u00a0Enregistrement et pr\u00e9servation du paysage sonore de la nation en guerre dans le cin\u00e9ma officiel britannique de la Seconde Guerre mondiale\u00a0\u00bb<\/p>\n<p><i>Pause-caf\u00e9<\/i><\/p>\n<p>16h00-18h00<\/p>\n<p><b>Jean-Baptiste Masson<\/b> (Universit\u00e9 Rennes\u00a02), \u00ab\u00a0La contribution des preneurs de son amateurs<span class=\"Apple-converted-space\">\u00a0<\/span>aux d\u00e9veloppements du magn\u00e9tophone et de son utilisation\u00a0\u00bb<\/p>\n<p><b>Vanessa Nicolazic<\/b> (Universit\u00e9 Grenoble Alpes), \u00ab\u00a0Traduire l\u2019\u00e9coute et le geste appareill\u00e9s de l\u2019analogique au num\u00e9rique. Gen\u00e8se de la conception de l\u2019enregistreur num\u00e9rique Cantar (1998-2003)\u00a0\u00bb<\/p>\n<p><b>Claire Allouche<\/b> (Universit\u00e9 Grenoble Alpes), \u00ab\u00a0Comment (et avec quoi) \u00e9coutez-vous, Eduardo Coutinho\u00a0? Du monde ext\u00e9rieur aux studios confin\u00e9s, l\u2019\u00e9volution des \u201cfilms convers\u00e9s\u201d\u00a0\u00bb<\/p>\n<h6 style=\"text-align: center\">VENDREDI 16 JANVIER 2026<\/h6>\n<p>Mod\u00e9ration : <b>Lucas Iliani <\/b>(Universit\u00e9 de Lausanne)<\/p>\n<p>9h00-10h15<\/p>\n<p><b>Thomas Leyris<\/b> (Universit\u00e9 de Lille), \u00ab\u00a0Les enregistreurs portatifs et la sauvegarde des musiques traditionnelles africaines \u00e0 la fin de l\u2019empire colonial fran\u00e7ais (ann\u00e9es 1950-1960)\u00a0\u00bb<\/p>\n<p><b>St\u00e9phane Tralongo<\/b> (Universit\u00e9 de Lausanne), \u00ab\u00a0\u201cAuditeurs impatients\u201d. L\u2019enqu\u00eate sonore de Marguerite Lobsiger-Dellenbach dans l\u2019exp\u00e9dition suisse \u00e0 l\u2019Himalaya (1952)\u00a0\u00bb<\/p>\n<p><i>Pause-caf\u00e9<\/i><\/p>\n<p>10h30-11h45<\/p>\n<p><b>Christian Rossipal<\/b> (Yale University), \u00ab\u00a0Listening with Gerd Almgren: A Decolonial Media Archaeology in the Collections of \u201cMadame Courage\u201d\u00a0\u00bb<\/p>\n<p><b>Abril Padilla<\/b> (artiste sonore, chercheuse ind\u00e9pendante), \u00ab\u00a0Enregistrer la m\u00e9moire sensible d\u2019un territoire. Paul-Andr\u00e9 Florey, chasseur de son en Valais\u00a0\u00bb<\/p>\n<p><i>Pause-d\u00e9jeuner<\/i><\/p>\n<p>Mod\u00e9ration : <b>Vincent Sorrel<\/b> (Universit\u00e9 Grenoble Alpes)<\/p>\n<p>13h30-14h45<\/p>\n<p><b>Boualem Khelifati<\/b>\u00a0(Universit\u00e9 Paris\u00a08), \u00ab\u00a0R\u00e9sonance musicale, parole intime et saturation islamiste\u00a0: usage du magn\u00e9tophone et du haut-parleur en Alg\u00e9rie des ann\u00e9es 1970 \u00e0 1990\u00a0\u00bb<\/p>\n<p><b>Simon Le Doar\u00e9<\/b> (Universit\u00e9 de Bretagne Occidentale), \u00ab\u00a0\u00c9couter, transformer, r\u00e9pondre\u00a0: les collectages bretons entre m\u00e9moire et responsabilit\u00e9 esth\u00e9tique\u00a0\u00bb<\/p>\n<p><i>Pause-caf\u00e9<\/i><\/p>\n<p>15h00-16h15<\/p>\n<p><b>Caroline Z\u00e9au<\/b>\u00a0(Universit\u00e9 Paris Cit\u00e9), \u00ab\u00a0Musique nomade\u00a0: la sc\u00e8ne comme territoire des Premi\u00e8res nations\u00a0\u00bb<\/p>\n<p><b>St\u00e9phane Nepton<\/b> (\u00c9cole NAD-Universit\u00e9 du Qu\u00e9bec \u00e0 Chicoutimi), \u00ab Nous sommes Nutaui, nous sommes Kukum, nous sommes Shipek\u2019, Nutshimit, nous sommes Nipi\u2026 <i>Nipi Ishkueu<\/i>, femmes de l\u2019eau. \u00bb<\/p>\n<p style=\"font-size: small;text-align: center\"><strong>Affiche (fran\u00e7ais\/anglais)<\/strong><\/p>\n<p style=\"font-size: small;text-align: center\"><a href=\"https:\/\/wp.unil.ch\/cinematheque-unil\/files\/2025\/12\/nagra_affiche_v2_web.pdf\">T\u00e9l\u00e9charger.<\/a><\/p>\n<p style=\"font-size: small;text-align: center\"><em>Ce colloque est organis\u00e9 dans le cadre du projet \u00ab Nagra, histoire du cin\u00e9ma et arch\u00e9ologie des m\u00e9dias sonores en Suisse\u00a0\u00bb soutenu par le Fonds national suisse de la recherche scientifique (FNS).<\/em><\/p>\n","protected":false},"excerpt":{"rendered":"<p>\u00c9v\u00e9nements \u00c9coutes situ\u00e9es Colloque \u00ab \u00c9coutes situ\u00e9es. Techniques, esth\u00e9tique et politique de l&rsquo;enregistrement sonore \u00bb sous la direction de Lucas Iliani, St\u00e9phane Tralongo et Beno\u00eet Turquety Universit\u00e9 Paris 8, Campus Condorcet, Centre des colloques, Salle 100 15-16 janvier 2026 Programme<\/p>\n","protected":false},"author":1469,"featured_media":0,"parent":1226,"menu_order":0,"comment_status":"closed","ping_status":"closed","template":"","meta":{"_seopress_robots_primary_cat":"","_seopress_titles_title":"","_seopress_titles_desc":"","_seopress_robots_index":"","footnotes":""},"class_list":["post-9001","page","type-page","status-publish"],"_links":{"self":[{"href":"https:\/\/wp.unil.ch\/cinematheque-unil\/wp-json\/wp\/v2\/pages\/9001","targetHints":{"allow":["GET"]}}],"collection":[{"href":"https:\/\/wp.unil.ch\/cinematheque-unil\/wp-json\/wp\/v2\/pages"}],"about":[{"href":"https:\/\/wp.unil.ch\/cinematheque-unil\/wp-json\/wp\/v2\/types\/page"}],"author":[{"embeddable":true,"href":"https:\/\/wp.unil.ch\/cinematheque-unil\/wp-json\/wp\/v2\/users\/1469"}],"replies":[{"embeddable":true,"href":"https:\/\/wp.unil.ch\/cinematheque-unil\/wp-json\/wp\/v2\/comments?post=9001"}],"version-history":[{"count":5,"href":"https:\/\/wp.unil.ch\/cinematheque-unil\/wp-json\/wp\/v2\/pages\/9001\/revisions"}],"predecessor-version":[{"id":9086,"href":"https:\/\/wp.unil.ch\/cinematheque-unil\/wp-json\/wp\/v2\/pages\/9001\/revisions\/9086"}],"up":[{"embeddable":true,"href":"https:\/\/wp.unil.ch\/cinematheque-unil\/wp-json\/wp\/v2\/pages\/1226"}],"wp:attachment":[{"href":"https:\/\/wp.unil.ch\/cinematheque-unil\/wp-json\/wp\/v2\/media?parent=9001"}],"curies":[{"name":"wp","href":"https:\/\/api.w.org\/{rel}","templated":true}]}}