{"id":86,"date":"2014-02-17T10:30:12","date_gmt":"2014-02-17T09:30:12","guid":{"rendered":"http:\/\/wp.unil.ch\/cinematheque-unil\/?page_id=86"},"modified":"2019-01-23T10:50:17","modified_gmt":"2019-01-23T09:50:17","slug":"presentation","status":"publish","type":"page","link":"https:\/\/wp.unil.ch\/cinematheque-unil\/projets\/une-histoire-de-la-cinematheque-suisse\/presentation\/","title":{"rendered":"Pr\u00e9sentation"},"content":{"rendered":"<ol class=\"breadcrumb\">\n<li><a href=\"https:\/\/wp.unil.ch\/cinematheque-unil\/projets\/\">Projets<\/a><\/li>\n<li><a href=\"https:\/\/wp.unil.ch\/cinematheque-unil\/projets\/une-histoire-de-la-cinematheque-suisse\/\">Histoire de la Cin\u00e9math\u00e8que suisse<\/a><\/li>\n<li class=\"current\"><a href=\"https:\/\/wp.unil.ch\/cinematheque-unil\/projets\/une-histoire-de-la-cinematheque-suisse\/presentation\/\">Pr\u00e9sentation<\/a><\/li>\n<\/ol>\n<h3>Cin\u00e9math\u00e8que suisse : une histoire institutionnelle<\/h3>\n<figure id=\"attachment_2324\" aria-describedby=\"caption-attachment-2324\" style=\"width: 331px\" class=\"wp-caption alignright\"><a href=\"https:\/\/wp.unil.ch\/cinematheque-unil\/files\/2014\/02\/AFFICHE_INAUGURATION02.jpg\"><img alt=\"\" loading=\"lazy\" decoding=\"async\" class=\" wp-image-2324\" src=\"https:\/\/wp.unil.ch\/cinematheque-unil\/files\/2014\/02\/AFFICHE_INAUGURATION02.jpg\" alt=\"\" width=\"331\" height=\"470\" srcset=\"https:\/\/wp.unil.ch\/cinematheque-unil\/files\/2014\/02\/AFFICHE_INAUGURATION02.jpg 564w, https:\/\/wp.unil.ch\/cinematheque-unil\/files\/2014\/02\/AFFICHE_INAUGURATION02-212x300.jpg 212w\" sizes=\"auto, (max-width: 331px) 100vw, 331px\" \/><\/a><figcaption id=\"caption-attachment-2324\" class=\"wp-caption-text\">Affiche du bal d\u2019inauguration de la Cin\u00e9math\u00e8que suisse, Lausanne, 1950.<br \/>\u00a9 Pierre Monnerat\/Cin\u00e9math\u00e8que suisse.<\/figcaption><\/figure>\n<p>La Cin\u00e9math\u00e8que suisse est actuellement reconnue comme l\u2019une des principales institutions culturelles du pays et l\u2019une des plus anciennes et plus riches archives de cin\u00e9ma au monde. D\u00e8s sa fondation en 1948, prenant la suite des Archives cin\u00e9matographiques suisses de B\u00e2le (1943-1948), la Cin\u00e9math\u00e8que suisse s\u2019est employ\u00e9e \u00e0 pr\u00e9server la m\u00e9moire du cin\u00e9ma mondial et national. Gr\u00e2ce \u00e0 la progressive mise en place d\u2019une politique de d\u00e9p\u00f4t et d\u2019acquisition, elle a constitu\u00e9 une collection de films et de documents \u00ab\u00a0non-film\u00a0\u00bb de r\u00e9f\u00e9rence, tout en s\u2019affirmant dans son domaine comme un acteur culturel incontournable. \u00c0 partir de la loi f\u00e9d\u00e9rale sur le cin\u00e9ma (1962), elle s\u2019est vue octroyer une subvention f\u00e9d\u00e9rale destin\u00e9e \u00e0 soutenir une mission patrimoniale de sauvegarde de ses collections et au premier chef de la production nationale.<\/p>\n<p>Le projet \u00ab Cin\u00e9math\u00e8que suisse : une histoire institutionnelle \u00bb se propose de retracer les \u00e9tapes et les m\u00e9canismes de l\u2019institutionnalisation de la Cin\u00e9math\u00e8que, du statut d\u2019association locale et priv\u00e9e, \u00e0 celui d\u2019archive au rayonnement national et international. S\u2019il s\u2019appuie essentiellement sur l\u2019ample fonds des archives administratives de la Cin\u00e9math\u00e8que suisse, il pr\u00e9voit \u00e9galement des recherches dans plusieurs autres archives en Suisse (notamment municipales, cantonales et f\u00e9d\u00e9rales) et \u00e0 l\u2019\u00e9tranger.<\/p>\n<p>Il co\u00efncide avec une p\u00e9riode de transformation importante pour la Cin\u00e9math\u00e8que suisse, qui inaugurera prochainement \u00e0 Penthaz son nouveau Centre de recherche et d\u2019archivage et doit faire face, comme ses cons\u0153urs \u00e9trang\u00e8res, aux d\u00e9fis de la r\u00e9volution num\u00e9rique. La recherche, dirig\u00e9e par Fran\u00e7ois Albera (Professeur honoraire, Section d\u2019histoire et esth\u00e9tique du cin\u00e9ma), est soutenue par le Fonds national suisse de la recherche scientifique (FNS) pour une dur\u00e9e de quatre ans (2013-2017).<\/p>\n<p><span style=\"color: #446688;font-size: small\">Direction : <span style=\"text-decoration: underline\"><strong><a href=\"https:\/\/www.unil.ch\/cin\/FrancoisAlbera\" target=\"_blank\" rel=\"noopener\">Fran\u00e7ois Albera<\/a><\/strong><\/span> (Section d\u2019histoire et esth\u00e9tique du cin\u00e9ma).<\/span><br \/>\n<span style=\"color: #446688;font-size: small\">Charg\u00e9s de recherche : <span style=\"text-decoration: underline\"><strong><a href=\"https:\/\/www.unil.ch\/cin\/alessiabottani\" target=\"_blank\" rel=\"noopener\">Alessia Bottani<\/a><\/strong><\/span> (chercheuse FNS junior), <span style=\"text-decoration: underline\"><strong><a href=\"https:\/\/www.unil.ch\/cin\/PierreEmmanuelJaques\" target=\"_blank\" rel=\"noopener\">Pierre-Emmanuel Jaques<\/a><\/strong><\/span> (Collaboration UNIL+Cin\u00e9math\u00e8que suisse).<\/span><br \/>\n<span style=\"color: #446688;font-size: small\">Doctorante FNS\u00a0: <span style=\"text-decoration: underline\"><strong><a href=\"https:\/\/www.unil.ch\/cin\/jenniferdarricau\" target=\"_blank\" rel=\"noopener\">Jennifer Darricau<\/a><\/strong><\/span>.<\/span><br \/>\n<span style=\"color: #446688;font-size: small\">D\u00e9but\/fin\u00a0: 01.05.2013 &#8211; 31.10.2017<\/span><\/p>\n<p style=\"text-align: justify;font-size: small\">Ce projet est un travail collectif, et les pages de cette section ont b\u00e9n\u00e9fici\u00e9 de la collaboration de tous les participants. Nous tenons aussi \u00e0 remercier\u00a0Raymond A. Bech, Freddy Buache, Andr\u00e9 Chevailler, Roland Cosandey, Christian Dimitriu, Herv\u00e9 Dumont, Christophe Dupin, Liliane Favre, Aude Joseph, Laurent Mannoni, R\u00e9my Pithon et les \u00e9quipes de la Cin\u00e9math\u00e8que suisse.<\/p>\n<p style=\"text-align: justify;font-size: small\"><a href=\"https:\/\/p3.snf.ch\/project-143252\" target=\"_blank\" rel=\"noopener\"><img loading=\"lazy\" decoding=\"async\" class=\"alignnone wp-image-3017\" src=\"https:\/\/wp.unil.ch\/cinematheque-unil\/files\/2014\/02\/LOGO_FNS-300x81.jpg\" alt=\"LOGO_FNS\" width=\"200\" height=\"54\" srcset=\"https:\/\/wp.unil.ch\/cinematheque-unil\/files\/2014\/02\/LOGO_FNS-300x81.jpg 300w, https:\/\/wp.unil.ch\/cinematheque-unil\/files\/2014\/02\/LOGO_FNS-500x134.jpg 500w, https:\/\/wp.unil.ch\/cinematheque-unil\/files\/2014\/02\/LOGO_FNS.jpg 666w\" sizes=\"auto, (max-width: 200px) 100vw, 200px\" \/><\/a><\/p>\n<p style=\"text-align: justify;font-size: small\"><em>Voir aussi la <a title=\"FNS\" href=\"https:\/\/p3.snf.ch\/project-143252\" target=\"_blank\" rel=\"noopener\">page<\/a> du Fonds national suisse de la recherche scientifique.<\/em><\/p>\n","protected":false},"excerpt":{"rendered":"<p>Projets Histoire de la Cin\u00e9math\u00e8que suisse Pr\u00e9sentation Cin\u00e9math\u00e8que suisse : une histoire institutionnelle La Cin\u00e9math\u00e8que suisse est actuellement reconnue comme l\u2019une des principales institutions culturelles du pays et l\u2019une des plus anciennes et plus riches archives de cin\u00e9ma au monde.<\/p>\n","protected":false},"author":1469,"featured_media":0,"parent":83,"menu_order":34,"comment_status":"closed","ping_status":"closed","template":"","meta":{"_seopress_robots_primary_cat":"","_seopress_titles_title":"","_seopress_titles_desc":"","_seopress_robots_index":"","footnotes":""},"class_list":["post-86","page","type-page","status-publish"],"_links":{"self":[{"href":"https:\/\/wp.unil.ch\/cinematheque-unil\/wp-json\/wp\/v2\/pages\/86","targetHints":{"allow":["GET"]}}],"collection":[{"href":"https:\/\/wp.unil.ch\/cinematheque-unil\/wp-json\/wp\/v2\/pages"}],"about":[{"href":"https:\/\/wp.unil.ch\/cinematheque-unil\/wp-json\/wp\/v2\/types\/page"}],"author":[{"embeddable":true,"href":"https:\/\/wp.unil.ch\/cinematheque-unil\/wp-json\/wp\/v2\/users\/1469"}],"replies":[{"embeddable":true,"href":"https:\/\/wp.unil.ch\/cinematheque-unil\/wp-json\/wp\/v2\/comments?post=86"}],"version-history":[{"count":0,"href":"https:\/\/wp.unil.ch\/cinematheque-unil\/wp-json\/wp\/v2\/pages\/86\/revisions"}],"up":[{"embeddable":true,"href":"https:\/\/wp.unil.ch\/cinematheque-unil\/wp-json\/wp\/v2\/pages\/83"}],"wp:attachment":[{"href":"https:\/\/wp.unil.ch\/cinematheque-unil\/wp-json\/wp\/v2\/media?parent=86"}],"curies":[{"name":"wp","href":"https:\/\/api.w.org\/{rel}","templated":true}]}}