{"id":8506,"date":"2025-03-06T22:46:56","date_gmt":"2025-03-06T21:46:56","guid":{"rendered":"https:\/\/wp.unil.ch\/cinematheque-unil\/?page_id=8506"},"modified":"2026-03-16T17:01:03","modified_gmt":"2026-03-16T16:01:03","slug":"mediation-scientifique","status":"publish","type":"page","link":"https:\/\/wp.unil.ch\/cinematheque-unil\/tanner-et-le-scenario\/mediation-scientifique\/","title":{"rendered":"M\u00e9diation scientifique"},"content":{"rendered":"<p class=\"has-medium-font-size\"><strong>M\u00e9diation scientifique<\/strong><\/p>\n<p style=\"text-align: justify;font-size: medium\"><strong>Programme des films de la r\u00e9trospective Alain Tanner de mars-avril 2025 \u00e0 la Cin\u00e9math\u00e8que suisse pr\u00e9sent\u00e9s par l&rsquo;\u00e9quipe du projet\u00a0:<\/strong><\/p>\n<ul>\n<li style=\"text-align: justify;font-size: medium\"><em>Nice Time<\/em> (1957)\/<em>Une Ville \u00e0 Chandigarh<\/em> (1966) : <strong>2 mars 2025 \u00e0 14h30<\/strong> (CAP 2), pr\u00e9sent\u00e9s par Vincent Annen<\/li>\n<li style=\"text-align: justify;font-size: medium\"><em>Messidor<\/em> (1979) : <strong>18 mars 2025 \u00e0 17h45<\/strong> (CAP 2), pr\u00e9sent\u00e9 par Jeanne Modoux<\/li>\n<li style=\"text-align: justify;font-size: medium\"><em>Une flamme dans mon c\u0153ur<\/em> (1987) : <strong>22 mars 2025 \u00e0 15h<\/strong> (CAP 1), pr\u00e9sent\u00e9 par Jeanne Modoux<\/li>\n<li style=\"text-align: justify;font-size: medium\"><em>L\u2019Homme qui a perdu son ombre<\/em> (1991) : <strong>28 mars 2025 \u00e0 17h<\/strong> (CAP 2), pr\u00e9sent\u00e9 par Alain Boillat<\/li>\n<li style=\"text-align: justify;font-size: medium\"><em>Fourbi<\/em> (1996) : <strong>29 mars 2025 \u00e0 18h<\/strong> (CAP 2), pr\u00e9sent\u00e9 par Vincent Annen<\/li>\n<li style=\"text-align: justify;font-size: medium\"><em>Requiem<\/em> (1998) : <strong>29 mars 2025 \u00e0 20h45<\/strong> (CAP 2), pr\u00e9sent\u00e9 par Vincent Annen<\/li>\n<li style=\"text-align: justify;font-size: medium\"><em>La Salamandre<\/em> (1971) : <strong>30 mars 2025 \u00e0 14h30<\/strong> (CAP 1), pr\u00e9sent\u00e9 par Jeanne Modoux<\/li>\n<li style=\"text-align: justify;font-size: medium\"><em>Charles mort ou vif<\/em> (1969) : <strong>2 avril 2025 \u00e0 20h30<\/strong> (CAP 2), pr\u00e9sent\u00e9 par Alain Boillat<\/li>\n<li style=\"text-align: justify;font-size: medium\"><em>Paul s\u2019en va<\/em> (2004), <strong>3 avril 2025 \u00e0 18h<\/strong> (CAP 2), pr\u00e9sent\u00e9 par Alain Boillat<\/li>\n<li style=\"text-align: justify;font-size: medium\"><em>No Man\u2019s Land<\/em> (1985) : <strong>4 avril 2025 \u00e0 18h<\/strong>, pr\u00e9sent\u00e9 par Jeanne Modoux<\/li>\n<li style=\"text-align: justify;font-size: medium\"><em>Le Retour d\u2019Afrique<\/em> (1973) : <strong>9 avril 2025 \u00e0 18h15<\/strong> (CAP 1), pr\u00e9sent\u00e9 par Vincent Annen<\/li>\n<li style=\"text-align: justify;font-size: medium\"><em>Dans la ville blanche<\/em> (1983) : <strong>10 avril 2025 \u00e0 20h30<\/strong> (CAP 2), pr\u00e9sent\u00e9 par Alain Boillat<\/li>\n<li style=\"text-align: justify;font-size: medium\"><em>Jonas qui aura 25 ans en l\u2019an 2000<\/em> (1976) : <strong>12 avril 2025 \u00e0 15h<\/strong> (CAP 1), pr\u00e9sent\u00e9 par Jeanne Modoux<\/li>\n<li style=\"text-align: justify;font-size: medium\"><em>Jonas et Lila, \u00e0 demain<\/em> (1999) : <strong>13 avril 2025 \u00e0 17h30<\/strong> (CAP 2), pr\u00e9sent\u00e9 par Vincent Annen<\/li>\n<li style=\"text-align: justify;font-size: medium\"><em>Light Years Away<\/em> (1981) : <strong>16 avril 2025 \u00e0 18h<\/strong> (CAP 2), pr\u00e9sent\u00e9 par Alain Boillat<\/li>\n<li style=\"text-align: justify;font-size: medium\"><em>La Vall\u00e9e fant\u00f4me<\/em> (1987), <strong>18 avril 2025 \u00e0 15h<\/strong> (CAP 1), pr\u00e9sent\u00e9 par Alain Boillat<\/li>\n<li style=\"text-align: justify;font-size: medium\"><em>La Femme de Rose Hill<\/em> (1989) : <strong>22 avril 2025 \u00e0 20h30<\/strong> (CAP 2), pr\u00e9sent\u00e9 par Jeanne Modoux<\/li>\n<li style=\"text-align: justify;font-size: medium\"><em>Les Hommes du port<\/em> (1995) : <strong>25 avril 2025 \u00e0 18h30<\/strong> (CAP 2), pr\u00e9sent\u00e9 par Jeanne Modoux<\/li>\n<\/ul>\n<p style=\"text-align: justify;font-size: medium\"><a href=\"https:\/\/wp.unil.ch\/cinematheque-unil\/files\/2025\/03\/CS-Bulletin-No-330_Tanner_compressed.pdf\">T\u00e9l\u00e9charger le programme complet de la r\u00e9trospective Alain Tanner<\/a> (avec les descriptifs r\u00e9dig\u00e9s par l&rsquo;\u00e9quipe du projet).<\/p>\n","protected":false},"excerpt":{"rendered":"<p>M\u00e9diation scientifique Programme des films de la r\u00e9trospective Alain Tanner de mars-avril 2025 \u00e0 la Cin\u00e9math\u00e8que suisse pr\u00e9sent\u00e9s par l&rsquo;\u00e9quipe du projet\u00a0: Nice Time (1957)\/Une Ville \u00e0 Chandigarh (1966) : 2 mars 2025 \u00e0 14h30 (CAP 2), pr\u00e9sent\u00e9s par Vincent<\/p>\n","protected":false},"author":1469,"featured_media":0,"parent":6062,"menu_order":0,"comment_status":"closed","ping_status":"closed","template":"","meta":{"_seopress_robots_primary_cat":"","_seopress_titles_title":"","_seopress_titles_desc":"","_seopress_robots_index":"","footnotes":""},"class_list":["post-8506","page","type-page","status-publish"],"_links":{"self":[{"href":"https:\/\/wp.unil.ch\/cinematheque-unil\/wp-json\/wp\/v2\/pages\/8506","targetHints":{"allow":["GET"]}}],"collection":[{"href":"https:\/\/wp.unil.ch\/cinematheque-unil\/wp-json\/wp\/v2\/pages"}],"about":[{"href":"https:\/\/wp.unil.ch\/cinematheque-unil\/wp-json\/wp\/v2\/types\/page"}],"author":[{"embeddable":true,"href":"https:\/\/wp.unil.ch\/cinematheque-unil\/wp-json\/wp\/v2\/users\/1469"}],"replies":[{"embeddable":true,"href":"https:\/\/wp.unil.ch\/cinematheque-unil\/wp-json\/wp\/v2\/comments?post=8506"}],"version-history":[{"count":5,"href":"https:\/\/wp.unil.ch\/cinematheque-unil\/wp-json\/wp\/v2\/pages\/8506\/revisions"}],"predecessor-version":[{"id":9235,"href":"https:\/\/wp.unil.ch\/cinematheque-unil\/wp-json\/wp\/v2\/pages\/8506\/revisions\/9235"}],"up":[{"embeddable":true,"href":"https:\/\/wp.unil.ch\/cinematheque-unil\/wp-json\/wp\/v2\/pages\/6062"}],"wp:attachment":[{"href":"https:\/\/wp.unil.ch\/cinematheque-unil\/wp-json\/wp\/v2\/media?parent=8506"}],"curies":[{"name":"wp","href":"https:\/\/api.w.org\/{rel}","templated":true}]}}