{"id":8394,"date":"2025-02-03T16:53:31","date_gmt":"2025-02-03T15:53:31","guid":{"rendered":"https:\/\/wp.unil.ch\/cinematheque-unil\/?page_id=8394"},"modified":"2025-06-30T17:21:16","modified_gmt":"2025-06-30T15:21:16","slug":"communications","status":"publish","type":"page","link":"https:\/\/wp.unil.ch\/cinematheque-unil\/projets\/nagra\/communications\/","title":{"rendered":"Communications"},"content":{"rendered":"<ol class=\"breadcrumb\">\n<li><a href=\"https:\/\/wp.unil.ch\/cinematheque-unil\/projets\/\">Projets collectifs<\/a><\/li>\n<li><a href=\"https:\/\/wp.unil.ch\/cinematheque-unil\/projets\/nagra\/\">Nagra<\/a><\/li>\n<li class=\"current\"><a href=\"https:\/\/wp.unil.ch\/cinematheque-unil\/projets\/nagra\/communications\/\">Communications<\/a><\/li>\n<\/ol>\n<div style=\"background-color: #f5f5f5\">\n<h3 style=\"text-align: center\">Communications<\/h3>\n<p style=\"text-align: justify;font-size: medium;margin-left: 138px;text-indent: -34px\">St\u00e9phane Tralongo, \u00ab Les voix enfouies de l&rsquo;exp\u00e9dition. L&rsquo;enregistreur \u00e0 bande magn\u00e9tique en situation d&rsquo;exp\u00e9dition ethnographique (Niger, 1953) \u00bb, colloque international <em>L\u2019\u00e9quipe de film \u00e0 l&rsquo;\u00e9preuve du territoire<\/em>, sous la direction de B\u00e9r\u00e9nice Bonhomme, Morgan Lefeuvre, Katalin P\u00f3r, Caroline Renouard et Gwena\u00eble Rot, Centre culturel international de Cerisy, Cerisy-la-Salle, France, 20 juin 2025.<\/p>\n<p style=\"text-align: justify;font-size: medium;margin-left: 138px;text-indent: -34px\">Lucas Iliani, \u00ab\u00a0L\u2019enregistreur autonome de la Radio suisse italienne : l\u2019exemple du MARSI et d\u2019un d\u00e9veloppement \u00e0 l\u2019interne (1955-1957) \u00bb, colloque international <em>La radio comme laboratoire de l\u2019innovation. Perspectives francophones (1920-1990)<\/em>, sous la direction de Fran\u00e7ois Vallotton et Nelly Valsangiacomo, Universit\u00e9 de Lausanne, Lausanne, Suisse, 24 octobre 2024.<\/p>\n<p style=\"text-align: justify;font-size: medium;margin-left: 138px;text-indent: -34px\">Lucas Iliani, \u00ab De la radio \u00e0 la t\u00e9l\u00e9vision : le travail de reporter freelance de Fernand Gigon (1954-1980) \u00bb, pr\u00e9sentation dans le cadre des rencontres \u00ab Midi TV \u00bb, Universit\u00e9 de Lausanne, Lausanne, Suisse, 28 mars 2024.<\/p>\n<p style=\"text-align: justify;font-size: medium;margin-left: 138px;text-indent: -34px\">Lucas Iliani, mod\u00e9ration de la \u00ab Masterclass Marguerite Kudelski \u00bb, Geneva International Film Festival, Gen\u00e8ve, Suisse, 3 novembre 2023.<\/p>\n<p style=\"text-align: justify;font-size: medium;margin-left: 138px;text-indent: -34px\">Lucas Iliani et St\u00e9phane Tralongo, \u00ab Arch\u00e9ologie des m\u00e9dias sonores \u00bb, dans le cadre du s\u00e9minaire \u00ab Th\u00e9orie et m\u00e9thodes en Sciences historiques de la culture \u00bb, sous la responsabilit\u00e9 de Nelly Valsangiacomo, Universit\u00e9 de Lausanne, Lausanne, Suisse, 29 mars 2023.<\/p>\n<p style=\"text-align: justify;font-size: medium;margin-left: 138px;text-indent: -34px\">St\u00e9phane Tralongo, \u00ab\u00a0Disturbing Juxtapositions: The Introduction of the Tape Recorder as a Fieldwork Tool in Swiss Expeditions \u00bb, colloque international <em>format : dispositif<\/em>, sous la direction de Fabienne Liptay et Beno\u00eet Turquety, Universit\u00e4t Z\u00fcrich, Z\u00fcrich, Suisse, 9 juin 2022.<\/p>\n<p style=\"text-align: justify;font-size: medium;margin-left: 138px;text-indent: -34px\">St\u00e9phane Tralongo, \u00ab Capter l\u2019\u00e9coute. Dispositifs d\u2019audition des voix magn\u00e9tiques en contexte colonial \u00bb, dans le cadre du s\u00e9minaire \u00ab Chasseurs de sons \u00bb, sous la responsabilit\u00e9 de Nelly Valsangiacomo, Universit\u00e9 de Lausanne, Lausanne, Suisse, 10 mai 2022 ; et du s\u00e9minaire \u00ab Recherche et interpr\u00e9tation des sources documentaires \u00bb, sous la responsabilit\u00e9 de Madeleine Leclair, Universit\u00e9 de Gen\u00e8ve, Gen\u00e8ve, Suisse, 18 octobre 2022.<\/p>\n<\/div>\n","protected":false},"excerpt":{"rendered":"<p>Projets collectifs Nagra Communications Communications St\u00e9phane Tralongo, \u00ab Les voix enfouies de l&rsquo;exp\u00e9dition. L&rsquo;enregistreur \u00e0 bande magn\u00e9tique en situation d&rsquo;exp\u00e9dition ethnographique (Niger, 1953) \u00bb, colloque international L\u2019\u00e9quipe de film \u00e0 l&rsquo;\u00e9preuve du territoire, sous la direction de B\u00e9r\u00e9nice Bonhomme, Morgan<\/p>\n","protected":false},"author":1469,"featured_media":0,"parent":8382,"menu_order":0,"comment_status":"closed","ping_status":"closed","template":"","meta":{"_seopress_robots_primary_cat":"","_seopress_titles_title":"","_seopress_titles_desc":"","_seopress_robots_index":"","footnotes":""},"class_list":["post-8394","page","type-page","status-publish"],"_links":{"self":[{"href":"https:\/\/wp.unil.ch\/cinematheque-unil\/wp-json\/wp\/v2\/pages\/8394","targetHints":{"allow":["GET"]}}],"collection":[{"href":"https:\/\/wp.unil.ch\/cinematheque-unil\/wp-json\/wp\/v2\/pages"}],"about":[{"href":"https:\/\/wp.unil.ch\/cinematheque-unil\/wp-json\/wp\/v2\/types\/page"}],"author":[{"embeddable":true,"href":"https:\/\/wp.unil.ch\/cinematheque-unil\/wp-json\/wp\/v2\/users\/1469"}],"replies":[{"embeddable":true,"href":"https:\/\/wp.unil.ch\/cinematheque-unil\/wp-json\/wp\/v2\/comments?post=8394"}],"version-history":[{"count":4,"href":"https:\/\/wp.unil.ch\/cinematheque-unil\/wp-json\/wp\/v2\/pages\/8394\/revisions"}],"predecessor-version":[{"id":8720,"href":"https:\/\/wp.unil.ch\/cinematheque-unil\/wp-json\/wp\/v2\/pages\/8394\/revisions\/8720"}],"up":[{"embeddable":true,"href":"https:\/\/wp.unil.ch\/cinematheque-unil\/wp-json\/wp\/v2\/pages\/8382"}],"wp:attachment":[{"href":"https:\/\/wp.unil.ch\/cinematheque-unil\/wp-json\/wp\/v2\/media?parent=8394"}],"curies":[{"name":"wp","href":"https:\/\/api.w.org\/{rel}","templated":true}]}}