{"id":8382,"date":"2025-02-03T16:38:04","date_gmt":"2025-02-03T15:38:04","guid":{"rendered":"https:\/\/wp.unil.ch\/cinematheque-unil\/?page_id=8382"},"modified":"2025-02-03T16:54:45","modified_gmt":"2025-02-03T15:54:45","slug":"nagra","status":"publish","type":"page","link":"https:\/\/wp.unil.ch\/cinematheque-unil\/projets\/nagra\/","title":{"rendered":"Nagra"},"content":{"rendered":"<div style=\"background-color: #f5f5f5\">\n<p style=\"color: #24445c;text-align: center;font-size: large\"><strong>Nagra, histoire du cin\u00e9ma<\/strong><br \/>\n<strong>et arch\u00e9ologie des m\u00e9dias sonores en Suisse<\/strong><\/p>\n<p style=\"text-align: center;font-size: medium\"><img loading=\"lazy\" decoding=\"async\" class=\"aligncenter wp-image-1416 size-full\" src=\"https:\/\/wp.unil.ch\/cinematheque-unil\/files\/2025\/02\/SECTION_NAGRA.jpg\" alt=\"SECTION_04\" width=\"1024\" height=\"300\" \/><\/p>\n<p style=\"text-align: center;font-size: small\"><a title=\"Pr\u00e9sentation\" href=\"https:\/\/wp.unil.ch\/cinematheque-unil\/nagra-histoire-du-cinema-et-archeologie-des-medias-sonores-en-suisse\/\">PR\u00c9SENTATION<\/a> | <a title=\"Communications\" href=\"https:\/\/wp.unil.ch\/cinematheque-unil\/projets\/nagra\/communications\/\">COMMUNICATIONS<\/a> | PUBLICATIONS\u00a0| EXPOSITION <br \/>\nCOLLOQUE | BIBLIOGRAPHIE S\u00c9LECTIVE | PARTENAIRES<\/p>\n<p style=\"font-size: small;text-align: right\">Illustration : Fredi M. Murer, <em>Grauzone<\/em>, 1979.<br \/>\n\u00a9 Fredi M. Murer.<\/p>\n<\/div>\n","protected":false},"excerpt":{"rendered":"<p>Nagra, histoire du cin\u00e9ma et arch\u00e9ologie des m\u00e9dias sonores en Suisse PR\u00c9SENTATION | COMMUNICATIONS | PUBLICATIONS\u00a0| EXPOSITION COLLOQUE | BIBLIOGRAPHIE S\u00c9LECTIVE | PARTENAIRES Illustration : Fredi M. Murer, Grauzone, 1979. \u00a9 Fredi M. Murer.<\/p>\n","protected":false},"author":1469,"featured_media":0,"parent":79,"menu_order":0,"comment_status":"closed","ping_status":"closed","template":"","meta":{"_seopress_robots_primary_cat":"","_seopress_titles_title":"","_seopress_titles_desc":"","_seopress_robots_index":"","footnotes":""},"class_list":["post-8382","page","type-page","status-publish"],"_links":{"self":[{"href":"https:\/\/wp.unil.ch\/cinematheque-unil\/wp-json\/wp\/v2\/pages\/8382","targetHints":{"allow":["GET"]}}],"collection":[{"href":"https:\/\/wp.unil.ch\/cinematheque-unil\/wp-json\/wp\/v2\/pages"}],"about":[{"href":"https:\/\/wp.unil.ch\/cinematheque-unil\/wp-json\/wp\/v2\/types\/page"}],"author":[{"embeddable":true,"href":"https:\/\/wp.unil.ch\/cinematheque-unil\/wp-json\/wp\/v2\/users\/1469"}],"replies":[{"embeddable":true,"href":"https:\/\/wp.unil.ch\/cinematheque-unil\/wp-json\/wp\/v2\/comments?post=8382"}],"version-history":[{"count":4,"href":"https:\/\/wp.unil.ch\/cinematheque-unil\/wp-json\/wp\/v2\/pages\/8382\/revisions"}],"predecessor-version":[{"id":8402,"href":"https:\/\/wp.unil.ch\/cinematheque-unil\/wp-json\/wp\/v2\/pages\/8382\/revisions\/8402"}],"up":[{"embeddable":true,"href":"https:\/\/wp.unil.ch\/cinematheque-unil\/wp-json\/wp\/v2\/pages\/79"}],"wp:attachment":[{"href":"https:\/\/wp.unil.ch\/cinematheque-unil\/wp-json\/wp\/v2\/media?parent=8382"}],"curies":[{"name":"wp","href":"https:\/\/api.w.org\/{rel}","templated":true}]}}