{"id":8309,"date":"2025-01-27T10:43:39","date_gmt":"2025-01-27T09:43:39","guid":{"rendered":"https:\/\/wp.unil.ch\/cinematheque-unil\/?page_id=8309"},"modified":"2025-02-24T11:21:16","modified_gmt":"2025-02-24T10:21:16","slug":"revue-de-presse","status":"publish","type":"page","link":"https:\/\/wp.unil.ch\/cinematheque-unil\/histoire-de-lanimation-suisse-francophone\/revue-de-presse\/","title":{"rendered":"Revue de presse"},"content":{"rendered":"<ol class=\"breadcrumb\">\n<li><a href=\"https:\/\/wp.unil.ch\/cinematheque-unil\/projets\/\">Projets<\/a><\/li>\n<li><a href=\"https:\/\/wp.unil.ch\/cinematheque-unil\/projets\/histoire-de-lanimation-suisse-francophone\/\">Histoire de l\u2019animation suisse francophone<\/a><\/li>\n<li class=\"current\"><a href=\"https:\/\/wp.unil.ch\/cinematheque-unil\/revue-de-presse\/\">M\u00e9diation<\/a><\/li>\n<\/ol>\n\n\n<h2 class=\"wp-block-heading\"><strong>Revue de presse<\/strong><\/h2>\n\n\n\n<h5 class=\"wp-block-heading\"><strong><\/strong><strong>Janvier <\/strong>2025<\/h5>\n\n\n\n<p><strong>Article dans L&rsquo;Agenda du 6 janvier 2025<\/strong> consacr\u00e9 \u00e0 l&rsquo;exposition au Mus\u00e9e Alexis Forel et \u00e0 histoire de l\u2019animation de sable suisse.<\/p>\n\n\n\n<figure class=\"wp-block-image size-full\"><a href=\"https:\/\/wp.unil.ch\/cinematheque-unil\/files\/2025\/01\/20250106_LAgenda.png\"><img alt=\"\" loading=\"lazy\" decoding=\"async\" width=\"815\" height=\"879\" src=\"https:\/\/wp.unil.ch\/cinematheque-unil\/files\/2025\/01\/20250106_LAgenda.png\" alt=\"\" class=\"wp-image-8321\" srcset=\"https:\/\/wp.unil.ch\/cinematheque-unil\/files\/2025\/01\/20250106_LAgenda.png 815w, https:\/\/wp.unil.ch\/cinematheque-unil\/files\/2025\/01\/20250106_LAgenda-278x300.png 278w, https:\/\/wp.unil.ch\/cinematheque-unil\/files\/2025\/01\/20250106_LAgenda-768x828.png 768w\" sizes=\"auto, (max-width: 815px) 100vw, 815px\" \/><\/a><\/figure>\n\n\n\n<p><a href=\"https:\/\/www.l-agenda.ch\/animation-de-sable-musee-alexis-forel\/\" target=\"_blank\" rel=\"noreferrer noopener\">Lien vers l&rsquo;article sur le site de L&rsquo;Agenda<\/a><\/p>\n\n\n\n<hr class=\"wp-block-separator has-alpha-channel-opacity is-style-wide\" \/>\n\n\n\n<p><strong>\u00c9mission <em>Vertigo<\/em> du 20 janvier 2025<\/strong> d\u00e9di\u00e9e \u00e0 l&rsquo;exposition au Mus\u00e9e Alexis Forel.<\/p>\n\n\n\n<p><\/p>\n\n\n\n<figure class=\"wp-block-image size-large\"><a href=\"https:\/\/wp.unil.ch\/cinematheque-unil\/files\/2025\/01\/20250120_Vertigo.png\"><img alt=\"\" loading=\"lazy\" decoding=\"async\" width=\"1024\" height=\"531\" src=\"https:\/\/wp.unil.ch\/cinematheque-unil\/files\/2025\/01\/20250120_Vertigo-1024x531.png\" alt=\"\" class=\"wp-image-8375\" srcset=\"https:\/\/wp.unil.ch\/cinematheque-unil\/files\/2025\/01\/20250120_Vertigo-1024x531.png 1024w, https:\/\/wp.unil.ch\/cinematheque-unil\/files\/2025\/01\/20250120_Vertigo-300x156.png 300w, https:\/\/wp.unil.ch\/cinematheque-unil\/files\/2025\/01\/20250120_Vertigo-768x398.png 768w, https:\/\/wp.unil.ch\/cinematheque-unil\/files\/2025\/01\/20250120_Vertigo-1536x796.png 1536w, https:\/\/wp.unil.ch\/cinematheque-unil\/files\/2025\/01\/20250120_Vertigo-2048x1062.png 2048w\" sizes=\"auto, (max-width: 1024px) 100vw, 1024px\" \/><\/a><\/figure>\n\n\n\n<figure class=\"wp-block-audio\"><audio controls src=\"https:\/\/wp.unil.ch\/cinematheque-unil\/files\/2025\/01\/20250120_Vertigo.mp3\"><\/audio><\/figure>\n\n\n\n<p><a href=\"https:\/\/www.rts.ch\/audio-podcast\/2025\/audio\/autant-en-emporte-le-sable-28762498.html\" target=\"_blank\" rel=\"noreferrer noopener\">Lien vers l&rsquo;\u00e9mission sur le site de la RTS<\/a><\/p>\n\n\n\n<hr class=\"wp-block-separator has-alpha-channel-opacity is-style-wide\" \/>\n\n\n\n<h5 class=\"wp-block-heading\"><strong><\/strong><strong>D\u00e9cembre 2024<\/strong><\/h5>\n\n\n\n<p><strong>Article et vid\u00e9o de LabeLettres<\/strong> consacr\u00e9s au livre <em>Gis\u00e8le Ansorge, la cam\u00e9ra, le pinceau et la plume<\/em>.<\/p>\n\n\n\n<figure class=\"wp-block-image size-large\"><a href=\"https:\/\/wp.unil.ch\/labelettres\/gisele-ansorge-la-camera-le-pinceau-et-la-plume\/\" target=\"_blank\" rel=\" noreferrer noopener\"><img alt=\"\" loading=\"lazy\" decoding=\"async\" width=\"1024\" height=\"676\" src=\"https:\/\/wp.unil.ch\/cinematheque-unil\/files\/2025\/01\/202412_LabeLettres-1024x676.png\" alt=\"\" class=\"wp-image-8334\" srcset=\"https:\/\/wp.unil.ch\/cinematheque-unil\/files\/2025\/01\/202412_LabeLettres-1024x676.png 1024w, https:\/\/wp.unil.ch\/cinematheque-unil\/files\/2025\/01\/202412_LabeLettres-300x198.png 300w, https:\/\/wp.unil.ch\/cinematheque-unil\/files\/2025\/01\/202412_LabeLettres-768x507.png 768w, https:\/\/wp.unil.ch\/cinematheque-unil\/files\/2025\/01\/202412_LabeLettres.png 1303w\" sizes=\"auto, (max-width: 1024px) 100vw, 1024px\" \/><\/a><\/figure>\n\n\n\n<p><a href=\"https:\/\/wp.unil.ch\/labelettres\/gisele-ansorge-la-camera-le-pinceau-et-la-plume\/\" target=\"_blank\" rel=\"noreferrer noopener\">Lien vers l&rsquo;article sur le site LabeLettres<\/a><\/p>\n\n\n\n<p><a href=\"https:\/\/www.youtube.com\/watch?v=y0P7P58Y-GQ\" target=\"_blank\" rel=\"noreferrer noopener\">Lien vers la vid\u00e9o sur YouTube<\/a><\/p>\n\n\n\n<hr class=\"wp-block-separator has-alpha-channel-opacity is-style-wide\" \/>\n\n\n\n<h5 class=\"wp-block-heading\"><strong><\/strong><strong>Novembre 2024<\/strong><\/h5>\n\n\n\n<p><strong>Article dans le <em>Journal de Morges<\/em> du 15 novembre 2024 <\/strong>sur l&rsquo;exposition au Mus\u00e9e Alexis Forel.<\/p>\n\n\n\n<p><\/p>\n\n\n\n<figure class=\"wp-block-image size-full\"><a href=\"https:\/\/wp.unil.ch\/cinematheque-unil\/files\/2025\/01\/20241115_Journal-de-Morges-conv-1.png\"><img alt=\"\" loading=\"lazy\" decoding=\"async\" width=\"804\" height=\"1200\" src=\"https:\/\/wp.unil.ch\/cinematheque-unil\/files\/2025\/01\/20241115_Journal-de-Morges-conv-1.png\" alt=\"\" class=\"wp-image-8377\" srcset=\"https:\/\/wp.unil.ch\/cinematheque-unil\/files\/2025\/01\/20241115_Journal-de-Morges-conv-1.png 804w, https:\/\/wp.unil.ch\/cinematheque-unil\/files\/2025\/01\/20241115_Journal-de-Morges-conv-1-201x300.png 201w, https:\/\/wp.unil.ch\/cinematheque-unil\/files\/2025\/01\/20241115_Journal-de-Morges-conv-1-686x1024.png 686w, https:\/\/wp.unil.ch\/cinematheque-unil\/files\/2025\/01\/20241115_Journal-de-Morges-conv-1-768x1146.png 768w\" sizes=\"auto, (max-width: 804px) 100vw, 804px\" \/><\/a><\/figure>\n\n\n\n<p><a href=\"https:\/\/journaldemorges.ch\/actualite\/culture\/tempete-de-sable-au-musee-forel\/\" target=\"_blank\" rel=\"noreferrer noopener\">Lien vers l&rsquo;article sur le site du journal<\/a><\/p>\n\n\n\n<hr class=\"wp-block-separator has-alpha-channel-opacity is-style-wide\" \/>\n\n\n\n<p><strong>Article dans <em>24Heures<\/em> du 16 novembre 2024<\/strong>&nbsp;sur l\u2019animation de sable \u00e0 l&rsquo;occasion de l&rsquo;exposition au Mus\u00e9e Alexis Forel.<\/p>\n\n\n\n<p><\/p>\n\n\n\n<figure class=\"wp-block-image size-full\"><a href=\"https:\/\/wp.unil.ch\/cinematheque-unil\/files\/2025\/01\/20241116_24Heures-conv-1.png\"><img alt=\"\" loading=\"lazy\" decoding=\"async\" width=\"804\" height=\"1200\" src=\"https:\/\/wp.unil.ch\/cinematheque-unil\/files\/2025\/01\/20241116_24Heures-conv-1.png\" alt=\"\" class=\"wp-image-8376\" srcset=\"https:\/\/wp.unil.ch\/cinematheque-unil\/files\/2025\/01\/20241116_24Heures-conv-1.png 804w, https:\/\/wp.unil.ch\/cinematheque-unil\/files\/2025\/01\/20241116_24Heures-conv-1-201x300.png 201w, https:\/\/wp.unil.ch\/cinematheque-unil\/files\/2025\/01\/20241116_24Heures-conv-1-686x1024.png 686w, https:\/\/wp.unil.ch\/cinematheque-unil\/files\/2025\/01\/20241116_24Heures-conv-1-768x1146.png 768w\" sizes=\"auto, (max-width: 804px) 100vw, 804px\" \/><\/a><\/figure>\n\n\n\n<p><a href=\"https:\/\/www.24heures.ch\/a-morges-une-expo-raconte-le-film-danimation-avec-du-sable-394649573351\" target=\"_blank\" rel=\"noreferrer noopener\">Lien vers l&rsquo;article sur le site du journal<\/a><\/p>\n\n\n\n<hr class=\"wp-block-separator has-alpha-channel-opacity is-style-wide\" \/>\n\n\n\n<h5 class=\"wp-block-heading\"><strong><\/strong><strong>Octobre 2024<\/strong><\/h5>\n\n\n\n<p><strong>Article de St\u00e9phane Gobbo dans <\/strong><strong><em>Le Temps<\/em> du 12&nbsp;octobre 2024<\/strong> \u00ab&nbsp;Une histoire de l\u2019animation suisse francophone&nbsp;\u00bb.<\/p>\n\n\n\n<hr class=\"wp-block-separator has-alpha-channel-opacity is-style-wide\" \/>\n\n\n\n<p><strong>Article dans le num\u00e9ro 89 du magazine de l&rsquo;Universit\u00e9 de Lausanne <em>Allez Savoir!<\/em><\/strong> sur l&rsquo;exposition au Mus\u00e9e Alexis Forel consacr\u00e9e \u00e0 l&rsquo;animation de sable<\/p>\n\n\n\n<p><\/p>\n\n\n\n<figure class=\"wp-block-gallery has-nested-images columns-default is-cropped wp-block-gallery-1 is-layout-flex wp-block-gallery-is-layout-flex\">\n<figure class=\"wp-block-image size-large\"><a href=\"https:\/\/wp.unil.ch\/cinematheque-unil\/files\/2025\/01\/2024_AllezSavoir_87-conv-6.jpeg\"><img alt=\"\" loading=\"lazy\" decoding=\"async\" width=\"724\" height=\"1024\" data-id=\"8314\" src=\"https:\/\/wp.unil.ch\/cinematheque-unil\/files\/2025\/01\/2024_AllezSavoir_87-conv-6-724x1024.jpeg\" alt=\"\" class=\"wp-image-8314\" srcset=\"https:\/\/wp.unil.ch\/cinematheque-unil\/files\/2025\/01\/2024_AllezSavoir_87-conv-6-724x1024.jpeg 724w, https:\/\/wp.unil.ch\/cinematheque-unil\/files\/2025\/01\/2024_AllezSavoir_87-conv-6-212x300.jpeg 212w, https:\/\/wp.unil.ch\/cinematheque-unil\/files\/2025\/01\/2024_AllezSavoir_87-conv-6-768x1087.jpeg 768w, https:\/\/wp.unil.ch\/cinematheque-unil\/files\/2025\/01\/2024_AllezSavoir_87-conv-6.jpeg 848w\" sizes=\"auto, (max-width: 724px) 100vw, 724px\" \/><\/a><\/figure>\n\n\n\n<figure class=\"wp-block-image size-large\"><a href=\"https:\/\/wp.unil.ch\/cinematheque-unil\/files\/2025\/01\/2024_AllezSavoir_87-conv-7.jpeg\"><img alt=\"\" loading=\"lazy\" decoding=\"async\" width=\"724\" height=\"1024\" data-id=\"8315\" src=\"https:\/\/wp.unil.ch\/cinematheque-unil\/files\/2025\/01\/2024_AllezSavoir_87-conv-7-724x1024.jpeg\" alt=\"\" class=\"wp-image-8315\" srcset=\"https:\/\/wp.unil.ch\/cinematheque-unil\/files\/2025\/01\/2024_AllezSavoir_87-conv-7-724x1024.jpeg 724w, https:\/\/wp.unil.ch\/cinematheque-unil\/files\/2025\/01\/2024_AllezSavoir_87-conv-7-212x300.jpeg 212w, https:\/\/wp.unil.ch\/cinematheque-unil\/files\/2025\/01\/2024_AllezSavoir_87-conv-7-768x1087.jpeg 768w, https:\/\/wp.unil.ch\/cinematheque-unil\/files\/2025\/01\/2024_AllezSavoir_87-conv-7.jpeg 848w\" sizes=\"auto, (max-width: 724px) 100vw, 724px\" \/><\/a><\/figure>\n<\/figure>\n\n\n\n<p><a href=\"https:\/\/wp.unil.ch\/allezsavoir\/la-magie-du-sable\/\" target=\"_blank\" rel=\"noreferrer noopener\">Lien vers l&rsquo;article sur le site du magazine<\/a><\/p>\n\n\n\n<hr class=\"wp-block-separator has-alpha-channel-opacity is-style-wide\" \/>\n\n\n\n<p><strong>Segment du 19:30 de la RTS du 31 octobre 2024 <\/strong>consacr\u00e9 \u00e0 l\u2019exposition Grains de folie au Mus\u00e9e Alexis Forel de Morges<\/p>\n\n\n\n<figure class=\"wp-block-image size-full\"><a href=\"https:\/\/www.rts.ch\/play\/tv\/19h30\/video\/lexposition-grains-de-folie-met-en-lumiere-le-cinema-danimation-de-sable-au-musee-alexis-forel-a-morges?urn=urn:rts:video:15259884\" target=\"_blank\" rel=\" noreferrer noopener\"><img alt=\"\" loading=\"lazy\" decoding=\"async\" width=\"800\" height=\"447\" src=\"https:\/\/wp.unil.ch\/cinematheque-unil\/files\/2025\/02\/RTS1.jpg\" alt=\"\" class=\"wp-image-8451\" srcset=\"https:\/\/wp.unil.ch\/cinematheque-unil\/files\/2025\/02\/RTS1.jpg 800w, https:\/\/wp.unil.ch\/cinematheque-unil\/files\/2025\/02\/RTS1-300x168.jpg 300w, https:\/\/wp.unil.ch\/cinematheque-unil\/files\/2025\/02\/RTS1-768x429.jpg 768w\" sizes=\"auto, (max-width: 800px) 100vw, 800px\" \/><\/a><\/figure>\n\n\n\n<p><a href=\"https:\/\/www.rts.ch\/play\/tv\/19h30\/video\/lexposition-grains-de-folie-met-en-lumiere-le-cinema-danimation-de-sable-au-musee-alexis-forel-a-morges?urn=urn:rts:video:15259884\" target=\"_blank\" rel=\"noreferrer noopener\">Lien vers le segment sur le site de la RTS<\/a><\/p>\n\n\n\n<hr class=\"wp-block-separator has-alpha-channel-opacity is-style-wide\" \/>\n\n\n\n<h5 class=\"wp-block-heading\"><strong>Juin 2024<\/strong><\/h5>\n\n\n\n<p><strong>Article dans le magazine de l&rsquo;Universit\u00e9 de Lausanne <em>L\u2019Uniscope<\/em><\/strong> sur l&rsquo;exposition \u00e0 venir au Mus\u00e9e Alexis Forel sur l&rsquo;animation de sable.<\/p>\n\n\n\n<p><\/p>\n\n\n\n<figure class=\"wp-block-gallery has-nested-images columns-3 wp-block-gallery-2 is-layout-flex wp-block-gallery-is-layout-flex\">\n<figure class=\"wp-block-image size-full\"><a href=\"https:\/\/wp.unil.ch\/cinematheque-unil\/files\/2024\/10\/202406_Uniscope-0001-2.jpg\"><img alt=\"\" loading=\"lazy\" decoding=\"async\" width=\"870\" height=\"814\" data-id=\"8167\" src=\"https:\/\/wp.unil.ch\/cinematheque-unil\/files\/2024\/10\/202406_Uniscope-0001-2.jpg\" alt=\"\" class=\"wp-image-8167\" srcset=\"https:\/\/wp.unil.ch\/cinematheque-unil\/files\/2024\/10\/202406_Uniscope-0001-2.jpg 870w, https:\/\/wp.unil.ch\/cinematheque-unil\/files\/2024\/10\/202406_Uniscope-0001-2-300x281.jpg 300w, https:\/\/wp.unil.ch\/cinematheque-unil\/files\/2024\/10\/202406_Uniscope-0001-2-768x719.jpg 768w\" sizes=\"auto, (max-width: 870px) 100vw, 870px\" \/><\/a><\/figure>\n\n\n\n<figure class=\"wp-block-image size-full\"><a href=\"https:\/\/wp.unil.ch\/cinematheque-unil\/files\/2024\/10\/202406_Uniscope-0002-2.jpg\"><img alt=\"\" loading=\"lazy\" decoding=\"async\" width=\"606\" height=\"946\" data-id=\"8169\" src=\"https:\/\/wp.unil.ch\/cinematheque-unil\/files\/2024\/10\/202406_Uniscope-0002-2.jpg\" alt=\"\" class=\"wp-image-8169\" srcset=\"https:\/\/wp.unil.ch\/cinematheque-unil\/files\/2024\/10\/202406_Uniscope-0002-2.jpg 606w, https:\/\/wp.unil.ch\/cinematheque-unil\/files\/2024\/10\/202406_Uniscope-0002-2-192x300.jpg 192w\" sizes=\"auto, (max-width: 606px) 100vw, 606px\" \/><\/a><\/figure>\n\n\n\n<figure class=\"wp-block-image size-full\"><a href=\"https:\/\/wp.unil.ch\/cinematheque-unil\/files\/2024\/10\/202406_Uniscope-0003-2.jpg\"><img alt=\"\" loading=\"lazy\" decoding=\"async\" width=\"513\" height=\"663\" data-id=\"8168\" src=\"https:\/\/wp.unil.ch\/cinematheque-unil\/files\/2024\/10\/202406_Uniscope-0003-2.jpg\" alt=\"\" class=\"wp-image-8168\" srcset=\"https:\/\/wp.unil.ch\/cinematheque-unil\/files\/2024\/10\/202406_Uniscope-0003-2.jpg 513w, https:\/\/wp.unil.ch\/cinematheque-unil\/files\/2024\/10\/202406_Uniscope-0003-2-232x300.jpg 232w\" sizes=\"auto, (max-width: 513px) 100vw, 513px\" \/><\/a><\/figure>\n<\/figure>\n\n\n\n<p><a href=\"https:\/\/wp.unil.ch\/uniscope\/une-exposition-salue-loeuvre-au-sable-de-gisele-et-nag-ansorge\/\" target=\"_blank\" rel=\"noreferrer noopener\">Lien vers l&rsquo;article sur le site de L&rsquo;Uniscope<\/a><\/p>\n\n\n\n<hr class=\"wp-block-separator has-alpha-channel-opacity is-style-wide\" \/>\n\n\n\n<h5 class=\"wp-block-heading\"><strong>Mai 2024<\/strong><\/h5>\n\n\n\n<p><strong>Article  num\u00e9ro 86 du magazine de l&rsquo;Universit\u00e9 de Lausanne <em>Allez Savoir!<\/em><\/strong> consacr\u00e9 au projet.<\/p>\n\n\n\n<p><\/p>\n\n\n\n<figure class=\"wp-block-gallery has-nested-images columns-default is-cropped wp-block-gallery-3 is-layout-flex wp-block-gallery-is-layout-flex\">\n<figure class=\"wp-block-image size-large\"><a href=\"https:\/\/wp.unil.ch\/cinematheque-unil\/files\/2024\/10\/2024_Allez_savoir_animation_UNIL_page-0001-1.jpg\"><img alt=\"\" loading=\"lazy\" decoding=\"async\" width=\"724\" height=\"1024\" data-id=\"8082\" src=\"https:\/\/wp.unil.ch\/cinematheque-unil\/files\/2024\/10\/2024_Allez_savoir_animation_UNIL_page-0001-1-724x1024.jpg\" alt=\"\" class=\"wp-image-8082\" srcset=\"https:\/\/wp.unil.ch\/cinematheque-unil\/files\/2024\/10\/2024_Allez_savoir_animation_UNIL_page-0001-1-724x1024.jpg 724w, https:\/\/wp.unil.ch\/cinematheque-unil\/files\/2024\/10\/2024_Allez_savoir_animation_UNIL_page-0001-1-212x300.jpg 212w, https:\/\/wp.unil.ch\/cinematheque-unil\/files\/2024\/10\/2024_Allez_savoir_animation_UNIL_page-0001-1-768x1086.jpg 768w, https:\/\/wp.unil.ch\/cinematheque-unil\/files\/2024\/10\/2024_Allez_savoir_animation_UNIL_page-0001-1.jpg 849w\" sizes=\"auto, (max-width: 724px) 100vw, 724px\" \/><\/a><\/figure>\n\n\n\n<figure class=\"wp-block-image size-large\"><a href=\"https:\/\/wp.unil.ch\/cinematheque-unil\/files\/2024\/10\/2024_Allez_savoir_animation_UNIL_page-0002-1.jpg\"><img alt=\"\" loading=\"lazy\" decoding=\"async\" width=\"724\" height=\"1024\" data-id=\"8081\" src=\"https:\/\/wp.unil.ch\/cinematheque-unil\/files\/2024\/10\/2024_Allez_savoir_animation_UNIL_page-0002-1-724x1024.jpg\" alt=\"\" class=\"wp-image-8081\" srcset=\"https:\/\/wp.unil.ch\/cinematheque-unil\/files\/2024\/10\/2024_Allez_savoir_animation_UNIL_page-0002-1-724x1024.jpg 724w, https:\/\/wp.unil.ch\/cinematheque-unil\/files\/2024\/10\/2024_Allez_savoir_animation_UNIL_page-0002-1-212x300.jpg 212w, https:\/\/wp.unil.ch\/cinematheque-unil\/files\/2024\/10\/2024_Allez_savoir_animation_UNIL_page-0002-1-768x1086.jpg 768w, https:\/\/wp.unil.ch\/cinematheque-unil\/files\/2024\/10\/2024_Allez_savoir_animation_UNIL_page-0002-1.jpg 849w\" sizes=\"auto, (max-width: 724px) 100vw, 724px\" \/><\/a><\/figure>\n<\/figure>\n\n\n\n<p><a href=\"https:\/\/wp.unil.ch\/allezsavoir\/en-direct-du-campus-33\/\" target=\"_blank\" rel=\"noreferrer noopener\">Lien vers l&rsquo;article sur le site du magazine<\/a><\/p>\n\n\n\n<hr class=\"wp-block-separator has-alpha-channel-opacity is-style-wide\" \/>\n\n\n\n<p><strong>Entretien avec Maria Tortajada dans le num\u00e9ro 545 de la revue <em>Cin\u00e9bulletin<\/em><\/strong><\/p>\n\n\n\n<p><\/p>\n\n\n\n<figure class=\"wp-block-gallery has-nested-images columns-default wp-block-gallery-4 is-layout-flex wp-block-gallery-is-layout-flex\">\n<figure class=\"wp-block-image size-large\"><a href=\"https:\/\/wp.unil.ch\/cinematheque-unil\/files\/2024\/10\/202405_Cinebulletin_546_page-0001-1.jpg\"><img alt=\"\" loading=\"lazy\" decoding=\"async\" width=\"724\" height=\"1024\" data-id=\"8103\" src=\"https:\/\/wp.unil.ch\/cinematheque-unil\/files\/2024\/10\/202405_Cinebulletin_546_page-0001-1-724x1024.jpg\" alt=\"\" class=\"wp-image-8103\" srcset=\"https:\/\/wp.unil.ch\/cinematheque-unil\/files\/2024\/10\/202405_Cinebulletin_546_page-0001-1-724x1024.jpg 724w, https:\/\/wp.unil.ch\/cinematheque-unil\/files\/2024\/10\/202405_Cinebulletin_546_page-0001-1-212x300.jpg 212w, https:\/\/wp.unil.ch\/cinematheque-unil\/files\/2024\/10\/202405_Cinebulletin_546_page-0001-1-768x1086.jpg 768w, https:\/\/wp.unil.ch\/cinematheque-unil\/files\/2024\/10\/202405_Cinebulletin_546_page-0001-1.jpg 849w\" sizes=\"auto, (max-width: 724px) 100vw, 724px\" \/><\/a><\/figure>\n\n\n\n<figure class=\"wp-block-image size-large\"><a href=\"https:\/\/wp.unil.ch\/cinematheque-unil\/files\/2024\/10\/202405_Cinebulletin_546_page-0002-1.jpg\"><img alt=\"\" loading=\"lazy\" decoding=\"async\" width=\"724\" height=\"1024\" data-id=\"8102\" src=\"https:\/\/wp.unil.ch\/cinematheque-unil\/files\/2024\/10\/202405_Cinebulletin_546_page-0002-1-724x1024.jpg\" alt=\"\" class=\"wp-image-8102\" srcset=\"https:\/\/wp.unil.ch\/cinematheque-unil\/files\/2024\/10\/202405_Cinebulletin_546_page-0002-1-724x1024.jpg 724w, https:\/\/wp.unil.ch\/cinematheque-unil\/files\/2024\/10\/202405_Cinebulletin_546_page-0002-1-212x300.jpg 212w, https:\/\/wp.unil.ch\/cinematheque-unil\/files\/2024\/10\/202405_Cinebulletin_546_page-0002-1-768x1086.jpg 768w, https:\/\/wp.unil.ch\/cinematheque-unil\/files\/2024\/10\/202405_Cinebulletin_546_page-0002-1.jpg 849w\" sizes=\"auto, (max-width: 724px) 100vw, 724px\" \/><\/a><\/figure>\n\n\n\n<figure class=\"wp-block-image size-large\"><a href=\"https:\/\/wp.unil.ch\/cinematheque-unil\/files\/2024\/10\/202405_Cinebulletin_546_Instagram-1.jpeg\"><img alt=\"\" loading=\"lazy\" decoding=\"async\" width=\"575\" height=\"1024\" data-id=\"8101\" src=\"https:\/\/wp.unil.ch\/cinematheque-unil\/files\/2024\/10\/202405_Cinebulletin_546_Instagram-1-575x1024.jpeg\" alt=\"\" class=\"wp-image-8101\" srcset=\"https:\/\/wp.unil.ch\/cinematheque-unil\/files\/2024\/10\/202405_Cinebulletin_546_Instagram-1-575x1024.jpeg 575w, https:\/\/wp.unil.ch\/cinematheque-unil\/files\/2024\/10\/202405_Cinebulletin_546_Instagram-1-169x300.jpeg 169w, https:\/\/wp.unil.ch\/cinematheque-unil\/files\/2024\/10\/202405_Cinebulletin_546_Instagram-1.jpeg 674w\" sizes=\"auto, (max-width: 575px) 100vw, 575px\" \/><\/a><\/figure>\n<\/figure>\n\n\n\n<p><a href=\"https:\/\/cinebulletin.ch\/fr\/article\/decryptage-des-tresors-caches\">Lien vers l&rsquo;article sur le site de <em>Cin\u00e9bulletin<\/em><\/a><\/p>\n\n\n\n<hr class=\"wp-block-separator has-alpha-channel-opacity is-style-wide\" \/>\n\n\n\n<h5 class=\"wp-block-heading\"><strong>Mars 2024<\/strong><\/h5>\n\n\n\n<p><strong>Article dans le num\u00e9ro 544 de la revue <em>Cin\u00e9bulletin<\/em> <\/strong>annon\u00e7ant le financement du projet<\/p>\n\n\n\n<p><\/p>\n\n\n\n<figure class=\"wp-block-gallery has-nested-images columns-default is-cropped wp-block-gallery-5 is-layout-flex wp-block-gallery-is-layout-flex\">\n<figure class=\"wp-block-image size-large\"><a href=\"https:\/\/wp.unil.ch\/cinematheque-unil\/files\/2024\/10\/202403_Cinebulletin_544_page-0001.jpg\"><img alt=\"\" loading=\"lazy\" decoding=\"async\" width=\"724\" height=\"1024\" data-id=\"8096\" src=\"https:\/\/wp.unil.ch\/cinematheque-unil\/files\/2024\/10\/202403_Cinebulletin_544_page-0001-724x1024.jpg\" alt=\"\" class=\"wp-image-8096\" srcset=\"https:\/\/wp.unil.ch\/cinematheque-unil\/files\/2024\/10\/202403_Cinebulletin_544_page-0001-724x1024.jpg 724w, https:\/\/wp.unil.ch\/cinematheque-unil\/files\/2024\/10\/202403_Cinebulletin_544_page-0001-212x300.jpg 212w, https:\/\/wp.unil.ch\/cinematheque-unil\/files\/2024\/10\/202403_Cinebulletin_544_page-0001-768x1086.jpg 768w, https:\/\/wp.unil.ch\/cinematheque-unil\/files\/2024\/10\/202403_Cinebulletin_544_page-0001.jpg 849w\" sizes=\"auto, (max-width: 724px) 100vw, 724px\" \/><\/a><\/figure>\n\n\n\n<figure class=\"wp-block-image size-large\"><a href=\"https:\/\/wp.unil.ch\/cinematheque-unil\/files\/2024\/10\/202403_Cinebulletin_544_page-0002.jpg\"><img alt=\"\" loading=\"lazy\" decoding=\"async\" width=\"724\" height=\"1024\" data-id=\"8097\" src=\"https:\/\/wp.unil.ch\/cinematheque-unil\/files\/2024\/10\/202403_Cinebulletin_544_page-0002-724x1024.jpg\" alt=\"\" class=\"wp-image-8097\" srcset=\"https:\/\/wp.unil.ch\/cinematheque-unil\/files\/2024\/10\/202403_Cinebulletin_544_page-0002-724x1024.jpg 724w, https:\/\/wp.unil.ch\/cinematheque-unil\/files\/2024\/10\/202403_Cinebulletin_544_page-0002-212x300.jpg 212w, https:\/\/wp.unil.ch\/cinematheque-unil\/files\/2024\/10\/202403_Cinebulletin_544_page-0002-768x1086.jpg 768w, https:\/\/wp.unil.ch\/cinematheque-unil\/files\/2024\/10\/202403_Cinebulletin_544_page-0002.jpg 849w\" sizes=\"auto, (max-width: 724px) 100vw, 724px\" \/><\/a><\/figure>\n<\/figure>\n\n\n\n<hr class=\"wp-block-separator has-alpha-channel-opacity is-style-wide\" \/>\n","protected":false},"excerpt":{"rendered":"<p>Projets Histoire de l\u2019animation suisse francophone M\u00e9diation Revue de presse Janvier 2025 Article dans L&rsquo;Agenda du 6 janvier 2025 consacr\u00e9 \u00e0 l&rsquo;exposition au Mus\u00e9e Alexis Forel et \u00e0 histoire de l\u2019animation de sable suisse. Lien vers l&rsquo;article sur le site<\/p>\n","protected":false},"author":1002848,"featured_media":0,"parent":7640,"menu_order":0,"comment_status":"closed","ping_status":"closed","template":"","meta":{"_seopress_robots_primary_cat":"","_seopress_titles_title":"","_seopress_titles_desc":"","_seopress_robots_index":"","footnotes":""},"class_list":["post-8309","page","type-page","status-publish"],"_links":{"self":[{"href":"https:\/\/wp.unil.ch\/cinematheque-unil\/wp-json\/wp\/v2\/pages\/8309","targetHints":{"allow":["GET"]}}],"collection":[{"href":"https:\/\/wp.unil.ch\/cinematheque-unil\/wp-json\/wp\/v2\/pages"}],"about":[{"href":"https:\/\/wp.unil.ch\/cinematheque-unil\/wp-json\/wp\/v2\/types\/page"}],"author":[{"embeddable":true,"href":"https:\/\/wp.unil.ch\/cinematheque-unil\/wp-json\/wp\/v2\/users\/1002848"}],"replies":[{"embeddable":true,"href":"https:\/\/wp.unil.ch\/cinematheque-unil\/wp-json\/wp\/v2\/comments?post=8309"}],"version-history":[{"count":5,"href":"https:\/\/wp.unil.ch\/cinematheque-unil\/wp-json\/wp\/v2\/pages\/8309\/revisions"}],"predecessor-version":[{"id":8456,"href":"https:\/\/wp.unil.ch\/cinematheque-unil\/wp-json\/wp\/v2\/pages\/8309\/revisions\/8456"}],"up":[{"embeddable":true,"href":"https:\/\/wp.unil.ch\/cinematheque-unil\/wp-json\/wp\/v2\/pages\/7640"}],"wp:attachment":[{"href":"https:\/\/wp.unil.ch\/cinematheque-unil\/wp-json\/wp\/v2\/media?parent=8309"}],"curies":[{"name":"wp","href":"https:\/\/api.w.org\/{rel}","templated":true}]}}