{"id":7736,"date":"2024-09-12T20:22:58","date_gmt":"2024-09-12T18:22:58","guid":{"rendered":"https:\/\/wp.unil.ch\/cinematheque-unil\/?page_id=7736"},"modified":"2024-09-19T12:01:13","modified_gmt":"2024-09-19T10:01:13","slug":"le-passage-a-la-production-de-longs-metrages-annees-1980-2023","status":"publish","type":"page","link":"https:\/\/wp.unil.ch\/cinematheque-unil\/histoire-de-lanimation-suisse-francophone\/le-passage-a-la-production-de-longs-metrages-annees-1980-2023\/","title":{"rendered":"Le passage \u00e0 la production de longs m\u00e9trages : ann\u00e9es 1980-2023"},"content":{"rendered":"<ol class=\"breadcrumb\">\n<li><a href=\"https:\/\/wp.unil.ch\/cinematheque-unil\/projets\/\">Projets<\/a><\/li>\n<li><a href=\"https:\/\/wp.unil.ch\/cinematheque-unil\/projets\/histoire-de-lanimation-suisse-francophone\/\">Histoire de l\u2019animation suisse francophone<\/a><\/li>\n<li><a href=\"https:\/\/wp.unil.ch\/cinematheque-unil\/histoire-de-lanimation-suisse-francophone\/presentation\/\n\">Pr\u00e9sentation<\/a><\/li>\n<li class=\"current\"><a>Le passage \u00e0 la production de longs m\u00e9trages : ann\u00e9es 1980-2023<\/a><\/li>\n<\/ol>\n\n\n<h3 class=\"wp-block-heading\"><strong>Le passage \u00e0 la production de longs m\u00e9trages : ann\u00e9es 1980-2023<\/strong><\/h3>\n\n\n<div class=\"wp-block-image\">\n<figure class=\"alignleft size-large is-resized\"><a href=\"https:\/\/wp.unil.ch\/cinematheque-unil\/files\/2024\/09\/MaxCo.jpeg\"><img alt=\"\" loading=\"lazy\" decoding=\"async\" width=\"1024\" height=\"554\" src=\"https:\/\/wp.unil.ch\/cinematheque-unil\/files\/2024\/09\/MaxCo-1024x554.jpeg\" alt=\"\" class=\"wp-image-7779\" style=\"width:415px;height:auto\" srcset=\"https:\/\/wp.unil.ch\/cinematheque-unil\/files\/2024\/09\/MaxCo-1024x554.jpeg 1024w, https:\/\/wp.unil.ch\/cinematheque-unil\/files\/2024\/09\/MaxCo-300x162.jpeg 300w, https:\/\/wp.unil.ch\/cinematheque-unil\/files\/2024\/09\/MaxCo-768x415.jpeg 768w, https:\/\/wp.unil.ch\/cinematheque-unil\/files\/2024\/09\/MaxCo-1536x830.jpeg 1536w, https:\/\/wp.unil.ch\/cinematheque-unil\/files\/2024\/09\/MaxCo.jpeg 1600w\" sizes=\"auto, (max-width: 1024px) 100vw, 1024px\" \/><\/a><figcaption class=\"wp-element-caption\">Fred et Sam Guillaume, <em>Max &amp; Co<\/em> \u00a9 2007 Max-le Film SARL<br \/><a href=\"https:\/\/www.letemps.ch\/profil\/antoine-duplan\"><\/a><br \/><\/figcaption><\/figure>\n<\/div>\n\n<p style=\"text-align: justify\">Durant cette p\u00e9riode, on observe un soutien grandissant accord\u00e9 aux films d\u2019animation par l\u2019Office F\u00e9d\u00e9ral de la Culture (OFC), le Pacte de l\u2019Audiovisuel (SSR-SRG) et les aides r\u00e9gionales, en m\u00eame temps que se d\u00e9veloppent les coproductions internationales. Ce premier constat impose de s\u2019int\u00e9resser \u00e0 la mise en place et \u00e0 l\u2019\u00e9volution des outils publics de financement du cin\u00e9ma en Suisse ainsi qu\u2019aux actions du Groupement suisse du film d\u2019animation (GSFA) engag\u00e9 dans la l\u00e9gitimation de la \u00ab branche \u00bb, par un travail de d\u00e9fense d\u2019int\u00e9r\u00eat aupr\u00e8s des collectivit\u00e9s publiques. Cette \u00e9tude commencera par dresser le panorama helv\u00e9tique de la production des longs m\u00e9trages \u00e0 partir de ces 12 cas avant de d\u00e9velopper de mani\u00e8re approfondie les sp\u00e9cificit\u00e9s des parcours et des r\u00e9seaux romands.<\/p>\n<p style=\"text-align: justify\">Le facteur \u00e9conomique n\u2019est cependant pas le seul \u00e0 expliquer le dynamisme actuel dans le secteur de l\u2019animation. Produire un long m\u00e9trage d\u2019animation destin\u00e9 \u00e0 \u00eatre exploit\u00e9 commercialement en salle fait appel \u00e0 des comp\u00e9tences sp\u00e9cifiques mais aussi \u00e0 des r\u00e9seaux de collaborateurs locaux et internationaux jusqu\u2019alors peu d\u00e9velopp\u00e9s en Suisse car ne r\u00e9pondant pas aux besoins d\u2019une production tourn\u00e9e vers le court m\u00e9trage ou la publicit\u00e9. L\u2019approche du cin\u00e9ma d\u2019animation par le processus de production nous incite \u00e0 nous int\u00e9resser \u00e0 la fois aux formations propos\u00e9es en Suisse, aux parcours des acteurs du champ et \u00e0 la mise en place de studios de production sp\u00e9cialis\u00e9s. D\u00e8s 1979, ann\u00e9e qui marque le d\u00e9but du tournage de <em>Supersaxo<\/em> d\u2019Etienne Delessert, la production s\u2019internationalise et des fonds sont lev\u00e9s \u00e0 l\u2019\u00e9tranger. Des animateurs sont en outre recrut\u00e9s en France, en Allemagne, en Italie et en R\u00e9publique tch\u00e8que pour venir travailler en Suisse. \u00c0 ce titre, le tournage de <em>Max &amp; Co<\/em> (2008) des fr\u00e8res Guillaume est embl\u00e9matique. Les comp\u00e9tences apport\u00e9es et partag\u00e9es notamment par Guionne Leroy \u2013 engag\u00e9e sur des productions d\u2019envergure comme <em>Toy Story<\/em> (1995) ou <em>Chicken Run<\/em> (2000) et qui a endoss\u00e9 le r\u00f4le de superviseur de l\u2019animation pour <em>Max &amp; Co<\/em> \u2013, ont certainement jou\u00e9 un r\u00f4le dans le d\u00e9veloppement de comp\u00e9tences li\u00e9es \u00e0 l\u2019animation en volume chez une nouvelle g\u00e9n\u00e9ration d\u2019animateurs et de techniciens. Malgr\u00e9 son \u00e9chec commercial, le film des fr\u00e8res Guillaume peut \u00eatre envisag\u00e9 comme un point de basculement vers des modes de production nouveaux et d\u2019envergure internationale. On se demandera ainsi dans quelle mesure les longs m\u00e9trages d\u2019animation sortis apr\u00e8s <em>Max &amp; Co<\/em> en Suisse romande ont b\u00e9n\u00e9fici\u00e9 de l\u2019exp\u00e9rience de jeunes animateurs, \u00e0 l\u2019image d\u2019Elie Chapuis, qui jouent aujourd\u2019hui un r\u00f4le central dans le d\u00e9veloppement de l\u2019animation en Suisse.<\/p>\n<p style=\"text-align: justify\">Si la professionnalisation des \u00e9quipes techniques semble \u00eatre essentielle au d\u00e9veloppement des longs m\u00e9trages, celles de producteurs sp\u00e9cialis\u00e9s l\u2019est \u00e9galement : l\u2019\u00e9tude des parcours des films permettra de comprendre, par l\u2019exemple, les enjeux de la cr\u00e9ation de studios, ce qui mettra en lumi\u00e8re l\u2019organisation complexe du secteur en Suisse romande. De nos jours, trois studios sp\u00e9cialis\u00e9s dans l\u2019animation sont particuli\u00e8rement dynamiques. S\u2019ils ont d\u2019abord particip\u00e9 \u00e0 titre minoritaire \u00e0 la production de longs m\u00e9trages de grande ampleur, ils en sont aujourd\u2019hui des producteurs majoritaires. Fond\u00e9 en 2001 par Nicolas Burlet et Zoltan Horv\u00e1th, le studio genevois Nadasdy Films entretient des liens \u00e9troits avec H\u00e9lium Films, le studio lausannois fond\u00e9 par Claude Barras et C\u00e9dric Louis en 2005. Ces deux studios produisent des courts et des longs m\u00e9trages d\u2019animation et s\u2019appuient sur un r\u00e9seau de collaborateurs professionnels suisses et \u00e9trangers. De nombreux \u00e9changes sont en outre mis en place avec Cin\u00e93d, fond\u00e9 en 2011 \u00e0 Fribourg par les fr\u00e8res Guillaume.<\/p>\n<p style=\"text-align: justify\">Cette recherche propose de rendre compte de l\u2019organisation du secteur de l\u2019animation en Suisse depuis le milieu des ann\u00e9es 1980 \u00e0 aujourd\u2019hui \u00e0 partir de \u00ab l\u2019histoire \u00bb des films. Il s\u2019agira de mettre en lumi\u00e8re les conditions de cr\u00e9ation et de financement de longs m\u00e9trages.<\/p>\n<p style=\"text-align: justify\">Chercheur FNS post-doc: <a href=\"https:\/\/www.unil.ch\/cin\/fr\/home\/menuinst\/collaborateurstrices\/hofmann-chloe.html\"><strong>Chlo\u00e9 Hofmann<\/strong><\/a><\/p>","protected":false},"excerpt":{"rendered":"<p>Projets Histoire de l\u2019animation suisse francophone Pr\u00e9sentation Le passage \u00e0 la production de longs m\u00e9trages : ann\u00e9es 1980-2023 Le passage \u00e0 la production de longs m\u00e9trages : ann\u00e9es 1980-2023 Durant cette p\u00e9riode, on observe un soutien grandissant accord\u00e9 aux films<\/p>\n","protected":false},"author":1002848,"featured_media":0,"parent":7640,"menu_order":0,"comment_status":"closed","ping_status":"closed","template":"","meta":{"_seopress_robots_primary_cat":"","_seopress_titles_title":"","_seopress_titles_desc":"","_seopress_robots_index":"","footnotes":""},"class_list":["post-7736","page","type-page","status-publish"],"_links":{"self":[{"href":"https:\/\/wp.unil.ch\/cinematheque-unil\/wp-json\/wp\/v2\/pages\/7736","targetHints":{"allow":["GET"]}}],"collection":[{"href":"https:\/\/wp.unil.ch\/cinematheque-unil\/wp-json\/wp\/v2\/pages"}],"about":[{"href":"https:\/\/wp.unil.ch\/cinematheque-unil\/wp-json\/wp\/v2\/types\/page"}],"author":[{"embeddable":true,"href":"https:\/\/wp.unil.ch\/cinematheque-unil\/wp-json\/wp\/v2\/users\/1002848"}],"replies":[{"embeddable":true,"href":"https:\/\/wp.unil.ch\/cinematheque-unil\/wp-json\/wp\/v2\/comments?post=7736"}],"version-history":[{"count":4,"href":"https:\/\/wp.unil.ch\/cinematheque-unil\/wp-json\/wp\/v2\/pages\/7736\/revisions"}],"predecessor-version":[{"id":7797,"href":"https:\/\/wp.unil.ch\/cinematheque-unil\/wp-json\/wp\/v2\/pages\/7736\/revisions\/7797"}],"up":[{"embeddable":true,"href":"https:\/\/wp.unil.ch\/cinematheque-unil\/wp-json\/wp\/v2\/pages\/7640"}],"wp:attachment":[{"href":"https:\/\/wp.unil.ch\/cinematheque-unil\/wp-json\/wp\/v2\/media?parent=7736"}],"curies":[{"name":"wp","href":"https:\/\/api.w.org\/{rel}","templated":true}]}}