{"id":7651,"date":"2024-09-10T21:50:42","date_gmt":"2024-09-10T19:50:42","guid":{"rendered":"https:\/\/wp.unil.ch\/cinematheque-unil\/?page_id=7651"},"modified":"2024-09-19T12:03:59","modified_gmt":"2024-09-19T10:03:59","slug":"lanimation-pour-la-television-le-studio-liechti","status":"publish","type":"page","link":"https:\/\/wp.unil.ch\/cinematheque-unil\/histoire-de-lanimation-suisse-francophone\/lanimation-pour-la-television-le-studio-liechti\/","title":{"rendered":"L\u2019animation pour la t\u00e9l\u00e9vision : Le studio Liechti"},"content":{"rendered":"<ol class=\"breadcrumb\">\n<li><a href=\"https:\/\/wp.unil.ch\/cinematheque-unil\/projets\/\">Projets<\/a><\/li>\n<li><a href=\"https:\/\/wp.unil.ch\/cinematheque-unil\/projets\/histoire-de-lanimation-suisse-francophone\/\">Histoire de l\u2019animation suisse francophone<\/a><\/li>\n<li><a href=\"https:\/\/wp.unil.ch\/cinematheque-unil\/histoire-de-lanimation-suisse-francophone\/presentation\/\n\">Pr\u00e9sentation<\/a><\/li>\n<li class=\"current\"><a>L\u2019animation pour la t\u00e9l\u00e9vision : Le studio Liechti<\/a><\/li>\n<\/ol>\n\n\n<h3 class=\"wp-block-heading\"><strong>L\u2019animation pour la t\u00e9l\u00e9vision : Le studio Liechti<\/strong><\/h3>\n\n\n<div class=\"wp-block-image\">\n<figure class=\"alignleft size-large is-resized\"><a href=\"https:\/\/wp.unil.ch\/cinematheque-unil\/files\/2024\/09\/Edmond_Liechti.jpg\"><img alt=\"\" decoding=\"async\" src=\"https:\/\/wp.unil.ch\/cinematheque-unil\/files\/2024\/09\/Edmond_Liechti-1024x839.jpg\" alt=\"\" class=\"wp-image-7644\" style=\"width:415px\" \/><\/a><figcaption class=\"wp-element-caption\">Edmond Liechti dans son studio d&rsquo;animation.<\/figcaption><\/figure>\n<\/div>\n\n\n<p><\/p><p><\/p><p><\/p><p><\/p><p style=\"text-align: justify\">Les productions du studio Liechti sont repr\u00e9sentatives de tout un contexte historique. Pour pouvoir fonctionner \u00e9conomiquement, le studio, ancr\u00e9 \u00e0 Gen\u00e8ve de 1965 \u00e0 1983, va r\u00e9pondre \u00e0 divers besoins du march\u00e9 audiovisuel suisse romand en proposant de tr\u00e8s courts films. Mais plus que de simples commandes, ces films \u00e9mergent \u00e0 la crois\u00e9e des demandes sp\u00e9cifiques et de la vision de l\u2019homme qui fonde et dirige le studio. Edmond Liechti, fils de graphiste, lui-m\u00eame form\u00e9 dans ce domaine, puis dessinateur de presse et humoriste, va \u00eatre amen\u00e9 \u00e0 proposer des films d\u2019animation, l\u00e9gers et souvent ouvertement comiques. Sa conception du dessin anim\u00e9, qu\u2019il dit inspir\u00e9e par le mod\u00e8le am\u00e9ricain de Disney, mais qui rel\u00e8ve aussi du cartoon, d\u00e9termine non seulement le type de dessin qu\u2019il met en mouvement, mais \u00e9galement la fa\u00e7on dont il organise son studio qu\u2019il divise par sp\u00e9cialisations et dont il assure la supervision. <\/p>\n\n\n\n<p><\/p><p style=\"text-align: justify\">Le studio Liechti est un cas d\u2019esp\u00e8ce pour comprendre les liens de l\u2019animation en Suisse francophone avec la commande publicitaire. L\u2019objectif de cette recherche est d\u2019abord de saisir ce qui motive la cr\u00e9ation d\u2019un studio d\u2019animation au milieu des ann\u00e9es 1960. L\u2019hypoth\u00e8se est que, dans ce cas, le contexte de d\u00e9veloppement m\u00e9diatique \u2013 \u00e9mergence de la t\u00e9l\u00e9vision d\u00e8s les ann\u00e9es cinquante, l\u2019apparition de la publicit\u00e9 t\u00e9l\u00e9visuelle, mais aussi structuration institutionnelle du cin\u00e9ma suisse (d\u00e8s les ann\u00e9es soixante) \u2013 permet \u00e0 de nouveaux arrivants dans le champ de la cr\u00e9ation cin\u00e9matographique de mettre leur exp\u00e9rience et leurs comp\u00e9tences au service du monde des m\u00e9dias. Graphiste, dessinateur de presse, humoriste, entrepreneur, Liechti d\u00e9veloppe des savoir-faire au moyen. Comprendre les proc\u00e9dures de travail dans le studio impose de se pencher sur les techniques de fabrication des films et des choix esth\u00e9tiques ou discursifs op\u00e9r\u00e9s. Ces court-m\u00e9trages, publicit\u00e9s, TV-spots, portent en eux les marques li\u00e9es aux enjeux de leur conception, aussi bien \u00e0 travers leur r\u00e9cit qu\u2019en tant qu\u2019objet r\u00e9sultant d\u2019un processus technique. L\u2019analyse des discours et des formes compl\u00e8tera donc celle du travail, des \u00e9changes et des proc\u00e9dures de fabrication. Cette approche est essentielle car elle permet de comprendre la nature des images qui participent \u00e0 identifier visuellement le m\u00e9dia t\u00e9l\u00e9visuel pour son public. Ainsi du \u00ab Chirat Pickles Band \u00bb, ensemble de personnages pour la publicit\u00e9 de l\u2019entreprise genevoise de conserves Chirat, connu de toute une g\u00e9n\u00e9ration.<\/p>\n\n\n\n<p>Doctorants FNS : <a href=\"https:\/\/www.unil.ch\/cin\/fr\/home\/menuinst\/collaborateurstrices\/mesot-baptiste.html\" data-type=\"link\" data-id=\"https:\/\/www.unil.ch\/cin\/fr\/home\/menuinst\/collaborateurstrices\/mesot-baptiste.html\"><strong>Baptise Mesot<\/strong><\/a> (novembre 2023)<\/p>\n\n\n","protected":false},"excerpt":{"rendered":"<p>Projets Histoire de l\u2019animation suisse francophone Pr\u00e9sentation L\u2019animation pour la t\u00e9l\u00e9vision : Le studio Liechti L\u2019animation pour la t\u00e9l\u00e9vision : Le studio Liechti Les productions du studio Liechti sont repr\u00e9sentatives de tout un contexte historique. Pour pouvoir fonctionner \u00e9conomiquement, le<\/p>\n","protected":false},"author":1002848,"featured_media":0,"parent":7640,"menu_order":0,"comment_status":"closed","ping_status":"closed","template":"","meta":{"_seopress_robots_primary_cat":"","_seopress_titles_title":"","_seopress_titles_desc":"","_seopress_robots_index":"","footnotes":""},"class_list":["post-7651","page","type-page","status-publish"],"_links":{"self":[{"href":"https:\/\/wp.unil.ch\/cinematheque-unil\/wp-json\/wp\/v2\/pages\/7651","targetHints":{"allow":["GET"]}}],"collection":[{"href":"https:\/\/wp.unil.ch\/cinematheque-unil\/wp-json\/wp\/v2\/pages"}],"about":[{"href":"https:\/\/wp.unil.ch\/cinematheque-unil\/wp-json\/wp\/v2\/types\/page"}],"author":[{"embeddable":true,"href":"https:\/\/wp.unil.ch\/cinematheque-unil\/wp-json\/wp\/v2\/users\/1002848"}],"replies":[{"embeddable":true,"href":"https:\/\/wp.unil.ch\/cinematheque-unil\/wp-json\/wp\/v2\/comments?post=7651"}],"version-history":[{"count":5,"href":"https:\/\/wp.unil.ch\/cinematheque-unil\/wp-json\/wp\/v2\/pages\/7651\/revisions"}],"predecessor-version":[{"id":8533,"href":"https:\/\/wp.unil.ch\/cinematheque-unil\/wp-json\/wp\/v2\/pages\/7651\/revisions\/8533"}],"up":[{"embeddable":true,"href":"https:\/\/wp.unil.ch\/cinematheque-unil\/wp-json\/wp\/v2\/pages\/7640"}],"wp:attachment":[{"href":"https:\/\/wp.unil.ch\/cinematheque-unil\/wp-json\/wp\/v2\/media?parent=7651"}],"curies":[{"name":"wp","href":"https:\/\/api.w.org\/{rel}","templated":true}]}}