{"id":7642,"date":"2024-09-10T21:36:42","date_gmt":"2024-09-10T19:36:42","guid":{"rendered":"https:\/\/wp.unil.ch\/cinematheque-unil\/?page_id=7642"},"modified":"2024-09-19T12:01:14","modified_gmt":"2024-09-19T10:01:14","slug":"lepoque-classique-histoire-de-monsieur-vieux-boix-1921","status":"publish","type":"page","link":"https:\/\/wp.unil.ch\/cinematheque-unil\/histoire-de-lanimation-suisse-francophone\/lepoque-classique-histoire-de-monsieur-vieux-boix-1921\/","title":{"rendered":"L\u2019\u00e9poque classique : Histoire de Monsieur Vieux-Boix (1921)"},"content":{"rendered":"<ol class=\"breadcrumb\">\n<li><a href=\"https:\/\/wp.unil.ch\/cinematheque-unil\/projets\/\">Projets<\/a><\/li>\n<li><a href=\"https:\/\/wp.unil.ch\/cinematheque-unil\/projets\/histoire-de-lanimation-suisse-francophone\/\">Histoire de l\u2019animation suisse francophone<\/a><\/li>\n<li><a href=\"https:\/\/wp.unil.ch\/cinematheque-unil\/histoire-de-lanimation-suisse-francophone\/presentation\/\n\">Pr\u00e9sentations<\/a><\/li>\n<li class=\"current\"><a>L\u2019\u00e9poque classique : Histoire de Monsieur Vieux-Boix (1921)<\/a><\/li>\n<\/ol>\n\n\n<h3 class=\"wp-block-heading\"><strong>L\u2019\u00e9poque classique : Histoire de Monsieur Vieux-Boix (1921)<\/strong><\/h3>\n\n\n<div class=\"wp-block-image\">\n<figure class=\"alignleft size-large is-resized\"><a href=\"https:\/\/wp.unil.ch\/cinematheque-unil\/files\/2024\/09\/Vieuxbois-2.png\"><img alt=\"\" loading=\"lazy\" decoding=\"async\" width=\"1024\" height=\"765\" src=\"https:\/\/wp.unil.ch\/cinematheque-unil\/files\/2024\/09\/Vieuxbois-2-1024x765.png\" alt=\"\" class=\"wp-image-7644\" style=\"width:415px\" srcset=\"https:\/\/wp.unil.ch\/cinematheque-unil\/files\/2024\/09\/Vieuxbois-2-1024x765.png 1024w, https:\/\/wp.unil.ch\/cinematheque-unil\/files\/2024\/09\/Vieuxbois-2-300x224.png 300w, https:\/\/wp.unil.ch\/cinematheque-unil\/files\/2024\/09\/Vieuxbois-2-768x574.png 768w, https:\/\/wp.unil.ch\/cinematheque-unil\/files\/2024\/09\/Vieuxbois-2.png 1446w\" sizes=\"auto, (max-width: 1024px) 100vw, 1024px\" \/><\/a><figcaption class=\"wp-element-caption\">Lortac &amp; Cav\u00e9, <em>Histoire de Monsieur Vieux Bois<\/em> \u00a9 1921 Collection Cin\u00e9math\u00e8que suisse<\/figcaption><\/figure>\n<\/div>\n\n\n<p><\/p><p><\/p><p style=\"text-align: justify\">En premier lieu, cette \u00e9tude propose de revenir sur l\u2019ancrage genevois du film, notamment pour mieux comprendre comment les Amis de Rodolphe Toeppfer se sont lanc\u00e9s dans cette importante commande et comment a \u00e9t\u00e9 envisag\u00e9e l\u2019adaptation d\u2019un album. Le processus de production, les \u00e9changes entre genevois, commanditaires, et les artistes fran\u00e7ais, sont \u00e0 placer dans un contexte plus vaste que ce travail voudrait explorer en mettant en \u00e9vidence un mode de collaboration particulier, transnational (Boschetti 2010).<\/p>\n\n\n\n<p><\/p><p><\/p><p style=\"text-align: justify\">En second lieu, la recherche interrogera l\u2019inscription de ce film dans la production helv\u00e9tique. Plut\u00f4t que d\u2019\u00eatre pr\u00e9sent\u00e9 comme un film r\u00e9alis\u00e9 par une \u00e9quipe fran\u00e7aise, Histoire de Monsieur Vieux-Bois est montr\u00e9 comme la reprise, voire l\u2019amplification, d\u2019une tradition initi\u00e9e \u00e0 Gen\u00e8ve. Le film appara\u00eet, en effet, au moment o\u00f9 l\u2019on insiste en Suisse sur la n\u00e9cessit\u00e9 de d\u00e9velopper une production cin\u00e9matographique nationale, ce qui suscite des d\u00e9bats dont la presse se fait l\u2019\u00e9cho. Cette \u00e9tude sera l\u2019occasion de replacer l\u2019animation aux coeur des enjeux li\u00e9s \u00e0 l\u2019institutionnalisation du cin\u00e9ma helv\u00e9tique \u2013 ses structures priv\u00e9es, associatives.<\/p>\n\n\n\n<p><\/p><p><\/p><p style=\"text-align: justify\">En troisi\u00e8me lieu : les particularit\u00e9s de ce film \u2013 qui a pu \u00eatre diffus\u00e9 en plusieurs \u00e9pisodes \u2013 rel\u00e8vent de la production autant que de la conception narrative et stylistique. Il sera utile de comparer ce films \u00e0 d\u2019autres entreprises europ\u00e9ennes qui lui sont contemporaines comme celles de Ladislas Starewitch ou de Lotte Reiniger. Ces deux animateurs puisent eux-aussi dans des mod\u00e8les plus anciens (fable, s\u00e9rie illustr\u00e9e) mais en d\u00e9veloppant d\u2019autres modalit\u00e9s d\u2019adaptation, qui seront interrog\u00e9es sous l\u2019angle de la transformation du r\u00e9cit, de l\u2019appropriation stylistique et formelle, comme des ph\u00e9nom\u00e8nes d\u2019interm\u00e9dialit\u00e9 que les diverses techniques utilis\u00e9es suscitent ou imposent. <\/p>\n\n\n\n<p><\/p><p><\/p><p style=\"text-align: justify\">La recherche sous ces trois angles \u00e9clairera donc ce que met en jeu la r\u00e9alisation de ce film qui, gr\u00e2ce \u00e0 ses sp\u00e9cificit\u00e9s de production et de r\u00e9ception, nous permettra de dessiner les lin\u00e9aments d\u2019un r\u00e9seau de relations internationales et nationales qui informent l\u2019histoire de l\u2019animation en Suisse romande.<\/p>\n\n\n<p>Chercheur FNS Junior : <a href=\"https:\/\/www.unil.ch\/cin\/cin\/PierreEmmanuelJaques?url_params=-v_faculte=30-v_unite=104-v_personne=871281-v_publication=true-v_menu=coord-mode=fiche&amp;pubsIdParam=a1dc77360c2d4ebc8d8a466da01412a0&amp;showFrom=auto\"><strong>Pierre-Emmanuel Jaques<\/strong><\/a><\/p>","protected":false},"excerpt":{"rendered":"<p>Projets Histoire de l\u2019animation suisse francophone Pr\u00e9sentations L\u2019\u00e9poque classique : Histoire de Monsieur Vieux-Boix (1921) L\u2019\u00e9poque classique : Histoire de Monsieur Vieux-Boix (1921) En premier lieu, cette \u00e9tude propose de revenir sur l\u2019ancrage genevois du film, notamment pour mieux comprendre<\/p>\n","protected":false},"author":1002848,"featured_media":0,"parent":7640,"menu_order":0,"comment_status":"closed","ping_status":"closed","template":"","meta":{"_seopress_robots_primary_cat":"","_seopress_titles_title":"","_seopress_titles_desc":"","_seopress_robots_index":"","footnotes":""},"class_list":["post-7642","page","type-page","status-publish"],"_links":{"self":[{"href":"https:\/\/wp.unil.ch\/cinematheque-unil\/wp-json\/wp\/v2\/pages\/7642","targetHints":{"allow":["GET"]}}],"collection":[{"href":"https:\/\/wp.unil.ch\/cinematheque-unil\/wp-json\/wp\/v2\/pages"}],"about":[{"href":"https:\/\/wp.unil.ch\/cinematheque-unil\/wp-json\/wp\/v2\/types\/page"}],"author":[{"embeddable":true,"href":"https:\/\/wp.unil.ch\/cinematheque-unil\/wp-json\/wp\/v2\/users\/1002848"}],"replies":[{"embeddable":true,"href":"https:\/\/wp.unil.ch\/cinematheque-unil\/wp-json\/wp\/v2\/comments?post=7642"}],"version-history":[{"count":4,"href":"https:\/\/wp.unil.ch\/cinematheque-unil\/wp-json\/wp\/v2\/pages\/7642\/revisions"}],"predecessor-version":[{"id":7798,"href":"https:\/\/wp.unil.ch\/cinematheque-unil\/wp-json\/wp\/v2\/pages\/7642\/revisions\/7798"}],"up":[{"embeddable":true,"href":"https:\/\/wp.unil.ch\/cinematheque-unil\/wp-json\/wp\/v2\/pages\/7640"}],"wp:attachment":[{"href":"https:\/\/wp.unil.ch\/cinematheque-unil\/wp-json\/wp\/v2\/media?parent=7642"}],"curies":[{"name":"wp","href":"https:\/\/api.w.org\/{rel}","templated":true}]}}