{"id":7559,"date":"2024-09-03T19:54:41","date_gmt":"2024-09-03T17:54:41","guid":{"rendered":"https:\/\/wp.unil.ch\/cinematheque-unil\/?page_id=7559"},"modified":"2026-03-13T09:07:47","modified_gmt":"2026-03-13T08:07:47","slug":"conferences","status":"publish","type":"page","link":"https:\/\/wp.unil.ch\/cinematheque-unil\/histoire-de-lanimation-suisse-francophone\/conferences\/","title":{"rendered":"Conf\u00e9rences"},"content":{"rendered":"<ol class=\"breadcrumb\">\n<li><a href=\"https:\/\/wp.unil.ch\/cinematheque-unil\/projets\/\">Projets<\/a><\/li>\n<li><a href=\"https:\/\/wp.unil.ch\/cinematheque-unil\/projets\/histoire-de-lanimation-suisse-francophone\/\">Histoire de l\u2019animation suisse francophone<\/a><\/li>\n<li class=\"current\"><a href=\"https:\/\/wp.unil.ch\/cinematheque-unil\/projets\/histoire-de-lanimation-suisse-francophone\/Conf\u00e9rences\/\">Conf\u00e9rences<\/a><\/li>\n<\/ol>\n\n\n<h2 class=\"wp-block-heading\"><strong>Conf\u00e9rences<\/strong><\/h2>\n\n\n\n<h5 class=\"wp-block-heading\"><strong>S\u00e9minaire de la jeune recherche en animation &#8211; Imanima, 9 mars 2026<\/strong><\/h5>\n\n\n\n<p>Pr\u00e9sentation par Chlo\u00e9 Hofmann<\/p>\n\n\n\n<figure class=\"wp-block-image size-large\"><a href=\"https:\/\/wp.unil.ch\/cinematheque-unil\/files\/2026\/03\/2026.03.10-imanima.png\"><img loading=\"lazy\" decoding=\"async\" width=\"1024\" height=\"576\" src=\"https:\/\/wp.unil.ch\/cinematheque-unil\/files\/2026\/03\/2026.03.10-imanima-1024x576.png\" alt=\"2026.03.10 imanima\" class=\"wp-image-9223\" srcset=\"https:\/\/wp.unil.ch\/cinematheque-unil\/files\/2026\/03\/2026.03.10-imanima-1024x576.png 1024w, https:\/\/wp.unil.ch\/cinematheque-unil\/files\/2026\/03\/2026.03.10-imanima-300x169.png 300w, https:\/\/wp.unil.ch\/cinematheque-unil\/files\/2026\/03\/2026.03.10-imanima-768x432.png 768w, https:\/\/wp.unil.ch\/cinematheque-unil\/files\/2026\/03\/2026.03.10-imanima-1536x864.png 1536w, https:\/\/wp.unil.ch\/cinematheque-unil\/files\/2026\/03\/2026.03.10-imanima.png 1920w\" sizes=\"auto, (max-width: 1024px) 100vw, 1024px\" \/><\/a><\/figure>\n\n\n\n<p><a href=\"https:\/\/anime.hypotheses.org\/seminaire\">Lien vers la page du s\u00e9minaire sur le site Imanima<\/a><\/p>\n\n\n\n<hr class=\"wp-block-separator has-alpha-channel-opacity is-style-wide\" \/>\n\n\n\n<h5 class=\"wp-block-heading\"><strong>Colloque international \u00ab L\u2019\u00e9cran. \u00c0 la crois\u00e9e des m\u00e9dias et des dispositifs&nbsp;\u00bb, 5 d\u00e9cembre 2025, Universit\u00e9 de Lausanne<\/strong><\/h5>\n\n\n\n<p>Pr\u00e9sentation par Baptiste Mesot<\/p>\n\n\n\n<figure class=\"wp-block-image size-large\"><a href=\"https:\/\/wp.unil.ch\/cinematheque-unil\/files\/2026\/03\/2025.12.05-presentation-ecran.png\"><img loading=\"lazy\" decoding=\"async\" width=\"1024\" height=\"576\" src=\"https:\/\/wp.unil.ch\/cinematheque-unil\/files\/2026\/03\/2025.12.05-presentation-ecran-1024x576.png\" alt=\"2025.12.05 pr\u00e9sentation ecran\" class=\"wp-image-9217\" srcset=\"https:\/\/wp.unil.ch\/cinematheque-unil\/files\/2026\/03\/2025.12.05-presentation-ecran-1024x576.png 1024w, https:\/\/wp.unil.ch\/cinematheque-unil\/files\/2026\/03\/2025.12.05-presentation-ecran-300x169.png 300w, https:\/\/wp.unil.ch\/cinematheque-unil\/files\/2026\/03\/2025.12.05-presentation-ecran-768x432.png 768w, https:\/\/wp.unil.ch\/cinematheque-unil\/files\/2026\/03\/2025.12.05-presentation-ecran-1536x864.png 1536w, https:\/\/wp.unil.ch\/cinematheque-unil\/files\/2026\/03\/2025.12.05-presentation-ecran.png 1920w\" sizes=\"auto, (max-width: 1024px) 100vw, 1024px\" \/><\/a><\/figure>\n\n\n\n<p><a href=\"https:\/\/www.unil.ch\/events\/fr\/1762508038468\">Lien vers l&rsquo;\u00e9v\u00e9nement sur le site de l&rsquo;Universit\u00e9 de Lausanne<\/a><\/p>\n\n\n\n<hr class=\"wp-block-separator has-alpha-channel-opacity is-style-wide\" \/>\n\n\n\n<h5 class=\"wp-block-heading\"><strong>Colloque international \u00ab Nouvelles figures de l\u2019auctorialit\u00e9&nbsp;\u00bb, 20-21&nbsp;novembre 2025, Universit\u00e9 Paris Nanterre<\/strong><\/h5>\n\n\n\n<p>Pr\u00e9sentation par Mathieu Donner<\/p>\n\n\n\n<figure class=\"wp-block-image size-large\"><a href=\"https:\/\/wp.unil.ch\/cinematheque-unil\/files\/2025\/11\/2025.11.21_nanterre.jpg\"><img loading=\"lazy\" decoding=\"async\" width=\"1024\" height=\"576\" src=\"https:\/\/wp.unil.ch\/cinematheque-unil\/files\/2025\/11\/2025.11.21_nanterre-1024x576.jpg\" alt=\"2025.11.21 nanterre\" class=\"wp-image-8968\" srcset=\"https:\/\/wp.unil.ch\/cinematheque-unil\/files\/2025\/11\/2025.11.21_nanterre-1024x576.jpg 1024w, https:\/\/wp.unil.ch\/cinematheque-unil\/files\/2025\/11\/2025.11.21_nanterre-300x169.jpg 300w, https:\/\/wp.unil.ch\/cinematheque-unil\/files\/2025\/11\/2025.11.21_nanterre-768x432.jpg 768w, https:\/\/wp.unil.ch\/cinematheque-unil\/files\/2025\/11\/2025.11.21_nanterre.jpg 1080w\" sizes=\"auto, (max-width: 1024px) 100vw, 1024px\" \/><\/a><\/figure>\n\n\n\n<p>Jusqu&rsquo;\u00e0 la fin des ann\u00e9es 50, le paysage m\u00e9diatique suisse li\u00e9 \u00e0 l&rsquo;animation est domin\u00e9 par la production am\u00e9ricaine de grands studios tels que Walt Disney ou Warner Bros. En 1955, puis surtout en 1960, une transformation s&rsquo;op\u00e8re avec l&rsquo;\u00e9tablissement des Journ\u00e9es Internationales du Cin\u00e9ma d&rsquo;Animation \u00e0 Cannes tout d&rsquo;abord puis \u00e0 Annecy, \u00e0 quelques kilom\u00e8tres \u00e0 peine de la fronti\u00e8re suisse. D\u00e8s lors, on voit appara\u00eetre, dans plusieurs quotidiens et hebdomadaires romands, un nouveau discours sur et autour de l&rsquo;animation. L&rsquo;oeuvre de quelques journalistes, Freddy Buache, Marie-Madeleine Brumagne, Claude Vallon ou Philippe Chablis, ces articles mettent en avant une nouvelle vision du m\u00e9dium, d\u00e9sormais peupl\u00e9 d&rsquo;artistes et d&rsquo;auteurs dont les oeuvres sont au cin\u00e9ma ce que la po\u00e9sie est \u00e0 la litt\u00e9rature. Mobilisant un discours artistique et en particulier la notion d'\u00a0\u00bbauteur\u00a0\u00bb si fondamentale \u00e0 la constitution du champ litt\u00e9raire, ces \u00e9crits ouvrent un nouvel espace th\u00e9orique dans lequel la pratique de nouveaux animateurs pourra, d\u00e8s la fin des ann\u00e9es 50, s&rsquo;engouffrer. Cette communication propose dans un premier temps d&rsquo;analyser ce qu&rsquo;elle identifie comme les \u00ab\u00a0conditions discursives d&rsquo;\u00e9mergence\u00a0\u00bb de ce nouveau cin\u00e9ma d&rsquo;animation suisse, puis dans un second temps, d&rsquo;\u00e9valuer l&rsquo;impact que la mise en exergue de l&rsquo;aspect pratique du m\u00e9dium de l&rsquo;animation, \u00e9l\u00e9ment r\u00e9current de la plupart des articles et reportages qui lui sont consacr\u00e9s, a pu avoir sur l&rsquo;appr\u00e9ciation de l&rsquo;animation comme champ culturel \u00e0 part enti\u00e8re. El\u00e9ment central de l&rsquo;\u00e9mergence du nouveau cin\u00e9ma d&rsquo;animation suisse, l&rsquo;image du cin\u00e9aste d\u2019animation comme nouvel \u00ab\u00a0auteur\u00a0\u00bb v\u00e9hicul\u00e9e par les m\u00e9dias suisses romands participe d&rsquo;une tentative de l\u00e9gitimer l&rsquo;animation comme champ culturel au m\u00eame moment o\u00f9 elle vient aussi et paradoxalement mettre en question ce nouveau statut privil\u00e9gi\u00e9 en r\u00e9duisant trop souvent sa pratique \u00e0 une certaine mat\u00e9rialit\u00e9 technique. C&rsquo;est ce paradoxe que cette communication propose d&rsquo;explorer \u00e0 travers l&rsquo;analyse d&rsquo;extraits de presse et de reportages t\u00e9l\u00e9visuels datant de cette p\u00e9riode.<\/p>\n\n\n\n<div class=\"wp-block-file\"><a id=\"wp-block-file--media-42abbebe-1551-4ed5-a2ad-7bb6ab61d159\" href=\"https:\/\/wp.unil.ch\/cinematheque-unil\/files\/2025\/11\/2025.11.21_nanterre.pdf\" target=\"_blank\" rel=\"noreferrer noopener\">Lien vers la pr\u00e9sentation au format PDF<\/a><a href=\"https:\/\/wp.unil.ch\/cinematheque-unil\/files\/2025\/11\/2025.11.21_nanterre.pdf\" class=\"wp-block-file__button wp-element-button\" download aria-describedby=\"wp-block-file--media-42abbebe-1551-4ed5-a2ad-7bb6ab61d159\">T\u00e9l\u00e9charger<\/a><\/div>\n\n\n\n<hr class=\"wp-block-separator has-alpha-channel-opacity is-style-wide\" \/>\n\n\n\n<h5 class=\"wp-block-heading\"><strong>Journ\u00e9e d\u2019\u00e9tude \u00ab\u00a0Le Moche\u00a0\u00bb, 26 septembre 2025, Universit\u00e9 de Lausanne<\/strong><\/h5>\n\n\n\n<p>Pr\u00e9sentation par Baptiste Mesot<\/p>\n\n\n\n<figure class=\"wp-block-image size-large\"><a href=\"https:\/\/wp.unil.ch\/cinematheque-unil\/files\/2026\/02\/2025.09.26-presentation-moche.png\"><img loading=\"lazy\" decoding=\"async\" width=\"1024\" height=\"576\" src=\"https:\/\/wp.unil.ch\/cinematheque-unil\/files\/2026\/02\/2025.09.26-presentation-moche-1024x576.png\" alt=\"2025.09.26 pre\u0301sentation moche\" class=\"wp-image-9196\" srcset=\"https:\/\/wp.unil.ch\/cinematheque-unil\/files\/2026\/02\/2025.09.26-presentation-moche-1024x576.png 1024w, https:\/\/wp.unil.ch\/cinematheque-unil\/files\/2026\/02\/2025.09.26-presentation-moche-300x169.png 300w, https:\/\/wp.unil.ch\/cinematheque-unil\/files\/2026\/02\/2025.09.26-presentation-moche-768x432.png 768w, https:\/\/wp.unil.ch\/cinematheque-unil\/files\/2026\/02\/2025.09.26-presentation-moche-1536x864.png 1536w, https:\/\/wp.unil.ch\/cinematheque-unil\/files\/2026\/02\/2025.09.26-presentation-moche.png 1920w\" sizes=\"auto, (max-width: 1024px) 100vw, 1024px\" \/><\/a><\/figure>\n\n\n\n<hr class=\"wp-block-separator has-alpha-channel-opacity is-style-wide\" \/>\n\n\n\n<h5 class=\"wp-block-heading\"><strong>Colloque de l&rsquo;Association des Professeur.e.s de fran\u00e7ais des universit\u00e9s et coll\u00e8ges canadiens (APFUCC)&nbsp;2024, Du 15 au 19 juin 2024, Universit\u00e9 McGill, Montr\u00e9al, Canada<\/strong><\/h5>\n\n\n\n<p>Pr\u00e9sentation par Chlo\u00e9 Hofmann<strong>.<\/strong><\/p>\n\n\n\n<figure class=\"wp-block-image size-large\"><a href=\"https:\/\/wp.unil.ch\/cinematheque-unil\/files\/2024\/10\/202406_Colloque-APFUCC.jpg\"><img alt=\"\" loading=\"lazy\" decoding=\"async\" width=\"1024\" height=\"572\" src=\"https:\/\/wp.unil.ch\/cinematheque-unil\/files\/2024\/10\/202406_Colloque-APFUCC-1024x572.jpg\" alt=\"\" class=\"wp-image-8152\" srcset=\"https:\/\/wp.unil.ch\/cinematheque-unil\/files\/2024\/10\/202406_Colloque-APFUCC-1024x572.jpg 1024w, https:\/\/wp.unil.ch\/cinematheque-unil\/files\/2024\/10\/202406_Colloque-APFUCC-300x168.jpg 300w, https:\/\/wp.unil.ch\/cinematheque-unil\/files\/2024\/10\/202406_Colloque-APFUCC-768x429.jpg 768w, https:\/\/wp.unil.ch\/cinematheque-unil\/files\/2024\/10\/202406_Colloque-APFUCC-1536x858.jpg 1536w, https:\/\/wp.unil.ch\/cinematheque-unil\/files\/2024\/10\/202406_Colloque-APFUCC.jpg 1600w\" sizes=\"auto, (max-width: 1024px) 100vw, 1024px\" \/><\/a><\/figure>\n\n\n\n<p>D\u00e9voil\u00e9 pour la premi\u00e8re fois lors de la Quinzaine des r\u00e9alisateurs du festival de Cannes en 2016, <em>Ma vie de Courgette<\/em> \u2013 r\u00e9alis\u00e9 par le Valaisan Claude Barras et sc\u00e9naris\u00e9 par la Fran\u00e7aise C\u00e9line Sciamma \u2013 est un long m\u00e9trage d\u2019animation en volume adapt\u00e9 du roman <em>Autobiographie d\u2019une Courgette<\/em> de Gilles Paris publi\u00e9 chez Plon en 2002.<\/p>\n\n\n\n<p>En s\u2019appuyant sur les documents et les objets qui constituent le fonds \u00ab <em>Ma vie de Courgette<\/em> \u00bb \u2013 conserv\u00e9e depuis 2017 au Centre de recherche et d\u2019archivage de la Cin\u00e9math\u00e8que suisse \u2013 cette communication propose de mettre en lumi\u00e8re les enjeux relatifs \u00e0 l\u2019important travail de remaniement du r\u00e9cit romanesque de Gilles Paris dans la perspective d\u2019une r\u00e9flexion portant sur le processus d\u2019adaptation de son roman. Il s\u2019agira de montrer que la mise en dialogue des diff\u00e9rents \u00e9l\u00e9ments de production permet de mesurer la distance prise par rapport au texte source dans certaines s\u00e9quences du film de Claude Barras, et de questionner ces \u00e9carts au regard du public vis\u00e9 et de l\u2019identit\u00e9 g\u00e9n\u00e9tique du film en devenir.<\/p>\n\n\n\n<p>Je propose ainsi de jeter un \u00e9clairage sur les ressorts sous-jacents de ce que Pascale Garnier appelle la \u00ab construction d\u2019un adressage \u00bb<sup>[1]<\/sup> en m\u2019int\u00e9ressant \u00e0 la mani\u00e8re dont le mode d\u2019adresse du film, pens\u00e9 ici comme \u00e0 la fois visuel et narratif, d\u00e9coule d\u2019une connaissance construite \u2013 qui repose notamment sur des productions ant\u00e9rieures d\u2019un m\u00eame genre et sur les repr\u00e9sentations culturelles de l\u2019enfance \u2013 et subjective \u2013 d\u00e9termin\u00e9e par le parcours et les r\u00e9f\u00e9rences des personnes participant \u00e0 l\u2019\u00e9laboration du film \u2013 des spectatrices et des spectateurs vis\u00e9s\u00b7es ainsi que de la cat\u00e9gorie du long m\u00e9trage d\u2019animation pour enfants.<\/p>\n\n\n\n<p><sup>[1]<\/sup> Pascale Garnier, \u00ab&nbsp;Comment adresser une s\u00e9rie anim\u00e9e aux enfants&nbsp;? Analyse de la conception des<em> Grandes grandes vacances<\/em>&nbsp;\u00bb, dans Marl\u00e8ne Loicq, Aude Seurrat, Isabelle F\u00e9roc Dumez (dir.), <em>Cultures m\u00e9diatiques de l\u2019enfance et de la petite enfance <\/em>[en ligne,], 2017, pp. 28-42, <a href=\"https:\/\/hal.science\/hal-02555369\/document\" target=\"_blank\" rel=\"noreferrer noopener\">https:\/\/hal.science\/hal-02555369\/document<\/a>, consult\u00e9 le 15 d\u00e9cembre 2023.<\/p>\n\n\n\n<p><a href=\"https:\/\/www.fabula.org\/actualites\/117517\/adaptation-et-animation.html\" target=\"_blank\" rel=\"noreferrer noopener\">Lien vers l&rsquo;appel \u00e0 contribution sur le site de l&rsquo;APFUCC<\/a><\/p>\n\n\n\n<hr class=\"wp-block-separator has-alpha-channel-opacity is-style-wide\" \/>\n\n\n\n<h5 class=\"wp-block-heading\"><strong>Colloque international \u00ab Les studios d\u2019animation en Europe : contextes, connexions et repr\u00e9sentation \u00bb, 6 et 7 juin 2024, Maison de la recherche, Universit\u00e9 Paris 8, Paris, France<\/strong><\/h5>\n\n\n\n<p>Pr\u00e9sentations par trois des membres du projet :<\/p>\n\n\n\n<p><strong>\u00ab Studios en r\u00e9seaux. L\u2019animation en Suisse francophone \u00bb<\/strong>, par Maria Tortajada<\/p>\n\n\n\n<p><strong>\u00ab Le Studio Liechti (1964-1983) : \u00e9crire une histoire d\u2019animation \u00e0 l\u2019aide de fonds techniques \u00bb<\/strong>, par Baptiste Mesot<\/p>\n\n\n\n<p><strong>\u00ab Le syst\u00e8me de financement du cin\u00e9ma fa\u00e7onne-t-il le paysage de l\u2019animation suisse ? L\u2019exemple des productions d\u2019H\u00e9lium Films \u00bb<\/strong>, par Chlo\u00e9 Hofmann<\/p>\n\n\n\n<figure class=\"wp-block-gallery has-nested-images columns-2 is-cropped wp-block-gallery-1 is-layout-flex wp-block-gallery-is-layout-flex\">\n<figure class=\"wp-block-image size-large\"><a href=\"https:\/\/wp.unil.ch\/cinematheque-unil\/files\/2024\/10\/202406_Colloque_Studio_animation_Europe_page-0001.jpg\"><img alt=\"\" loading=\"lazy\" decoding=\"async\" width=\"1024\" height=\"727\" data-id=\"8107\" src=\"https:\/\/wp.unil.ch\/cinematheque-unil\/files\/2024\/10\/202406_Colloque_Studio_animation_Europe_page-0001-1024x727.jpg\" alt=\"\" class=\"wp-image-8107\" srcset=\"https:\/\/wp.unil.ch\/cinematheque-unil\/files\/2024\/10\/202406_Colloque_Studio_animation_Europe_page-0001-1024x727.jpg 1024w, https:\/\/wp.unil.ch\/cinematheque-unil\/files\/2024\/10\/202406_Colloque_Studio_animation_Europe_page-0001-300x213.jpg 300w, https:\/\/wp.unil.ch\/cinematheque-unil\/files\/2024\/10\/202406_Colloque_Studio_animation_Europe_page-0001-768x545.jpg 768w, https:\/\/wp.unil.ch\/cinematheque-unil\/files\/2024\/10\/202406_Colloque_Studio_animation_Europe_page-0001-1536x1090.jpg 1536w, https:\/\/wp.unil.ch\/cinematheque-unil\/files\/2024\/10\/202406_Colloque_Studio_animation_Europe_page-0001.jpg 1691w\" sizes=\"auto, (max-width: 1024px) 100vw, 1024px\" \/><\/a><\/figure>\n\n\n\n<figure class=\"wp-block-image size-large\"><a href=\"https:\/\/wp.unil.ch\/cinematheque-unil\/files\/2024\/10\/202406_Colloque_Studio_animation_Europe_page-0002.jpg\"><img alt=\"\" loading=\"lazy\" decoding=\"async\" width=\"1024\" height=\"727\" data-id=\"8106\" src=\"https:\/\/wp.unil.ch\/cinematheque-unil\/files\/2024\/10\/202406_Colloque_Studio_animation_Europe_page-0002-1024x727.jpg\" alt=\"\" class=\"wp-image-8106\" srcset=\"https:\/\/wp.unil.ch\/cinematheque-unil\/files\/2024\/10\/202406_Colloque_Studio_animation_Europe_page-0002-1024x727.jpg 1024w, https:\/\/wp.unil.ch\/cinematheque-unil\/files\/2024\/10\/202406_Colloque_Studio_animation_Europe_page-0002-300x213.jpg 300w, https:\/\/wp.unil.ch\/cinematheque-unil\/files\/2024\/10\/202406_Colloque_Studio_animation_Europe_page-0002-768x545.jpg 768w, https:\/\/wp.unil.ch\/cinematheque-unil\/files\/2024\/10\/202406_Colloque_Studio_animation_Europe_page-0002-1536x1090.jpg 1536w, https:\/\/wp.unil.ch\/cinematheque-unil\/files\/2024\/10\/202406_Colloque_Studio_animation_Europe_page-0002.jpg 1691w\" sizes=\"auto, (max-width: 1024px) 100vw, 1024px\" \/><\/a><\/figure>\n<\/figure>\n\n\n\n<p><a href=\"https:\/\/nefanimation.fr\/2024\/04\/26\/colloque-a-paris-les-studios-danimation-en-europe\/\">Lien vers l&rsquo;\u00e9v\u00e9nement sur le site du NEF (Nouvelles \u00c9critures pour le Film d&rsquo;animation)<\/a><\/p>\n\n\n\n<hr class=\"wp-block-separator has-alpha-channel-opacity is-style-wide\" \/>\n\n\n\n<h5 class=\"wp-block-heading\"><strong>Colloque \u00ab Cin\u00e9ma et Arch\u00e9ologie: Conf\u00e9rences, projections, performances \u00bb, 11 au 13 mai 2023, Mus\u00e9e du Louvre, Paris, France<\/strong><\/h5>\n\n\n\n<p>Pr\u00e9sentation par Maria Tortajada <strong>\u00ab Manuels et tutoriels d\u2019animation : objets arch\u00e9ologiques pour l\u2019\u00e9pist\u00e9mologie des dispositifs de vision \u00bb<\/strong><\/p>\n\n\n\n<p>L\u2019arch\u00e9ologie du cin\u00e9ma \u2013 ou des m\u00e9dias \u2013 pourrait \u00eatre d\u00e9crite d\u2019abord comme une science des objets. \u00c9tudier le cin\u00e9ma d\u2019animation signifie se confronter \u00e0 certains d\u2019entre eux : des objets triviaux, des tutoriels et des manuels qui nous expliquent, \u00e0 nous, amateurs \u00e9ventuels, comment faire. Quelle id\u00e9e du mouvement s\u2019\u00e9labore-t-elle dans les pratiques de fabrication de l\u2019image anim\u00e9e, de ce qui appara\u00eet aujourd\u2019hui comme le mode de production dominant du cin\u00e9ma d\u2019animation : la computer generated image (CGI) ? Pourra-t-on, au final, imaginer une \u00ab arch\u00e9ologie du mouvement \u00bb \u00e0 travers l\u2019\u00e9pist\u00e9mologie des dispositifs de vision ?<\/p>\n\n\n\n<p>Pr\u00e9sentation par Chlo\u00e9 Hofmann <strong>\u00ab Les figurines de la Cin\u00e9math\u00e8que suisse \u00e0 l\u2019\u00e9preuve de l\u2019arch\u00e9ologie des m\u00e9dias : m\u00e9thodes, enjeux, perspectives \u00bb<\/strong><\/p>\n\n\n\n<p>Cette communication propose de r\u00e9fl\u00e9chir aux m\u00e9thodes \u2013 notamment emprunt\u00e9es \u00e0 l\u2019arch\u00e9ologie des m\u00e9dias \u2013 permettant d\u2019aborder les figurines de films d\u2019animation d\u00e9pos\u00e9es dans certaines archives afin d\u2019\u00e9clairer les enjeux esth\u00e9tico-techniques relatifs \u00e0 leurs conditions de fabrication. Nous verrons que l\u2019examen et la manipulation de ces objets permettent de r\u00e9fl\u00e9chir \u00e0 la production des films d\u2019animation en mettant en r\u00e9seau des \u00e9l\u00e9ments techniques et mat\u00e9riels qu\u2019il est possible d\u2019articuler \u00e0 des questions formelles.<\/p>\n\n\n\n<figure class=\"wp-block-gallery has-nested-images columns-default is-cropped wp-block-gallery-2 is-layout-flex wp-block-gallery-is-layout-flex\">\n<figure class=\"wp-block-image size-large\"><a href=\"https:\/\/wp.unil.ch\/cinematheque-unil\/files\/2024\/10\/202305_Cinema-et-archeologie_page-0001.jpg\"><img alt=\"\" loading=\"lazy\" decoding=\"async\" width=\"1024\" height=\"703\" data-id=\"8112\" src=\"https:\/\/wp.unil.ch\/cinematheque-unil\/files\/2024\/10\/202305_Cinema-et-archeologie_page-0001-1024x703.jpg\" alt=\"\" class=\"wp-image-8112\" srcset=\"https:\/\/wp.unil.ch\/cinematheque-unil\/files\/2024\/10\/202305_Cinema-et-archeologie_page-0001-1024x703.jpg 1024w, https:\/\/wp.unil.ch\/cinematheque-unil\/files\/2024\/10\/202305_Cinema-et-archeologie_page-0001-300x206.jpg 300w, https:\/\/wp.unil.ch\/cinematheque-unil\/files\/2024\/10\/202305_Cinema-et-archeologie_page-0001-768x528.jpg 768w, https:\/\/wp.unil.ch\/cinematheque-unil\/files\/2024\/10\/202305_Cinema-et-archeologie_page-0001-1536x1055.jpg 1536w, https:\/\/wp.unil.ch\/cinematheque-unil\/files\/2024\/10\/202305_Cinema-et-archeologie_page-0001.jpg 1747w\" sizes=\"auto, (max-width: 1024px) 100vw, 1024px\" \/><\/a><\/figure>\n\n\n\n<figure class=\"wp-block-image size-large\"><a href=\"https:\/\/wp.unil.ch\/cinematheque-unil\/files\/2024\/10\/202305_Cinema-et-archeologie_page-0005.jpg\"><img alt=\"\" loading=\"lazy\" decoding=\"async\" width=\"1024\" height=\"703\" data-id=\"8113\" src=\"https:\/\/wp.unil.ch\/cinematheque-unil\/files\/2024\/10\/202305_Cinema-et-archeologie_page-0005-1024x703.jpg\" alt=\"\" class=\"wp-image-8113\" srcset=\"https:\/\/wp.unil.ch\/cinematheque-unil\/files\/2024\/10\/202305_Cinema-et-archeologie_page-0005-1024x703.jpg 1024w, https:\/\/wp.unil.ch\/cinematheque-unil\/files\/2024\/10\/202305_Cinema-et-archeologie_page-0005-300x206.jpg 300w, https:\/\/wp.unil.ch\/cinematheque-unil\/files\/2024\/10\/202305_Cinema-et-archeologie_page-0005-768x528.jpg 768w, https:\/\/wp.unil.ch\/cinematheque-unil\/files\/2024\/10\/202305_Cinema-et-archeologie_page-0005-1536x1055.jpg 1536w, https:\/\/wp.unil.ch\/cinematheque-unil\/files\/2024\/10\/202305_Cinema-et-archeologie_page-0005.jpg 1747w\" sizes=\"auto, (max-width: 1024px) 100vw, 1024px\" \/><\/a><\/figure>\n<\/figure>\n\n\n\n<p><\/p><p><\/p><p><\/p><p><\/p><p><\/p><p><\/p><p><\/p><p><\/p><p style=\"text-align: justify\"><a href=\"https:\/\/www.louvre.fr\/expositions-et-evenements\/evenements-activites\/colloque-cinema-et-archeologie\">Lien vers l&rsquo;\u00e9v\u00e9nement sur le site du Louvre<\/a><\/p>\n\n\n\n<p><a href=\"https:\/\/www.louvre.fr\/expositions-et-evenements\/evenements-activites\/animations\" target=\"_blank\" rel=\"noreferrer noopener\">Lien vers le programme de la matin\u00e9e <em>\u00ab&nbsp;Animations&nbsp;\u00bb<\/em><\/a><\/p>\n","protected":false},"excerpt":{"rendered":"<p>Projets Histoire de l\u2019animation suisse francophone Conf\u00e9rences Conf\u00e9rences S\u00e9minaire de la jeune recherche en animation &#8211; Imanima, 9 mars 2026 Pr\u00e9sentation par Chlo\u00e9 Hofmann Lien vers la page du s\u00e9minaire sur le site Imanima Colloque international \u00ab L\u2019\u00e9cran. \u00c0 la<\/p>\n","protected":false},"author":1002848,"featured_media":0,"parent":7640,"menu_order":0,"comment_status":"closed","ping_status":"closed","template":"","meta":{"_seopress_robots_primary_cat":"","_seopress_titles_title":"","_seopress_titles_desc":"","_seopress_robots_index":"","footnotes":""},"class_list":["post-7559","page","type-page","status-publish"],"_links":{"self":[{"href":"https:\/\/wp.unil.ch\/cinematheque-unil\/wp-json\/wp\/v2\/pages\/7559","targetHints":{"allow":["GET"]}}],"collection":[{"href":"https:\/\/wp.unil.ch\/cinematheque-unil\/wp-json\/wp\/v2\/pages"}],"about":[{"href":"https:\/\/wp.unil.ch\/cinematheque-unil\/wp-json\/wp\/v2\/types\/page"}],"author":[{"embeddable":true,"href":"https:\/\/wp.unil.ch\/cinematheque-unil\/wp-json\/wp\/v2\/users\/1002848"}],"replies":[{"embeddable":true,"href":"https:\/\/wp.unil.ch\/cinematheque-unil\/wp-json\/wp\/v2\/comments?post=7559"}],"version-history":[{"count":4,"href":"https:\/\/wp.unil.ch\/cinematheque-unil\/wp-json\/wp\/v2\/pages\/7559\/revisions"}],"predecessor-version":[{"id":9224,"href":"https:\/\/wp.unil.ch\/cinematheque-unil\/wp-json\/wp\/v2\/pages\/7559\/revisions\/9224"}],"up":[{"embeddable":true,"href":"https:\/\/wp.unil.ch\/cinematheque-unil\/wp-json\/wp\/v2\/pages\/7640"}],"wp:attachment":[{"href":"https:\/\/wp.unil.ch\/cinematheque-unil\/wp-json\/wp\/v2\/media?parent=7559"}],"curies":[{"name":"wp","href":"https:\/\/api.w.org\/{rel}","templated":true}]}}