{"id":7553,"date":"2024-09-03T19:53:59","date_gmt":"2024-09-03T17:53:59","guid":{"rendered":"https:\/\/wp.unil.ch\/cinematheque-unil\/?page_id=7553"},"modified":"2025-09-16T11:48:51","modified_gmt":"2025-09-16T09:48:51","slug":"enseignements","status":"publish","type":"page","link":"https:\/\/wp.unil.ch\/cinematheque-unil\/histoire-de-lanimation-suisse-francophone\/enseignements\/","title":{"rendered":"Enseignements"},"content":{"rendered":"<ol class=\"breadcrumb\">\n<li><a href=\"https:\/\/wp.unil.ch\/cinematheque-unil\/projets\/\">Projets<\/a><\/li>\n<li><a href=\"https:\/\/wp.unil.ch\/cinematheque-unil\/projets\/histoire-de-lanimation-suisse-francophone\/\">Histoire de l\u2019animation suisse francophone<\/a><\/li>\n<li class=\"current\"><a href=\"https:\/\/wp.unil.ch\/cinematheque-unil\/projets\/histoire-de-lanimation-suisse-francophone\/communications\/\">Communications<\/a><\/li>\n<\/ol>\n\n\n<h2 class=\"wp-block-heading\"><strong>Enseignements<\/strong><\/h2>\n\n\n\n<h5 class=\"wp-block-heading\"><strong>Printemps 2025 &#8211; Universit\u00e9 de Lausanne<\/strong><\/h5>\n\n\n\n<p><strong><em>Les studios d\u2019animation en Suisse<\/em>. Cours-s\u00e9minaire de BA. Donn\u00e9 par Maria Tortajada (Universit\u00e9 de Lausanne)<\/strong><\/p>\n\n\n<p style=\"text-align: justify\">La notion de \u00ab studio d\u2019animation \u00bb peut para\u00eetre aller de soi lorsque l\u2019on songe, par exemple, aux grands studios historiques am\u00e9ricains ou japonais. A l\u2019\u00e9chelle de la production suisse, et tout particuli\u00e8rement francophone, elle est beaucoup plus fluctuante, ce qui tient notamment aux diverses appellations ou aux modes de fonctionnement. Ce cours-s\u00e9minaire entend \u00e9tudier diff\u00e9rents exemples historiques ou contemporains d\u2019entit\u00e9s qui peuvent \u00eatre consid\u00e9r\u00e9es comme des \u00ab studios \u00bb : conna\u00eetre leur production comme leur fonctionnement dans le paysage helv\u00e9tique, les cin\u00e9astes-animateurs associ\u00e9s comme les diff\u00e9rents collaborateurs impliqu\u00e9s dans la cr\u00e9ation-production. Ainsi du studio Liechti, Animagination, GDS, Helium Film ou Nadasdy Film, dont le long m\u00e9trage Sauvages sortira \u00e0 l\u2019automne 2024. D\u00e8s la fin des ann\u00e9es 70, le Service jeunesse de la T\u00e9l\u00e9vision suisse romande, qui commence \u00e0 promouvoir la production de s\u00e9ries t\u00e9l\u00e9visuelles pour enfants joue un r\u00f4le essentiel pour le d\u00e9veloppement de l\u2019animation. L\u2019\u00e9tude des diff\u00e9rents studios croise donc celle de la t\u00e9l\u00e9vision. C\u2019est le cas en Suisse comme dans d\u2019autres cin\u00e9matographies nationales, qui pourront \u00eatre abord\u00e9es dans le cours.<\/p>\n<p style=\"text-align: justify\">Ce cours-s\u00e9minaire est associ\u00e9 au projet FNS Histoire de l\u2019animation suisse francophone et b\u00e9n\u00e9ficiera d\u2019interventions du groupe de recherche. Une journ\u00e9e d\u2019\u00e9tude est pr\u00e9vue en relation avec le cours autour de \u00ab t\u00e9moins \u00bb du cin\u00e9ma suisse d\u2019animation. Ce cours s\u2019inscrit dans la Collaboration UNIL + Cin\u00e9math\u00e8que suisse.<\/p>\n\n\n<h5 class=\"wp-block-heading\"><strong>Printemps 2024 &#8211; Universit\u00e9 de Lausanne<\/strong><\/h5>\n\n\n\n<p><strong><em>Animation en Suisse : Restaurer\/conserver\/historiographier I et II<\/em>. Cours-s\u00e9minaire de MA. Donn\u00e9 conjointement par&nbsp;: Caroline Fournier (Cin\u00e9math\u00e8que Suisse) et Maria Tortajada (Universit\u00e9 de Lausanne).<\/strong><\/p>\n\n\n\n<p><\/p>\n","protected":false},"excerpt":{"rendered":"<p>Projets Histoire de l\u2019animation suisse francophone Communications Enseignements Printemps 2025 &#8211; Universit\u00e9 de Lausanne Les studios d\u2019animation en Suisse. Cours-s\u00e9minaire de BA. Donn\u00e9 par Maria Tortajada (Universit\u00e9 de Lausanne) La notion de \u00ab studio d\u2019animation \u00bb peut para\u00eetre aller de<\/p>\n","protected":false},"author":1002848,"featured_media":0,"parent":7640,"menu_order":0,"comment_status":"closed","ping_status":"closed","template":"","meta":{"_seopress_robots_primary_cat":"","_seopress_titles_title":"","_seopress_titles_desc":"","_seopress_robots_index":"","footnotes":""},"class_list":["post-7553","page","type-page","status-publish"],"_links":{"self":[{"href":"https:\/\/wp.unil.ch\/cinematheque-unil\/wp-json\/wp\/v2\/pages\/7553","targetHints":{"allow":["GET"]}}],"collection":[{"href":"https:\/\/wp.unil.ch\/cinematheque-unil\/wp-json\/wp\/v2\/pages"}],"about":[{"href":"https:\/\/wp.unil.ch\/cinematheque-unil\/wp-json\/wp\/v2\/types\/page"}],"author":[{"embeddable":true,"href":"https:\/\/wp.unil.ch\/cinematheque-unil\/wp-json\/wp\/v2\/users\/1002848"}],"replies":[{"embeddable":true,"href":"https:\/\/wp.unil.ch\/cinematheque-unil\/wp-json\/wp\/v2\/comments?post=7553"}],"version-history":[{"count":5,"href":"https:\/\/wp.unil.ch\/cinematheque-unil\/wp-json\/wp\/v2\/pages\/7553\/revisions"}],"predecessor-version":[{"id":8747,"href":"https:\/\/wp.unil.ch\/cinematheque-unil\/wp-json\/wp\/v2\/pages\/7553\/revisions\/8747"}],"up":[{"embeddable":true,"href":"https:\/\/wp.unil.ch\/cinematheque-unil\/wp-json\/wp\/v2\/pages\/7640"}],"wp:attachment":[{"href":"https:\/\/wp.unil.ch\/cinematheque-unil\/wp-json\/wp\/v2\/media?parent=7553"}],"curies":[{"name":"wp","href":"https:\/\/api.w.org\/{rel}","templated":true}]}}