{"id":7551,"date":"2024-09-03T16:41:38","date_gmt":"2024-09-03T14:41:38","guid":{"rendered":"https:\/\/wp.unil.ch\/cinematheque-unil\/?page_id=7551"},"modified":"2024-09-19T12:01:06","modified_gmt":"2024-09-19T10:01:06","slug":"presentation","status":"publish","type":"page","link":"https:\/\/wp.unil.ch\/cinematheque-unil\/histoire-de-lanimation-suisse-francophone\/presentation\/","title":{"rendered":"Pr\u00e9sentation"},"content":{"rendered":"<ol class=\"breadcrumb\">\n<li><a href=\"https:\/\/wp.unil.ch\/cinematheque-unil\/projets\/\">Projets<\/a><\/li>\n<li><a href=\"https:\/\/wp.unil.ch\/cinematheque-unil\/projets\/histoire-de-lanimation-suisse-francophone\/\">Histoire de l\u2019animation suisse francophone<\/a><\/li>\n<li class=\"current\"><a href=\"https:\/\/wp.unil.ch\/cinematheque-unil\/projets\/histoire-de-lanimation-suisse-francophone\/presentation\/\">Pr\u00e9sentation<\/a><\/li>\n<\/ol>\n\n\n<h3 class=\"wp-block-heading\"><strong>Histoire de l\u2019animation suisse francophone<\/strong><\/h3>\n\n\n<div class=\"wp-block-image\">\n<figure class=\"alignleft size-large is-resized\"><a href=\"https:\/\/wp.unil.ch\/cinematheque-unil\/files\/2024\/09\/78tours.png\"><img alt=\"\" loading=\"lazy\" decoding=\"async\" width=\"1024\" height=\"768\" src=\"https:\/\/wp.unil.ch\/cinematheque-unil\/files\/2024\/09\/78tours-1024x768.png\" alt=\"\" class=\"wp-image-7616\" style=\"width:415px\" srcset=\"https:\/\/wp.unil.ch\/cinematheque-unil\/files\/2024\/09\/78tours-1024x768.png 1024w, https:\/\/wp.unil.ch\/cinematheque-unil\/files\/2024\/09\/78tours-300x225.png 300w, https:\/\/wp.unil.ch\/cinematheque-unil\/files\/2024\/09\/78tours-768x576.png 768w, https:\/\/wp.unil.ch\/cinematheque-unil\/files\/2024\/09\/78tours.png 1434w\" sizes=\"auto, (max-width: 1024px) 100vw, 1024px\" \/><\/a><figcaption class=\"wp-element-caption\">George Schwizgebel, <em>78 Tours <\/em>@ 1985 Studio GDS<\/figcaption><\/figure>\n<\/div>\n\n\n<p><\/p><p><\/p><p><\/p><p><\/p><p><\/p><p><\/p><p><\/p><p><\/p><p style=\"text-align: justify\">L\u2019histoire du cin\u00e9ma d\u2019animation en Suisse reste tr\u00e8s peu document\u00e9e \u00e0 ce jour alors qu\u2019il appara\u00eet, \u00e0 la lumi\u00e8re des nouvelles technologies, que la r\u00e9flexion contemporaine sur le cin\u00e9ma en constante mutation n\u00e9cessite une meilleure connaissance de ce champ. La mani\u00e8re dont l\u2019animation en Suisse s\u2019inscrit dans les diverses transformations des pratiques \u2013 techniques, esth\u00e9tiques et \u00e9conomiques \u2013 depuis le XX<sup>e<\/sup>&nbsp;si\u00e8cle est une connaissance indispensable \u00e0 la cr\u00e9ation contemporaine et aux modes de production qui lui sont n\u00e9cessaires. Le but du projet est de continuer d\u2019\u00e9crire l\u2019histoire du cin\u00e9ma suisse d\u2019animation francophone du XX<sup>e<\/sup>&nbsp;si\u00e8cle \u00e0 aujourd\u2019hui comme cela a d\u00e9j\u00e0 \u00e9t\u00e9 commenc\u00e9 gr\u00e2ce au projet FNS <a href=\"https:\/\/wp.unil.ch\/cinematheque-unil\/projets\/le-cinema-de-nag-et-gisele-ansorge\/\" data-type=\"link\" data-id=\"https:\/\/wp.unil.ch\/cinematheque-unil\/projets\/le-cinema-de-nag-et-gisele-ansorge\/\">\u00ab Nag et Gis\u00e8le Ansorge : institutions, pratiques et formes \u00bb<\/a>.<\/p>\n\n\n\n<p><\/p><p><\/p><p><\/p><p><\/p><p><\/p><p><\/p><p><\/p><p><\/p><p><\/p><p style=\"text-align: justify\">S\u2019attachant \u00e0 certains animateurs, \u00e0 certains studios qui leurs sont associ\u00e9s ou \u00e0 certains films, la recherche part d\u2019\u00e9tudes de cas particuli\u00e8rement significatifs pour \u00e9tudier aussi bien les pratiques des cin\u00e9astes que les dispositifs \u00e9conomique, professionnel, social, politique, institutionnel et technique qui permettent au cin\u00e9ma d\u2019animation de s\u2019inscrire, de fonctionner et de se d\u00e9velopper dans le maillage helv\u00e9tique et international du cin\u00e9ma.<\/p>\n\n\n\n<p><\/p><p><\/p><p><\/p><p><\/p><p><\/p><p><\/p><p><\/p><p><\/p><p><\/p><p style=\"text-align: justify\">D\u00e9gager \u00e0 partir de ces cas, de ces personnes, de ces entreprises, le r\u00e9seau qui fait le cin\u00e9ma d\u2019animation en Suisse francophone, c\u2019est aussi construire une part de l\u2019histoire de la Suisse dans son fonctionnement \u00e9conomique, culturel et artistique de la mani\u00e8re la plus concr\u00e8te ; c\u2019est \u00e9galement mettre en \u00e9vidence la part des coproductions et des \u00e9changes internationaux \u00e0 l\u2019\u0153uvre dans la cr\u00e9ation comme dans la diffusion des films d\u2019animation suisses.<\/p>\n\n\n\n<p><\/p><p><\/p><p><\/p><p><\/p><p><\/p><p><\/p><p><\/p><p><\/p><p style=\"text-align: justify\">Trois p\u00e9riodes sont abord\u00e9es \u00e0 partir d\u2019entr\u00e9es ponctuelles qui ouvriront sur une connaissance \u00e9largie des dispositifs \u00e0 l\u2019\u0153uvre :<\/p>\n\n\n\n<p><\/p><p><\/p><p><\/p><p><\/p><p><\/p><p><\/p><p><\/p><p><\/p><p style=\"text-align: justify\">1. La p\u00e9riode centrale du projet correspond \u00e0 l\u2019\u00e9mergence de l\u2019animation ind\u00e9pendante en Suisse d\u00e8s la fin des ann\u00e9es 60 et \u00e0 son d\u00e9veloppement jusqu\u2019au d\u00e9but des ann\u00e9es 2000 : elle mettra l\u2019accent sur le r\u00f4le essentiel jou\u00e9 par la t\u00e9l\u00e9vision, de la commande \u00e0 la diffusion des films. Deux th\u00e8ses de doctorat traiteront d\u2019un animateur ayant fond\u00e9 son studio : l\u2019une portera sur Edmond Liechti, tr\u00e8s impliqu\u00e9 dans la cr\u00e9ation t\u00e9l\u00e9visuelle et publicitaire, l\u2019autre sur Robi Engler, \u00e0 la fois graphiste, cin\u00e9aste, producteur et p\u00e9dagogue.<\/p>\n\n\n\n<p><\/p><p><\/p><p><\/p><p><\/p><p><\/p><p><\/p><p><\/p><p><\/p><p style=\"text-align: justify\">2. Un ph\u00e9nom\u00e8ne important pour l\u2019animation suisse contemporaine est le passage du court au long m\u00e9trage d\u2019animation, marqu\u00e9 par certains succ\u00e8s \u2013 ou \u00e9checs \u2013 du point de vue \u00e9conomique ou public en Suisse et \u00e0 l\u2019international. Cette tendance suppose des changements dans les modes de production, de financement et de travail qui transforment le champ de l\u2019animation de fa\u00e7on significative. Une monographie, r\u00e9dig\u00e9e par la chercheuse postdoc, traitera des transformations li\u00e9es \u00e0 l\u2019apparition de longs m\u00e9trages d\u2019animation en Suisse entre 1980 et aujourd\u2019hui.<\/p>\n\n\n\n<p><\/p><p><\/p><p><\/p><p><\/p><p><\/p><p><\/p><p><\/p><p><\/p><p style=\"text-align: justify\">3. Sur la p\u00e9riode du \u00ab cin\u00e9ma classique \u00bb, premi\u00e8re chronologiquement, la production en animation est minimale, marqu\u00e9e seulement par quelques entreprises \u00e9ph\u00e9m\u00e8res. C\u2019est le cas des&nbsp;<em>Aventures de Monsieur Vieux-Bois&nbsp;<\/em>(1921) de Lortac et Cav\u00e9 qui, \u00e0 travers un financement genevois, permet de cr\u00e9er un moyen m\u00e9trage au statut particulier \u00e0 partir des dessins de Rodolphe T\u00f6pffer. Ce film sera \u00e9tudi\u00e9 comme mod\u00e8le de production suisse dans une perspective transnationale \u00e0 travers trois articles.<\/p>\n\n\n\n<p><\/p><p><\/p><p><\/p><p style=\"text-align: justify\">Men\u00e9 dans le cadre de la Collaboration UNIL+Cin\u00e9math\u00e8que suisse, ce projet entend continuer de combler un manque flagrant dans la connaissance du cin\u00e9ma suisse gr\u00e2ce \u00e0 une m\u00e9thode originale, d\u00e9j\u00e0 mise \u00e0 l\u2019\u00e9preuve dans d\u2019autres recherches men\u00e9es \u00e0 l\u2019UNIL. Pour cela, il d\u00e9veloppe un outil ad hoc \u2013 une base de donn\u00e9es et ses visualisations de r\u00e9seaux \u2013 qu\u2019il entend partager avec d\u2019autres chercheur\u00b7e\u00b7s au-del\u00e0 du pr\u00e9sent projet pour parvenir ainsi \u00e0 terme, avec ses partenaires helv\u00e9tiques, \u00e0 une meilleure connaissance du cin\u00e9ma suisse d\u2019animation, dont l\u2019enseignement acad\u00e9mique du cin\u00e9ma a grandement besoin.<\/p>\n\n\n\n<p><strong>Un travail d\u2019\u00e9quipe \u00e0 partir de recherches personnelles<br \/><\/strong>L\u2019\u00e9quipe est compos\u00e9e de deux doctorants \u00e0 100% sur quatre ans ; d\u2019une chercheuse post-doc \u00e0 80% sur quatre ans, d\u2019un chercheur \u00e0 10% sur deux ans et de la directrice du projet. <\/p>\n\n\n\n<p>Chaque membre travaille \u00e0 l\u2019un des projets pr\u00e9sent\u00e9s ci-dessous ; la directrice encadre le travail collectif:<\/p>\n\n\n\n<ol class=\"wp-block-list\">\n<li><a href=\"https:\/\/wp.unil.ch\/cinematheque-unil\/histoire-de-lanimation-suisse-francophone\/lepoque-classique-histoire-de-monsieur-vieux-boix-1921\/\" data-type=\"page\" data-id=\"7642\">L\u2019\u00e9poque classique : Histoire de Monsieur Vieux-Boix (1921)<\/a><\/li>\n\n\n\n<li><a href=\"https:\/\/wp.unil.ch\/cinematheque-unil\/histoire-de-lanimation-suisse-francophone\/lanimation-pour-la-television-le-studio-liechti\/\" data-type=\"page\" data-id=\"7651\">L\u2019animation pour la t\u00e9l\u00e9vision : Le studio Liechti<\/a><\/li>\n\n\n\n<li><a href=\"https:\/\/wp.unil.ch\/cinematheque-unil\/robi-engler-graphiste-animateur-producteur-et-enseignant\/\" data-type=\"page\" data-id=\"7732\">Robi Engler, graphiste, animateur, producteur et enseignant<\/a><\/li>\n\n\n\n<li><a href=\"https:\/\/wp.unil.ch\/cinematheque-unil\/histoire-de-lanimation-suisse-francophone\/le-passage-a-la-production-de-longs-metrages-annees-1980-2023\/\" data-type=\"page\" data-id=\"7736\">Le passage \u00e0 la production de longs m\u00e9trages<\/a><\/li>\n<\/ol>\n\n\n\n<p class=\"has-small-font-size\">Direction : <strong><a href=\"https:\/\/www.unil.ch\/cin\/fr\/home\/menuinst\/collaborateurstrices\/tortajada-maria.html\" target=\"_blank\" rel=\"noreferrer noopener\">Maria Tortajada<\/a><\/strong> (Professeure ordinaire, Section d\u2019histoire et esth\u00e9tique du cin\u00e9ma). <br \/>Doctorants FNS : <a href=\"https:\/\/www.unil.ch\/cin\/fr\/home\/menuinst\/collaborateurstrices\/mesot-baptiste.html\" data-type=\"link\" data-id=\"https:\/\/www.unil.ch\/cin\/fr\/home\/menuinst\/collaborateurstrices\/mesot-baptiste.html\"><strong>Baptise Mesot<\/strong><\/a> (novembre 2023), <a href=\"https:\/\/www.unil.ch\/cin\/fr\/home\/menuinst\/collaborateurstrices\/donner-mathieu.html\"><strong>Mathieu Donner<\/strong><\/a> (ao\u00fbt 2024)<br \/>Chercheur FNS post-doc: <a href=\"https:\/\/www.unil.ch\/cin\/fr\/home\/menuinst\/collaborateurstrices\/hofmann-chloe.html\"><strong>Chlo\u00e9 Hofmann<\/strong><\/a><br \/>Chercheur FNS Junior : <a href=\"https:\/\/www.unil.ch\/cin\/cin\/PierreEmmanuelJaques?url_params=-v_faculte=30-v_unite=104-v_personne=871281-v_publication=true-v_menu=coord-mode=fiche&amp;pubsIdParam=a1dc77360c2d4ebc8d8a466da01412a0&amp;showFrom=auto\"><strong>Pierre-Emmanuel Jaques<\/strong><\/a><\/p>\n\n\n<p style=\"text-align: justify;font-size: small\"><a href=\"https:\/\/data.snf.ch\/grants\/grant\/220078\" target=\"_blank\" rel=\"noopener\"><img loading=\"lazy\" decoding=\"async\" class=\"alignnone wp-image-3017\" src=\"https:\/\/wp.unil.ch\/cinematheque-unil\/files\/2014\/02\/LOGO_FNS-300x81.jpg\" alt=\"LOGO_FNS\" width=\"200\" height=\"54\" srcset=\"https:\/\/wp.unil.ch\/cinematheque-unil\/files\/2014\/02\/LOGO_FNS-300x81.jpg 300w, https:\/\/wp.unil.ch\/cinematheque-unil\/files\/2014\/02\/LOGO_FNS-500x134.jpg 500w, https:\/\/wp.unil.ch\/cinematheque-unil\/files\/2014\/02\/LOGO_FNS.jpg 666w\" sizes=\"auto, (max-width: 200px) 100vw, 200px\" \/><\/a><\/p>\n<p style=\"text-align: justify;font-size: small\"><em>Voir aussi la <a title=\"FNS\" href=\"https:\/\/data.snf.ch\/grants\/grant\/220078\" target=\"_blank\" rel=\"noopener\">page<\/a> du Fonds national suisse de la recherche scientifique.<\/em><\/p>","protected":false},"excerpt":{"rendered":"<p>Projets Histoire de l\u2019animation suisse francophone Pr\u00e9sentation Histoire de l\u2019animation suisse francophone L\u2019histoire du cin\u00e9ma d\u2019animation en Suisse reste tr\u00e8s peu document\u00e9e \u00e0 ce jour alors qu\u2019il appara\u00eet, \u00e0 la lumi\u00e8re des nouvelles technologies, que la r\u00e9flexion contemporaine sur le<\/p>\n","protected":false},"author":1002848,"featured_media":0,"parent":7640,"menu_order":0,"comment_status":"closed","ping_status":"closed","template":"","meta":{"_seopress_robots_primary_cat":"","_seopress_titles_title":"","_seopress_titles_desc":"","_seopress_robots_index":"","footnotes":""},"class_list":["post-7551","page","type-page","status-publish"],"_links":{"self":[{"href":"https:\/\/wp.unil.ch\/cinematheque-unil\/wp-json\/wp\/v2\/pages\/7551","targetHints":{"allow":["GET"]}}],"collection":[{"href":"https:\/\/wp.unil.ch\/cinematheque-unil\/wp-json\/wp\/v2\/pages"}],"about":[{"href":"https:\/\/wp.unil.ch\/cinematheque-unil\/wp-json\/wp\/v2\/types\/page"}],"author":[{"embeddable":true,"href":"https:\/\/wp.unil.ch\/cinematheque-unil\/wp-json\/wp\/v2\/users\/1002848"}],"replies":[{"embeddable":true,"href":"https:\/\/wp.unil.ch\/cinematheque-unil\/wp-json\/wp\/v2\/comments?post=7551"}],"version-history":[{"count":5,"href":"https:\/\/wp.unil.ch\/cinematheque-unil\/wp-json\/wp\/v2\/pages\/7551\/revisions"}],"predecessor-version":[{"id":7799,"href":"https:\/\/wp.unil.ch\/cinematheque-unil\/wp-json\/wp\/v2\/pages\/7551\/revisions\/7799"}],"up":[{"embeddable":true,"href":"https:\/\/wp.unil.ch\/cinematheque-unil\/wp-json\/wp\/v2\/pages\/7640"}],"wp:attachment":[{"href":"https:\/\/wp.unil.ch\/cinematheque-unil\/wp-json\/wp\/v2\/media?parent=7551"}],"curies":[{"name":"wp","href":"https:\/\/api.w.org\/{rel}","templated":true}]}}