{"id":7414,"date":"2024-02-05T11:36:37","date_gmt":"2024-02-05T10:36:37","guid":{"rendered":"https:\/\/wp.unil.ch\/cinematheque-unil\/?page_id=7414"},"modified":"2024-02-06T12:20:49","modified_gmt":"2024-02-06T11:20:49","slug":"une-demi-journee-dans-les-archives-de-la-cinematheque-suisse-a-penthaz","status":"publish","type":"page","link":"https:\/\/wp.unil.ch\/cinematheque-unil\/une-demi-journee-dans-les-archives-de-la-cinematheque-suisse-a-penthaz\/","title":{"rendered":"Visite des archives \u00e0 Penthaz"},"content":{"rendered":"<h1 style=\"font-weight: 400\"><strong>Une demi-journ\u00e9e dans les archives de la Cin\u00e9math\u00e8que suisse \u00e0 Penthaz<\/strong><\/h1>\n<p>Dans le cadre de la collaboration entre la section de cin\u00e9ma et la Cin\u00e9math\u00e8que suisse, depuis 2021 est organis\u00e9e une visite du centre de recherche et d\u2019archivage de la Cin\u00e9math\u00e8que suisse \u00e0 Penthaz afin de familiariser les \u00e9tudiant.e.s en cin\u00e9ma et les doctorant.e.s avec de nombreuses possibilit\u00e9s de recherche. En effet, les fonds d\u2019archives de la Cin\u00e9math\u00e8que suisse permettent de r\u00e9aliser de multiples travaux \u2013 travaux de Master, m\u00e9moires et th\u00e8ses bien s\u00fbr \u2013 sur des sujets aussi vari\u00e9s qu\u2019in\u00e9dits (animation, distribution, festivals, affiches de films ou cin\u00e9-clubs, entre autres). Vous trouverez <a href=\"https:\/\/wp.unil.ch\/cinematheque-unil\/vitrine\/film-de-presentation\/\">ici<\/a> une petite pr\u00e9sentation vid\u00e9o des activit\u00e9s de recherche de l\u2019UNIL men\u00e9es \u00e0 la Cin\u00e9math\u00e8que suisse. La visite est anim\u00e9e par des professionnel.le.s des archives de la Cin\u00e9math\u00e8que suisse et dure une demi-journ\u00e9e. La prochaine visite aura lieu au semestre d&rsquo;automne 2024 (<a href=\"https:\/\/wp.unil.ch\/cinematheque-unil\/files\/2024\/02\/Programme_Une-demi-journee-dans-les-archives-de-la-CS_2023.pdf\">voir le programme de la visite de novembre 2023<\/a>).<\/p>\n<p><a href=\"https:\/\/wp.unil.ch\/cinematheque-unil\/files\/2024\/02\/Capture-decran-2024-02-05-a-13.50.38.png\"><img alt=\"\" loading=\"lazy\" decoding=\"async\" class=\"aligncenter wp-image-7431 size-large\" src=\"https:\/\/wp.unil.ch\/cinematheque-unil\/files\/2024\/02\/Capture-decran-2024-02-05-a-13.50.38-1024x639.png\" alt=\"\" width=\"720\" height=\"449\" srcset=\"https:\/\/wp.unil.ch\/cinematheque-unil\/files\/2024\/02\/Capture-decran-2024-02-05-a-13.50.38-1024x639.png 1024w, https:\/\/wp.unil.ch\/cinematheque-unil\/files\/2024\/02\/Capture-decran-2024-02-05-a-13.50.38-300x187.png 300w, https:\/\/wp.unil.ch\/cinematheque-unil\/files\/2024\/02\/Capture-decran-2024-02-05-a-13.50.38-768x479.png 768w, https:\/\/wp.unil.ch\/cinematheque-unil\/files\/2024\/02\/Capture-decran-2024-02-05-a-13.50.38.png 1432w\" sizes=\"auto, (max-width: 720px) 100vw, 720px\" \/><\/a><\/p>\n<p style=\"font-weight: 400\">Renseignements aupr\u00e8s de Carine Bernasconi<\/p>\n","protected":false},"excerpt":{"rendered":"<p>Une demi-journ\u00e9e dans les archives de la Cin\u00e9math\u00e8que suisse \u00e0 Penthaz Dans le cadre de la collaboration entre la section de cin\u00e9ma et la Cin\u00e9math\u00e8que suisse, depuis 2021 est organis\u00e9e une visite du centre de recherche et d\u2019archivage de la<\/p>\n","protected":false},"author":1002143,"featured_media":0,"parent":0,"menu_order":0,"comment_status":"closed","ping_status":"closed","template":"","meta":{"_seopress_robots_primary_cat":"","_seopress_titles_title":"","_seopress_titles_desc":"","_seopress_robots_index":"","footnotes":""},"class_list":["post-7414","page","type-page","status-publish"],"_links":{"self":[{"href":"https:\/\/wp.unil.ch\/cinematheque-unil\/wp-json\/wp\/v2\/pages\/7414","targetHints":{"allow":["GET"]}}],"collection":[{"href":"https:\/\/wp.unil.ch\/cinematheque-unil\/wp-json\/wp\/v2\/pages"}],"about":[{"href":"https:\/\/wp.unil.ch\/cinematheque-unil\/wp-json\/wp\/v2\/types\/page"}],"author":[{"embeddable":true,"href":"https:\/\/wp.unil.ch\/cinematheque-unil\/wp-json\/wp\/v2\/users\/1002143"}],"replies":[{"embeddable":true,"href":"https:\/\/wp.unil.ch\/cinematheque-unil\/wp-json\/wp\/v2\/comments?post=7414"}],"version-history":[{"count":4,"href":"https:\/\/wp.unil.ch\/cinematheque-unil\/wp-json\/wp\/v2\/pages\/7414\/revisions"}],"predecessor-version":[{"id":7442,"href":"https:\/\/wp.unil.ch\/cinematheque-unil\/wp-json\/wp\/v2\/pages\/7414\/revisions\/7442"}],"wp:attachment":[{"href":"https:\/\/wp.unil.ch\/cinematheque-unil\/wp-json\/wp\/v2\/media?parent=7414"}],"curies":[{"name":"wp","href":"https:\/\/api.w.org\/{rel}","templated":true}]}}