{"id":740,"date":"2014-10-22T12:56:58","date_gmt":"2014-10-22T10:56:58","guid":{"rendered":"http:\/\/wp.unil.ch\/cinematheque-unil\/?page_id=740"},"modified":"2022-09-07T17:29:57","modified_gmt":"2022-09-07T15:29:57","slug":"le-cinema-de-nag-et-gisele-ansorge","status":"publish","type":"page","link":"https:\/\/wp.unil.ch\/cinematheque-unil\/projets\/le-cinema-de-nag-et-gisele-ansorge\/","title":{"rendered":"Le cin\u00e9ma de Nag et Gis\u00e8le Ansorge"},"content":{"rendered":"<div style=\"background-color: #f5f5f5\">\n<p style=\"color: #24445c;text-align: center;font-size: large\"><strong>Le cin\u00e9ma de Nag et Gis\u00e8le Ansorge : institutions, pratiques et formes<\/strong><\/p>\n<p style=\"text-align: center;font-size: small\"><img loading=\"lazy\" decoding=\"async\" class=\"aligncenter size-full wp-image-1665\" src=\"https:\/\/wp.unil.ch\/cinematheque-unil\/files\/2014\/10\/SECTION_03.jpg\" alt=\"SECTION_03\" width=\"1024\" height=\"301\" srcset=\"https:\/\/wp.unil.ch\/cinematheque-unil\/files\/2014\/10\/SECTION_03.jpg 1024w, https:\/\/wp.unil.ch\/cinematheque-unil\/files\/2014\/10\/SECTION_03-300x88.jpg 300w, https:\/\/wp.unil.ch\/cinematheque-unil\/files\/2014\/10\/SECTION_03-500x147.jpg 500w\" sizes=\"auto, (max-width: 1024px) 100vw, 1024px\" \/><\/p>\n<p style=\"text-align: center;font-size: small\"><a title=\"Pr\u00e9sentation\" href=\"https:\/\/wp.unil.ch\/cinematheque-unil\/projets\/le-cinema-de-nag-et-gisele-ansorge\/presentation\/\">PR\u00c9SENTATION<\/a> | <a title=\"R\u00e9sultats de recherches\" href=\"https:\/\/wp.unil.ch\/cinematheque-unil\/projets\/le-cinema-de-nag-et-gisele-ansorge\/resultats-de-recherches\/\">R\u00c9SULTATS DE RECHERCHES<\/a> |\u00a0<a href=\"https:\/\/wp.unil.ch\/cinematheque-unil\/projets\/le-cinema-de-nag-et-gisele-ansorge\/projets-de-these\/\">TH\u00c8SES<\/a><br \/>\n<a title=\"Journ\u00e9es d\u2019\u00e9tude et colloques\" href=\"https:\/\/wp.unil.ch\/cinematheque-unil\/projets\/le-cinema-de-nag-et-gisele-ansorge\/journees-detude-et-colloque\/\">JOURN\u00c9ES D&rsquo;\u00c9TUDE ET COLLOQUES<\/a> | \u00a0<a href=\"https:\/\/wp.unil.ch\/cinematheque-unil\/ansorge-valorisation\/\">VALORISATION<\/a>\u00a0|\u00a0<a title=\"Bibliographie s\u00e9lective\" href=\"https:\/\/wp.unil.ch\/cinematheque-unil\/projets\/le-cinema-de-nag-et-gisele-ansorge\/bibliographie-selective\/\">BIBLIOGRAPHIE S\u00c9LECTIVE<\/a> | <a title=\"Partenaires\" href=\"https:\/\/wp.unil.ch\/cinematheque-unil\/projets\/le-cinema-de-nag-et-gisele-ansorge\/partenaires\/\">PARTENAIRES<\/a><\/p>\n<p style=\"font-size: small;text-align: right\">Illustration : Gis\u00e8le et Nag Ansorge visionnant <em>Les Corbeaux<\/em>,<br \/>\nCin\u00e9-journal suisse, n\u00b0 1450, 12 mars 1971.<br \/>\n\u00a9 Cin\u00e9math\u00e8que suisse.<\/p>\n<\/div>\n","protected":false},"excerpt":{"rendered":"<p>Le cin\u00e9ma de Nag et Gis\u00e8le Ansorge : institutions, pratiques et formes PR\u00c9SENTATION | R\u00c9SULTATS DE RECHERCHES |\u00a0TH\u00c8SES JOURN\u00c9ES D&rsquo;\u00c9TUDE ET COLLOQUES | \u00a0VALORISATION\u00a0|\u00a0BIBLIOGRAPHIE S\u00c9LECTIVE | PARTENAIRES Illustration : Gis\u00e8le et Nag Ansorge visionnant Les Corbeaux, Cin\u00e9-journal suisse, n\u00b0 1450,<\/p>\n","protected":false},"author":1469,"featured_media":0,"parent":79,"menu_order":38,"comment_status":"closed","ping_status":"closed","template":"","meta":{"_seopress_robots_primary_cat":"","_seopress_titles_title":"","_seopress_titles_desc":"","_seopress_robots_index":"","footnotes":""},"class_list":["post-740","page","type-page","status-publish"],"_links":{"self":[{"href":"https:\/\/wp.unil.ch\/cinematheque-unil\/wp-json\/wp\/v2\/pages\/740","targetHints":{"allow":["GET"]}}],"collection":[{"href":"https:\/\/wp.unil.ch\/cinematheque-unil\/wp-json\/wp\/v2\/pages"}],"about":[{"href":"https:\/\/wp.unil.ch\/cinematheque-unil\/wp-json\/wp\/v2\/types\/page"}],"author":[{"embeddable":true,"href":"https:\/\/wp.unil.ch\/cinematheque-unil\/wp-json\/wp\/v2\/users\/1469"}],"replies":[{"embeddable":true,"href":"https:\/\/wp.unil.ch\/cinematheque-unil\/wp-json\/wp\/v2\/comments?post=740"}],"version-history":[{"count":0,"href":"https:\/\/wp.unil.ch\/cinematheque-unil\/wp-json\/wp\/v2\/pages\/740\/revisions"}],"up":[{"embeddable":true,"href":"https:\/\/wp.unil.ch\/cinematheque-unil\/wp-json\/wp\/v2\/pages\/79"}],"wp:attachment":[{"href":"https:\/\/wp.unil.ch\/cinematheque-unil\/wp-json\/wp\/v2\/media?parent=740"}],"curies":[{"name":"wp","href":"https:\/\/api.w.org\/{rel}","templated":true}]}}