{"id":7372,"date":"2024-02-01T17:20:07","date_gmt":"2024-02-01T16:20:07","guid":{"rendered":"https:\/\/wp.unil.ch\/cinematheque-unil\/?page_id=7372"},"modified":"2024-02-01T18:26:24","modified_gmt":"2024-02-01T17:26:24","slug":"lausanne-goes-to-cannes","status":"publish","type":"page","link":"https:\/\/wp.unil.ch\/cinematheque-unil\/lausanne-goes-to-cannes\/","title":{"rendered":"Lausanne goes to Cannes"},"content":{"rendered":"<h1 style=\"text-align: center\">Lausanne goes to Cannes !<\/h1>\n<p style=\"text-align: center\">\n<h6 style=\"text-align: center\">Mis en place en 2022 dans le cadre de la Collaboration UNIL+CS, un partenariat exceptionnel unit la Section d\u2019histoire et esth\u00e9tique du cin\u00e9ma de l&rsquo;Universit\u00e9 de Lausanne et le Festival de Cannes.<\/h6>\n<p style=\"text-align: center\"><a href=\"https:\/\/wp.unil.ch\/cinematheque-unil\/files\/2024\/02\/IMG_9105.jpg\"><img alt=\"\" loading=\"lazy\" decoding=\"async\" class=\"alignnone wp-image-7379 size-large\" src=\"https:\/\/wp.unil.ch\/cinematheque-unil\/files\/2024\/02\/IMG_9105-1024x683.jpg\" alt=\"\" width=\"720\" height=\"480\" srcset=\"https:\/\/wp.unil.ch\/cinematheque-unil\/files\/2024\/02\/IMG_9105-1024x683.jpg 1024w, https:\/\/wp.unil.ch\/cinematheque-unil\/files\/2024\/02\/IMG_9105-300x200.jpg 300w, https:\/\/wp.unil.ch\/cinematheque-unil\/files\/2024\/02\/IMG_9105-768x512.jpg 768w, https:\/\/wp.unil.ch\/cinematheque-unil\/files\/2024\/02\/IMG_9105-1536x1024.jpg 1536w, https:\/\/wp.unil.ch\/cinematheque-unil\/files\/2024\/02\/IMG_9105.jpg 1800w\" sizes=\"auto, (max-width: 720px) 100vw, 720px\" \/><\/a><\/p>\n<div id=\"UniqueMessageBody\" class=\"XbIp4 jmmB7 GNqVo allowTextSelection OuGoX\" role=\"document\" aria-label=\"Corps du message\">\n<div dir=\"ltr\">\n<p>Depuis deux ans, ce partenariat permet aux \u00e9tudiant.e.s de Master et aux doctorant.e.s de b\u00e9n\u00e9ficier d&rsquo;accr\u00e9ditations gratuites pour le plus c\u00e9l\u00e8bre des festivals de cin\u00e9ma avec un focus sur la section \u00abCannes Classics\u00bb, qui pr\u00e9sente principalement de films restaur\u00e9s et de documentaires sur le cin\u00e9ma. Mais les participant.e.s ont acc\u00e8s \u00e0 toutes les sections comp\u00e9titives ou non du festival ainsi qu\u2019aux sections parall\u00e8les (Semaine de la critique, Quinzaine des r\u00e9alisateurs et ACID). Accueillis par le Festival de Cannes, les membres de la section de cin\u00e9ma peuvent ainsi assister aux projections, d\u00e9bats et conf\u00e9rences de presse ainsi qu\u2019aux rencontres avec des cin\u00e9astes et d&rsquo;autres professionnel.le.s de l&rsquo;industrie.<\/p>\n<p>De plus, gr\u00e2ce \u00e0 la revue lausannoise <a href=\"https:\/\/www.instagram.com\/boulevartmag\/\"><i>BoulevArt<\/i>,<\/a> \u00e0 laquelle collaborent de nombreux \u00e9tudiant.e.s de l\u2019UNIL, les participant.e.s peuvent s\u2019ils le souhaitent, proposer une critique ou un compte-rendu qui para\u00eetra dans la revue (<a href=\"https:\/\/wp.unil.ch\/cinematheque-unil\/files\/2024\/02\/BoulevArtMag6_Festival-de-Cannes-2022.pdf\">voir les articles de l&rsquo;\u00e9dition 2022<\/a>). Ci-dessous l&rsquo;acteur fran\u00e7ais Edouard Baer avec Abel Zuchuat, ancien \u00e9tudiant de la section de cin\u00e9ma et responsable de <em>BoulevArt<\/em>.<\/p>\n<p><a href=\"https:\/\/wp.unil.ch\/cinematheque-unil\/files\/2024\/02\/IMG_9339.jpg\"><img alt=\"\" loading=\"lazy\" decoding=\"async\" class=\"aligncenter wp-image-7382 size-large\" src=\"https:\/\/wp.unil.ch\/cinematheque-unil\/files\/2024\/02\/IMG_9339-1024x683.jpg\" alt=\"\" width=\"720\" height=\"480\" srcset=\"https:\/\/wp.unil.ch\/cinematheque-unil\/files\/2024\/02\/IMG_9339-1024x683.jpg 1024w, https:\/\/wp.unil.ch\/cinematheque-unil\/files\/2024\/02\/IMG_9339-300x200.jpg 300w, https:\/\/wp.unil.ch\/cinematheque-unil\/files\/2024\/02\/IMG_9339-768x512.jpg 768w, https:\/\/wp.unil.ch\/cinematheque-unil\/files\/2024\/02\/IMG_9339-1536x1024.jpg 1536w, https:\/\/wp.unil.ch\/cinematheque-unil\/files\/2024\/02\/IMG_9339.jpg 1800w\" sizes=\"auto, (max-width: 720px) 100vw, 720px\" \/><\/a><\/p>\n<p>Pour toutes les images: \u00a9Thomas Freymond.<\/p>\n<\/div>\n<\/div>\n","protected":false},"excerpt":{"rendered":"<p>Lausanne goes to Cannes ! Mis en place en 2022 dans le cadre de la Collaboration UNIL+CS, un partenariat exceptionnel unit la Section d\u2019histoire et esth\u00e9tique du cin\u00e9ma de l&rsquo;Universit\u00e9 de Lausanne et le Festival de Cannes. Depuis deux ans,<\/p>\n","protected":false},"author":1002143,"featured_media":0,"parent":0,"menu_order":0,"comment_status":"closed","ping_status":"closed","template":"","meta":{"_seopress_robots_primary_cat":"","_seopress_titles_title":"","_seopress_titles_desc":"","_seopress_robots_index":"","footnotes":""},"class_list":["post-7372","page","type-page","status-publish"],"_links":{"self":[{"href":"https:\/\/wp.unil.ch\/cinematheque-unil\/wp-json\/wp\/v2\/pages\/7372","targetHints":{"allow":["GET"]}}],"collection":[{"href":"https:\/\/wp.unil.ch\/cinematheque-unil\/wp-json\/wp\/v2\/pages"}],"about":[{"href":"https:\/\/wp.unil.ch\/cinematheque-unil\/wp-json\/wp\/v2\/types\/page"}],"author":[{"embeddable":true,"href":"https:\/\/wp.unil.ch\/cinematheque-unil\/wp-json\/wp\/v2\/users\/1002143"}],"replies":[{"embeddable":true,"href":"https:\/\/wp.unil.ch\/cinematheque-unil\/wp-json\/wp\/v2\/comments?post=7372"}],"version-history":[{"count":4,"href":"https:\/\/wp.unil.ch\/cinematheque-unil\/wp-json\/wp\/v2\/pages\/7372\/revisions"}],"predecessor-version":[{"id":7413,"href":"https:\/\/wp.unil.ch\/cinematheque-unil\/wp-json\/wp\/v2\/pages\/7372\/revisions\/7413"}],"wp:attachment":[{"href":"https:\/\/wp.unil.ch\/cinematheque-unil\/wp-json\/wp\/v2\/media?parent=7372"}],"curies":[{"name":"wp","href":"https:\/\/api.w.org\/{rel}","templated":true}]}}