{"id":715,"date":"2014-09-01T22:32:28","date_gmt":"2014-09-01T20:32:28","guid":{"rendered":"http:\/\/wp.unil.ch\/cinematheque-unil\/?page_id=715"},"modified":"2018-05-16T00:23:40","modified_gmt":"2018-05-15T22:23:40","slug":"documents-de-travail","status":"publish","type":"page","link":"https:\/\/wp.unil.ch\/cinematheque-unil\/projets\/discours-du-scenario-etude-historique-et-genetique-des-adaptations-cinematographiques-de-stendhal\/documents-de-travail\/","title":{"rendered":"Documents de travail"},"content":{"rendered":"<ol class=\"breadcrumb\">\n<li><a href=\"https:\/\/wp.unil.ch\/cinematheque-unil\/projets\/\">Projets<\/a><\/li>\n<li><a href=\"https:\/\/wp.unil.ch\/cinematheque-unil\/projets\/discours-du-scenario-etude-historique-et-genetique-des-adaptations-cinematographiques-de-stendhal\/\">Discours du sc\u00e9nario<\/a><\/li>\n<li class=\"current\"><a href=\"https:\/\/wp.unil.ch\/cinematheque-unil\/projets\/discours-du-scenario-etude-historique-et-genetique-des-adaptations-cinematographiques-de-stendhal\/documents-de-travail\/\">Documents de travail<\/a><\/li>\n<\/ol>\n<p><img loading=\"lazy\" decoding=\"async\" class=\"aligncenter size-full wp-image-2684\" src=\"https:\/\/wp.unil.ch\/cinematheque-unil\/files\/2014\/09\/SECTION_DOCUMENTS_DE_TRAVAIL.jpg\" alt=\"SECTION_DOCUMENTS_DE_TRAVAIL\" width=\"1025\" height=\"216\" srcset=\"https:\/\/wp.unil.ch\/cinematheque-unil\/files\/2014\/09\/SECTION_DOCUMENTS_DE_TRAVAIL.jpg 1025w, https:\/\/wp.unil.ch\/cinematheque-unil\/files\/2014\/09\/SECTION_DOCUMENTS_DE_TRAVAIL-300x63.jpg 300w, https:\/\/wp.unil.ch\/cinematheque-unil\/files\/2014\/09\/SECTION_DOCUMENTS_DE_TRAVAIL-1024x216.jpg 1024w, https:\/\/wp.unil.ch\/cinematheque-unil\/files\/2014\/09\/SECTION_DOCUMENTS_DE_TRAVAIL-500x105.jpg 500w\" sizes=\"auto, (max-width: 1025px) 100vw, 1025px\" \/><\/p>\n<h3>D\u00e9coupage<\/h3>\n<hr \/>\n<h3><\/h3>\n<h2>D\u00e9coupage du <em>Rouge et le Noir<\/em> (Claude Autant- Lara, 1954)<\/h2>\n<p style=\"text-align: justify\">\u00c9tabli par Laure Cordonier<\/p>\n<p style=\"text-align: justify\"><a title=\"1. D\u00e9coupage du g\u00e9n\u00e9rique et de la premi\u00e8re sc\u00e8ne\" href=\"https:\/\/wp.unil.ch\/cinematheque-unil\/files\/2015\/03\/DECOUPAGE_GENERIQUE.pdf\">1.\u00a0D\u00e9coupage du g\u00e9n\u00e9rique et de la premi\u00e8re sc\u00e8ne<\/a><br \/>\n<a title=\"D\u00e9coupage complet\" href=\"https:\/\/wp.unil.ch\/cinematheque-unil\/files\/2015\/03\/DECOUPAGE_COMPLET.pdf\">2.\u00a0D\u00e9coupage complet<\/a> [version de travail]<\/p>\n<p>&nbsp;<\/p>\n","protected":false},"excerpt":{"rendered":"<p>Projets Discours du sc\u00e9nario Documents de travail D\u00e9coupage D\u00e9coupage du Rouge et le Noir (Claude Autant- Lara, 1954) \u00c9tabli par Laure Cordonier 1.\u00a0D\u00e9coupage du g\u00e9n\u00e9rique et de la premi\u00e8re sc\u00e8ne 2.\u00a0D\u00e9coupage complet [version de travail] &nbsp;<\/p>\n","protected":false},"author":1469,"featured_media":0,"parent":123,"menu_order":38,"comment_status":"closed","ping_status":"closed","template":"","meta":{"_seopress_robots_primary_cat":"","_seopress_titles_title":"","_seopress_titles_desc":"","_seopress_robots_index":"","footnotes":""},"class_list":["post-715","page","type-page","status-publish"],"_links":{"self":[{"href":"https:\/\/wp.unil.ch\/cinematheque-unil\/wp-json\/wp\/v2\/pages\/715","targetHints":{"allow":["GET"]}}],"collection":[{"href":"https:\/\/wp.unil.ch\/cinematheque-unil\/wp-json\/wp\/v2\/pages"}],"about":[{"href":"https:\/\/wp.unil.ch\/cinematheque-unil\/wp-json\/wp\/v2\/types\/page"}],"author":[{"embeddable":true,"href":"https:\/\/wp.unil.ch\/cinematheque-unil\/wp-json\/wp\/v2\/users\/1469"}],"replies":[{"embeddable":true,"href":"https:\/\/wp.unil.ch\/cinematheque-unil\/wp-json\/wp\/v2\/comments?post=715"}],"version-history":[{"count":0,"href":"https:\/\/wp.unil.ch\/cinematheque-unil\/wp-json\/wp\/v2\/pages\/715\/revisions"}],"up":[{"embeddable":true,"href":"https:\/\/wp.unil.ch\/cinematheque-unil\/wp-json\/wp\/v2\/pages\/123"}],"wp:attachment":[{"href":"https:\/\/wp.unil.ch\/cinematheque-unil\/wp-json\/wp\/v2\/media?parent=715"}],"curies":[{"name":"wp","href":"https:\/\/api.w.org\/{rel}","templated":true}]}}