{"id":709,"date":"2014-09-01T22:21:10","date_gmt":"2014-09-01T20:21:10","guid":{"rendered":"http:\/\/wp.unil.ch\/cinematheque-unil\/?page_id=709"},"modified":"2019-06-12T12:37:29","modified_gmt":"2019-06-12T10:37:29","slug":"publications-liees-au-projet","status":"publish","type":"page","link":"https:\/\/wp.unil.ch\/cinematheque-unil\/projets\/discours-du-scenario-etude-historique-et-genetique-des-adaptations-cinematographiques-de-stendhal\/publications-liees-au-projet\/","title":{"rendered":"Publications li\u00e9es au projet"},"content":{"rendered":"<ol class=\"breadcrumb\">\n<li><a href=\"https:\/\/wp.unil.ch\/cinematheque-unil\/projets\/\">Projets<\/a><\/li>\n<li><a href=\"https:\/\/wp.unil.ch\/cinematheque-unil\/projets\/discours-du-scenario-etude-historique-et-genetique-des-adaptations-cinematographiques-de-stendhal\/\">Discours du sc\u00e9nario<\/a><\/li>\n<li class=\"current\"><a href=\"https:\/\/wp.unil.ch\/cinematheque-unil\/projets\/discours-du-scenario-etude-historique-et-genetique-des-adaptations-cinematographiques-de-stendhal\/publications-liees-au-projet\/\">Publications li\u00e9es au projet<\/a><\/li>\n<\/ol>\n<div style=\"background-color: #f5f5f5\">\n<h3 style=\"text-align: center\">Publications li\u00e9es au projet<\/h3>\n<p style=\"text-align: justify;margin-left: 138px;text-indent: -34px\">Alain Boillat et Fr\u00e9d\u00e9ric Maire, \u00ab\u00a0Sharing Knowledge between University and Cin\u00e9math\u00e8que\u00a0\u00bb, <em>Iluminace. The Journal of Film Theory, History, and Aesthetics<\/em>, vol. 31, n\u00b0 1, 2019, pp. 45-57.<\/p>\n<p style=\"text-align: justify;margin-left: 138px;text-indent: -34px\"><a href=\"https:\/\/wp.unil.ch\/cinematheque-unil\/projets\/discours-du-scenario-etude-historique-et-genetique-des-adaptations-cinematographiques-de-stendhal\/publications-liees-au-projet\/re-constituer-un-scenario\/\">Adrien Gaillard, \u00ab\u00a0\u201cRe-constituer un sc\u00e9nario\u201d\u00a0: br\u00e8ve r\u00e9flexion m\u00e9thodologique \u00e0 partir du <em>Rouge et le Noir<\/em>\u00a0\u00bb, in Fr\u00e9d\u00e9ric Maire et Maria Tortajada (dir.), site Web <em>La Collaboration UNIL+Cin\u00e9math\u00e8que suisse<\/em>, www.unil-cinematheque.ch, d\u00e9cembre 2018.<\/a><\/p>\n<p style=\"text-align: justify;margin-left: 138px;text-indent: -34px\"><a href=\"https:\/\/wp.unil.ch\/cinematheque-unil\/projets\/discours-du-scenario-etude-historique-et-genetique-des-adaptations-cinematographiques-de-stendhal\/publications-liees-au-projet\/ladaptation-des-livres-aux-scenarios\/\">Alain Boillat et Gilles Philippe (dir.), avec la collaboration de Laure Cordonier et Adrien Gaillard, <em>L\u2019Adaptation. Des livres aux sc\u00e9narios. Approche interdisciplinaire des archives du cin\u00e9ma fran\u00e7ais (1930-1960)<\/em>, Bruxelles, Impressions Nouvelles, 2018.<\/a><\/p>\n<p style=\"text-align: justify;margin-left: 138px;text-indent: -34px\">Alain Boillat et Gilles Philippe, \u00ab\u00a0Introduction. L\u2019adaptation au prisme des archives sc\u00e9naristiques\u00a0: le cin\u00e9ma de la Qualit\u00e9 fran\u00e7aise\u00a0\u00bb, in Alain Boillat et Gilles Philippe (dir.), avec la collaboration de Laure Cordonier et Adrien Gaillard, <em>L\u2019Adaptation. Des livres aux sc\u00e9narios. Approche interdisciplinaire des archives du cin\u00e9ma fran\u00e7ais (1930-1960)<\/em>, Bruxelles, Impressions Nouvelles, 2018, pp. 5-40.<\/p>\n<p style=\"text-align: justify;margin-left: 138px;text-indent: -34px\">Alain Boillat, \u00ab\u00a0Le flash-back, pierre de touche des sc\u00e9narios de la \u201cQualit\u00e9 fran\u00e7aise\u201d\u00a0? \u00c9tude g\u00e9n\u00e9tique d\u2019<em>En cas de malheur<\/em> (1957-1958)\u00a0\u00bb, in Alain Boillat et Gilles Philippe (dir.), avec la collaboration de Laure Cordonier et Adrien Gaillard, <em>L\u2019Adaptation. Des livres aux sc\u00e9narios. Approche interdisciplinaire des archives du cin\u00e9ma fran\u00e7ais (1930-1960)<\/em>, Bruxelles, Impressions Nouvelles, 2018, pp. 165-203.<\/p>\n<p style=\"text-align: justify;margin-left: 138px;text-indent: -34px\">Laure Cordonier, \u00ab\u00a0Autant-Lara, Stendhal et \u201cl\u2019esprit fran\u00e7ais\u201d\u00a0\u00bb, in Alain Boillat et Gilles Philippe (dir.), avec la collaboration de Laure Cordonier et Adrien Gaillard, <em>L\u2019Adaptation. Des livres aux sc\u00e9narios. Approche interdisciplinaire des archives du cin\u00e9ma fran\u00e7ais (1930-1960)<\/em>, Bruxelles, Impressions Nouvelles, 2018, pp. 263-290.<\/p>\n<p style=\"text-align: justify;margin-left: 138px;text-indent: -34px\">Adrien Gaillard, \u00ab\u00a0Litt\u00e9rarit\u00e9 du sc\u00e9nario et gen\u00e8se du film\u00a0: autour du <em>Rouge et le Noir<\/em> (1954)\u00a0\u00bb, in Alain Boillat et Gilles Philippe (dir.), avec la collaboration de Laure Cordonier et Adrien Gaillard, <em>L\u2019Adaptation. Des livres aux sc\u00e9narios. Approche interdisciplinaire des archives du cin\u00e9ma fran\u00e7ais (1930-1960)<\/em>, Bruxelles, Impressions Nouvelles, 2018, pp. 231-262.<\/p>\n<p style=\"text-align: justify;margin-left: 138px;text-indent: -34px\">Gilles Philippe, \u00ab\u00a0Bernanos r\u00e9crit par Gide ? Le <em>Journal d\u2019un cur\u00e9 de campagne<\/em> adapt\u00e9 par Aurenche et Bost\u00a0\u00bb, in Alain Boillat et Gilles Philippe (dir.), avec la collaboration de Laure Cordonier et Adrien Gaillard, <em>L\u2019Adaptation. Des livres aux sc\u00e9narios. Approche interdisciplinaire des archives du cin\u00e9ma fran\u00e7ais (1930-1960)<\/em>, Bruxelles, Impressions Nouvelles, 2018, pp. 93-112.<\/p>\n<p style=\"text-align: justify;margin-left: 138px;text-indent: -34px\">Vincent Verselle, \u00ab\u00a0Le projet d\u2019adaptation de <em>Journal d\u2019un cur\u00e9 de campagne<\/em> par Aurenche et Bost\u00a0: un probl\u00e8me de formes\u00a0\u00bb, in Alain Boillat et Gilles Philippe (dir.), avec la collaboration de Laure Cordonier et Adrien Gaillard, <em>L\u2019Adaptation. Des livres aux sc\u00e9narios. Approche interdisciplinaire des archives du cin\u00e9ma fran\u00e7ais (1930-1960)<\/em>, Bruxelles, Impressions Nouvelles, 2018, pp. 113-134.<\/p>\n<p style=\"text-align: justify;margin-left: 138px;text-indent: -34px\"><a href=\"https:\/\/genesis.revues.org\/1533\" target=\"_blank\" rel=\"noopener noreferrer\">Adrien Gaillard et Julien Meyer, \u00ab Jean Aurenche, Pierre Bost et Claude Autant-Lara, auteurs de <em>Douce<\/em>. Gen\u00e8se d\u2019une pratique sc\u00e9naristique \u00bb, <em>Genesis<\/em>, n\u00b0 41, 2015, pp. 91-101.<\/a><\/p>\n<p style=\"text-align: justify;margin-left: 138px;text-indent: -34px\"><a href=\"https:\/\/www.fabula.org\/colloques\/document3385.php\" target=\"_blank\" rel=\"noopener noreferrer\">Adrien Gaillard, \u00ab Le discours indirect libre dans la didascalie sc\u00e9naristique. Le cas d\u2019une adaptation du <em>Rouge et le Noir<\/em> \u00bb, in Gilles Philippe et Jo\u00ebl Zufferey (dir.), <em>Marges et contraintes du discours indirect libre<\/em>, Fabula\/Les colloques, [en ligne], 22 mai 2016.<\/a><\/p>\n<p style=\"text-align: justify;margin-left: 138px;text-indent: -34px\"><a href=\"https:\/\/wp.unil.ch\/cinematheque-unil\/projets\/discours-du-scenario-etude-historique-et-genetique-des-adaptations-cinematographiques-de-stendhal\/analyses\/extrait-dune-etude-de-la-revue-ecrans\/\">Alain Boillat, \u00ab L\u2019adaptation du <em>Rouge et le Noir<\/em> par Claude Autant-Lara (1954) : proc\u00e8s, processus, proc\u00e9d\u00e9s \u00bb, <em>\u00c9crans<\/em>, 1 (5), Classiques Garnier, Paris, 2016, pp. 135-167.<\/a><\/p>\n<p style=\"text-align: justify;margin-left: 138px;text-indent: -34px\">Alain Boillat, \u00ab\u00a0Star et personnage dans la gen\u00e8se filmique : Edwige Feuill\u00e8re chez Autant-Lara (1954-1958)\u00a0\u00bb, in Gw\u00e9na\u00eblle Legras et Genevi\u00e8ve Sellier (dir.), <em>Cin\u00e9mas et cin\u00e9philies populaires dans la France d&rsquo;apr\u00e8s-guerre<\/em>, Paris, Nouveau Monde, 2015, pp. 147-163.<\/p>\n<\/div>\n","protected":false},"excerpt":{"rendered":"<p>Projets Discours du sc\u00e9nario Publications li\u00e9es au projet Publications li\u00e9es au projet Alain Boillat et Fr\u00e9d\u00e9ric Maire, \u00ab\u00a0Sharing Knowledge between University and Cin\u00e9math\u00e8que\u00a0\u00bb, Iluminace. The Journal of Film Theory, History, and Aesthetics, vol. 31, n\u00b0 1, 2019, pp. 45-57. Adrien<\/p>\n","protected":false},"author":1469,"featured_media":0,"parent":123,"menu_order":46,"comment_status":"closed","ping_status":"closed","template":"","meta":{"_seopress_robots_primary_cat":"","_seopress_titles_title":"","_seopress_titles_desc":"","_seopress_robots_index":"","footnotes":""},"class_list":["post-709","page","type-page","status-publish"],"_links":{"self":[{"href":"https:\/\/wp.unil.ch\/cinematheque-unil\/wp-json\/wp\/v2\/pages\/709","targetHints":{"allow":["GET"]}}],"collection":[{"href":"https:\/\/wp.unil.ch\/cinematheque-unil\/wp-json\/wp\/v2\/pages"}],"about":[{"href":"https:\/\/wp.unil.ch\/cinematheque-unil\/wp-json\/wp\/v2\/types\/page"}],"author":[{"embeddable":true,"href":"https:\/\/wp.unil.ch\/cinematheque-unil\/wp-json\/wp\/v2\/users\/1469"}],"replies":[{"embeddable":true,"href":"https:\/\/wp.unil.ch\/cinematheque-unil\/wp-json\/wp\/v2\/comments?post=709"}],"version-history":[{"count":0,"href":"https:\/\/wp.unil.ch\/cinematheque-unil\/wp-json\/wp\/v2\/pages\/709\/revisions"}],"up":[{"embeddable":true,"href":"https:\/\/wp.unil.ch\/cinematheque-unil\/wp-json\/wp\/v2\/pages\/123"}],"wp:attachment":[{"href":"https:\/\/wp.unil.ch\/cinematheque-unil\/wp-json\/wp\/v2\/media?parent=709"}],"curies":[{"name":"wp","href":"https:\/\/api.w.org\/{rel}","templated":true}]}}