{"id":7076,"date":"2023-01-09T14:43:33","date_gmt":"2023-01-09T13:43:33","guid":{"rendered":"https:\/\/wp.unil.ch\/cinematheque-unil\/?page_id=7076"},"modified":"2023-01-09T14:52:27","modified_gmt":"2023-01-09T13:52:27","slug":"loeuvre-videographique-et-cinematographique-de-rene-bauermeister-1969-1984","status":"publish","type":"page","link":"https:\/\/wp.unil.ch\/cinematheque-unil\/loeuvre-videographique-et-cinematographique-de-rene-bauermeister-1969-1984\/","title":{"rendered":"Ren\u00e9 Bauermeister (1969-1984)"},"content":{"rendered":"<h1 style=\"text-align: center\">L\u2019\u0153uvre vid\u00e9ographique et cin\u00e9matographique de Ren\u00e9 Bauermeister (1969-1984)<\/h1>\n<p style=\"text-align: center\"><a href=\"https:\/\/wp.unil.ch\/cinematheque-unil\/files\/2023\/01\/RB.jpg\"><img alt=\"\" loading=\"lazy\" decoding=\"async\" class=\"wp-image-7078 aligncenter\" src=\"https:\/\/wp.unil.ch\/cinematheque-unil\/files\/2023\/01\/RB-300x227.jpg\" alt=\"\" width=\"476\" height=\"360\" srcset=\"https:\/\/wp.unil.ch\/cinematheque-unil\/files\/2023\/01\/RB-300x227.jpg 300w, https:\/\/wp.unil.ch\/cinematheque-unil\/files\/2023\/01\/RB-768x582.jpg 768w, https:\/\/wp.unil.ch\/cinematheque-unil\/files\/2023\/01\/RB.jpg 968w\" sizes=\"auto, (max-width: 476px) 100vw, 476px\" \/><\/a><\/p>\n<p style=\"font-weight: 400;text-align: center\">Ren\u00e9 Bauermeister, <em>Point z\u00e9ro<\/em>, 1971 (16 mm)<\/p>\n<p style=\"font-weight: 400\">Ren\u00e9 Bauermeister (1930-1985) est un professeur de dessin et un artiste neuch\u00e2telois qui explore de nombreux mediums au cours de sa carri\u00e8re\u00a0: peinture, sculpture, photographie, film et vid\u00e9o. \u00c0 partir de 1969, Ren\u00e9 Bauermeister inaugure avec <em>Support Surface<\/em> un travail vid\u00e9ographique qui s\u2019ach\u00e8vera avec <em>Landscape <\/em>(1984), r\u00e9alis\u00e9 une ann\u00e9e avant sa mort. L\u2019artiste poursuit son travail en mati\u00e8re d\u2019art vid\u00e9o tout en d\u00e9veloppant plusieurs films exp\u00e9rimentaux\u00a0: le tout constitue un corpus audiovisuel original et coh\u00e9rent encore peu \u00e9tudi\u00e9. Nous voudrions, par le biais de ce m\u00e9moire, \u00e9tablir une synth\u00e8se entre l\u2019ensemble de ses vid\u00e9os acquises depuis 1997 par la FMAC (Fonds municipal d\u2019art contemporain de la Ville de Gen\u00e8ve) et de ses films (16mm, 8mm et super 8) conserv\u00e9s par la Cin\u00e9math\u00e8que suisse. L\u2019analyse d\u00e9taill\u00e9e de l\u2019\u0153uvre audiovisuelle reste, \u00e0 ce jour, un objet in\u00e9dit qui permettra de r\u00e9\u00e9valuer le travail de Ren\u00e9 Bauermeister, artiste marginal et isol\u00e9, au sein du projet collaboratif UNIL+cin\u00e9math\u00e8que.<\/p>\n<p style=\"font-weight: 400\">\n<p style=\"font-weight: 400\">Dans les ann\u00e9es 1970, Ren\u00e9 Bauermeister suscite, en effet, une certaine curiosit\u00e9 dans le milieu artistique europ\u00e9en, notamment pour la qualit\u00e9 de son travail remarqu\u00e9e par Ren\u00e9 Berger, Andr\u00e9 Lhote et Jaques Monnier-Raball. \u00c9galement invit\u00e9 en 1973 par Ken Friedman, membre de Fluxus, Ren\u00e9 Bauermeister participe \u00e0 un symposium sur le sujet de l\u2019\u00ab\u2009Imagination publique\u2009\u00bb aux abords de Los Angeles. L\u2019enseignant de dessin, originaire d\u2019un village voisin de La Chaux-de-Fonds, parvient \u00e0 d\u00e9velopper un r\u00e9seau international lui permettant d\u2019exposer en Angleterre, en France et au Canada entre autres. Fruit d\u2019une approche pluridisciplinaire associant les sections d\u2019Histoire et d\u2019Histoire et esth\u00e9tique du cin\u00e9ma, le m\u00e9moire analysera aussi le contexte artistique, historique et culturel dans lequel Ren\u00e9 Bauermeister s\u2019ins\u00e8re, dans la mesure o\u00f9 les aspects et les enjeux mis en perspective participent \u00e0 \u00e9tayer son corpus audiovisuel.<\/p>\n<p>Travail de m\u00e9moire (Master 2022-2023) de <strong>Mathilde Cou\u00e9<\/strong> portant sur les films et vid\u00e9os de Ren\u00e9 Bauermeister dont l\u2019ensemble de la filmographie, notamment les 8mm et Super-8, est d\u00e9pos\u00e9e \u00e0 la Cin\u00e9math\u00e8que suisse. Le m\u00e9moire est codirig\u00e9 par <strong>Francois Valotton<\/strong> (section d&rsquo;Histoire, UNIL) et <strong>Fran\u00e7ois Bovier<\/strong> (section d&rsquo;Histoire et esth\u00e9tique du cin\u00e9ma, UNIL).<\/p>\n<p style=\"font-weight: 400\"><strong>\u00a0<\/strong><\/p>\n","protected":false},"excerpt":{"rendered":"<p>L\u2019\u0153uvre vid\u00e9ographique et cin\u00e9matographique de Ren\u00e9 Bauermeister (1969-1984) Ren\u00e9 Bauermeister, Point z\u00e9ro, 1971 (16 mm) Ren\u00e9 Bauermeister (1930-1985) est un professeur de dessin et un artiste neuch\u00e2telois qui explore de nombreux mediums au cours de sa carri\u00e8re\u00a0: peinture, sculpture, photographie,<\/p>\n","protected":false},"author":1002143,"featured_media":0,"parent":0,"menu_order":0,"comment_status":"closed","ping_status":"closed","template":"","meta":{"_seopress_robots_primary_cat":"","_seopress_titles_title":"","_seopress_titles_desc":"","_seopress_robots_index":"","footnotes":""},"class_list":["post-7076","page","type-page","status-publish"],"_links":{"self":[{"href":"https:\/\/wp.unil.ch\/cinematheque-unil\/wp-json\/wp\/v2\/pages\/7076","targetHints":{"allow":["GET"]}}],"collection":[{"href":"https:\/\/wp.unil.ch\/cinematheque-unil\/wp-json\/wp\/v2\/pages"}],"about":[{"href":"https:\/\/wp.unil.ch\/cinematheque-unil\/wp-json\/wp\/v2\/types\/page"}],"author":[{"embeddable":true,"href":"https:\/\/wp.unil.ch\/cinematheque-unil\/wp-json\/wp\/v2\/users\/1002143"}],"replies":[{"embeddable":true,"href":"https:\/\/wp.unil.ch\/cinematheque-unil\/wp-json\/wp\/v2\/comments?post=7076"}],"version-history":[{"count":0,"href":"https:\/\/wp.unil.ch\/cinematheque-unil\/wp-json\/wp\/v2\/pages\/7076\/revisions"}],"wp:attachment":[{"href":"https:\/\/wp.unil.ch\/cinematheque-unil\/wp-json\/wp\/v2\/media?parent=7076"}],"curies":[{"name":"wp","href":"https:\/\/api.w.org\/{rel}","templated":true}]}}