{"id":698,"date":"2014-08-28T19:19:41","date_gmt":"2014-08-28T17:19:41","guid":{"rendered":"http:\/\/wp.unil.ch\/cinematheque-unil\/?page_id=698"},"modified":"2018-05-16T16:37:47","modified_gmt":"2018-05-16T14:37:47","slug":"espace-enseignants","status":"publish","type":"page","link":"https:\/\/wp.unil.ch\/cinematheque-unil\/projets\/discours-du-scenario-etude-historique-et-genetique-des-adaptations-cinematographiques-de-stendhal\/espace-enseignants\/","title":{"rendered":"Espace enseignants"},"content":{"rendered":"<ol class=\"breadcrumb\">\n<li><a href=\"https:\/\/wp.unil.ch\/cinematheque-unil\/projets\/\">Projets<\/a><\/li>\n<li><a href=\"https:\/\/wp.unil.ch\/cinematheque-unil\/projets\/discours-du-scenario-etude-historique-et-genetique-des-adaptations-cinematographiques-de-stendhal\/\">Discours du sc\u00e9nario<\/a><\/li>\n<li class=\"current\"><a href=\"https:\/\/wp.unil.ch\/cinematheque-unil\/projets\/discours-du-scenario-etude-historique-et-genetique-des-adaptations-cinematographiques-de-stendhal\/espace-enseignants\/\">Espace enseignants<\/a><\/li>\n<\/ol>\n<p><img loading=\"lazy\" decoding=\"async\" class=\"aligncenter size-full wp-image-2547\" src=\"https:\/\/wp.unil.ch\/cinematheque-unil\/files\/2015\/03\/DOSSIER_VERSELLE.jpg\" alt=\"DOSSIER_VERSELLE\" width=\"1024\" height=\"216\" srcset=\"https:\/\/wp.unil.ch\/cinematheque-unil\/files\/2015\/03\/DOSSIER_VERSELLE.jpg 1024w, https:\/\/wp.unil.ch\/cinematheque-unil\/files\/2015\/03\/DOSSIER_VERSELLE-300x63.jpg 300w, https:\/\/wp.unil.ch\/cinematheque-unil\/files\/2015\/03\/DOSSIER_VERSELLE-500x105.jpg 500w\" sizes=\"auto, (max-width: 1024px) 100vw, 1024px\" \/><\/p>\n<h3>Introduction \u00e0 l\u2019\u00e9tude du sc\u00e9nario<\/h3>\n<hr \/>\n<h2>Article proposant divers objets d&rsquo;\u00e9tude et approches dans la perspective d&rsquo;une histoire et d&rsquo;une th\u00e9orie du sc\u00e9nario au cin\u00e9ma<\/h2>\n<p style=\"text-align: justify\">Alain Boillat<\/p>\n<p style=\"text-align: justify\">Ce texte pr\u00e9sente quelques premi\u00e8res r\u00e9flexions ayant men\u00e9 \u00e0 la conduite du projet de recherche \u00ab Discours du sc\u00e9nario \u00bb :<br \/>\n<a href=\"https:\/\/wp.unil.ch\/cinematheque-unil\/files\/2015\/04\/ARCHIPEL_BOILLAT_INTRO.pdf\">Alain Boillat, \u00ab A la recherche du sc\u00e9nario. Le sc\u00e9nario comme objet (d&rsquo;\u00e9tude) et pratique (d&rsquo;\u00e9criture) \u00bb, <em>Archipel<\/em>, n\u00b0\u00a034, Lausanne, 2011, pp. 13-59.<\/a><\/p>\n<p>&nbsp;<\/p>\n<h3>Exercice\u00a0p\u00e9dagogique<\/h3>\n<hr \/>\n<h2>Exercice d\u2019analyse de film\u00a0: la s\u00e9quence inaugurale du <em>Rouge et le noir<\/em> (Claude Autant-Lara, 1954)<\/h2>\n<p style=\"text-align: justify\">Alain Boillat<\/p>\n<p style=\"text-align: justify\"><a title=\"1. Exercice d\u2019analyse de film\" href=\"https:\/\/wp.unil.ch\/cinematheque-unil\/projets\/discours-du-scenario-etude-historique-et-genetique-des-adaptations-cinematographiques-de-stendhal\/espace-enseignants\/1-exercice-danalyse-de-film\/\">1. Exercice d\u2019analyse de film<\/a><br \/>\n<a title=\"2. Supports li\u00e9s \u00e0 la s\u00e9quence\" href=\"https:\/\/wp.unil.ch\/cinematheque-unil\/projets\/discours-du-scenario-etude-historique-et-genetique-des-adaptations-cinematographiques-de-stendhal\/espace-enseignants\/2-supports-lies-a-la-sequence\/\">2. Supports li\u00e9s \u00e0 la s\u00e9quence<\/a><\/p>\n<p>&nbsp;<\/p>\n<h3>Dossier p\u00e9dagogique<\/h3>\n<hr \/>\n<h2><em>Le Rouge et le noir<\/em> adapt\u00e9 \u00e0 l\u2019\u00e9cran (Stendhal, 1831 <em>vs<\/em> Autant-Lara, Aurenche &amp; Bost, 1954)<\/h2>\n<p style=\"text-align: justify\">Vincent Verselle<\/p>\n<p style=\"text-align: justify\"><a title=\"1. Avant-propos\" href=\"https:\/\/wp.unil.ch\/cinematheque-unil\/projets\/discours-du-scenario-etude-historique-et-genetique-des-adaptations-cinematographiques-de-stendhal\/espace-enseignants\/1-avant-propos\/\">1. Avant-propos<\/a><br \/>\n<a title=\"2. L\u2019adaptation de textes litt\u00e9raires \u00e0 l\u2019\u00e9cran\" href=\"https:\/\/wp.unil.ch\/cinematheque-unil\/projets\/discours-du-scenario-etude-historique-et-genetique-des-adaptations-cinematographiques-de-stendhal\/espace-enseignants\/2-ladaptation-de-textes-litteraires-a-lecran\/\">2. L\u2019adaptation de textes litt\u00e9raires \u00e0 l\u2019\u00e9cran<\/a><br \/>\n<a title=\"3. Le sc\u00e9nario\u00a0: \u00e9tape entre le roman et le film, et \u00e9tape didactique\" href=\"https:\/\/wp.unil.ch\/cinematheque-unil\/projets\/discours-du-scenario-etude-historique-et-genetique-des-adaptations-cinematographiques-de-stendhal\/espace-enseignants\/3-le-scenario-etape-entre-le-roman-et-le-film-et-etape-didactique\/\">3. Le sc\u00e9nario\u00a0: \u00e9tape entre le roman et le film, et \u00e9tape didactique<\/a><br \/>\n<a title=\"4. Autour de l\u2019adaptation du Rouge et le noir\" href=\"https:\/\/wp.unil.ch\/cinematheque-unil\/projets\/discours-du-scenario-etude-historique-et-genetique-des-adaptations-cinematographiques-de-stendhal\/espace-enseignants\/4-autour-de-ladaptation-du-rouge-et-le-noir\/\">4. Autour de l\u2019adaptation du <em>Rouge et le noir<\/em><\/a><br \/>\n<a title=\"5. Esquisses de s\u00e9quences didactiques et \u00e9l\u00e9ments de th\u00e9orie\" href=\"https:\/\/wp.unil.ch\/cinematheque-unil\/projets\/discours-du-scenario-etude-historique-et-genetique-des-adaptations-cinematographiques-de-stendhal\/espace-enseignants\/5-esquisses-de-sequences-didactiques-et-elements-de-theorie\/\">5. Esquisses de s\u00e9quences didactiques et \u00e9l\u00e9ments de th\u00e9orie<\/a><br \/>\n<a title=\"6. Glossaire\" href=\"https:\/\/wp.unil.ch\/cinematheque-unil\/projets\/discours-du-scenario-etude-historique-et-genetique-des-adaptations-cinematographiques-de-stendhal\/espace-enseignants\/6-glossaire\/\">6. Glossaire<\/a><br \/>\n<a title=\"7. R\u00e9f\u00e9rences bibliographiques\" href=\"https:\/\/wp.unil.ch\/cinematheque-unil\/projets\/discours-du-scenario-etude-historique-et-genetique-des-adaptations-cinematographiques-de-stendhal\/espace-enseignants\/7-references-bibliographiques\/\">7. R\u00e9f\u00e9rences bibliographiques<\/a><br \/>\n<a title=\"8. Supports li\u00e9s \u00e0 la s\u00e9quence\" href=\"https:\/\/wp.unil.ch\/cinematheque-unil\/projets\/discours-du-scenario-etude-historique-et-genetique-des-adaptations-cinematographiques-de-stendhal\/espace-enseignants\/8-supports-lies-a-la-sequence\/\">8. Supports li\u00e9s \u00e0 la s\u00e9quence<\/a><\/p>\n","protected":false},"excerpt":{"rendered":"<p>Projets Discours du sc\u00e9nario Espace enseignants Introduction \u00e0 l\u2019\u00e9tude du sc\u00e9nario Article proposant divers objets d&rsquo;\u00e9tude et approches dans la perspective d&rsquo;une histoire et d&rsquo;une th\u00e9orie du sc\u00e9nario au cin\u00e9ma Alain Boillat Ce texte pr\u00e9sente quelques premi\u00e8res r\u00e9flexions ayant men\u00e9<\/p>\n","protected":false},"author":1469,"featured_media":0,"parent":123,"menu_order":52,"comment_status":"closed","ping_status":"closed","template":"","meta":{"_seopress_robots_primary_cat":"","_seopress_titles_title":"","_seopress_titles_desc":"","_seopress_robots_index":"","footnotes":""},"class_list":["post-698","page","type-page","status-publish"],"_links":{"self":[{"href":"https:\/\/wp.unil.ch\/cinematheque-unil\/wp-json\/wp\/v2\/pages\/698","targetHints":{"allow":["GET"]}}],"collection":[{"href":"https:\/\/wp.unil.ch\/cinematheque-unil\/wp-json\/wp\/v2\/pages"}],"about":[{"href":"https:\/\/wp.unil.ch\/cinematheque-unil\/wp-json\/wp\/v2\/types\/page"}],"author":[{"embeddable":true,"href":"https:\/\/wp.unil.ch\/cinematheque-unil\/wp-json\/wp\/v2\/users\/1469"}],"replies":[{"embeddable":true,"href":"https:\/\/wp.unil.ch\/cinematheque-unil\/wp-json\/wp\/v2\/comments?post=698"}],"version-history":[{"count":0,"href":"https:\/\/wp.unil.ch\/cinematheque-unil\/wp-json\/wp\/v2\/pages\/698\/revisions"}],"up":[{"embeddable":true,"href":"https:\/\/wp.unil.ch\/cinematheque-unil\/wp-json\/wp\/v2\/pages\/123"}],"wp:attachment":[{"href":"https:\/\/wp.unil.ch\/cinematheque-unil\/wp-json\/wp\/v2\/media?parent=698"}],"curies":[{"name":"wp","href":"https:\/\/api.w.org\/{rel}","templated":true}]}}