{"id":675,"date":"2014-08-27T15:17:16","date_gmt":"2014-08-27T13:17:16","guid":{"rendered":"http:\/\/wp.unil.ch\/cinematheque-unil\/?page_id=675"},"modified":"2018-05-16T00:31:25","modified_gmt":"2018-05-15T22:31:25","slug":"sources-secondaires-1940-1960","status":"publish","type":"page","link":"https:\/\/wp.unil.ch\/cinematheque-unil\/projets\/discours-du-scenario-etude-historique-et-genetique-des-adaptations-cinematographiques-de-stendhal\/bibliographie\/sources-secondaires-1940-1960\/","title":{"rendered":"Sources secondaires 1940-1960"},"content":{"rendered":"<ol class=\"breadcrumb\">\n<li><a href=\"https:\/\/wp.unil.ch\/cinematheque-unil\/projets\/\">Projets<\/a><\/li>\n<li><a href=\"https:\/\/wp.unil.ch\/cinematheque-unil\/projets\/discours-du-scenario-etude-historique-et-genetique-des-adaptations-cinematographiques-de-stendhal\/\">Discours du sc\u00e9nario<\/a><\/li>\n<li><a href=\"https:\/\/wp.unil.ch\/cinematheque-unil\/projets\/discours-du-scenario-etude-historique-et-genetique-des-adaptations-cinematographiques-de-stendhal\/bibliographie\/\">Bibliographie s\u00e9lective<\/a><\/li>\n<li class=\"current\"><a href=\"https:\/\/wp.unil.ch\/cinematheque-unil\/projets\/discours-du-scenario-etude-historique-et-genetique-des-adaptations-cinematographiques-de-stendhal\/bibliographie\/sources-secondaires-1940-1960\/\">Sources secondaires 1940-1960<\/a><\/li>\n<\/ol>\n<div style=\"margin-left: 138px;text-indent: -34px\">\n<p style=\"text-align: justify;font-size: small\">Jean Aurenche, <em>La suite \u00e0 l\u2019\u00e9cran\u00a0: entretiens<\/em>, Lyon\/Arles, Institut Lumi\u00e8re\/Actes Sud, 1993.<\/p>\n<p style=\"text-align: justify;font-size: small\">Claude Autant-Lara, <em>T\u00e9l\u00e9mafia<\/em>, Nice, A. Lefeuvre, 1981 (r\u00e9\u00e9d. Paris, Conchobar, 1994).<\/p>\n<p style=\"text-align: justify;font-size: small\">\u2013, <em>La rage dans le c\u0153ur<\/em>, Paris, H. Veyrier, 1984.<\/p>\n<p style=\"text-align: justify;font-size: small\">\u2013, <em>Hollywood Cake-Walk (1930-1932)<\/em>, Paris, H. Veyrier, 1985.<\/p>\n<p style=\"text-align: justify;font-size: small\">\u2013, <em>Les fourgons du malheur<\/em>, Paris, Carr\u00e8re, 1987 (r\u00e9\u00e9d. Ch\u00e2tillon-sur-Chalaronne, Flambeau, 1990).<\/p>\n<p style=\"text-align: justify;font-size: small\">\u2013, <em>Le Coq et le rat<\/em>, Ch\u00e2tillon-sur-Chalaronne, Flambeau, 1990 (r\u00e9\u00e9d. Coulommiers, Dualpha, 2010).<\/p>\n<p style=\"text-align: justify;font-size: small\">Andr\u00e9 Bazin, \u00ab\u00a0Pour un cin\u00e9ma impur (d\u00e9fense de l\u2019adaptation)\u00a0\u00bb, in George-Michel Bovay (dir.), <em>Cin\u00e9ma\u00a0: un \u0153il ouvert sur le monde<\/em>, Lausanne, La Guilde du Livre, 1953, pp.\u00a059-83 (repris in <em>Qu\u2019est-ce que le cin\u00e9ma<\/em>, tome II).<\/p>\n<p style=\"text-align: justify;font-size: small\">\u2013, \u00ab\u00a0Des caract\u00e8res (<em>Le Rouge et le Noir<\/em>)\u00a0\u00bb, <em>Les Cahiers du cin\u00e9ma<\/em>, n\u00b0\u00a041, d\u00e9cembre 1954, pp. 38-40.<\/p>\n<p style=\"text-align: justify;font-size: small\">\u2013, \u00ab\u00a0L\u2019adaptation comme digeste\u00a0\u00bb, <em>Esprit<\/em>, n\u00b0\u00a0146, juillet 1948, repris sous le titre \u00ab\u00a0Le cin\u00e9ma comme digeste\u00a0\u00bb, <em>La Revue des lettres modernes<\/em>, n\u00b0\u00a036-38, \u00e9t\u00e9 1958 (Cin\u00e9ma et roman), pp. 201-207.<\/p>\n<p style=\"text-align: justify;font-size: small\">Pierre Bost, <em>Un an dans un tiroir<\/em>, Paris, Le Dilettante, 2009.<\/p>\n<p style=\"text-align: justify;font-size: small\">Charles Ford, <em>On tourne lundi (\u00e9crire pour le cin\u00e9ma)<\/em>, Paris, J. Vigneau, 1947.<\/p>\n<p style=\"text-align: justify;font-size: small\">\u00c9tienne Fuzellier, <em>Cin\u00e9ma et litt\u00e9rature<\/em>, Paris, Cerf, 1965.<\/p>\n<p style=\"text-align: justify;font-size: small\">Henri Jeanson, <em>Jeanson par Jeanson<\/em>, Paris, Ren\u00e9 Ch\u00e2teau, 2000.<\/p>\n<p style=\"text-align: justify;font-size: small\">Joseph Lo Duca, <em>Technique du cin\u00e9ma<\/em>, Paris, PUF, 1971 [1943], pp.\u00a065-84 (\u00ab\u00a0La r\u00e9alisation. Le sc\u00e9nario\u00a0\u00bb).<\/p>\n<p style=\"text-align: justify;font-size: small\">Denis Marion (dir.), <em>Le cin\u00e9ma par ceux qui le font<\/em>, Paris, Arth\u00e8me Fayard, 1949.<\/p>\n<p style=\"text-align: justify;font-size: small\">Christophe Mousse (\u00e9d.), <em>Henri Jeanson\u00a0: films, textes, r\u00e9f\u00e9rences<\/em>, Nancy, Presses universitaires de Nancy, 1997.<\/p>\n<\/div>\n","protected":false},"excerpt":{"rendered":"<p>Projets Discours du sc\u00e9nario Bibliographie s\u00e9lective Sources secondaires 1940-1960 Jean Aurenche, La suite \u00e0 l\u2019\u00e9cran\u00a0: entretiens, Lyon\/Arles, Institut Lumi\u00e8re\/Actes Sud, 1993. Claude Autant-Lara, T\u00e9l\u00e9mafia, Nice, A. Lefeuvre, 1981 (r\u00e9\u00e9d. Paris, Conchobar, 1994). \u2013, La rage dans le c\u0153ur, Paris, H.<\/p>\n","protected":false},"author":1469,"featured_media":0,"parent":188,"menu_order":38,"comment_status":"closed","ping_status":"closed","template":"","meta":{"_seopress_robots_primary_cat":"","_seopress_titles_title":"","_seopress_titles_desc":"","_seopress_robots_index":"","footnotes":""},"class_list":["post-675","page","type-page","status-publish"],"_links":{"self":[{"href":"https:\/\/wp.unil.ch\/cinematheque-unil\/wp-json\/wp\/v2\/pages\/675","targetHints":{"allow":["GET"]}}],"collection":[{"href":"https:\/\/wp.unil.ch\/cinematheque-unil\/wp-json\/wp\/v2\/pages"}],"about":[{"href":"https:\/\/wp.unil.ch\/cinematheque-unil\/wp-json\/wp\/v2\/types\/page"}],"author":[{"embeddable":true,"href":"https:\/\/wp.unil.ch\/cinematheque-unil\/wp-json\/wp\/v2\/users\/1469"}],"replies":[{"embeddable":true,"href":"https:\/\/wp.unil.ch\/cinematheque-unil\/wp-json\/wp\/v2\/comments?post=675"}],"version-history":[{"count":0,"href":"https:\/\/wp.unil.ch\/cinematheque-unil\/wp-json\/wp\/v2\/pages\/675\/revisions"}],"up":[{"embeddable":true,"href":"https:\/\/wp.unil.ch\/cinematheque-unil\/wp-json\/wp\/v2\/pages\/188"}],"wp:attachment":[{"href":"https:\/\/wp.unil.ch\/cinematheque-unil\/wp-json\/wp\/v2\/media?parent=675"}],"curies":[{"name":"wp","href":"https:\/\/api.w.org\/{rel}","templated":true}]}}