{"id":66,"date":"2014-01-30T18:07:29","date_gmt":"2014-01-30T17:07:29","guid":{"rendered":"http:\/\/wp.unil.ch\/cinematheque-unil\/?page_id=66"},"modified":"2018-05-14T15:30:21","modified_gmt":"2018-05-14T13:30:21","slug":"liens","status":"publish","type":"page","link":"https:\/\/wp.unil.ch\/cinematheque-unil\/liens\/","title":{"rendered":"LIENS"},"content":{"rendered":"<p><img loading=\"lazy\" decoding=\"async\" class=\"alignnone size-full wp-image-2013\" src=\"https:\/\/wp.unil.ch\/cinematheque-unil\/files\/2014\/01\/CATEGORIE_LIENS.jpg\" alt=\"CATEGORIE_LIENS\" width=\"1024\" height=\"216\" srcset=\"https:\/\/wp.unil.ch\/cinematheque-unil\/files\/2014\/01\/CATEGORIE_LIENS.jpg 1024w, https:\/\/wp.unil.ch\/cinematheque-unil\/files\/2014\/01\/CATEGORIE_LIENS-300x63.jpg 300w, https:\/\/wp.unil.ch\/cinematheque-unil\/files\/2014\/01\/CATEGORIE_LIENS-500x105.jpg 500w\" sizes=\"auto, (max-width: 1024px) 100vw, 1024px\" \/><\/p>\n<h3>La Collaboration<\/h3>\n<ul>\n<li style=\"text-align: justify\"><a title=\"Cin\u00e9math\u00e8que suisse\" href=\"https:\/\/www.cinematheque.ch\" target=\"_blank\" rel=\"noopener\">Cin\u00e9math\u00e8que suisse<\/a><\/li>\n<li style=\"text-align: justify\"><a title=\"Facult\u00e9 des lettres\" href=\"https:\/\/www.unil.ch\/lettres\" target=\"_blank\" rel=\"noopener\">Facult\u00e9 des lettres de l\u2019UNIL<\/a><\/li>\n<li style=\"text-align: justify\"><a title=\"Section cin\u00e9ma\" href=\"https:\/\/www.unil.ch\/cin\" target=\"_blank\" rel=\"noopener\">Section d\u2019histoire et esth\u00e9tique du cin\u00e9ma de l\u2019UNIL<\/a><\/li>\n<li style=\"text-align: justify\"><a title=\"Centre d'\u00e9tudes cin\u00e9matographiques\" href=\"https:\/\/www.unil.ch\/cec\/fr\/home.html\" target=\"_blank\" rel=\"noopener\">Centre d&rsquo;\u00e9tudes cin\u00e9matographiques<\/a><\/li>\n<li style=\"text-align: justify\"><a title=\"Centre SHC\" href=\"https:\/\/www.unil.ch\/shc\/home.html\" target=\"_blank\" rel=\"noopener\">Centre des Sciences historiques de la Culture<\/a><\/li>\n<li style=\"text-align: justify\"><a title=\"Programme doctoral\" href=\"https:\/\/www.unil.ch\/cin\/prodoc\" target=\"_blank\" rel=\"noopener\">Programme\u00a0doctoral<\/a><\/li>\n<li style=\"text-align: justify\"><a title=\"Groupe Dispositifs\" href=\"https:\/\/wp.unil.ch\/dispositifs\/\" target=\"_blank\" rel=\"noopener\">Groupe de recherche \u00ab Dispositifs \u00bb<\/a><\/li>\n<li style=\"text-align: justify\"><a title=\"Cin\u00e9m\u00e9moire\" href=\"https:\/\/wp.unil.ch\/cinememoire\/\" target=\"_blank\" rel=\"noopener\">Cin\u00e9m\u00e9moire.ch Une histoire orale du cin\u00e9ma suisse<\/a><\/li>\n<li style=\"text-align: justify\"><a title=\"Documents de cin\u00e9ma\" href=\"https:\/\/www.cinematheque.ch\/i\/documents-de-cinema\/presentation-generale\/\" target=\"_blank\" rel=\"noopener\">Documents de cin\u00e9ma<\/a><\/li>\n<\/ul>\n<h3>Partenaires des projets de recherche<\/h3>\n<h6 style=\"text-align: justify\">Projet \u00ab Cin\u00e9math\u00e8que suisse : une histoire institutionnelle \u00bb<\/h6>\n<ul>\n<li style=\"text-align: justify\"><a title=\"FNS\" href=\"https:\/\/p3.snf.ch\/project-143252\" target=\"_blank\" rel=\"noopener\">Fonds national suisse de la recherche scientifique<\/a><\/li>\n<\/ul>\n<h6 style=\"text-align: justify\">Projet \u00ab Discours du sc\u00e9nario \u00bb<\/h6>\n<ul>\n<li style=\"text-align: justify\"><a title=\"FNS\" href=\"https:\/\/p3.snf.ch\/project-149394\" target=\"_blank\" rel=\"noopener\">Fonds national suisse de la recherche scientifique<\/a><\/li>\n<li style=\"text-align: justify\"><a title=\"ITEM\" href=\"https:\/\/www.item.ens.fr\" target=\"_blank\" rel=\"noopener\">Institut des textes et manuscrits modernes<\/a><\/li>\n<li style=\"text-align: justify\"><a title=\"\u00c9quipe \u00ab Arts : pratiques et po\u00e9tiques \u00bb\" href=\"https:\/\/www.univ-rennes2.fr\/arts-pratiques-poetiques\" target=\"_blank\" rel=\"noopener\">\u00c9quipe \u00ab Arts : pratiques et po\u00e9tiques \u00bb de l\u2019Universit\u00e9 Rennes 2<\/a><\/li>\n<\/ul>\n<h6 style=\"text-align: justify\">Projet \u00ab Le cin\u00e9ma de Nag et Gis\u00e8le Ansorge \u00bb<\/h6>\n<ul>\n<li><a title=\"FNS\" href=\"https:\/\/p3.snf.ch\/Project-156149\" target=\"_blank\" rel=\"noopener\">Fonds national suisse de la recherche scientifique<\/a><\/li>\n<li><a title=\"D\u00e9partement de psychiatrie du CHUV\" href=\"https:\/\/www.chuv.ch\/psychiatrie\/fiches-psychiatrie_details.htm?fiche_id=327\" target=\"_blank\" rel=\"noopener\">D\u00e9partement de psychiatrie du CHUV<\/a><\/li>\n<li><a title=\"IUHMSP\" href=\"https:\/\/www.chuv.ch\/iuhmsp\" target=\"_blank\" rel=\"noopener\">Institut universitaire d\u2019histoire de la m\u00e9decine et de la sant\u00e9\u00a0publique<\/a><\/li>\n<li><a title=\"TECHN\u00c8S\" href=\"https:\/\/technes.org\" target=\"_blank\" rel=\"noopener\">Partenariat international de recherche TECHN\u00c8S<\/a><\/li>\n<\/ul>\n<h6 style=\"text-align: justify\">Projet \u00ab Bolex et le cin\u00e9ma amateur en Suisse \u00bb<\/h6>\n<ul>\n<li><a title=\"FNS\" href=\"https:\/\/p3.snf.ch\/project-159476\" target=\"_blank\" rel=\"noopener\">Fonds national suisse de la recherche scientifique<\/a><\/li>\n<li><a title=\"Archives cantonales vaudoises\" href=\"https:\/\/www.archives-cantonales.vd.ch\" target=\"_blank\" rel=\"noopener\">Archives cantonales vaudoises<\/a><\/li>\n<li><a href=\"https:\/\/www.letelepherique.org\" target=\"_blank\" rel=\"noopener\">Cin\u00e9math\u00e8que des Pays de Savoie et de l\u2019Ain<\/a><\/li>\n<li><a title=\"Cin\u00e9math\u00e8que fran\u00e7aise\" href=\"https:\/\/www.cinematheque.fr\" target=\"_blank\" rel=\"noopener\">Cin\u00e9math\u00e8que fran\u00e7aise<\/a><\/li>\n<li><a title=\"Lichtspiel\/Kinemathek Bern\" href=\"https:\/\/www.lichtspiel.ch\/fr\/\" target=\"_blank\" rel=\"noopener\">Lichtspiel\/Kinemathek Bern<\/a><\/li>\n<li><a title=\"Mus\u00e9e des arts et sciences de Sainte-Croix\" href=\"https:\/\/www.musee-mas-sainte-croix.ch\" target=\"_blank\" rel=\"noopener\">Mus\u00e9e des arts et sciences de Sainte-Croix<\/a><\/li>\n<li><a title=\"Mus\u00e9e suisse de l'appareil photographique\" href=\"https:\/\/www.cameramuseum.ch\" target=\"_blank\" rel=\"noopener\">Mus\u00e9e suisse de l\u2019appareil photographique<\/a><\/li>\n<li><a title=\"TECHN\u00c8S\" href=\"https:\/\/technes.org\" target=\"_blank\" rel=\"noopener\">Partenariat international de recherche TECHN\u00c8S<\/a><\/li>\n<\/ul>\n<h3>Biblioth\u00e8ques, cin\u00e9math\u00e8ques et archives<\/h3>\n<ul>\n<li style=\"text-align: justify\"><a title=\"Archives cantonales vaudoises\" href=\"https:\/\/www.archives-cantonales.vd.ch\" target=\"_blank\" rel=\"noopener\">Archives cantonales vaudoises<\/a><\/li>\n<li style=\"text-align: justify\"><a title=\"Archives de la Ville de Lausanne\" href=\"https:\/\/www.lausanne.ch\/archives\" target=\"_blank\" rel=\"noopener\">Archives de la Ville de Lausanne<\/a><\/li>\n<li style=\"text-align: justify\"><a title=\"Archives f\u00e9d\u00e9rales suisses\" href=\"https:\/\/www.bar.admin.ch\/index.html?lang=fr\" target=\"_blank\" rel=\"noopener\">Archives f\u00e9d\u00e9rales suisses<\/a><\/li>\n<li style=\"text-align: justify\"><a title=\"BCUL Cin\u00e9ma\" href=\"https:\/\/www.bcu-lausanne.ch\/domaines\/arts\/cinema\/vue-densemble\/\" target=\"_blank\" rel=\"noopener\">Biblioth\u00e8que cantonale et universitaire de Lausanne &#8211; Cin\u00e9ma<\/a><\/li>\n<li style=\"text-align: justify\"><a title=\"Biblioth\u00e8que nationale suisse\" href=\"https:\/\/www.nb.admin.ch\/?lang=fr\" target=\"_blank\" rel=\"noopener\">Biblioth\u00e8que nationale suisse<\/a><\/li>\n<li style=\"text-align: justify\"><a href=\"https:\/\/www.letelepherique.org\" target=\"_blank\" rel=\"noopener\">Cin\u00e9math\u00e8que des Pays de Savoie et de l\u2019Ain<\/a><\/li>\n<li style=\"text-align: justify\"><a title=\"Cin\u00e9math\u00e8que fran\u00e7aise\" href=\"https:\/\/www.cinematheque.fr\" target=\"_blank\" rel=\"noopener\">Cin\u00e9math\u00e8que fran\u00e7aise<\/a><\/li>\n<li style=\"text-align: justify\"><a href=\"https:\/\/cdf-bibliotheques.ne.ch\/DAV\" target=\"_blank\" rel=\"noopener\">DAV (D\u00e9partement audiovisuel) &#8211; Biblioth\u00e8que de la Ville de La Chaux-de-Fonds<\/a><\/li>\n<li style=\"text-align: justify\"><a title=\"FIAF\" href=\"https:\/\/www.fiafnet.org\" target=\"_blank\" rel=\"noopener\">FIAF &#8211; International Federation of Film Archives<\/a><\/li>\n<li style=\"text-align: justify\"><a title=\"Lichtspiel\/Kinemathek Bern\" href=\"https:\/\/www.lichtspiel.ch\/fr\/\" target=\"_blank\" rel=\"noopener\">Lichtspiel\/Kinemathek Bern<\/a><\/li>\n<li style=\"text-align: justify\"><a title=\"Phonoth\u00e8que nationale suisse\" href=\"https:\/\/www.fonoteca.ch\/index_fr.htm\" target=\"_blank\" rel=\"noopener\">Phonoth\u00e8que nationale suisse<\/a><\/li>\n<li style=\"text-align: justify\"><a title=\"Staatsarchiv Basel Stadt\" href=\"https:\/\/www.staatsarchiv.bs.ch\/\" target=\"_blank\" rel=\"noopener\">Staatsarchiv Basel Stadt<\/a><\/li>\n<\/ul>\n<h3>Mus\u00e9es et autres institutions patrimoniales<\/h3>\n<ul>\n<li style=\"text-align: justify\"><a title=\"Mus\u00e9e de l'\u00c9lys\u00e9e\" href=\"https:\/\/www.elysee.ch\" target=\"_blank\" rel=\"noopener\">Mus\u00e9e de l\u2019\u00c9lys\u00e9e<\/a><\/li>\n<li style=\"text-align: justify\"><a title=\"Mus\u00e9e des arts et sciences de Sainte-Croix\" href=\"https:\/\/www.musee-mas-sainte-croix.ch\" target=\"_blank\" rel=\"noopener\">Mus\u00e9e des arts et sciences de Sainte-Croix<\/a><\/li>\n<li style=\"text-align: justify\"><a title=\"Mus\u00e9e suisse de l'appareil photographique\" href=\"https:\/\/www.cameramuseum.ch\" target=\"_blank\" rel=\"noopener\">Mus\u00e9e suisse de l\u2019appareil photographique<\/a><\/li>\n<\/ul>\n<h3>Institutions de l\u2019audiovisuel<\/h3>\n<ul>\n<li style=\"text-align: justify\"><a title=\"Memoriav\" href=\"https:\/\/memoriav.ch\/?lang=fr\" target=\"_blank\" rel=\"noopener\">Memoriav<\/a><\/li>\n<li style=\"text-align: justify\"><a title=\"RTS\" href=\"https:\/\/www.rts.ch\/archives\/\" target=\"_blank\" rel=\"noopener\">RTS Archives<\/a><\/li>\n<li style=\"text-align: justify\"><a title=\"Swiss Films\" href=\"https:\/\/www.swissfilms.ch\" target=\"_blank\" rel=\"noopener\">Swiss Films<\/a><\/li>\n<\/ul>\n","protected":false},"excerpt":{"rendered":"<p>La Collaboration Cin\u00e9math\u00e8que suisse Facult\u00e9 des lettres de l\u2019UNIL Section d\u2019histoire et esth\u00e9tique du cin\u00e9ma de l\u2019UNIL Centre d&rsquo;\u00e9tudes cin\u00e9matographiques Centre des Sciences historiques de la Culture Programme\u00a0doctoral Groupe de recherche \u00ab Dispositifs \u00bb Cin\u00e9m\u00e9moire.ch Une histoire orale du cin\u00e9ma<\/p>\n","protected":false},"author":1469,"featured_media":0,"parent":0,"menu_order":58,"comment_status":"closed","ping_status":"closed","template":"","meta":{"_seopress_robots_primary_cat":"","_seopress_titles_title":"","_seopress_titles_desc":"","_seopress_robots_index":"","footnotes":""},"class_list":["post-66","page","type-page","status-publish"],"_links":{"self":[{"href":"https:\/\/wp.unil.ch\/cinematheque-unil\/wp-json\/wp\/v2\/pages\/66","targetHints":{"allow":["GET"]}}],"collection":[{"href":"https:\/\/wp.unil.ch\/cinematheque-unil\/wp-json\/wp\/v2\/pages"}],"about":[{"href":"https:\/\/wp.unil.ch\/cinematheque-unil\/wp-json\/wp\/v2\/types\/page"}],"author":[{"embeddable":true,"href":"https:\/\/wp.unil.ch\/cinematheque-unil\/wp-json\/wp\/v2\/users\/1469"}],"replies":[{"embeddable":true,"href":"https:\/\/wp.unil.ch\/cinematheque-unil\/wp-json\/wp\/v2\/comments?post=66"}],"version-history":[{"count":0,"href":"https:\/\/wp.unil.ch\/cinematheque-unil\/wp-json\/wp\/v2\/pages\/66\/revisions"}],"wp:attachment":[{"href":"https:\/\/wp.unil.ch\/cinematheque-unil\/wp-json\/wp\/v2\/media?parent=66"}],"curies":[{"name":"wp","href":"https:\/\/api.w.org\/{rel}","templated":true}]}}