{"id":6316,"date":"2022-02-13T09:46:57","date_gmt":"2022-02-13T08:46:57","guid":{"rendered":"https:\/\/wp.unil.ch\/cinematheque-unil\/?page_id=6316"},"modified":"2026-03-17T17:03:20","modified_gmt":"2026-03-17T16:03:20","slug":"tanner-projets-de-these","status":"publish","type":"page","link":"https:\/\/wp.unil.ch\/cinematheque-unil\/tanner-projets-de-these\/","title":{"rendered":"Tanner &#8211; Projets de th\u00e8se"},"content":{"rendered":"<p><strong>Vincent Annen<\/strong>, <em>Autoadaptation et construction de la figure d&rsquo;auteur chez Alain Tanner. Une \u00e9tude g\u00e9n\u00e9tique et socioculturelle des films sc\u00e9naris\u00e9s par le tandem Alain Tanner-Bernard Comment<\/em>, colloque de th\u00e8se pr\u00e9vu le 25 mars 2026.<\/p>\n<p><strong>Jeanne Modoux<\/strong>, <a href=\"https:\/\/wp.unil.ch\/cinematheque-unil\/files\/2024\/03\/Projet_these_JM_V24.pdf\"><em>\u00c9criture de l\u2019intime et autorepr\u00e9sentation : une approche g\u00e9n\u00e9tique et gender de la collaboration artistique entre Myriam M\u00e9zi\u00e8res et Alain Tanner (1975-2003).<\/em><\/a><\/p>\n\n\n<p><\/p>\n","protected":false},"excerpt":{"rendered":"<p>Vincent Annen, Autoadaptation et construction de la figure d&rsquo;auteur chez Alain Tanner. Une \u00e9tude g\u00e9n\u00e9tique et socioculturelle des films sc\u00e9naris\u00e9s par le tandem Alain Tanner-Bernard Comment, colloque de th\u00e8se pr\u00e9vu le 25 mars 2026. Jeanne Modoux, \u00c9criture de l\u2019intime et<\/p>\n","protected":false},"author":1002143,"featured_media":0,"parent":0,"menu_order":0,"comment_status":"closed","ping_status":"closed","template":"","meta":{"_seopress_robots_primary_cat":"","_seopress_titles_title":"","_seopress_titles_desc":"","_seopress_robots_index":"","footnotes":""},"class_list":["post-6316","page","type-page","status-publish"],"_links":{"self":[{"href":"https:\/\/wp.unil.ch\/cinematheque-unil\/wp-json\/wp\/v2\/pages\/6316","targetHints":{"allow":["GET"]}}],"collection":[{"href":"https:\/\/wp.unil.ch\/cinematheque-unil\/wp-json\/wp\/v2\/pages"}],"about":[{"href":"https:\/\/wp.unil.ch\/cinematheque-unil\/wp-json\/wp\/v2\/types\/page"}],"author":[{"embeddable":true,"href":"https:\/\/wp.unil.ch\/cinematheque-unil\/wp-json\/wp\/v2\/users\/1002143"}],"replies":[{"embeddable":true,"href":"https:\/\/wp.unil.ch\/cinematheque-unil\/wp-json\/wp\/v2\/comments?post=6316"}],"version-history":[{"count":4,"href":"https:\/\/wp.unil.ch\/cinematheque-unil\/wp-json\/wp\/v2\/pages\/6316\/revisions"}],"predecessor-version":[{"id":9239,"href":"https:\/\/wp.unil.ch\/cinematheque-unil\/wp-json\/wp\/v2\/pages\/6316\/revisions\/9239"}],"wp:attachment":[{"href":"https:\/\/wp.unil.ch\/cinematheque-unil\/wp-json\/wp\/v2\/media?parent=6316"}],"curies":[{"name":"wp","href":"https:\/\/api.w.org\/{rel}","templated":true}]}}