{"id":6087,"date":"2021-10-26T10:59:03","date_gmt":"2021-10-26T08:59:03","guid":{"rendered":"https:\/\/wp.unil.ch\/cinematheque-unil\/?page_id=6087"},"modified":"2023-11-13T11:38:43","modified_gmt":"2023-11-13T10:38:43","slug":"partenaires","status":"publish","type":"page","link":"https:\/\/wp.unil.ch\/cinematheque-unil\/partenaires\/","title":{"rendered":"Partenaires"},"content":{"rendered":"\n<p><strong>Partenaires<\/strong><\/p>\n\n\n\n<p>Delphine Chedaleux, ma\u00eetresse de conf\u00e9rences, UTC-Universit\u00e9 de Technologie de Compi\u00e8gne<\/p>\n\n\n\n<p>Daniel Ferrer, Directeur de recherches \u00e9m\u00e9rite, Ecole Normale Sup\u00e9rieure\/CNRS<\/p>\n\n\n\n<p>M\u00e9lissa Gignac, ma\u00eetresse de conf\u00e9rences, Universit\u00e9 de Lille<\/p>\n\n\n\n<p>Olivier Lumbroso, professeur en litt\u00e9rature fran\u00e7aise, Universit\u00e9 Sorbonne Nouvelle Paris 3, ITEM\/CNRS<\/p>\n\n\n\n<p>Rudolf Mahrer, ma\u00eetre d\u2019enseignement et de recherche, Universit\u00e9 de Lausanne<\/p>\n\n\n\n<p>Tom Overton, conservateur-archiviste, Archive Departement, Barbican Centre<\/p>\n","protected":false},"excerpt":{"rendered":"<p>Partenaires Delphine Chedaleux, ma\u00eetresse de conf\u00e9rences, UTC-Universit\u00e9 de Technologie de Compi\u00e8gne Daniel Ferrer, Directeur de recherches \u00e9m\u00e9rite, Ecole Normale Sup\u00e9rieure\/CNRS M\u00e9lissa Gignac, ma\u00eetresse de conf\u00e9rences, Universit\u00e9 de Lille Olivier Lumbroso, professeur en litt\u00e9rature fran\u00e7aise, Universit\u00e9 Sorbonne Nouvelle Paris 3, ITEM\/CNRS<\/p>\n","protected":false},"author":1002143,"featured_media":0,"parent":0,"menu_order":0,"comment_status":"closed","ping_status":"closed","template":"","meta":{"_seopress_robots_primary_cat":"","_seopress_titles_title":"","_seopress_titles_desc":"","_seopress_robots_index":"","footnotes":""},"class_list":["post-6087","page","type-page","status-publish"],"_links":{"self":[{"href":"https:\/\/wp.unil.ch\/cinematheque-unil\/wp-json\/wp\/v2\/pages\/6087","targetHints":{"allow":["GET"]}}],"collection":[{"href":"https:\/\/wp.unil.ch\/cinematheque-unil\/wp-json\/wp\/v2\/pages"}],"about":[{"href":"https:\/\/wp.unil.ch\/cinematheque-unil\/wp-json\/wp\/v2\/types\/page"}],"author":[{"embeddable":true,"href":"https:\/\/wp.unil.ch\/cinematheque-unil\/wp-json\/wp\/v2\/users\/1002143"}],"replies":[{"embeddable":true,"href":"https:\/\/wp.unil.ch\/cinematheque-unil\/wp-json\/wp\/v2\/comments?post=6087"}],"version-history":[{"count":1,"href":"https:\/\/wp.unil.ch\/cinematheque-unil\/wp-json\/wp\/v2\/pages\/6087\/revisions"}],"predecessor-version":[{"id":7338,"href":"https:\/\/wp.unil.ch\/cinematheque-unil\/wp-json\/wp\/v2\/pages\/6087\/revisions\/7338"}],"wp:attachment":[{"href":"https:\/\/wp.unil.ch\/cinematheque-unil\/wp-json\/wp\/v2\/media?parent=6087"}],"curies":[{"name":"wp","href":"https:\/\/api.w.org\/{rel}","templated":true}]}}