{"id":6028,"date":"2021-06-14T11:41:59","date_gmt":"2021-06-14T09:41:59","guid":{"rendered":"https:\/\/wp.unil.ch\/cinematheque-unil\/?page_id=6028"},"modified":"2025-04-16T19:38:34","modified_gmt":"2025-04-16T17:38:34","slug":"cinema-et-neuropsychiatrie-en-suisse-autour-de-la-collection-waldau-1920-1990","status":"publish","type":"page","link":"https:\/\/wp.unil.ch\/cinematheque-unil\/cinema-et-neuropsychiatrie-en-suisse-autour-de-la-collection-waldau-1920-1990\/","title":{"rendered":"Cin\u00e9ma et (neuro)psychiatrie en Suisse\u2009: autour des collections Waldau (1920-1970)"},"content":{"rendered":"\n<p><\/p>\n\n\n\n<h2 class=\"wp-block-heading\"><strong>Cin\u00e9ma et (neuro)psychiatrie en Suisse\u2009: autour des collections Waldau (1920-1970)<\/strong><\/h2>\n\n\n\n<p><a href=\"https:\/\/waldau.hypotheses.org\">Lien vers le Carnet de recherche Hypoth\u00e8ses du projet<\/a><\/p>\n\n\n<div class=\"wp-block-image\">\n<figure class=\"aligncenter size-large\"><a href=\"https:\/\/wp.unil.ch\/cinematheque-unil\/files\/2023\/02\/8541_16_20200205_0032jpg.jpg\"><img alt=\"\" loading=\"lazy\" decoding=\"async\" width=\"724\" height=\"1024\" src=\"https:\/\/wp.unil.ch\/cinematheque-unil\/files\/2023\/02\/8541_16_20200205_0032jpg-724x1024.jpg\" alt=\"\" class=\"wp-image-7096\" srcset=\"https:\/\/wp.unil.ch\/cinematheque-unil\/files\/2023\/02\/8541_16_20200205_0032jpg-724x1024.jpg 724w, https:\/\/wp.unil.ch\/cinematheque-unil\/files\/2023\/02\/8541_16_20200205_0032jpg-212x300.jpg 212w, https:\/\/wp.unil.ch\/cinematheque-unil\/files\/2023\/02\/8541_16_20200205_0032jpg-768x1087.jpg 768w, https:\/\/wp.unil.ch\/cinematheque-unil\/files\/2023\/02\/8541_16_20200205_0032jpg.jpg 848w\" sizes=\"auto, (max-width: 724px) 100vw, 724px\" \/><\/a><\/figure>\n<\/div>\n\n\n<p>Comment les psychiatres et neurologues suisses se sont-ils empar\u00e9s, au XX<sup>e&nbsp;<\/sup>si\u00e8cle, du m\u00e9dium filmique dans leur pratique de m\u00e9decins, d\u2019enseignants et de chercheurs&nbsp;? Que disent ces films sur la maladie, les patients\u00b7es et les th\u00e9rapeutes et, inversement, que r\u00e9v\u00e8lent-ils du cin\u00e9ma en tant qu\u2019outil participant \u00e0 la construction des ph\u00e9nom\u00e8nes observ\u00e9s\u2009? Ce projet entend r\u00e9pondre \u00e0 ces questions sur la base d\u2019une \u00e9tude de diff\u00e9rents corpus filmiques r\u00e9alis\u00e9s au sein et autour de l\u2019h\u00f4pital psychiatrique de la Waldau \u00e0 Berne, entre 1920 et 1970.<\/p>\n\n\n\n<p>Le but consiste \u00e0 mettre en \u00e9vidence le r\u00f4le majeur jou\u00e9, tant au niveau national que transnational, par la Waldau dans l\u2019usage du m\u00e9dium filmique \u00e0 des fins de recherche, d\u2019enseignement et de vulgarisation scientifique, avec, comme point de d\u00e9part de l\u2019analyse, les 97&nbsp;courts m\u00e9trages r\u00e9alis\u00e9s \u00e0 l\u2019initiative du psychiatre allemand Ernst Gr\u00fcnthal entre 1934 et 1965 au Hirnanatomisches Institut de l\u2019h\u00f4pital psychiatrique de Waldau \u2013 un fonds d\u00e9pos\u00e9 \u00e0 la Cin\u00e9math\u00e8que suisse dont une partie importante sera progressivement num\u00e9ris\u00e9e durant la dur\u00e9e du projet.&nbsp;<\/p>\n\n\n\n<p>La projet s\u2019articule en trois axes principaux&nbsp;: \u00e9tudier la contribution d\u2019Ernst Gr\u00fcnthal \u00e0 la constitution d\u2019un patrimoine filmique dont l\u2019ampleur et la nature sont uniques en Suisse et probablement en Europe&nbsp;; reconstituer et analyser la circulation transnationale de ces films et reconstituer le r\u00e9seau scientifique et culturel de savoirs, d\u2019objets et de personnes qui font de la Waldau et de la Suisse un \u00e9picentre en mati\u00e8re de sciences m\u00e9dicales&nbsp;;&nbsp;observer,&nbsp;\u00e0 partir d\u2019un examen des caract\u00e9ristiques formelles, s\u00e9mantiques et esth\u00e9tiques des films,&nbsp;comment les&nbsp;m\u00e9decins s\u2019emparent de cet outil pour forger une nouvelle forme d\u2019expertise scientifique et d\u2019identit\u00e9 professionnelle situ\u00e9e&nbsp;\u00e0 cheval entre sciences, m\u00e9dias et culture du spectacle.<\/p>\n\n\n\n<p>Cette recherche s\u2019inscrit dans deux champs propres aux \u00e9tudes cin\u00e9matographiques\u2009: d\u2019une part, l\u2019histoire du film neuropsychiatrique qui s\u2019est enrichie depuis une vingtaine d\u2019ann\u00e9es de la d\u00e9couverte de productions que l\u2019on croyait disparues&nbsp;; et, d\u2019autre part, le champ du film utilitaire dit \u00ab\u2009useful cinema\u2009\u00bb ou \u00ab\u2009Gebrauchsfilm\u2009\u00bb, qui a permis de valoriser des \u0153uvres longtemps n\u00e9glig\u00e9es par l\u2019histoire canonique du cin\u00e9ma en raison de leur caract\u00e8re marginal.&nbsp;Pens\u00e9 dans la logique d\u2019une histoire crois\u00e9e du cin\u00e9ma et de la (neuro)psychiatrie, le projet envisage&nbsp;leurs \u00e9changes selon une perspective&nbsp;<em>constructiviste&nbsp;<\/em>:&nbsp;tandis que le cin\u00e9ma contribue \u00e9 fa\u00e7onner certaines images de la maladie mentale, mettant en jeu des modes de narration sp\u00e9cifiques au cin\u00e9matographe, \u00e0 leur tour les m\u00e9decins plient la technologie \u00e0 leurs besoins sp\u00e9cifiques, enrichissant l\u2019histoire du m\u00e9dium de nouvelles facettes.<\/p>\n\n\n\n<p>Par leur ampleur et leur homog\u00e9n\u00e9it\u00e9, ces ensembles filmiques offrent une occasion unique d\u2019interroger les enjeux historiques et \u00e9pist\u00e9mologiques pr\u00e9sidant \u00e0 l\u2019emploi du cin\u00e9ma dans le secteur de la sant\u00e9 mentale, en Suisse et en Europe. C\u2019est pourquoi ce projet esp\u00e8re \u00e9clairer un fragment important de l\u2019histoire \u00e0 la fois de la psychiatrie helv\u00e9tique (en plein essor au XX<sup>e&nbsp;<\/sup>si\u00e8cle, sur son versant tant biologique que psychoth\u00e9rapeutique) et du cin\u00e9ma (dans l\u2019une de ses applications scientifiques les moins \u00e9tudi\u00e9es).&nbsp;<\/p>\n\n\n\n<p><a href=\"https:\/\/waldau.hypotheses.org\/partenaires\/equipe\">Equipe<\/a> :<\/p>\n\n\n\n<p>Responsable du projet : <a href=\"https:\/\/applicationspub.unil.ch\/interpub\/noauth\/php\/Un\/UnPers.php?PerNum=920957&amp;LanCode=37\">Dr. Mireille Berton<\/a><\/p>\n\n\n\n<p>Chercheuses FNS Senior : Elodie Murtas et Jessica Sch\u00fcpbach<\/p>\n\n\n\n<p>Collaborateur : Rapha\u00ebl Tinguely<\/p>\n\n\n\n<p>Dur\u00e9e du projet FNS&nbsp;: 2021-2025<\/p>\n\n\n\n<p>Carnet de recherche Hypoth\u00e8ses&nbsp;: <a href=\"https:\/\/waldau.hypotheses.org\/\">https:\/\/waldau.hypotheses.org\/<\/a><\/p>\n\n\n<div class=\"wp-block-image\">\n<figure class=\"aligncenter size-large\"><a href=\"https:\/\/wp.unil.ch\/cinematheque-unil\/files\/2021\/06\/Waldau_OK.jpg\"><img alt=\"\" loading=\"lazy\" decoding=\"async\" width=\"1024\" height=\"570\" src=\"https:\/\/wp.unil.ch\/cinematheque-unil\/files\/2021\/06\/Waldau_OK-1024x570.jpg\" alt=\"\" class=\"wp-image-6047\" srcset=\"https:\/\/wp.unil.ch\/cinematheque-unil\/files\/2021\/06\/Waldau_OK-1024x570.jpg 1024w, https:\/\/wp.unil.ch\/cinematheque-unil\/files\/2021\/06\/Waldau_OK-300x167.jpg 300w, https:\/\/wp.unil.ch\/cinematheque-unil\/files\/2021\/06\/Waldau_OK-768x427.jpg 768w, https:\/\/wp.unil.ch\/cinematheque-unil\/files\/2021\/06\/Waldau_OK-1536x855.jpg 1536w, https:\/\/wp.unil.ch\/cinematheque-unil\/files\/2021\/06\/Waldau_OK.jpg 1673w\" sizes=\"auto, (max-width: 1024px) 100vw, 1024px\" \/><\/a><\/figure>\n<\/div>","protected":false},"excerpt":{"rendered":"<p>Cin\u00e9ma et (neuro)psychiatrie en Suisse\u2009: autour des collections Waldau (1920-1970) Lien vers le Carnet de recherche Hypoth\u00e8ses du projet Comment les psychiatres et neurologues suisses se sont-ils empar\u00e9s, au XXe&nbsp;si\u00e8cle, du m\u00e9dium filmique dans leur pratique de m\u00e9decins, d\u2019enseignants et<\/p>\n","protected":false},"author":1002143,"featured_media":0,"parent":0,"menu_order":1,"comment_status":"closed","ping_status":"closed","template":"","meta":{"_seopress_robots_primary_cat":"","_seopress_titles_title":"","_seopress_titles_desc":"","_seopress_robots_index":"","footnotes":""},"class_list":["post-6028","page","type-page","status-publish"],"_links":{"self":[{"href":"https:\/\/wp.unil.ch\/cinematheque-unil\/wp-json\/wp\/v2\/pages\/6028","targetHints":{"allow":["GET"]}}],"collection":[{"href":"https:\/\/wp.unil.ch\/cinematheque-unil\/wp-json\/wp\/v2\/pages"}],"about":[{"href":"https:\/\/wp.unil.ch\/cinematheque-unil\/wp-json\/wp\/v2\/types\/page"}],"author":[{"embeddable":true,"href":"https:\/\/wp.unil.ch\/cinematheque-unil\/wp-json\/wp\/v2\/users\/1002143"}],"replies":[{"embeddable":true,"href":"https:\/\/wp.unil.ch\/cinematheque-unil\/wp-json\/wp\/v2\/comments?post=6028"}],"version-history":[{"count":4,"href":"https:\/\/wp.unil.ch\/cinematheque-unil\/wp-json\/wp\/v2\/pages\/6028\/revisions"}],"predecessor-version":[{"id":8655,"href":"https:\/\/wp.unil.ch\/cinematheque-unil\/wp-json\/wp\/v2\/pages\/6028\/revisions\/8655"}],"wp:attachment":[{"href":"https:\/\/wp.unil.ch\/cinematheque-unil\/wp-json\/wp\/v2\/media?parent=6028"}],"curies":[{"name":"wp","href":"https:\/\/api.w.org\/{rel}","templated":true}]}}