{"id":5810,"date":"2019-10-28T11:34:25","date_gmt":"2019-10-28T10:34:25","guid":{"rendered":"http:\/\/wp.unil.ch\/cinematheque-unil\/?page_id=5810"},"modified":"2019-10-29T09:17:03","modified_gmt":"2019-10-29T08:17:03","slug":"presentation","status":"publish","type":"page","link":"https:\/\/wp.unil.ch\/cinematheque-unil\/projets\/la-cinematheque-suisse-entre-1951-et-1981\/presentation\/","title":{"rendered":"Pr\u00e9sentation"},"content":{"rendered":"<ol class=\"breadcrumb\">\n<li><a href=\"https:\/\/wp.unil.ch\/cinematheque-unil\/projets\/\">Projets<\/a><\/li>\n<li><a href=\"https:\/\/wp.unil.ch\/cinematheque-unil\/la-cinematheque-suisse-entre-1951-et-1981\/\">La Cin\u00e9math\u00e8que suisse entre 1951 et 1981<\/a><\/li>\n<li class=\"current\"><a href=\"https:\/\/wp.unil.ch\/cinematheque-unil\/projets\/la-cinematheque-suisse-entre-1951-et-1981\/presentation\/\">Pr\u00e9sentation<\/a><\/li>\n<\/ol>\n<h3>Contribution \u00e0 une histoire de la culture cin\u00e9matographique en Suisse : \u00e9tude des activit\u00e9s de la Cin\u00e9math\u00e8que suisse entre 1951 et 1981<\/h3>\n<p>Ce projet de recherche entend \u00e9tudier la mani\u00e8re dont la Cin\u00e9math\u00e8que suisse s\u2019est progressivement construit une l\u00e9gitimit\u00e9, tant nationale qu\u2019internationale, entre 1951 (date de son inauguration \u00e0 Lausanne) et 1981 (ann\u00e9e o\u00f9 elle s\u2019implante au Casino de Montbenon), alors m\u00eame qu\u2019elle \u00e9tait d\u00e9pourvue de toute salle de programmation. Il s\u2019agit de montrer que, centrant d\u00e8s lors ses activit\u00e9s sur l\u2019organisation d\u2019\u00e9v\u00e9nements ponctuels (s\u00e9ances dans les \u00e9coles, gymnases ou cin\u00e9-clubs\u00a0; mise en place en Suisse de semaines d\u00e9di\u00e9es \u00e0 des cin\u00e9matographies \u00e9trang\u00e8res peu connues\u00a0comme le cin\u00e9ma des pays de l\u2019Est ; contribution \u00e0 la promotion du cin\u00e9ma suisse \u00e0 l\u2019\u00e9tranger ; collaboration avec d\u2019autres cin\u00e9math\u00e8ques au sein de la F\u00e9d\u00e9ration Internationale des Archives du Film, etc.), la Cin\u00e9math\u00e8que suisse a fait de la diffusion culturelle le c\u0153ur de ses missions. Ainsi, cela n\u2019a pas \u00e9t\u00e9 sans effet sur la construction d\u2019un certain go\u00fbt du cin\u00e9ma en Suisse, sur la connaissance du cin\u00e9ma international qu\u2019a pu avoir le public suisse ou encore sur la fabrication de l\u2019image du cin\u00e9ma et de l\u2019identit\u00e9 suisse \u00e0 l\u2019\u00e9tranger. Par l\u2019\u00e9tude du cas de la Cin\u00e9math\u00e8que suisse, ce projet souhaite donc contribuer plus largement \u00e0 une histoire culturelle de la Suisse au XX<sup>e<\/sup> si\u00e8cle, laquelle a jusqu\u2019ici laiss\u00e9 de c\u00f4t\u00e9 le cin\u00e9ma, hormis dans ses liens avec la politique.<\/p>\n<p><span style=\"color: #446688;font-size: small\">Direction : <a href=\"https:\/\/www.unil.ch\/cin\/home\/menuinst\/collaborateurstrices\/le-forestier-laurent.html\"><span style=\"text-decoration: underline\"><strong>Laurent Le Forestier<\/strong><\/span><\/a> (Section d\u2019histoire et esth\u00e9tique du cin\u00e9ma).<\/span><br \/>\n<span style=\"color: #446688;font-size: small\">Collaboratrices : <span style=\"text-decoration: underline\"><strong><a href=\"https:\/\/applicationspub.unil.ch\/interpub\/noauth\/php\/Un\/UnPers.php?PerNum=1132338&amp;LanCode=37&amp;menu=coord\">Ad\u00e8le Morerod<\/a>,<\/strong><\/span> <a href=\"https:\/\/applicationspub.unil.ch\/interpub\/noauth\/php\/Un\/UnPers.php?PerNum=1076408&amp;LanCode=37\"><span style=\"text-decoration: underline\"><strong>Natacha Isoz<\/strong><\/span><\/a>.<\/span><br \/>\n<span style=\"color: #446688;font-size: small\">D\u00e9but\/fin\u00a0: 01.09.2019 &#8211; 31.08.2023<\/span><\/p>\n<p style=\"text-align: justify;font-size: small\"><a href=\"https:\/\/p3.snf.ch\/project-185427\" target=\"_blank\" rel=\"noopener noreferrer\"><img loading=\"lazy\" decoding=\"async\" class=\"alignnone wp-image-3017\" src=\"https:\/\/wp.unil.ch\/cinematheque-unil\/files\/2014\/02\/LOGO_FNS-300x81.jpg\" alt=\"LOGO_FNS\" width=\"200\" height=\"54\" srcset=\"https:\/\/wp.unil.ch\/cinematheque-unil\/files\/2014\/02\/LOGO_FNS-300x81.jpg 300w, https:\/\/wp.unil.ch\/cinematheque-unil\/files\/2014\/02\/LOGO_FNS-500x134.jpg 500w, https:\/\/wp.unil.ch\/cinematheque-unil\/files\/2014\/02\/LOGO_FNS.jpg 666w\" sizes=\"auto, (max-width: 200px) 100vw, 200px\" \/><\/a><\/p>\n<p>&nbsp;<\/p>\n","protected":false},"excerpt":{"rendered":"<p>Projets La Cin\u00e9math\u00e8que suisse entre 1951 et 1981 Pr\u00e9sentation Contribution \u00e0 une histoire de la culture cin\u00e9matographique en Suisse : \u00e9tude des activit\u00e9s de la Cin\u00e9math\u00e8que suisse entre 1951 et 1981 Ce projet de recherche entend \u00e9tudier la mani\u00e8re dont<\/p>\n","protected":false},"author":1469,"featured_media":0,"parent":5807,"menu_order":0,"comment_status":"closed","ping_status":"closed","template":"","meta":{"_seopress_robots_primary_cat":"","_seopress_titles_title":"","_seopress_titles_desc":"","_seopress_robots_index":"","footnotes":""},"class_list":["post-5810","page","type-page","status-publish"],"_links":{"self":[{"href":"https:\/\/wp.unil.ch\/cinematheque-unil\/wp-json\/wp\/v2\/pages\/5810","targetHints":{"allow":["GET"]}}],"collection":[{"href":"https:\/\/wp.unil.ch\/cinematheque-unil\/wp-json\/wp\/v2\/pages"}],"about":[{"href":"https:\/\/wp.unil.ch\/cinematheque-unil\/wp-json\/wp\/v2\/types\/page"}],"author":[{"embeddable":true,"href":"https:\/\/wp.unil.ch\/cinematheque-unil\/wp-json\/wp\/v2\/users\/1469"}],"replies":[{"embeddable":true,"href":"https:\/\/wp.unil.ch\/cinematheque-unil\/wp-json\/wp\/v2\/comments?post=5810"}],"version-history":[{"count":0,"href":"https:\/\/wp.unil.ch\/cinematheque-unil\/wp-json\/wp\/v2\/pages\/5810\/revisions"}],"up":[{"embeddable":true,"href":"https:\/\/wp.unil.ch\/cinematheque-unil\/wp-json\/wp\/v2\/pages\/5807"}],"wp:attachment":[{"href":"https:\/\/wp.unil.ch\/cinematheque-unil\/wp-json\/wp\/v2\/media?parent=5810"}],"curies":[{"name":"wp","href":"https:\/\/api.w.org\/{rel}","templated":true}]}}