{"id":5807,"date":"2019-09-12T17:04:41","date_gmt":"2019-09-12T15:04:41","guid":{"rendered":"http:\/\/wp.unil.ch\/cinematheque-unil\/?page_id=5807"},"modified":"2021-11-05T11:12:11","modified_gmt":"2021-11-05T10:12:11","slug":"la-cinematheque-suisse-entre-1951-et-1981","status":"publish","type":"page","link":"https:\/\/wp.unil.ch\/cinematheque-unil\/projets\/la-cinematheque-suisse-entre-1951-et-1981\/","title":{"rendered":"La Cin\u00e9math\u00e8que suisse entre 1951 et 1981"},"content":{"rendered":"<div style=\"background-color: #f5f5f5\">\n<p style=\"color: #24445c;text-align: center;font-size: large\"><strong>Contribution \u00e0 une histoire de la culture cin\u00e9matographique en Suisse : \u00e9tude des activit\u00e9s de la Cin\u00e9math\u00e8que suisse entre 1951 et 1981<br \/>\n<\/strong><\/p>\n<p style=\"text-align: center;font-size: medium\"><img loading=\"lazy\" decoding=\"async\" class=\"aligncenter size-full wp-image-1474\" src=\"https:\/\/wp.unil.ch\/cinematheque-unil\/files\/2014\/02\/SECTION_01.jpg\" alt=\"SECTION_01\" width=\"1024\" height=\"300\" srcset=\"https:\/\/wp.unil.ch\/cinematheque-unil\/files\/2014\/02\/SECTION_01.jpg 1024w, https:\/\/wp.unil.ch\/cinematheque-unil\/files\/2014\/02\/SECTION_01-300x88.jpg 300w, https:\/\/wp.unil.ch\/cinematheque-unil\/files\/2014\/02\/SECTION_01-500x146.jpg 500w\" sizes=\"auto, (max-width: 1024px) 100vw, 1024px\" \/><\/p>\n<p style=\"text-align: center;font-size: small\"><a href=\"https:\/\/wp.unil.ch\/cinematheque-unil\/projets\/la-cinematheque-suisse-entre-1951-et-1981\/presentation\/\">PR\u00c9SENTATION<\/a> | <a href=\"https:\/\/wp.unil.ch\/cinematheque-unil\/franju-a-lausanne\/\">ARTICLES<\/a> |\u00a0<a href=\"https:\/\/wp.unil.ch\/cinematheque-unil\/6109-2\/\">\u00c9V\u00c9NEMENTS<\/a><\/p>\n<p style=\"font-size: small;text-align: right\">Illustration : carte postale du Casino de Montbenon,<br \/>\nsi\u00e8ge de la Cin\u00e9math\u00e8que suisse\u00a0\u00e0 Lausanne depuis 1981, s.d.<br \/>\n\u00a9 Tous droits r\u00e9serv\u00e9s\/collection Cin\u00e9math\u00e8que suisse.<\/p>\n<\/div>\n","protected":false},"excerpt":{"rendered":"<p>Contribution \u00e0 une histoire de la culture cin\u00e9matographique en Suisse : \u00e9tude des activit\u00e9s de la Cin\u00e9math\u00e8que suisse entre 1951 et 1981 PR\u00c9SENTATION | ARTICLES |\u00a0\u00c9V\u00c9NEMENTS Illustration : carte postale du Casino de Montbenon, si\u00e8ge de la Cin\u00e9math\u00e8que suisse\u00a0\u00e0 Lausanne<\/p>\n","protected":false},"author":1469,"featured_media":0,"parent":79,"menu_order":53,"comment_status":"closed","ping_status":"closed","template":"","meta":{"_seopress_robots_primary_cat":"","_seopress_titles_title":"","_seopress_titles_desc":"","_seopress_robots_index":"","footnotes":""},"class_list":["post-5807","page","type-page","status-publish"],"_links":{"self":[{"href":"https:\/\/wp.unil.ch\/cinematheque-unil\/wp-json\/wp\/v2\/pages\/5807","targetHints":{"allow":["GET"]}}],"collection":[{"href":"https:\/\/wp.unil.ch\/cinematheque-unil\/wp-json\/wp\/v2\/pages"}],"about":[{"href":"https:\/\/wp.unil.ch\/cinematheque-unil\/wp-json\/wp\/v2\/types\/page"}],"author":[{"embeddable":true,"href":"https:\/\/wp.unil.ch\/cinematheque-unil\/wp-json\/wp\/v2\/users\/1469"}],"replies":[{"embeddable":true,"href":"https:\/\/wp.unil.ch\/cinematheque-unil\/wp-json\/wp\/v2\/comments?post=5807"}],"version-history":[{"count":0,"href":"https:\/\/wp.unil.ch\/cinematheque-unil\/wp-json\/wp\/v2\/pages\/5807\/revisions"}],"up":[{"embeddable":true,"href":"https:\/\/wp.unil.ch\/cinematheque-unil\/wp-json\/wp\/v2\/pages\/79"}],"wp:attachment":[{"href":"https:\/\/wp.unil.ch\/cinematheque-unil\/wp-json\/wp\/v2\/media?parent=5807"}],"curies":[{"name":"wp","href":"https:\/\/api.w.org\/{rel}","templated":true}]}}