{"id":5790,"date":"2019-07-15T10:28:24","date_gmt":"2019-07-15T08:28:24","guid":{"rendered":"http:\/\/wp.unil.ch\/cinematheque-unil\/?page_id=5790"},"modified":"2019-08-19T15:46:17","modified_gmt":"2019-08-19T13:46:17","slug":"entretien","status":"publish","type":"page","link":"https:\/\/wp.unil.ch\/cinematheque-unil\/vitrine\/zooms-sur-les-projets\/entretien\/","title":{"rendered":"Entretien"},"content":{"rendered":"<ol class=\"breadcrumb\">\n<li><a href=\"https:\/\/wp.unil.ch\/cinematheque-unil\/vitrine\/\">Vitrine<\/a><\/li>\n<li><a href=\"https:\/\/wp.unil.ch\/cinematheque-unil\/vitrine\/zooms-sur-les-projets\/\">Zooms sur les projets<\/a><\/li>\n<li class=\"current\"><a href=\"https:\/\/wp.unil.ch\/cinematheque-unil\/vitrine\/zooms-sur-les-projets\/entretien\/\">\u00c0 propos d\u2019Autant-Lara\u00a0: entretien de Freddy Buache<\/a><\/li>\n<\/ol>\n<div style=\"background-color: #f5f5f5\">\n<h2 style=\"color: #993366\">\u00c0 propos d\u2019Autant-Lara\u00a0: entretien de Freddy Buache<\/h2>\n<hr \/>\n<h3 style=\"text-align: justify\"><sup><a href=\"#note1\" name=\"retour au texte1\"><\/a><\/sup><\/h3>\n<\/div>\n<p><a href=\"#presentation\">Pr\u00e9sentation<\/a> | <a href=\"#entretien\">Entretien<\/a> | <a href=\"#reference\">R\u00e9f\u00e9rence<\/a><\/p>\n<p>Alain Boillat, Delphine Chedaleux et Jeanne Rohner<br \/>\n<div id=\"metaslider-id-5740\" style=\"width: 100%;\" class=\"ml-slider-3-107-0 metaslider metaslider-flex metaslider-5740 ml-slider has-carousel-mode ms-theme-default nav-hidden\" role=\"region\" aria-label=\"Entretien de Freddy Buache\" data-height=\"800\" data-width=\"1200\">\n    <div id=\"metaslider_container_5740\">\n        <div id=\"metaslider_5740\" class=\"flexslider\">\n            <ul class='slides'>\n                <li style=\"display: none; width: 100%;\" class=\"slide-5742 ms-image \" aria-roledescription=\"slide\" data-date=\"2019-07-02 14:44:39\" data-filename=\"FIGURE_01.jpg\" data-slide-type=\"image\"><img loading=\"lazy\" decoding=\"async\" width=\"855\" height=\"1200\" src=\"https:\/\/wp.unil.ch\/cinematheque-unil\/files\/2019\/07\/FIGURE_01.jpg\" class=\"slider-5740 slide-5742 msDefaultImage\" alt=\"\" rel=\"\" title=\"FIGURE_01\" style=\"margin: 0 auto; width: 47.5%\" srcset=\"https:\/\/wp.unil.ch\/cinematheque-unil\/files\/2019\/07\/FIGURE_01.jpg 855w, https:\/\/wp.unil.ch\/cinematheque-unil\/files\/2019\/07\/FIGURE_01-214x300.jpg 214w, https:\/\/wp.unil.ch\/cinematheque-unil\/files\/2019\/07\/FIGURE_01-768x1078.jpg 768w, https:\/\/wp.unil.ch\/cinematheque-unil\/files\/2019\/07\/FIGURE_01-730x1024.jpg 730w\" sizes=\"auto, (max-width: 855px) 100vw, 855px\" \/><div class=\"caption-wrap\"><div class=\"caption\">1\/5. Affiche de l\u2019exposition <i>Claude Autant-Lara<\/i>, Cin\u00e9math\u00e8que suisse, du 19 octobre au 31 d\u00e9cembre 1981.<\/div><\/div><\/li>\n                <li style=\"display: none; width: 100%;\" class=\"slide-5744 ms-image \" aria-roledescription=\"slide\" data-date=\"2019-07-02 14:45:10\" data-filename=\"FIGURE_02.jpg\" data-slide-type=\"image\"><img loading=\"lazy\" decoding=\"async\" width=\"426\" height=\"1200\" src=\"https:\/\/wp.unil.ch\/cinematheque-unil\/files\/2019\/07\/FIGURE_02.jpg\" class=\"slider-5740 slide-5744 msDefaultImage\" alt=\"\" rel=\"\" title=\"FIGURE_02\" style=\"margin: 0 auto; width: 23.666666666667%\" srcset=\"https:\/\/wp.unil.ch\/cinematheque-unil\/files\/2019\/07\/FIGURE_02.jpg 426w, https:\/\/wp.unil.ch\/cinematheque-unil\/files\/2019\/07\/FIGURE_02-107x300.jpg 107w, https:\/\/wp.unil.ch\/cinematheque-unil\/files\/2019\/07\/FIGURE_02-364x1024.jpg 364w\" sizes=\"auto, (max-width: 426px) 100vw, 426px\" \/><div class=\"caption-wrap\"><div class=\"caption\">2\/5. Affiche de la r\u00e9trospective \u00ab Claude Autant-Lara\u00a0\u00bb, 23<sup>e<\/sup> Festival international du film de Locarno, du 25 septembre au 4 octobre 1970.<\/div><\/div><\/li>\n                <li style=\"display: none; width: 100%;\" class=\"slide-5750 ms-image \" aria-roledescription=\"slide\" data-date=\"2019-07-02 14:48:40\" data-filename=\"FIGURE_03.jpg\" data-slide-type=\"image\"><img loading=\"lazy\" decoding=\"async\" width=\"1523\" height=\"1200\" src=\"https:\/\/wp.unil.ch\/cinematheque-unil\/files\/2019\/07\/FIGURE_03.jpg\" class=\"slider-5740 slide-5750 msDefaultImage\" alt=\"\" rel=\"\" title=\"FIGURE_03\" style=\"margin: 0 auto; width: 84.611111111111%\" srcset=\"https:\/\/wp.unil.ch\/cinematheque-unil\/files\/2019\/07\/FIGURE_03.jpg 1523w, https:\/\/wp.unil.ch\/cinematheque-unil\/files\/2019\/07\/FIGURE_03-300x236.jpg 300w, https:\/\/wp.unil.ch\/cinematheque-unil\/files\/2019\/07\/FIGURE_03-768x605.jpg 768w, https:\/\/wp.unil.ch\/cinematheque-unil\/files\/2019\/07\/FIGURE_03-1024x807.jpg 1024w\" sizes=\"auto, (max-width: 1523px) 100vw, 1523px\" \/><div class=\"caption-wrap\"><div class=\"caption\">3\/5. Freddy Buache (\u00e0 gauche) et Claude Autant-Lara (\u00e0 droite), octobre 1982.<\/div><\/div><\/li>\n                <li style=\"display: none; width: 100%;\" class=\"slide-5751 ms-image \" aria-roledescription=\"slide\" data-date=\"2019-07-02 14:48:40\" data-filename=\"FIGURE_04.jpg\" data-slide-type=\"image\"><img loading=\"lazy\" decoding=\"async\" width=\"1669\" height=\"1200\" src=\"https:\/\/wp.unil.ch\/cinematheque-unil\/files\/2019\/07\/FIGURE_04.jpg\" class=\"slider-5740 slide-5751 msDefaultImage\" alt=\"\" rel=\"\" title=\"FIGURE_04\" style=\"margin: 0 auto; width: 92.722222222222%\" srcset=\"https:\/\/wp.unil.ch\/cinematheque-unil\/files\/2019\/07\/FIGURE_04.jpg 1669w, https:\/\/wp.unil.ch\/cinematheque-unil\/files\/2019\/07\/FIGURE_04-300x216.jpg 300w, https:\/\/wp.unil.ch\/cinematheque-unil\/files\/2019\/07\/FIGURE_04-768x552.jpg 768w, https:\/\/wp.unil.ch\/cinematheque-unil\/files\/2019\/07\/FIGURE_04-1024x736.jpg 1024w\" sizes=\"auto, (max-width: 1669px) 100vw, 1669px\" \/><div class=\"caption-wrap\"><div class=\"caption\">4\/5. De gauche \u00e0 droite : Freddy Buache, Marie-Madeleine Brumagne et Claude Autant-Lara, Casino de Montbenon, 1981. \u00a9 ASL.<\/div><\/div><\/li>\n                <li style=\"display: none; width: 100%;\" class=\"slide-5752 ms-image \" aria-roledescription=\"slide\" data-date=\"2019-07-02 14:48:40\" data-filename=\"FIGURE_05.jpg\" data-slide-type=\"image\"><img loading=\"lazy\" decoding=\"async\" width=\"816\" height=\"1200\" src=\"https:\/\/wp.unil.ch\/cinematheque-unil\/files\/2019\/07\/FIGURE_05.jpg\" class=\"slider-5740 slide-5752 msDefaultImage\" alt=\"\" rel=\"\" title=\"FIGURE_05\" style=\"margin: 0 auto; width: 45.333333333333%\" srcset=\"https:\/\/wp.unil.ch\/cinematheque-unil\/files\/2019\/07\/FIGURE_05.jpg 816w, https:\/\/wp.unil.ch\/cinematheque-unil\/files\/2019\/07\/FIGURE_05-204x300.jpg 204w, https:\/\/wp.unil.ch\/cinematheque-unil\/files\/2019\/07\/FIGURE_05-768x1129.jpg 768w, https:\/\/wp.unil.ch\/cinematheque-unil\/files\/2019\/07\/FIGURE_05-696x1024.jpg 696w\" sizes=\"auto, (max-width: 816px) 100vw, 816px\" \/><div class=\"caption-wrap\"><div class=\"caption\">5\/5. Couverture du livre de Freddy Buache, <i>Claude Autant-Lara<\/i>, Lausanne, L'\u00c2ge d\u2019Homme, 1982.<\/div><\/div><\/li>\n            <\/ul>\n        <\/div>\n        \n    <\/div>\n<\/div><\/p>\n<div style=\"margin-left: 138px\">\n<h3><a name=\"presentation\"><\/a>Pr\u00e9sentation<\/h3>\n<p style=\"text-align: justify;font-size: medium\">En hommage \u00e0 Freddy Buache, nous publions ici des extraits sonores d\u2019un entretien r\u00e9alis\u00e9 avec ce dernier \u00e0 propos du r\u00e9alisateur Claude Autant-Lara, enregistr\u00e9 le 23 octobre 2017 \u00e0 l\u2019Universit\u00e9 de Lausanne par trois des membres du projet de recherche <a href=\"https:\/\/wp.unil.ch\/cinematheque-unil\/projets\/personnage-et-vedettariat-au-prisme-du-genre\/\">\u00ab\u00a0Personnage et vedettariat au prisme du genre\u00a0\u00bb<\/a>, Alain Boillat, Delphine Chedaleux et Jeanne Rohner, accompagn\u00e9s de Ginette Vincendeau, professeure au King\u2019s College de Londres qui compte parmi les partenaires dudit projet et qui pr\u00e9voit la parution d\u2019un ouvrage en langue anglaise consacr\u00e9 aux films d\u2019Autant-Lara en 2020 aux Presses de l\u2019Universit\u00e9 de Manchester. Rappelons que Freddy Buache pl\u00e9biscita l\u2019\u0153uvre du r\u00e9alisateur et sa valeur patrimoniale en organisant une r\u00e9trospective de ses films au Festival de Locarno en 1970, c\u2019est-\u00e0-dire alors que le cin\u00e9aste \u00e9tait encore actif (son dernier film, <em>Gloria<\/em>, sort en 1976) \u2013\u00a0il s\u2019agissait de la derni\u00e8re des quatre \u00e9ditions du festival pour lesquelles Buache officia en tant que codirecteur artistique \u2013, puis une exposition au Casino de Montbenon qui fut l\u2019occasion de valoriser notamment les dessins et peintures d\u2019Autant-Lara, lequel, apr\u00e8s avoir fr\u00e9quent\u00e9 l\u2019\u00c9cole des arts d\u00e9coratifs, dut son entr\u00e9e dans le milieu du cin\u00e9ma au tout d\u00e9but des ann\u00e9es 1920 \u00e0 sa collaboration \u00e0 des films de Marcel L\u2019Herbier dont il assura l\u2019ornementation des intertitres, le dessin des costumes ou la conception de d\u00e9cors. En 1982, Freddy Buache publia en outre dans la collection \u00ab\u00a0Cin\u00e9ma vivant\u00a0\u00bb qu\u2019il dirigeait \u00e0 L\u2019\u00c2ge d\u2019Homme un ouvrage qui, jusqu\u2019au r\u00e9cent opus de Jean-Pierre Bleys (2018), constituait l\u2019unique monographie d\u00e9di\u00e9e au metteur en sc\u00e8ne de <em>Douce<\/em> et de <em>La Travers\u00e9e de Paris<\/em>. La monographie de Buache s\u2019ouvre sur l\u2019\u00e9pigraphe suivante\u00a0: \u00ab\u00a0\u00c0 la m\u00e9moire d\u2019Eric Losfeld, autre victime des censeurs\u00a0\u00bb. On comprend que le respect vou\u00e9 par l\u2019homme de gauche Buache \u00e0 Claude Autant-Lara, en d\u00e9pit des prises de position parfois abjectes de ce dernier (en particulier \u00e0 la fin de sa vie, alors qu\u2019il se fit \u00e9lire en 1989 au Parlement Europ\u00e9en sur la liste du Front National, mais aussi dans ses livres de souvenirs p\u00e9tris d\u2019antis\u00e9mitisme), tient notamment \u00e0 l\u2019opini\u00e2tret\u00e9 qui fut celle du cin\u00e9aste \u00e0 d\u00e9fendre l\u2019industrie du cin\u00e9ma fran\u00e7ais et les pr\u00e9rogatives du r\u00e9alisateur dans la cr\u00e9ation d\u2019un film, ou \u00e0 imposer des sujets de films \u00e0 certains \u00e9gards anticonformistes, qu\u2019il s\u2019agisse d\u2019\u00e9gratigner la famille bourgeoise, l\u2019\u00e9glise ou l\u2019arm\u00e9e, ou de se confronter \u00e0 des th\u00e9matiques telles que l\u2019objection de conscience, la p\u00e9riode de l\u2019Occupation ou l\u2019avortement. Buache s\u2019en est expliqu\u00e9 dans cet entretien qu\u2019il nous a sembl\u00e9 important de mener dans la mesure o\u00f9 le projet de recherche en question, inscrit dans le cadre de <a href=\"https:\/\/wp.unil.ch\/cinematheque-unil\/\">la Collaboration UNIL+Cin\u00e9math\u00e8que suisse<\/a> (\u00e0 l\u2019instar d\u2019un pr\u00e9c\u00e9dent projet \u00e9galement consacr\u00e9 au fonds Autant-Lara, <a href=\"https:\/\/wp.unil.ch\/cinematheque-unil\/projets\/discours-du-scenario-etude-historique-et-genetique-des-adaptations-cinematographiques-de-stendhal\/\">\u00ab\u00a0Discours du sc\u00e9nario\u00a0\u00bb<\/a>), doit son existence \u00e0 la pr\u00e9sence des archives personnelles d\u2019Autant-Lara dans les murs de la Cin\u00e9math\u00e8que suisse, dont il constitue l\u2019un des plus pr\u00e9cieux fonds d\u2019archives non-film. En effet, ce legs d\u00e9pos\u00e9 \u00e0 Lausanne en d\u00e9cembre 2000, du vivant de ce cin\u00e9aste qui a travers\u00e9 le XX<sup>e<\/sup> si\u00e8cle (il est n\u00e9 en 1901) et tenait beaucoup \u00e0 voir ses archives quitter le sol de son pays natal \u00e0 l\u2019\u00e9gard duquel il nourrissait beaucoup de ranc\u0153ur, r\u00e9sulte de la relation d\u2019amiti\u00e9 que Buache, en tant que directeur de cette institution, avait pr\u00e9c\u00e9demment nou\u00e9e avec le cin\u00e9aste. Pour cette raison comme \u00e0 de nombreux autres titres au cours d\u2019<a href=\"https:\/\/wp.unil.ch\/cinematheque-unil\/presentation\/historique\/\">une collaboration \u00e9troite de l\u2019ancien directeur de la Cin\u00e9math\u00e8que suisse (puis de ses successeurs) avec l\u2019UNIL<\/a>, les chercheuses et chercheurs de la Section d\u2019histoire et esth\u00e9tique du cin\u00e9ma tiennent \u00e0 manifester \u00e0 Freddy Buache leur reconnaissance.<\/p>\n<p>Alain Boillat<\/p>\n<h3><a name=\"entretien\"><\/a>Entretien<\/h3>\n<audio class=\"wp-audio-shortcode\" id=\"audio-5790-1\" preload=\"none\" style=\"width: 100%;\" controls=\"controls\"><source type=\"audio\/mpeg\" src=\"https:\/\/wp.unil.ch\/cinematheque-unil\/files\/2019\/07\/ENTRETIEN_BUACHE.mp3?_=1\" \/><a href=\"https:\/\/wp.unil.ch\/cinematheque-unil\/files\/2019\/07\/ENTRETIEN_BUACHE.mp3\">https:\/\/wp.unil.ch\/cinematheque-unil\/files\/2019\/07\/ENTRETIEN_BUACHE.mp3<\/a><\/audio>\n<p style=\"text-align: justify;font-size: medium\"><a href=\"https:\/\/wp.unil.ch\/cinematheque-unil\/files\/2019\/07\/ENTRETIEN_BUACHE.mp3\">T\u00e9l\u00e9charger le fichier.<\/a><\/p>\n<p style=\"text-align: justify;font-size: medium\">Entretien avec Freddy Buache r\u00e9alis\u00e9 par Alain Boillat, Delphine Chedaleux, Jeanne Rohner et Ginette Vincendeau \u00e0 l\u2019Universit\u00e9 de Lausanne le 23 octobre 2017 ; montage sonore r\u00e9alis\u00e9 par Delphine Chedaleux, en collaboration avec Alain Boillat et Jeanne Rohner.<\/p>\n<h3><a name=\"reference\"><\/a>R\u00e9f\u00e9rence<\/h3>\n<p style=\"text-align: justify;font-size: small\">Alain Boillat, Delphine Chedaleux, Jeanne Rohner et Ginette Vincendeau, \u00ab \u00c0 propos d\u2019Autant-Lara\u00a0: entretien de Freddy Buache \u00bb, in Fr\u00e9d\u00e9ric Maire et Maria Tortajada (dir.), site Web La Collaboration UNIL+Cin\u00e9math\u00e8que suisse, www.unil-cinematheque.ch, juin 2019.<\/p>\n<h3>Droits d\u2019auteur<\/h3>\n<p style=\"text-align: justify;font-size: small\">\u00a9 Alain Boillat, Delphine Chedaleux et Jeanne Rohner\/La Collaboration UNIL+Cin\u00e9math\u00e8que suisse.<\/p>\n<\/div>\n","protected":false},"excerpt":{"rendered":"<p>Vitrine Zooms sur les projets \u00c0 propos d\u2019Autant-Lara\u00a0: entretien de Freddy Buache \u00c0 propos d\u2019Autant-Lara\u00a0: entretien de Freddy Buache Pr\u00e9sentation | Entretien | R\u00e9f\u00e9rence Alain Boillat, Delphine Chedaleux et Jeanne Rohner Pr\u00e9sentation En hommage \u00e0 Freddy Buache, nous publions ici<\/p>\n","protected":false},"author":1469,"featured_media":0,"parent":1698,"menu_order":0,"comment_status":"closed","ping_status":"closed","template":"","meta":{"_seopress_robots_primary_cat":"","_seopress_titles_title":"","_seopress_titles_desc":"","_seopress_robots_index":"","footnotes":""},"class_list":["post-5790","page","type-page","status-publish"],"_links":{"self":[{"href":"https:\/\/wp.unil.ch\/cinematheque-unil\/wp-json\/wp\/v2\/pages\/5790","targetHints":{"allow":["GET"]}}],"collection":[{"href":"https:\/\/wp.unil.ch\/cinematheque-unil\/wp-json\/wp\/v2\/pages"}],"about":[{"href":"https:\/\/wp.unil.ch\/cinematheque-unil\/wp-json\/wp\/v2\/types\/page"}],"author":[{"embeddable":true,"href":"https:\/\/wp.unil.ch\/cinematheque-unil\/wp-json\/wp\/v2\/users\/1469"}],"replies":[{"embeddable":true,"href":"https:\/\/wp.unil.ch\/cinematheque-unil\/wp-json\/wp\/v2\/comments?post=5790"}],"version-history":[{"count":0,"href":"https:\/\/wp.unil.ch\/cinematheque-unil\/wp-json\/wp\/v2\/pages\/5790\/revisions"}],"up":[{"embeddable":true,"href":"https:\/\/wp.unil.ch\/cinematheque-unil\/wp-json\/wp\/v2\/pages\/1698"}],"wp:attachment":[{"href":"https:\/\/wp.unil.ch\/cinematheque-unil\/wp-json\/wp\/v2\/media?parent=5790"}],"curies":[{"name":"wp","href":"https:\/\/api.w.org\/{rel}","templated":true}]}}