{"id":5697,"date":"2019-05-27T11:36:35","date_gmt":"2019-05-27T09:36:35","guid":{"rendered":"http:\/\/wp.unil.ch\/cinematheque-unil\/?page_id=5697"},"modified":"2019-06-12T11:46:57","modified_gmt":"2019-06-12T09:46:57","slug":"film-de-presentation","status":"publish","type":"page","link":"https:\/\/wp.unil.ch\/cinematheque-unil\/vitrine\/film-de-presentation\/","title":{"rendered":"Film de pr\u00e9sentation"},"content":{"rendered":"<ol class=\"breadcrumb\">\n<li><a href=\"https:\/\/wp.unil.ch\/cinematheque-unil\/vitrine\/\">Vitrine<\/a><\/li>\n<li class=\"current\"><a href=\"https:\/\/wp.unil.ch\/cinematheque-unil\/vitrine\/film-de-presentation\/\">Film de pr\u00e9sentation<\/a><\/li>\n<\/ol>\n<h3>Film de pr\u00e9sentation des projets de la Collaboration UNIL + Cin\u00e9math\u00e8que suisse<\/h3>\n<p><iframe loading=\"lazy\" title=\"Collaboration UNIL + Cin\u00e9math\u00e8que suisse - Projets de recherche\" width=\"720\" height=\"405\" src=\"https:\/\/www.youtube.com\/embed\/4PIUZBCdwms?feature=oembed\" frameborder=\"0\" allow=\"accelerometer; autoplay; clipboard-write; encrypted-media; gyroscope; picture-in-picture; web-share\" allowfullscreen><\/iframe><\/p>\n<p style=\"text-align: align\">Pr\u00e9sent\u00e9 lors du 75<sup>e<\/sup> Congr\u00e8s de la F\u00e9d\u00e9ration Internationale des Archives du Film (Lausanne, 7-13 avril 2019), ce film expose les projets de recherche r\u00e9alis\u00e9s conjointement par l\u2019Universit\u00e9 de Lausanne et la Cin\u00e9math\u00e8que suisse gr\u00e2ce \u00e0 leur partenariat, la Collaboration UNIL + Cin\u00e9math\u00e8que suisse. Tourn\u00e9 dans les diff\u00e9rents espaces du nouveau Centre de recherche et d\u2019archivage de la Cin\u00e9math\u00e8que suisse \u00e0 Penthaz, il montre la vari\u00e9t\u00e9 et la richesse des collections sur lesquelles portent les projets de la Collaboration, ainsi que les interactions entre archivistes et universitaires qui sont essentielles au d\u00e9veloppement et \u00e0 l\u2019accomplissement de ces projets. Ce film a \u00e9t\u00e9 r\u00e9alis\u00e9 par l\u2019association FilmONs !, avec l\u2019aide de la Section d\u2019histoire et esth\u00e9tique du cin\u00e9ma de l\u2019UNIL et de la Cin\u00e9math\u00e8que suisse.<\/p>\n<h3><a name=\"reference\"><\/a>R\u00e9f\u00e9rence<\/h3>\n<p style=\"text-align: justify;font-size: small\">Association FilmONs !\/La Collaboration UNIL + Cin\u00e9math\u00e8que suisse, <em>La Collaboration UNIL + Cin\u00e9math\u00e8que suisse. Projets de recherche<\/em>, in Fr\u00e9d\u00e9ric Maire et Maria Tortajada (dir.), site Web <em>La Collaboration UNIL + Cin\u00e9math\u00e8que suisse<\/em>, www.unil-cinematheque.ch, 2019.<\/p>\n<h3>Droits d\u2019auteur<\/h3>\n<p style=\"text-align: justify;font-size: small\">\u00a9 Association FilmONs !\/La Collaboration UNIL + Cin\u00e9math\u00e8que suisse.<\/p>\n","protected":false},"excerpt":{"rendered":"<p>Vitrine Film de pr\u00e9sentation Film de pr\u00e9sentation des projets de la Collaboration UNIL + Cin\u00e9math\u00e8que suisse Pr\u00e9sent\u00e9 lors du 75e Congr\u00e8s de la F\u00e9d\u00e9ration Internationale des Archives du Film (Lausanne, 7-13 avril 2019), ce film expose les projets de recherche<\/p>\n","protected":false},"author":1469,"featured_media":0,"parent":307,"menu_order":0,"comment_status":"closed","ping_status":"closed","template":"","meta":{"_seopress_robots_primary_cat":"","_seopress_titles_title":"","_seopress_titles_desc":"","_seopress_robots_index":"","footnotes":""},"class_list":["post-5697","page","type-page","status-publish"],"_links":{"self":[{"href":"https:\/\/wp.unil.ch\/cinematheque-unil\/wp-json\/wp\/v2\/pages\/5697","targetHints":{"allow":["GET"]}}],"collection":[{"href":"https:\/\/wp.unil.ch\/cinematheque-unil\/wp-json\/wp\/v2\/pages"}],"about":[{"href":"https:\/\/wp.unil.ch\/cinematheque-unil\/wp-json\/wp\/v2\/types\/page"}],"author":[{"embeddable":true,"href":"https:\/\/wp.unil.ch\/cinematheque-unil\/wp-json\/wp\/v2\/users\/1469"}],"replies":[{"embeddable":true,"href":"https:\/\/wp.unil.ch\/cinematheque-unil\/wp-json\/wp\/v2\/comments?post=5697"}],"version-history":[{"count":0,"href":"https:\/\/wp.unil.ch\/cinematheque-unil\/wp-json\/wp\/v2\/pages\/5697\/revisions"}],"up":[{"embeddable":true,"href":"https:\/\/wp.unil.ch\/cinematheque-unil\/wp-json\/wp\/v2\/pages\/307"}],"wp:attachment":[{"href":"https:\/\/wp.unil.ch\/cinematheque-unil\/wp-json\/wp\/v2\/media?parent=5697"}],"curies":[{"name":"wp","href":"https:\/\/api.w.org\/{rel}","templated":true}]}}