{"id":5630,"date":"2019-04-11T16:25:34","date_gmt":"2019-04-11T14:25:34","guid":{"rendered":"http:\/\/wp.unil.ch\/cinematheque-unil\/?page_id=5630"},"modified":"2019-05-27T12:53:39","modified_gmt":"2019-05-27T10:53:39","slug":"reception-de-la-collaboration-unilcinematheque-suisse","status":"publish","type":"page","link":"https:\/\/wp.unil.ch\/cinematheque-unil\/evenements\/reception-de-la-collaboration-unilcinematheque-suisse\/","title":{"rendered":"R\u00e9ception de la Collaboration UNIL + Cin\u00e9math\u00e8que suisse"},"content":{"rendered":"<ol class=\"breadcrumb\">\n<li><a href=\"https:\/\/wp.unil.ch\/cinematheque-unil\/evenements\/\">\u00c9v\u00e9nements<\/a><\/li>\n<li class=\"current\"><a href=\"https:\/\/wp.unil.ch\/cinematheque-unil\/evenements\/reception-de-la-collaboration-unilcinematheque-suisse\/\">R\u00e9ception de la Collaboration UNIL+Cin\u00e9math\u00e8que suisse<\/a><\/li>\n<\/ol>\n<h6 style=\"text-align: center\">R\u00e9ception<\/h6>\n<h5 style=\"text-align: center\">La Collaboration UNIL + Cin\u00e9math\u00e8que suisse<\/h5>\n<h6 style=\"text-align: center\">pr\u00e9sent\u00e9e par Fr\u00e9d\u00e9ric Maire et Maria Tortajada<br \/>\ndans le cadre du 75<sup>e<\/sup> Congr\u00e8s de la FIAF<\/h6>\n<p style=\"text-align: center\">8 avril 2019<\/p>\n<p><img alt=\"\" loading=\"lazy\" decoding=\"async\" class=\"aligncenter wp-image-5637 size-large\" src=\"https:\/\/wp.unil.ch\/cinematheque-unil\/files\/2019\/04\/COUVERTURE_LIVRET-722x1024.jpg\" alt=\"\" width=\"720\" height=\"1021\" srcset=\"https:\/\/wp.unil.ch\/cinematheque-unil\/files\/2019\/04\/COUVERTURE_LIVRET-722x1024.jpg 722w, https:\/\/wp.unil.ch\/cinematheque-unil\/files\/2019\/04\/COUVERTURE_LIVRET-212x300.jpg 212w, https:\/\/wp.unil.ch\/cinematheque-unil\/files\/2019\/04\/COUVERTURE_LIVRET-768x1089.jpg 768w, https:\/\/wp.unil.ch\/cinematheque-unil\/files\/2019\/04\/COUVERTURE_LIVRET.jpg 846w\" sizes=\"auto, (max-width: 720px) 100vw, 720px\" \/><\/p>\n<p style=\"text-align: align\">Dans le cadre du 75<sup>e<\/sup> Congr\u00e8s de la F\u00e9d\u00e9ration Internationale des Archives du Film, l\u2019Universit\u00e9 de Lausanne invite les congressistes \u00e0 une r\u00e9ception qui sera l\u2019occasion de pr\u00e9senter les projets de recherche r\u00e9alis\u00e9s conjointement par l\u2019Universit\u00e9 de Lausanne et la Cin\u00e9math\u00e8que suisse gr\u00e2ce \u00e0 leur partenariat, la Collaboration UNIL + Cin\u00e9math\u00e8que suisse.<\/p>\n<p style=\"text-align: align\">Organis\u00e9e en marge du Symposium \u00ab\u00a0Du pass\u00e9 au futur des archives cin\u00e9matographiques\u00a0\u00bb, cette r\u00e9ception d\u00e9butera par un mot de pr\u00e9sentation de Fr\u00e9d\u00e9ric Maire et Maria Tortajada, qui sera suivi par la projection d\u2019un film de pr\u00e9sentation des projets de recherche.<\/p>\n<p style=\"text-align: align\">Un ap\u00e9ritif sera offert gr\u00e2ce aux soutiens du Canton de Vaud et de la Facult\u00e9 des Lettres de l\u2019Universit\u00e9 de Lausanne.<\/p>\n<p style=\"text-align: align\">La r\u00e9ception se d\u00e9roulera le lundi 8 avril 2019 de 18h \u00e0 21h dans la Salle des F\u00eates du Casino de Montbenon.<\/p>\n<p style=\"font-size: small;text-align: center\"><strong>Film de pr\u00e9sentation<\/strong><\/p>\n<p><iframe loading=\"lazy\" title=\"Collaboration UNIL + Cin\u00e9math\u00e8que suisse - Projets de recherche\" width=\"720\" height=\"405\" src=\"https:\/\/www.youtube.com\/embed\/4PIUZBCdwms?feature=oembed\" frameborder=\"0\" allow=\"accelerometer; autoplay; clipboard-write; encrypted-media; gyroscope; picture-in-picture; web-share\" allowfullscreen><\/iframe><\/p>\n<p style=\"text-align: align\">Tourn\u00e9 dans les diff\u00e9rents espaces du nouveau Centre de recherche et d\u2019archivage de la Cin\u00e9math\u00e8que suisse \u00e0 Penthaz, ce film montre la vari\u00e9t\u00e9 et la richesse des collections sur lesquelles portent les projets de la Collaboration UNIL + Cin\u00e9math\u00e8que suisse, ainsi que les interactions entre archivistes et universitaires qui sont essentielles au d\u00e9veloppement et \u00e0 l\u2019accomplissement de ces projets.<\/p>\n<p style=\"font-size: small;text-align: center\"><strong>Livret de pr\u00e9sentation<\/strong><\/p>\n<p style=\"font-size: small;text-align: center\"><a href=\"https:\/\/wp.unil.ch\/cinematheque-unil\/files\/2019\/04\/LIVRET_PARTENARIAT.pdf\">T\u00e9l\u00e9charger.<\/a><\/p>\n<p style=\"font-size: small;text-align: center\"><em>Voir aussi la\u00a0<a href=\"https:\/\/fiaf2019.ch\/fr_CH\" target=\"_blank\" rel=\"noopener noreferrer\">page<\/a> du Congr\u00e8s de la FIAF.<\/em><\/p>\n","protected":false},"excerpt":{"rendered":"<p>\u00c9v\u00e9nements R\u00e9ception de la Collaboration UNIL+Cin\u00e9math\u00e8que suisse R\u00e9ception La Collaboration UNIL + Cin\u00e9math\u00e8que suisse pr\u00e9sent\u00e9e par Fr\u00e9d\u00e9ric Maire et Maria Tortajada dans le cadre du 75e Congr\u00e8s de la FIAF 8 avril 2019 Dans le cadre du 75e Congr\u00e8s de<\/p>\n","protected":false},"author":1469,"featured_media":0,"parent":1226,"menu_order":2,"comment_status":"closed","ping_status":"closed","template":"","meta":{"_seopress_robots_primary_cat":"","_seopress_titles_title":"","_seopress_titles_desc":"","_seopress_robots_index":"","footnotes":""},"class_list":["post-5630","page","type-page","status-publish"],"_links":{"self":[{"href":"https:\/\/wp.unil.ch\/cinematheque-unil\/wp-json\/wp\/v2\/pages\/5630","targetHints":{"allow":["GET"]}}],"collection":[{"href":"https:\/\/wp.unil.ch\/cinematheque-unil\/wp-json\/wp\/v2\/pages"}],"about":[{"href":"https:\/\/wp.unil.ch\/cinematheque-unil\/wp-json\/wp\/v2\/types\/page"}],"author":[{"embeddable":true,"href":"https:\/\/wp.unil.ch\/cinematheque-unil\/wp-json\/wp\/v2\/users\/1469"}],"replies":[{"embeddable":true,"href":"https:\/\/wp.unil.ch\/cinematheque-unil\/wp-json\/wp\/v2\/comments?post=5630"}],"version-history":[{"count":0,"href":"https:\/\/wp.unil.ch\/cinematheque-unil\/wp-json\/wp\/v2\/pages\/5630\/revisions"}],"up":[{"embeddable":true,"href":"https:\/\/wp.unil.ch\/cinematheque-unil\/wp-json\/wp\/v2\/pages\/1226"}],"wp:attachment":[{"href":"https:\/\/wp.unil.ch\/cinematheque-unil\/wp-json\/wp\/v2\/media?parent=5630"}],"curies":[{"name":"wp","href":"https:\/\/api.w.org\/{rel}","templated":true}]}}