{"id":5571,"date":"2019-01-23T11:47:52","date_gmt":"2019-01-23T10:47:52","guid":{"rendered":"http:\/\/wp.unil.ch\/cinematheque-unil\/?page_id=5571"},"modified":"2019-03-30T17:21:52","modified_gmt":"2019-03-30T16:21:52","slug":"ladaptation-des-livres-aux-scenarios","status":"publish","type":"page","link":"https:\/\/wp.unil.ch\/cinematheque-unil\/projets\/discours-du-scenario-etude-historique-et-genetique-des-adaptations-cinematographiques-de-stendhal\/publications-liees-au-projet\/ladaptation-des-livres-aux-scenarios\/","title":{"rendered":"L\u2019adaptation. Des livres aux sc\u00e9narios"},"content":{"rendered":"<ol class=\"breadcrumb\">\n<li><a href=\"https:\/\/wp.unil.ch\/cinematheque-unil\/projets\/\">Projets<\/a><\/li>\n<li><a href=\"https:\/\/wp.unil.ch\/cinematheque-unil\/projets\/discours-du-scenario-etude-historique-et-genetique-des-adaptations-cinematographiques-de-stendhal\/\">Discours du sc\u00e9nario<\/a><\/li>\n<li><a href=\"https:\/\/wp.unil.ch\/cinematheque-unil\/projets\/discours-du-scenario-etude-historique-et-genetique-des-adaptations-cinematographiques-de-stendhal\/publications-liees-au-projet\/\">Publications li\u00e9es au projet<\/a><\/li>\n<li class=\"current\"><a href=\"https:\/\/wp.unil.ch\/cinematheque-unil\/projets\/discours-du-scenario-etude-historique-et-genetique-des-adaptations-cinematographiques-de-stendhal\/publications-liees-au-projet\/ladaptation-des-\u2026es-aux-scenarios\/\">L\u2019adaptation. Des livres aux sc\u00e9narios<\/a><\/li>\n<\/ol>\n<h5 style=\"text-align: center\"><em>L\u2019Adaptation. Des livres aux sc\u00e9narios<\/em><\/h5>\n<h6 style=\"text-align: center\">sous la direction d\u2019Alain Boillat et Gilles Philippe<br \/>\navec la collaboration de Laure Cordonier et Adrien Gaillard<\/h6>\n<p style=\"text-align: center\"><img alt=\"\" loading=\"lazy\" decoding=\"async\" class=\"aligncenter size-large wp-image-4597\" src=\"https:\/\/wp.unil.ch\/cinematheque-unil\/files\/2018\/01\/COUVERTURE_LIVRE_ADAPTATION-724x1024.jpg\" alt=\"\" width=\"720\" height=\"1018\" srcset=\"https:\/\/wp.unil.ch\/cinematheque-unil\/files\/2018\/01\/COUVERTURE_LIVRE_ADAPTATION-724x1024.jpg 724w, https:\/\/wp.unil.ch\/cinematheque-unil\/files\/2018\/01\/COUVERTURE_LIVRE_ADAPTATION-212x300.jpg 212w, https:\/\/wp.unil.ch\/cinematheque-unil\/files\/2018\/01\/COUVERTURE_LIVRE_ADAPTATION-768x1086.jpg 768w, https:\/\/wp.unil.ch\/cinematheque-unil\/files\/2018\/01\/COUVERTURE_LIVRE_ADAPTATION.jpg 849w\" sizes=\"auto, (max-width: 720px) 100vw, 720px\" \/><\/p>\n<p>Principalement d\u00e9di\u00e9es aux films dits de la \u00ab\u00a0Qualit\u00e9 fran\u00e7aise\u00a0\u00bb produits dans l\u2019apr\u00e8s-guerre, soit \u00e0 une \u00e9poque o\u00f9 sc\u00e9naristes, adaptateurs et dialoguistes b\u00e9n\u00e9ficiaient d\u2019une forte popularit\u00e9, les \u00e9tudes du volume explorent \u00e0 partir d\u2019archives papier les variantes et les stades de sc\u00e9narios de films r\u00e9alis\u00e9s (<em>Le Diable au corps<\/em>, <em>Le Rouge et le Noir<\/em>, <em>En cas de malheur<\/em>) ou abandonn\u00e9s (<em>le Journal d\u2019un cur\u00e9 de campagne<\/em> par Aurenche et Bost, <em>La Chartreuse de Parme<\/em> par Autant-Lara). Les recherches men\u00e9es conjuguent les apports de la g\u00e9n\u00e9tique textuelle, de l\u2019analyse filmique, des \u00e9tudes litt\u00e9raires et de la narratologie pour proposer une nouvelle mani\u00e8re d\u2019envisager l\u2019\u00e9tude des adaptations\u00a0: au lieu de concevoir uniquement l\u2019\u0153uvre litt\u00e9raire adapt\u00e9e \u00e0 un bout de la cha\u00eene et le film \u00e0 l\u2019autre, il s\u2019agit d\u2019examiner l\u2019ensemble du processus d\u2019\u00e9criture. Le lecteur est ainsi invit\u00e9 dans les coulisses de la cr\u00e9ation d\u2019un film, l\u00e0 o\u00f9 le texte a pour finalit\u00e9 de se transformer en images.<\/p>\n<p>Alain Boillat et Gilles Philippe (dir.), avec la collaboration de Laure Cordonier et Adrien Gaillard, <em>L\u2019Adaptation. Des livres aux sc\u00e9narios. Approche interdisciplinaire des archives du cin\u00e9ma fran\u00e7ais (1930-1960)<\/em>, Bruxelles, Les Impressions Nouvelles, 2018, 350p. Nombreuses illustrations issues d\u2019archives de la Cin\u00e9math\u00e8que suisse.<\/p>\n<p style=\"text-align: center\"><strong>Compte rendu de l\u2019ouvrage<\/strong><\/p>\n<p style=\"text-align: center\"><a href=\"https:\/\/journals.openedition.org\/genesis\/3219\" target=\"_blank\" rel=\"noopener noreferrer\">Consulter.<\/a><\/p>\n","protected":false},"excerpt":{"rendered":"<p>Projets Discours du sc\u00e9nario Publications li\u00e9es au projet L\u2019adaptation. Des livres aux sc\u00e9narios L\u2019Adaptation. Des livres aux sc\u00e9narios sous la direction d\u2019Alain Boillat et Gilles Philippe avec la collaboration de Laure Cordonier et Adrien Gaillard Principalement d\u00e9di\u00e9es aux films dits<\/p>\n","protected":false},"author":1469,"featured_media":0,"parent":709,"menu_order":0,"comment_status":"closed","ping_status":"closed","template":"","meta":{"_seopress_robots_primary_cat":"","_seopress_titles_title":"","_seopress_titles_desc":"","_seopress_robots_index":"","footnotes":""},"class_list":["post-5571","page","type-page","status-publish"],"_links":{"self":[{"href":"https:\/\/wp.unil.ch\/cinematheque-unil\/wp-json\/wp\/v2\/pages\/5571","targetHints":{"allow":["GET"]}}],"collection":[{"href":"https:\/\/wp.unil.ch\/cinematheque-unil\/wp-json\/wp\/v2\/pages"}],"about":[{"href":"https:\/\/wp.unil.ch\/cinematheque-unil\/wp-json\/wp\/v2\/types\/page"}],"author":[{"embeddable":true,"href":"https:\/\/wp.unil.ch\/cinematheque-unil\/wp-json\/wp\/v2\/users\/1469"}],"replies":[{"embeddable":true,"href":"https:\/\/wp.unil.ch\/cinematheque-unil\/wp-json\/wp\/v2\/comments?post=5571"}],"version-history":[{"count":0,"href":"https:\/\/wp.unil.ch\/cinematheque-unil\/wp-json\/wp\/v2\/pages\/5571\/revisions"}],"up":[{"embeddable":true,"href":"https:\/\/wp.unil.ch\/cinematheque-unil\/wp-json\/wp\/v2\/pages\/709"}],"wp:attachment":[{"href":"https:\/\/wp.unil.ch\/cinematheque-unil\/wp-json\/wp\/v2\/media?parent=5571"}],"curies":[{"name":"wp","href":"https:\/\/api.w.org\/{rel}","templated":true}]}}