{"id":5547,"date":"2019-01-15T12:09:21","date_gmt":"2019-01-15T11:09:21","guid":{"rendered":"http:\/\/wp.unil.ch\/cinematheque-unil\/?page_id=5547"},"modified":"2019-01-15T12:34:43","modified_gmt":"2019-01-15T11:34:43","slug":"programme-bolex-une-camera-suisse-a-lechelle-du-monde","status":"publish","type":"page","link":"https:\/\/wp.unil.ch\/cinematheque-unil\/evenements\/programme-bolex-une-camera-suisse-a-lechelle-du-monde\/","title":{"rendered":"Programme \u00ab\u00a0Bolex : une cam\u00e9ra suisse \u00e0 l\u2019\u00e9chelle du monde \u00bb"},"content":{"rendered":"<ol class=\"breadcrumb\">\n<li><a href=\"https:\/\/wp.unil.ch\/cinematheque-unil\/evenements\/\">\u00c9v\u00e9nements<\/a><\/li>\n<li class=\"current\"><a href=\"https:\/\/wp.unil.ch\/cinematheque-unil\/evenements\/programme-bolex-une-camera-suisse-a-lechelle-du-monde\/\">Bolex : une cam\u00e9ra suisse \u00e0 l\u2019\u00e9chelle du monde<\/a><\/li>\n<\/ol>\n<h6 style=\"text-align: center\">Programme historique de films<\/h6>\n<h5 style=\"text-align: center\">\u00ab Bolex : une cam\u00e9ra suisse \u00e0 l\u2019\u00e9chelle du monde\/Bolex : Eine Schweizer Kamera von Weltformat \u00bb<\/h5>\n<h6 style=\"text-align: center\">coordonn\u00e9 par Nicolas Dulac, Vincent Sorrel et St\u00e9phane Tralongo<\/h6>\n<p style=\"text-align: center\">25 janvier-1<sup>er<\/sup> f\u00e9vrier 2018<\/p>\n<p><img alt=\"\" loading=\"lazy\" decoding=\"async\" class=\"aligncenter wp-image-5553 size-large\" src=\"https:\/\/wp.unil.ch\/cinematheque-unil\/files\/2019\/01\/VISUEL_PROGRAMME_SOLEURE-742x1024.jpg\" alt=\"\" width=\"720\" height=\"994\" srcset=\"https:\/\/wp.unil.ch\/cinematheque-unil\/files\/2019\/01\/VISUEL_PROGRAMME_SOLEURE-742x1024.jpg 742w, https:\/\/wp.unil.ch\/cinematheque-unil\/files\/2019\/01\/VISUEL_PROGRAMME_SOLEURE-217x300.jpg 217w, https:\/\/wp.unil.ch\/cinematheque-unil\/files\/2019\/01\/VISUEL_PROGRAMME_SOLEURE-768x1061.jpg 768w, https:\/\/wp.unil.ch\/cinematheque-unil\/files\/2019\/01\/VISUEL_PROGRAMME_SOLEURE.jpg 869w\" sizes=\"auto, (max-width: 720px) 100vw, 720px\" \/><\/p>\n","protected":false},"excerpt":{"rendered":"<p>\u00c9v\u00e9nements Bolex : une cam\u00e9ra suisse \u00e0 l\u2019\u00e9chelle du monde Programme historique de films \u00ab Bolex : une cam\u00e9ra suisse \u00e0 l\u2019\u00e9chelle du monde\/Bolex : Eine Schweizer Kamera von Weltformat \u00bb coordonn\u00e9 par Nicolas Dulac, Vincent Sorrel et St\u00e9phane Tralongo<\/p>\n","protected":false},"author":1469,"featured_media":0,"parent":1226,"menu_order":7,"comment_status":"closed","ping_status":"closed","template":"","meta":{"_seopress_robots_primary_cat":"","_seopress_titles_title":"","_seopress_titles_desc":"","_seopress_robots_index":"","footnotes":""},"class_list":["post-5547","page","type-page","status-publish"],"_links":{"self":[{"href":"https:\/\/wp.unil.ch\/cinematheque-unil\/wp-json\/wp\/v2\/pages\/5547","targetHints":{"allow":["GET"]}}],"collection":[{"href":"https:\/\/wp.unil.ch\/cinematheque-unil\/wp-json\/wp\/v2\/pages"}],"about":[{"href":"https:\/\/wp.unil.ch\/cinematheque-unil\/wp-json\/wp\/v2\/types\/page"}],"author":[{"embeddable":true,"href":"https:\/\/wp.unil.ch\/cinematheque-unil\/wp-json\/wp\/v2\/users\/1469"}],"replies":[{"embeddable":true,"href":"https:\/\/wp.unil.ch\/cinematheque-unil\/wp-json\/wp\/v2\/comments?post=5547"}],"version-history":[{"count":0,"href":"https:\/\/wp.unil.ch\/cinematheque-unil\/wp-json\/wp\/v2\/pages\/5547\/revisions"}],"up":[{"embeddable":true,"href":"https:\/\/wp.unil.ch\/cinematheque-unil\/wp-json\/wp\/v2\/pages\/1226"}],"wp:attachment":[{"href":"https:\/\/wp.unil.ch\/cinematheque-unil\/wp-json\/wp\/v2\/media?parent=5547"}],"curies":[{"name":"wp","href":"https:\/\/api.w.org\/{rel}","templated":true}]}}