{"id":5442,"date":"2018-12-05T16:15:55","date_gmt":"2018-12-05T15:15:55","guid":{"rendered":"http:\/\/wp.unil.ch\/cinematheque-unil\/?page_id=5442"},"modified":"2018-12-05T16:27:52","modified_gmt":"2018-12-05T15:27:52","slug":"rose-lowder-cultiver-les-films","status":"publish","type":"page","link":"https:\/\/wp.unil.ch\/cinematheque-unil\/vitrine\/projections\/rose-lowder-cultiver-les-films\/","title":{"rendered":"Rose Lowder : cultiver les films"},"content":{"rendered":"<ol class=\"breadcrumb\">\n<li><a href=\"https:\/\/wp.unil.ch\/cinematheque-unil\/vitrine\/\">Vitrine<\/a><\/li>\n<li><a href=\"https:\/\/wp.unil.ch\/cinematheque-unil\/vitrine\/projections\/\">Projections<\/a><\/li>\n<li class=\"current\"><a href=\"https:\/\/wp.unil.ch\/cinematheque-unil\/vitrine\/projections\/rose-lowder-cultiver-les-films\/\">Rose Lowder : cultiver les films<\/a><\/li>\n<\/ol>\n<p><iframe loading=\"lazy\" title=\"Programme de courts m\u00e9trages de Rose Lowder au Cin\u00e9matographe\" width=\"720\" height=\"405\" src=\"https:\/\/www.youtube.com\/embed\/ngy-iZGD4Ic?feature=oembed\" frameborder=\"0\" allow=\"accelerometer; autoplay; clipboard-write; encrypted-media; gyroscope; picture-in-picture; web-share\" allowfullscreen><\/iframe><\/p>\n<p style=\"text-align: justify\">La pratique de Rose Lowder est intimement li\u00e9e au maniement de sa Bolex, la cam\u00e9ra amateur devenant, dans ses mains, un \u00ab instrument de recherche visuelle \u00bb. Avec <em>Roulement, rouerie, aubage<\/em> (1978), la cin\u00e9aste sugg\u00e8re une relation entre la roue d\u2019un moulin \u00e0 aubes et l\u2019int\u00e9rieur de la cam\u00e9ra dont elle<br \/>\nexplore, au fil de son \u0153uvre, les potentialit\u00e9s, jouant des ph\u00e9nom\u00e8nes m\u00e9caniques comme naturels : vent, soleil, cristallisation, floraison, feuillaison, jach\u00e8re\u2026 La cam\u00e9ra est \u00e9cologique parce qu\u2019elle n\u2019a besoin que de la main pour collecter des images au rythme de prises de vues tourn\u00e9es avec la manivelle ou image par image. Entrem\u00ealant les images dans un geste qu\u2019elle rapproche plus du tissage que du montage, Rose Lowder saisit des photogrammes de fleurs qu\u2019elle recompose en des bouquets d\u2019images pour l\u2019\u00e9cran.<\/p>\n<p style=\"text-align: justify\">Vincent Sorrel<\/p>\n<h3><a name=\"reference\"><\/a>R\u00e9f\u00e9rence<\/h3>\n<p style=\"text-align: justify;font-size: small\">Cin\u00e9math\u00e8que suisse, captation de la s\u00e9ance \u00ab Rose Lowder : cultiver les films \u00bb (pr\u00e9sentation des films et discussion avec le public) \u00e0 la Cin\u00e9math\u00e8que suisse le 30 novembre 2018 \u00e0 18h30, in Fr\u00e9d\u00e9ric Maire et Maria Tortajada (dir.), site Web <em>La Collaboration UNIL + Cin\u00e9math\u00e8que suisse<\/em>, www.unil-cinematheque.ch, d\u00e9cembre 2018.<\/p>\n<h3>Droits d\u2019auteur<\/h3>\n<p style=\"text-align: justify;font-size: small\">\u00a9 Rose Lowder\/Light Cone, Vincent Sorrel\/Collaboration UNIL + Cin\u00e9math\u00e8que suisse.<\/p>\n","protected":false},"excerpt":{"rendered":"<p>Vitrine Projections Rose Lowder : cultiver les films La pratique de Rose Lowder est intimement li\u00e9e au maniement de sa Bolex, la cam\u00e9ra amateur devenant, dans ses mains, un \u00ab instrument de recherche visuelle \u00bb. Avec Roulement, rouerie, aubage (1978),<\/p>\n","protected":false},"author":1469,"featured_media":0,"parent":5404,"menu_order":0,"comment_status":"closed","ping_status":"closed","template":"","meta":{"_seopress_robots_primary_cat":"","_seopress_titles_title":"","_seopress_titles_desc":"","_seopress_robots_index":"","footnotes":""},"class_list":["post-5442","page","type-page","status-publish"],"_links":{"self":[{"href":"https:\/\/wp.unil.ch\/cinematheque-unil\/wp-json\/wp\/v2\/pages\/5442","targetHints":{"allow":["GET"]}}],"collection":[{"href":"https:\/\/wp.unil.ch\/cinematheque-unil\/wp-json\/wp\/v2\/pages"}],"about":[{"href":"https:\/\/wp.unil.ch\/cinematheque-unil\/wp-json\/wp\/v2\/types\/page"}],"author":[{"embeddable":true,"href":"https:\/\/wp.unil.ch\/cinematheque-unil\/wp-json\/wp\/v2\/users\/1469"}],"replies":[{"embeddable":true,"href":"https:\/\/wp.unil.ch\/cinematheque-unil\/wp-json\/wp\/v2\/comments?post=5442"}],"version-history":[{"count":0,"href":"https:\/\/wp.unil.ch\/cinematheque-unil\/wp-json\/wp\/v2\/pages\/5442\/revisions"}],"up":[{"embeddable":true,"href":"https:\/\/wp.unil.ch\/cinematheque-unil\/wp-json\/wp\/v2\/pages\/5404"}],"wp:attachment":[{"href":"https:\/\/wp.unil.ch\/cinematheque-unil\/wp-json\/wp\/v2\/media?parent=5442"}],"curies":[{"name":"wp","href":"https:\/\/api.w.org\/{rel}","templated":true}]}}