{"id":5404,"date":"2018-12-05T13:32:26","date_gmt":"2018-12-05T12:32:26","guid":{"rendered":"http:\/\/wp.unil.ch\/cinematheque-unil\/?page_id=5404"},"modified":"2018-12-05T16:17:32","modified_gmt":"2018-12-05T15:17:32","slug":"projections","status":"publish","type":"page","link":"https:\/\/wp.unil.ch\/cinematheque-unil\/vitrine\/projections\/","title":{"rendered":"Projections"},"content":{"rendered":"<ol class=\"breadcrumb\">\n<li><a href=\"https:\/\/wp.unil.ch\/cinematheque-unil\/vitrine\/\">Vitrine<\/a><\/li>\n<li class=\"current\"><a href=\"https:\/\/wp.unil.ch\/cinematheque-unil\/vitrine\/projections\/\">Projections<\/a><\/li>\n<\/ol>\n<h5>Projection, Cin\u00e9math\u00e8que suisse, 30 novembre 2018<\/h5>\n<hr \/>\n<h4>Rose Lowder : cultiver les films<\/h4>\n<p style=\"text-align: justify\">Vincent Sorrel<\/p>\n<p style=\"text-align: justify\"><img alt=\"\" loading=\"lazy\" decoding=\"async\" class=\"alignleft size-full wp-image-5429\" src=\"https:\/\/wp.unil.ch\/cinematheque-unil\/files\/2018\/12\/ROSE_LOWDER_VIGNETTE_150x150.jpg\" alt=\"\" width=\"150\" height=\"150\" \/>La pratique de Rose Lowder est intimement li\u00e9e au maniement de sa Bolex, la cam\u00e9ra amateur devenant, dans ses mains, un \u00ab\u00a0instrument de recherche visuelle\u00a0\u00bb. Avec <em>Roulement, rouerie, aubage<\/em> (1978), la cin\u00e9aste sugg\u00e8re une relation entre la roue d\u2019un moulin \u00e0 aubes et l\u2019int\u00e9rieur de la cam\u00e9ra dont elle explore, au fil de son \u0153uvre, les potentialit\u00e9s, jouant des ph\u00e9nom\u00e8nes m\u00e9caniques comme naturels : vent, soleil, cristallisation, floraison, feuillaison, jach\u00e8re\u2026 La cam\u00e9ra est \u00e9cologique parce qu\u2019elle n\u2019a besoin que de la main pour collecter des images au rythme de prises de vues tourn\u00e9es avec la manivelle ou image par image\u2026<br \/>\n<a href=\"https:\/\/wp.unil.ch\/cinematheque-unil\/vitrine\/projections\/rose-lowder-cultiver-les-films\/\">Voir la captation+<\/a><br \/>\n<a href=\"https:\/\/wp.unil.ch\/cinematheque-unil\/projets\/bolex-et-le-cinema-amateur\/presentation\/\">D\u00e9couvrir le projet \u00ab Histoire des machines et arch\u00e9ologie des pratiques : Bolex et le cin\u00e9ma amateur en Suisse\u00a0\u00bb+<\/a><\/p>\n<h3><\/h3>\n<h5>Projection, Cin\u00e9math\u00e8que suisse, 28 novembre 2018<\/h5>\n<hr \/>\n<h4>Peter Miller : r\u00e9enchantements du regard<\/h4>\n<p style=\"text-align: justify\">St\u00e9phane Tralongo<\/p>\n<p style=\"text-align: justify\"><img alt=\"\" loading=\"lazy\" decoding=\"async\" class=\"alignleft size-full wp-image-5429\" src=\"https:\/\/wp.unil.ch\/cinematheque-unil\/files\/2018\/12\/COLLOQUE_AMATEUR_2018_vignette_150x150.jpg\" alt=\"\" width=\"150\" height=\"150\" \/>L\u2019artiste am\u00e9ricain Peter Miller se livre \u00e0 une inlassable exploration du dispositif cin\u00e9matographique, qu\u2019il se pla\u00eet \u00e0 d\u00e9construire \u00e9l\u00e9ment par \u00e9l\u00e9ment\u00a0: la cam\u00e9ra, le projecteur, l\u2019\u00e9cran, la lumi\u00e8re, la salle, le public. Il s\u2019int\u00e9resse \u00e0 l\u2019acte performatif de cr\u00e9ation des images fixes ou anim\u00e9es, en s\u2019attachant \u00e0 retrouver de la magie dans la captation de la lumi\u00e8re. Du cyanotype au CinemaScope, son approche des images interroge sans cesse les techniques, quitte \u00e0 soustraire la machine du processus de cr\u00e9ation. Cette s\u00e9ance comprend des exp\u00e9rimentations comme <em>Broken Horses<\/em> (2007), r\u00e9alis\u00e9 avec une cam\u00e9ra Bolex, et l\u2019ambitieuse galerie de portraits de cin\u00e9astes <em>The Lookers<\/em> (2009-2016), tourn\u00e9e en 35 mm. Elle finit par une projection-performance du film <em>Bolex Baby<\/em> (2004).<br \/>\n<a href=\"https:\/\/wp.unil.ch\/cinematheque-unil\/vitrine\/projections\/peter-miller-reenchantements-du-regard\/\">Voir la captation+<\/a><br \/>\n<a href=\"https:\/\/wp.unil.ch\/cinematheque-unil\/projets\/bolex-et-le-cinema-amateur\/presentation\/\">D\u00e9couvrir le projet \u00ab Histoire des machines et arch\u00e9ologie des pratiques : Bolex et le cin\u00e9ma amateur en Suisse\u00a0\u00bb+<\/a><\/p>\n","protected":false},"excerpt":{"rendered":"<p>Vitrine Projections Projection, Cin\u00e9math\u00e8que suisse, 30 novembre 2018 Rose Lowder : cultiver les films Vincent Sorrel La pratique de Rose Lowder est intimement li\u00e9e au maniement de sa Bolex, la cam\u00e9ra amateur devenant, dans ses mains, un \u00ab\u00a0instrument de recherche<\/p>\n","protected":false},"author":1469,"featured_media":0,"parent":307,"menu_order":2,"comment_status":"closed","ping_status":"closed","template":"","meta":{"_seopress_robots_primary_cat":"","_seopress_titles_title":"","_seopress_titles_desc":"","_seopress_robots_index":"","footnotes":""},"class_list":["post-5404","page","type-page","status-publish"],"_links":{"self":[{"href":"https:\/\/wp.unil.ch\/cinematheque-unil\/wp-json\/wp\/v2\/pages\/5404","targetHints":{"allow":["GET"]}}],"collection":[{"href":"https:\/\/wp.unil.ch\/cinematheque-unil\/wp-json\/wp\/v2\/pages"}],"about":[{"href":"https:\/\/wp.unil.ch\/cinematheque-unil\/wp-json\/wp\/v2\/types\/page"}],"author":[{"embeddable":true,"href":"https:\/\/wp.unil.ch\/cinematheque-unil\/wp-json\/wp\/v2\/users\/1469"}],"replies":[{"embeddable":true,"href":"https:\/\/wp.unil.ch\/cinematheque-unil\/wp-json\/wp\/v2\/comments?post=5404"}],"version-history":[{"count":0,"href":"https:\/\/wp.unil.ch\/cinematheque-unil\/wp-json\/wp\/v2\/pages\/5404\/revisions"}],"up":[{"embeddable":true,"href":"https:\/\/wp.unil.ch\/cinematheque-unil\/wp-json\/wp\/v2\/pages\/307"}],"wp:attachment":[{"href":"https:\/\/wp.unil.ch\/cinematheque-unil\/wp-json\/wp\/v2\/media?parent=5404"}],"curies":[{"name":"wp","href":"https:\/\/api.w.org\/{rel}","templated":true}]}}